{"id":2154,"date":"2020-11-04T09:16:39","date_gmt":"2020-11-04T09:16:39","guid":{"rendered":"https:\/\/www.evomax.fi\/?page_id=2154"},"modified":"2023-07-11T11:44:16","modified_gmt":"2023-07-11T11:44:16","slug":"ilmansuodattimet","status":"publish","type":"page","link":"https:\/\/www.evomax.fi\/en\/ratkaisut-metalliteollisuudelle\/oheislaitteet\/ilmansuodattimet\/","title":{"rendered":"Ilmansuodattimet"},"content":{"rendered":"<p><div class=\"fusion-fullwidth fullwidth-box fusion-builder-row-1 fusion-flex-container has-pattern-background has-mask-background nonhundred-percent-fullwidth non-hundred-percent-height-scrolling\" style=\"--awb-border-radius-top-left:0px;--awb-border-radius-top-right:0px;--awb-border-radius-bottom-right:0px;--awb-border-radius-bottom-left:0px;--awb-margin-bottom:20px;--awb-flex-wrap:wrap;\" ><div class=\"fusion-builder-row fusion-row fusion-flex-align-items-flex-start fusion-flex-content-wrap\" style=\"max-width:1248px;margin-left: calc(-4% \/ 2 );margin-right: calc(-4% \/ 2 );\"><div class=\"fusion-layout-column fusion_builder_column fusion-builder-column-0 fusion_builder_column_1_1 1_1 fusion-flex-column\" style=\"--awb-bg-size:cover;--awb-width-large:100%;--awb-margin-top-large:-40px;--awb-spacing-right-large:1.92%;--awb-margin-bottom-large:20px;--awb-spacing-left-large:1.92%;--awb-width-medium:100%;--awb-order-medium:0;--awb-spacing-right-medium:1.92%;--awb-spacing-left-medium:1.92%;--awb-width-small:100%;--awb-order-small:0;--awb-spacing-right-small:1.92%;--awb-spacing-left-small:1.92%;\" data-scroll-devices=\"small-visibility,medium-visibility,large-visibility\"><div class=\"fusion-column-wrapper fusion-column-has-shadow fusion-flex-justify-content-flex-start fusion-content-layout-column\"><nav class=\"fusion-breadcrumbs fusion-breadcrumbs-1 breadcrump\" style=\"--awb-font-size:20px;--awb-text-color:#000000;--awb-breadcrumb-sep:&#039;&gt;&#039;;\" aria-label=\"Breadcrumb\"><ol class=\"awb-breadcrumb-list\"><\/ol><\/nav><div class=\"fusion-title title fusion-title-1 fusion-sep-none fusion-title-text fusion-title-size-two\"><h2 class=\"fusion-title-heading title-heading-left\" style=\"margin:0;\">Ilmansuodattimet<\/h2><\/div><\/div><\/div><\/div><\/div>\n<div class=\"fusion-fullwidth fullwidth-box fusion-builder-row-2 fusion-flex-container nonhundred-percent-fullwidth non-hundred-percent-height-scrolling\" style=\"--awb-border-radius-top-left:0px;--awb-border-radius-top-right:0px;--awb-border-radius-bottom-right:0px;--awb-border-radius-bottom-left:0px;--awb-flex-wrap:wrap;\" ><div class=\"fusion-builder-row fusion-row fusion-flex-align-items-flex-start fusion-flex-content-wrap\" style=\"max-width:1248px;margin-left: calc(-4% \/ 2 );margin-right: calc(-4% \/ 2 );\"><div class=\"fusion-layout-column fusion_builder_column fusion-builder-column-1 fusion_builder_column_1_2 1_2 fusion-flex-column\" style=\"--awb-bg-size:cover;--awb-width-large:50%;--awb-margin-top-large:0px;--awb-spacing-right-large:3.84%;--awb-margin-bottom-large:20px;--awb-spacing-left-large:3.84%;--awb-width-medium:50%;--awb-spacing-right-medium:3.84%;--awb-spacing-left-medium:3.84%;--awb-width-small:100%;--awb-spacing-right-small:1.92%;--awb-spacing-left-small:1.92%;\"><div class=\"fusion-column-wrapper fusion-column-has-shadow fusion-flex-justify-content-flex-start fusion-content-layout-column\"><div class=\"fusion-text fusion-text-1\"><p><span style=\"font-size: 18pt;\"><strong>Muutosta ilmassa -puhdas ty\u00f6ilma lis\u00e4\u00e4 tuottavuutta ja ty\u00f6skentelymukavuutta.\u00a0<\/strong><\/span><\/p>\n<p>Konepajaymp\u00e4rist\u00f6ss\u00e4 syntyy ep\u00e4puhtauksia, jotka aiheuttavat ongelmia ty\u00f6st\u00f6koneille, ty\u00f6ntekij\u00f6ille ja koko ymp\u00e4rist\u00f6lle. Syntyy v\u00e4lillisi\u00e4 ja v\u00e4litt\u00f6mi\u00e4 kustannuksia, joiden syntyminen voidaan v\u00e4ltt\u00e4\u00e4 puhdistamalla ilma tehokkaasti.<\/p>\n<p>AR Filtrazionin \u00f6ljysumuerottimet puhdistavat ilman jopa 99,99 % tehokkuudella. Puhtaassa ilmassa koneet toimivat tehokkaammin ja ty\u00f6tekij\u00e4t voivat paremmin.<\/p>\n<p>Tutustu tarkemmin AR Filtrazionin tuotteisiin alla.<\/p>\n<\/div><\/div><\/div><div class=\"fusion-layout-column fusion_builder_column fusion-builder-column-2 fusion_builder_column_1_2 1_2 fusion-flex-column\" style=\"--awb-bg-size:cover;--awb-width-large:50%;--awb-margin-top-large:0px;--awb-spacing-right-large:3.84%;--awb-margin-bottom-large:20px;--awb-spacing-left-large:3.84%;--awb-width-medium:50%;--awb-spacing-right-medium:3.84%;--awb-spacing-left-medium:3.84%;--awb-width-small:100%;--awb-spacing-right-small:1.92%;--awb-spacing-left-small:1.92%;\"><div class=\"fusion-column-wrapper fusion-column-has-shadow fusion-flex-justify-content-flex-start fusion-content-layout-column\"><div class=\"awb-gallery-wrapper awb-gallery-wrapper-1 button-span-no\"><div style=\"margin:-5px;--awb-bordersize:0px;\" class=\"fusion-gallery fusion-gallery-container fusion-grid-3 fusion-columns-total-3 fusion-gallery-layout-grid fusion-gallery-1\"><div style=\"padding:5px;\" class=\"fusion-grid-column fusion-gallery-column fusion-gallery-column-3 hover-type-none\"><div class=\"fusion-gallery-image\"><a href=\"https:\/\/www.evomax.fi\/wp-content\/uploads\/2020\/11\/381-arfiltrazioni-makino-arno-con-filtro-centrifugo_small.jpg\" rel=\"noreferrer\" data-rel=\"iLightbox[gallery_image_1]\" class=\"fusion-lightbox\" target=\"_self\"><img decoding=\"async\" src=\"https:\/\/www.evomax.fi\/wp-content\/uploads\/2020\/11\/381-arfiltrazioni-makino-arno-con-filtro-centrifugo_small.jpg\" width=\"612\" height=\"408\" alt=\"\" title=\"381-arfiltrazioni-makino-arno-con-filtro-centrifugo_small\" aria-label=\"381-arfiltrazioni-makino-arno-con-filtro-centrifugo_small\" class=\"img-responsive wp-image-2170\" srcset=\"https:\/\/www.evomax.fi\/wp-content\/uploads\/2020\/11\/381-arfiltrazioni-makino-arno-con-filtro-centrifugo_small-200x133.jpg 200w, https:\/\/www.evomax.fi\/wp-content\/uploads\/2020\/11\/381-arfiltrazioni-makino-arno-con-filtro-centrifugo_small-400x267.jpg 400w, https:\/\/www.evomax.fi\/wp-content\/uploads\/2020\/11\/381-arfiltrazioni-makino-arno-con-filtro-centrifugo_small-600x400.jpg 600w, https:\/\/www.evomax.fi\/wp-content\/uploads\/2020\/11\/381-arfiltrazioni-makino-arno-con-filtro-centrifugo_small.jpg 612w\" sizes=\"(min-width: 2200px) 100vw, (min-width: 784px) 397px, (min-width: 712px) 595px, (min-width: 640px) 712px, \" \/><\/a><\/div><\/div><div style=\"padding:5px;\" class=\"fusion-grid-column fusion-gallery-column fusion-gallery-column-3 hover-type-none\"><div class=\"fusion-gallery-image\"><a href=\"https:\/\/www.evomax.fi\/wp-content\/uploads\/2020\/11\/tori-tornos-liena-alta-produzione-abbattitori-nebbie-arfiltrazioni-ricondensa-80\ufffd-dell-olio-lubrorefrigerante-con-i-filtri-arfiltrazioni.jpg\" rel=\"noreferrer\" data-rel=\"iLightbox[gallery_image_1]\" class=\"fusion-lightbox\" target=\"_self\"><img decoding=\"async\" src=\"https:\/\/www.evomax.fi\/wp-content\/uploads\/2020\/11\/tori-tornos-liena-alta-produzione-abbattitori-nebbie-arfiltrazioni-ricondensa-80\ufffd-dell-olio-lubrorefrigerante-con-i-filtri-arfiltrazioni.jpg\" width=\"577\" height=\"433\" alt=\"\" title=\"tori-tornos-liena-alta-produzione-abbattitori-nebbie-arfiltrazioni-ricondensa-80\ufffd-dell-olio-lubrorefrigerante-con-i-filtri-arfiltrazioni\" aria-label=\"tori-tornos-liena-alta-produzione-abbattitori-nebbie-arfiltrazioni-ricondensa-80\ufffd-dell-olio-lubrorefrigerante-con-i-filtri-arfiltrazioni\" class=\"img-responsive wp-image-2171\" srcset=\"https:\/\/www.evomax.fi\/wp-content\/uploads\/2020\/11\/tori-tornos-liena-alta-produzione-abbattitori-nebbie-arfiltrazioni-ricondensa-80\ufffd-dell-olio-lubrorefrigerante-con-i-filtri-arfiltrazioni-200x150.jpg 200w, https:\/\/www.evomax.fi\/wp-content\/uploads\/2020\/11\/tori-tornos-liena-alta-produzione-abbattitori-nebbie-arfiltrazioni-ricondensa-80\ufffd-dell-olio-lubrorefrigerante-con-i-filtri-arfiltrazioni-400x300.jpg 400w, https:\/\/www.evomax.fi\/wp-content\/uploads\/2020\/11\/tori-tornos-liena-alta-produzione-abbattitori-nebbie-arfiltrazioni-ricondensa-80\ufffd-dell-olio-lubrorefrigerante-con-i-filtri-arfiltrazioni.jpg 577w\" sizes=\"(min-width: 2200px) 100vw, (min-width: 784px) 397px, (min-width: 712px) 595px, (min-width: 640px) 712px, \" \/><\/a><\/div><\/div><div style=\"padding:5px;\" class=\"fusion-grid-column fusion-gallery-column fusion-gallery-column-3 hover-type-none\"><div class=\"fusion-gallery-image\"><a href=\"https:\/\/www.evomax.fi\/wp-content\/uploads\/2020\/11\/2057-ar-filtrazioni-quaser-produzione-filtri-industriali-per-centri-di-lavoro.jpg\" rel=\"noreferrer\" data-rel=\"iLightbox[gallery_image_1]\" class=\"fusion-lightbox\" target=\"_self\"><img decoding=\"async\" src=\"https:\/\/www.evomax.fi\/wp-content\/uploads\/2020\/11\/2057-ar-filtrazioni-quaser-produzione-filtri-industriali-per-centri-di-lavoro.jpg\" width=\"577\" height=\"433\" alt=\"\" title=\"2057-ar-filtrazioni-quaser-produzione-filtri-industriali-per-centri-di-lavoro\" aria-label=\"2057-ar-filtrazioni-quaser-produzione-filtri-industriali-per-centri-di-lavoro\" class=\"img-responsive wp-image-2188\" srcset=\"https:\/\/www.evomax.fi\/wp-content\/uploads\/2020\/11\/2057-ar-filtrazioni-quaser-produzione-filtri-industriali-per-centri-di-lavoro-200x150.jpg 200w, https:\/\/www.evomax.fi\/wp-content\/uploads\/2020\/11\/2057-ar-filtrazioni-quaser-produzione-filtri-industriali-per-centri-di-lavoro-400x300.jpg 400w, https:\/\/www.evomax.fi\/wp-content\/uploads\/2020\/11\/2057-ar-filtrazioni-quaser-produzione-filtri-industriali-per-centri-di-lavoro.jpg 577w\" sizes=\"(min-width: 2200px) 100vw, (min-width: 784px) 397px, (min-width: 712px) 595px, (min-width: 640px) 712px, \" \/><\/a><\/div><\/div><div class=\"clearfix\"><\/div><\/div><\/div><\/div><\/div><\/div><\/div><div class=\"fusion-fullwidth fullwidth-box fusion-builder-row-3 fusion-flex-container nonhundred-percent-fullwidth non-hundred-percent-height-scrolling\" style=\"--awb-border-radius-top-left:0px;--awb-border-radius-top-right:0px;--awb-border-radius-bottom-right:0px;--awb-border-radius-bottom-left:0px;--awb-flex-wrap:wrap;\" ><div class=\"fusion-builder-row fusion-row fusion-flex-align-items-flex-start fusion-flex-content-wrap\" style=\"max-width:1248px;margin-left: calc(-4% \/ 2 );margin-right: calc(-4% \/ 2 );\"><div class=\"fusion-layout-column fusion_builder_column fusion-builder-column-3 fusion_builder_column_1_1 1_1 fusion-flex-column\" style=\"--awb-bg-size:cover;--awb-width-large:100%;--awb-margin-top-large:0px;--awb-spacing-right-large:1.92%;--awb-margin-bottom-large:20px;--awb-spacing-left-large:1.92%;--awb-width-medium:100%;--awb-order-medium:0;--awb-spacing-right-medium:1.92%;--awb-spacing-left-medium:1.92%;--awb-width-small:100%;--awb-order-small:0;--awb-spacing-right-small:1.92%;--awb-spacing-left-small:1.92%;\"><div class=\"fusion-column-wrapper fusion-column-has-shadow fusion-flex-justify-content-flex-start fusion-content-layout-column\"><div class=\"fusion-separator fusion-full-width-sep\" style=\"align-self: center;margin-left: auto;margin-right: auto;width:100%;\"><div class=\"fusion-separator-border sep-single sep-solid\" style=\"--awb-height:20px;--awb-amount:20px;border-color:var(--awb-color3);border-top-width:1px;\"><\/div><\/div><div class=\"fusion-content-boxes content-boxes columns row fusion-columns-3 fusion-columns-total-4 fusion-content-boxes-1 content-boxes-icon-on-top content-left\" style=\"--awb-hover-accent-color:var(--awb-color4);--awb-circle-hover-accent-color:var(--awb-color4);\" data-animationoffset=\"top-into-view\"><div style=\"--awb-backgroundcolor:rgba(255,255,255,0);\" class=\"fusion-column content-box-column content-box-column content-box-column-1 col-lg-4 col-md-4 col-sm-4 fusion-content-box-hover content-box-column-first-in-row\"><div class=\"col content-box-wrapper content-wrapper link-area-box link-type-text content-icon-wrapper-yes icon-hover-animation-fade\" data-link=\"ar-filtrazioni-arno-sarja\/\" data-link-target=\"_self\" data-animationoffset=\"top-into-view\"><div class=\"heading heading-with-icon icon-left\"><a class=\"heading-link\" href=\"\/en\/ar-filtrazioni-arno-sarja\/\" target=\"_self\"><div aria-hidden=\"true\" class=\"image\"><img decoding=\"async\" src=\"https:\/\/www.evomax.fi\/wp-content\/uploads\/2020\/11\/arno-ar-filtrazioni-1-254x300.jpg\" width=\"254\" height=\"300\" alt=\"\" \/><\/div><h2 class=\"content-box-heading\" style=\"--h2_typography-font-size:24px;line-height:29px;\">ARNO-sarja<\/h2><\/a><\/div><div class=\"fusion-clearfix\"><\/div><a class=\"fusion-read-more\" href=\"\/en\/ar-filtrazioni-arno-sarja\/\" target=\"_self\">Lue lis\u00e4\u00e4<\/a><div class=\"fusion-clearfix\"><\/div><\/div><\/div><div style=\"--awb-backgroundcolor:rgba(255,255,255,0);\" class=\"fusion-column content-box-column content-box-column content-box-column-2 col-lg-4 col-md-4 col-sm-4 fusion-content-box-hover\"><div class=\"col content-box-wrapper content-wrapper link-area-box link-type-text content-icon-wrapper-yes icon-hover-animation-fade\" data-link=\"https:\/\/arfiltrazioni.com\/ar-filtrazioni-production-series\/eco-series\/\" data-link-target=\"_self\" data-animationoffset=\"top-into-view\"><div class=\"heading heading-with-icon icon-left\"><a class=\"heading-link\" href=\"https:\/\/arfiltrazioni.com\/ar-filtrazioni-production-series\/eco-series\/\" target=\"_self\"><div aria-hidden=\"true\" class=\"image\"><img decoding=\"async\" src=\"https:\/\/www.evomax.fi\/wp-content\/uploads\/2020\/11\/ECO_series-254x300.jpg\" width=\"254\" height=\"300\" alt=\"\" \/><\/div><h2 class=\"content-box-heading\" style=\"--h2_typography-font-size:24px;line-height:29px;\">ECO-sarja<\/h2><\/a><\/div><div class=\"fusion-clearfix\"><\/div><a class=\"fusion-read-more\" href=\"https:\/\/arfiltrazioni.com\/ar-filtrazioni-production-series\/eco-series\/\" target=\"_self\">Lue lis\u00e4\u00e4<\/a><div class=\"fusion-clearfix\"><\/div><\/div><\/div><div style=\"--awb-backgroundcolor:rgba(255,255,255,0);\" class=\"fusion-column content-box-column content-box-column content-box-column-3 col-lg-4 col-md-4 col-sm-4 fusion-content-box-hover content-box-column-last-in-row\"><div class=\"col content-box-wrapper content-wrapper link-area-box link-type-text content-icon-wrapper-yes icon-hover-animation-fade\" data-link=\"https:\/\/arfiltrazioni.com\/ar-filtrazioni-production-series\/ar-10000-series\/\" data-link-target=\"_self\" data-animationoffset=\"top-into-view\"><div class=\"heading heading-with-icon icon-left\"><a class=\"heading-link\" href=\"https:\/\/arfiltrazioni.com\/ar-filtrazioni-production-series\/ar-10000-series\/\" target=\"_self\"><div aria-hidden=\"true\" class=\"image\"><img decoding=\"async\" src=\"https:\/\/www.evomax.fi\/wp-content\/uploads\/2020\/11\/AR_10000-254x300.jpg\" width=\"254\" height=\"300\" alt=\"\" \/><\/div><h2 class=\"content-box-heading\" style=\"--h2_typography-font-size:24px;line-height:29px;\">AR 10000 -sarja<\/h2><\/a><\/div><div class=\"fusion-clearfix\"><\/div><a class=\"fusion-read-more\" href=\"https:\/\/arfiltrazioni.com\/ar-filtrazioni-production-series\/ar-10000-series\/\" target=\"_self\">Lue lis\u00e4\u00e4<\/a><div class=\"fusion-clearfix\"><\/div><\/div><\/div><div style=\"--awb-backgroundcolor:rgba(255,255,255,0);\" class=\"fusion-column content-box-column content-box-column content-box-column-4 col-lg-4 col-md-4 col-sm-4 fusion-content-box-hover content-box-column-first-in-row content-box-column-last\"><div class=\"col content-box-wrapper content-wrapper link-area-box link-type-text content-icon-wrapper-yes icon-hover-animation-fade\" data-link=\"ar-filtrazioni-aris-sarja\/\" data-link-target=\"_self\" data-animationoffset=\"top-into-view\"><div class=\"heading heading-with-icon icon-left\"><a class=\"heading-link\" href=\"\/en\/ar-filtrazioni-aris-sarja\/\" target=\"_self\"><div aria-hidden=\"true\" class=\"image\"><img decoding=\"async\" src=\"https:\/\/www.evomax.fi\/wp-content\/uploads\/2021\/02\/ar-filtrazioni-aris.jpg\" width=\"35\" height=\"35\" alt=\"\" \/><\/div><h2 class=\"content-box-heading\" style=\"--h2_typography-font-size:24px;line-height:29px;\">ARIS-sarja<\/h2><\/a><\/div><div class=\"fusion-clearfix\"><\/div><a class=\"fusion-read-more\" href=\"\/en\/ar-filtrazioni-aris-sarja\/\" target=\"_self\">Lue lis\u00e4\u00e4<\/a><div class=\"fusion-clearfix\"><\/div><\/div><\/div><div class=\"fusion-clearfix\"><\/div><\/div><\/div><\/div><\/div><\/div><\/p>","protected":false},"excerpt":{"rendered":"","protected":false},"author":1,"featured_media":0,"parent":7197,"menu_order":0,"comment_status":"closed","ping_status":"closed","template":"","meta":{"footnotes":""},"class_list":["post-2154","page","type-page","status-publish","hentry"],"_links":{"self":[{"href":"https:\/\/www.evomax.fi\/en\/wp-json\/wp\/v2\/pages\/2154","targetHints":{"allow":["GET"]}}],"collection":[{"href":"https:\/\/www.evomax.fi\/en\/wp-json\/wp\/v2\/pages"}],"about":[{"href":"https:\/\/www.evomax.fi\/en\/wp-json\/wp\/v2\/types\/page"}],"author":[{"embeddable":true,"href":"https:\/\/www.evomax.fi\/en\/wp-json\/wp\/v2\/users\/1"}],"replies":[{"embeddable":true,"href":"https:\/\/www.evomax.fi\/en\/wp-json\/wp\/v2\/comments?post=2154"}],"version-history":[{"count":4,"href":"https:\/\/www.evomax.fi\/en\/wp-json\/wp\/v2\/pages\/2154\/revisions"}],"predecessor-version":[{"id":7489,"href":"https:\/\/www.evomax.fi\/en\/wp-json\/wp\/v2\/pages\/2154\/revisions\/7489"}],"up":[{"embeddable":true,"href":"https:\/\/www.evomax.fi\/en\/wp-json\/wp\/v2\/pages\/7197"}],"wp:attachment":[{"href":"https:\/\/www.evomax.fi\/en\/wp-json\/wp\/v2\/media?parent=2154"}],"curies":[{"name":"wp","href":"https:\/\/api.w.org\/{rel}","templated":true}]}}