{"id":2792,"date":"2021-03-10T10:19:54","date_gmt":"2021-03-10T10:19:54","guid":{"rendered":"https:\/\/www.evomax.fi\/?page_id=2792"},"modified":"2023-08-18T12:12:13","modified_gmt":"2023-08-18T12:12:13","slug":"ruiskuvalukoneet","status":"publish","type":"page","link":"https:\/\/www.evomax.fi\/en\/ratkaisut-muoviteollisuudelle\/ruiskuvalukoneet\/","title":{"rendered":"Injection molding machines"},"content":{"rendered":"<p><div class=\"fusion-fullwidth fullwidth-box fusion-builder-row-1 fusion-flex-container has-pattern-background has-mask-background nonhundred-percent-fullwidth non-hundred-percent-height-scrolling\" style=\"--awb-border-radius-top-left:0px;--awb-border-radius-top-right:0px;--awb-border-radius-bottom-right:0px;--awb-border-radius-bottom-left:0px;--awb-margin-bottom:20px;--awb-flex-wrap:wrap;\" ><div class=\"fusion-builder-row fusion-row fusion-flex-align-items-flex-start fusion-flex-content-wrap\" style=\"max-width:1248px;margin-left: calc(-4% \/ 2 );margin-right: calc(-4% \/ 2 );\"><div class=\"fusion-layout-column fusion_builder_column fusion-builder-column-0 fusion_builder_column_1_1 1_1 fusion-flex-column\" style=\"--awb-bg-size:cover;--awb-width-large:100%;--awb-margin-top-large:-40px;--awb-spacing-right-large:1.92%;--awb-margin-bottom-large:20px;--awb-spacing-left-large:1.92%;--awb-width-medium:100%;--awb-order-medium:0;--awb-spacing-right-medium:1.92%;--awb-spacing-left-medium:1.92%;--awb-width-small:100%;--awb-order-small:0;--awb-spacing-right-small:1.92%;--awb-spacing-left-small:1.92%;\" data-scroll-devices=\"small-visibility,medium-visibility,large-visibility\"><div class=\"fusion-column-wrapper fusion-column-has-shadow fusion-flex-justify-content-flex-start fusion-content-layout-column\"><nav class=\"fusion-breadcrumbs fusion-breadcrumbs-1 breadcrump\" style=\"--awb-font-size:20px;--awb-text-color:#000000;--awb-breadcrumb-sep:&#039;&gt;&#039;;\" aria-label=\"Breadcrumb\"><ol class=\"awb-breadcrumb-list\"><\/ol><\/nav><div class=\"fusion-title title fusion-title-1 fusion-sep-none fusion-title-text fusion-title-size-two\"><h2 class=\"fusion-title-heading title-heading-left\" style=\"margin:0;\">Injection molding machines<\/h2><\/div><\/div><\/div><\/div><\/div>\n<div class=\"fusion-fullwidth fullwidth-box fusion-builder-row-2 fusion-flex-container nonhundred-percent-fullwidth non-hundred-percent-height-scrolling\" style=\"--awb-border-radius-top-left:0px;--awb-border-radius-top-right:0px;--awb-border-radius-bottom-right:0px;--awb-border-radius-bottom-left:0px;--awb-flex-wrap:wrap;\" ><div class=\"fusion-builder-row fusion-row fusion-flex-align-items-flex-start fusion-flex-content-wrap\" style=\"max-width:1248px;margin-left: calc(-4% \/ 2 );margin-right: calc(-4% \/ 2 );\"><div class=\"fusion-layout-column fusion_builder_column fusion-builder-column-1 fusion_builder_column_1_2 1_2 fusion-flex-column\" style=\"--awb-bg-size:cover;--awb-width-large:50%;--awb-margin-top-large:0px;--awb-spacing-right-large:3.84%;--awb-margin-bottom-large:20px;--awb-spacing-left-large:3.84%;--awb-width-medium:50%;--awb-spacing-right-medium:3.84%;--awb-spacing-left-medium:3.84%;--awb-width-small:100%;--awb-spacing-right-small:1.92%;--awb-spacing-left-small:1.92%;\"><div class=\"fusion-column-wrapper fusion-column-has-shadow fusion-flex-justify-content-flex-start fusion-content-layout-column\"><div class=\"fusion-text fusion-text-1\"><p>The Japan Steel Works, Ltd. (JSW) on perinteik\u00e4s japanilainen ruiskuvalukonevalmistaja, jonka juuret ulottuvat vuoteen 1907. Perustamisestaan \u200b\u200bl\u00e4htien JSW:n toiminnan ydin on ollut monozukuri-periaate, jossa luodaan arvoa hy\u00f6dynt\u00e4m\u00e4ll\u00e4 innovatiivista huipputeknologiaa ja pyrit\u00e4\u00e4n aina entist\u00e4 parempaan lopputulokseen vastaamaan asiakkaiden vaatimuksia ja odotuksia Japanissa ja ulkomailla.<\/p>\n<p>JSW:n p\u00e4\u00e4konttori on Tokiossa ja koneiden valmistus Hiroshimassa Japanissa. Yritys tarjoaa laajan valikoiman ruiskuvalukoneita aina pienist\u00e4 koneista eritt\u00e4in suuriin koneisiin (sulkuvoimaltaan 30-3000 tn).\u00a0 JSW:ll\u00e4 on edustajia ymp\u00e4ri maailmaa ja yritys valmistaa ruiskuvalukoneita globaaleille markkinoille vuosittain n. 2500 kappaletta.<\/p>\n<p>JSW:n t\u00e4yss\u00e4hk\u00f6iset ruiskuvalukoneet ovat innovatiivisia, turvallisia ja helppok\u00e4ytt\u00f6isi\u00e4. My\u00f6s energians\u00e4\u00e4st\u00f6 ja ymp\u00e4rist\u00f6yst\u00e4v\u00e4llisyys on huomioitu valmistuksessa. JSW-ruiskuvalukoneet ovat asiakaskohtaisesti r\u00e4\u00e4t\u00e4l\u00f6it\u00e4viss\u00e4. Koneisiin on saatavilla my\u00f6s lis\u00e4ruiskutusyksik\u00f6it\u00e4.<\/p>\n<\/div><\/div><\/div><div class=\"fusion-layout-column fusion_builder_column fusion-builder-column-2 fusion_builder_column_1_2 1_2 fusion-flex-column\" style=\"--awb-bg-size:cover;--awb-width-large:50%;--awb-margin-top-large:0px;--awb-spacing-right-large:3.84%;--awb-margin-bottom-large:20px;--awb-spacing-left-large:3.84%;--awb-width-medium:50%;--awb-spacing-right-medium:3.84%;--awb-spacing-left-medium:3.84%;--awb-width-small:100%;--awb-spacing-right-small:1.92%;--awb-spacing-left-small:1.92%;\"><div class=\"fusion-column-wrapper fusion-column-has-shadow fusion-flex-justify-content-flex-start fusion-content-layout-column\"><div class=\"fusion-image-element\" style=\"text-align:center;--awb-caption-title-font-family:var(--h2_typography-font-family);--awb-caption-title-font-weight:var(--h2_typography-font-weight);--awb-caption-title-font-style:var(--h2_typography-font-style);--awb-caption-title-size:var(--h2_typography-font-size);--awb-caption-title-transform:var(--h2_typography-text-transform);--awb-caption-title-line-height:var(--h2_typography-line-height);--awb-caption-title-letter-spacing:var(--h2_typography-letter-spacing);\"><span class=\"fusion-imageframe imageframe-none imageframe-1 hover-type-none\"><a class=\"fusion-no-lightbox\" href=\"https:\/\/www.jsw.co.jp\/en\/index.html\" target=\"_blank\" aria-label=\"jsw_logo\" rel=\"noopener noreferrer\"><img decoding=\"async\" width=\"377\" height=\"134\" src=\"https:\/\/www.evomax.fi\/wp-content\/uploads\/2021\/03\/jsw_logo.png\" alt class=\"img-responsive wp-image-2815\" srcset=\"https:\/\/www.evomax.fi\/wp-content\/uploads\/2021\/03\/jsw_logo-200x71.png 200w, https:\/\/www.evomax.fi\/wp-content\/uploads\/2021\/03\/jsw_logo.png 377w\" sizes=\"(max-width: 640px) 100vw, 377px\" \/><\/a><\/span><\/div><div class=\"fusion-separator fusion-full-width-sep\" style=\"align-self: center;margin-left: auto;margin-right: auto;width:100%;\"><div class=\"fusion-separator-border sep-double\" style=\"--awb-height:20px;--awb-amount:20px;--awb-sep-color:#ffffff;border-color:#ffffff;border-top-width:20px;border-bottom-width:20px;\"><\/div><\/div><div class=\"fusion-image-element\" style=\"--awb-caption-title-font-family:var(--h2_typography-font-family);--awb-caption-title-font-weight:var(--h2_typography-font-weight);--awb-caption-title-font-style:var(--h2_typography-font-style);--awb-caption-title-size:var(--h2_typography-font-size);--awb-caption-title-transform:var(--h2_typography-text-transform);--awb-caption-title-line-height:var(--h2_typography-line-height);--awb-caption-title-letter-spacing:var(--h2_typography-letter-spacing);\"><span class=\"fusion-imageframe imageframe-none imageframe-2 hover-type-none\"><img decoding=\"async\" width=\"679\" height=\"360\" title=\"JSW_worldmap\" src=\"https:\/\/www.evomax.fi\/wp-content\/uploads\/2021\/03\/JSW_worldmap.jpg\" alt class=\"img-responsive wp-image-2804\" srcset=\"https:\/\/www.evomax.fi\/wp-content\/uploads\/2021\/03\/JSW_worldmap-200x106.jpg 200w, https:\/\/www.evomax.fi\/wp-content\/uploads\/2021\/03\/JSW_worldmap-400x212.jpg 400w, https:\/\/www.evomax.fi\/wp-content\/uploads\/2021\/03\/JSW_worldmap-600x318.jpg 600w, https:\/\/www.evomax.fi\/wp-content\/uploads\/2021\/03\/JSW_worldmap.jpg 679w\" sizes=\"(max-width: 640px) 100vw, 600px\" \/><\/span><\/div><\/div><\/div><\/div><\/div><div class=\"fusion-fullwidth fullwidth-box fusion-builder-row-3 fusion-flex-container nonhundred-percent-fullwidth non-hundred-percent-height-scrolling\" style=\"--awb-border-radius-top-left:0px;--awb-border-radius-top-right:0px;--awb-border-radius-bottom-right:0px;--awb-border-radius-bottom-left:0px;--awb-flex-wrap:wrap;\" ><div class=\"fusion-builder-row fusion-row fusion-flex-align-items-flex-start fusion-flex-content-wrap\" style=\"max-width:1248px;margin-left: calc(-4% \/ 2 );margin-right: calc(-4% \/ 2 );\"><div class=\"fusion-layout-column fusion_builder_column fusion-builder-column-3 fusion_builder_column_1_1 1_1 fusion-flex-column\" style=\"--awb-bg-size:cover;--awb-width-large:100%;--awb-margin-top-large:0px;--awb-spacing-right-large:1.92%;--awb-margin-bottom-large:20px;--awb-spacing-left-large:1.92%;--awb-width-medium:100%;--awb-spacing-right-medium:1.92%;--awb-spacing-left-medium:1.92%;--awb-width-small:100%;--awb-spacing-right-small:1.92%;--awb-spacing-left-small:1.92%;\"><div class=\"fusion-column-wrapper fusion-column-has-shadow fusion-flex-justify-content-flex-start fusion-content-layout-column\"><div class=\"fusion-content-boxes content-boxes columns row fusion-columns-4 fusion-columns-total-4 fusion-content-boxes-1 content-boxes-icon-with-title content-left\" style=\"--awb-hover-accent-color:var(--awb-color4);--awb-circle-hover-accent-color:var(--awb-color4);\" data-animationoffset=\"top-into-view\"><div style=\"--awb-backgroundcolor:rgba(255,255,255,0);\" class=\"fusion-column content-box-column content-box-column content-box-column-1 col-lg-3 col-md-3 col-sm-3 fusion-content-box-hover content-box-column-first-in-row\"><div class=\"col content-box-wrapper content-wrapper link-area-link-icon content-icon-wrapper-yes icon-hover-animation-fade\" data-animationoffset=\"top-into-view\"><div class=\"heading heading-with-icon icon-left\"><div aria-hidden=\"true\" class=\"image\"><img decoding=\"async\" src=\"https:\/\/www.evomax.fi\/wp-content\/uploads\/2021\/03\/STRONG_1.jpg\" width=\"278\" height=\"97\" alt=\"\" \/><\/div><\/div><div class=\"fusion-clearfix\"><\/div><div class=\"content-container\">\n<ul>\n<li>Tukeva innovatiivinen sulkuyksikk\u00f6<\/li>\n<li>Pidempi ty\u00f6kalujen k\u00e4ytt\u00f6ik\u00e4<\/li>\n<li>Eritt\u00e4in v\u00e4h\u00e4inen v\u00e4rin\u00e4<\/li>\n<li>Pienempi voitelurasvan tarve &#8211; puhtaampi kone!<\/li>\n<li>V\u00e4h\u00e4iset ty\u00f6kalujen yll\u00e4pitokustannukset<\/li>\n<\/ul>\n<\/div><\/div><\/div><div style=\"--awb-backgroundcolor:rgba(255,255,255,0);\" class=\"fusion-column content-box-column content-box-column content-box-column-2 col-lg-3 col-md-3 col-sm-3 fusion-content-box-hover\"><div class=\"col content-box-wrapper content-wrapper link-area-link-icon content-icon-wrapper-yes icon-hover-animation-fade\" data-animationoffset=\"top-into-view\"><div class=\"heading heading-with-icon icon-left\"><div aria-hidden=\"true\" class=\"image\"><img decoding=\"async\" src=\"https:\/\/www.evomax.fi\/wp-content\/uploads\/2021\/03\/STABLE_1.jpg\" width=\"278\" height=\"97\" alt=\"\" \/><\/div><\/div><div class=\"fusion-clearfix\"><\/div><div class=\"content-container\">\n<ul>\n<li>Energiaa s\u00e4\u00e4st\u00e4v\u00e4 sylinteri<\/li>\n<li>Uusi parempi ruuviprofiili ja -tekniikka<\/li>\n<li>Laaja valikoima eri kokoisia ruuveja<\/li>\n<li>Tarkemmat ruiskuvalukappaleet<\/li>\n<\/ul>\n<\/div><\/div><\/div><div style=\"--awb-backgroundcolor:rgba(255,255,255,0);\" class=\"fusion-column content-box-column content-box-column content-box-column-3 col-lg-3 col-md-3 col-sm-3 fusion-content-box-hover\"><div class=\"col content-box-wrapper content-wrapper link-area-link-icon content-icon-wrapper-yes icon-hover-animation-fade\" data-animationoffset=\"top-into-view\"><div class=\"heading heading-with-icon icon-left\"><div aria-hidden=\"true\" class=\"image\"><img decoding=\"async\" src=\"https:\/\/www.evomax.fi\/wp-content\/uploads\/2021\/03\/SMART_1.jpg\" width=\"290\" height=\"102\" alt=\"\" \/><\/div><\/div><div class=\"fusion-clearfix\"><\/div><div class=\"content-container\">\n<ul>\n<li>\u00c4lyk\u00e4s ja helppo k\u00e4ytt\u00f6liittym\u00e4 &#8211; SYSCOM5000i<\/li>\n<li>15 tuuman kosketusn\u00e4ytt\u00f6paneeli<\/li>\n<li>K\u00e4ytt\u00f6ohje n\u00e4yt\u00f6ll\u00e4<\/li>\n<li>Prosessiparametrien n\u00e4ytt\u00f6 ja seuranta<\/li>\n<\/ul>\n<\/div><\/div><\/div><div style=\"--awb-backgroundcolor:rgba(255,255,255,0);\" class=\"fusion-column content-box-column content-box-column content-box-column-4 col-lg-3 col-md-3 col-sm-3 fusion-content-box-hover content-box-column-last content-box-column-last-in-row\"><div class=\"col content-box-wrapper content-wrapper link-area-link-icon content-icon-wrapper-yes icon-hover-animation-fade\" data-animationoffset=\"top-into-view\"><div class=\"heading heading-with-icon icon-left\"><div aria-hidden=\"true\" class=\"image\"><img decoding=\"async\" src=\"https:\/\/www.evomax.fi\/wp-content\/uploads\/2021\/03\/SUPPORT_1.jpg\" width=\"278\" height=\"97\" alt=\"\" \/><\/div><\/div><div class=\"fusion-clearfix\"><\/div><div class=\"content-container\">\n<ul>\n<li>Energians\u00e4\u00e4st\u00f6n mahdollistava Eco-tila<\/li>\n<li>Muottituki, Muistio muovausolosuhteista, s\u00e4hk\u00f6inen ohjekirja<\/li>\n<li>Ennakoiva huolto<\/li>\n<li>Mukautettu I\/O-toiminto<\/li>\n<\/ul>\n<\/div><\/div><\/div><div class=\"fusion-clearfix\"><\/div><\/div><div class=\"fusion-separator fusion-full-width-sep\" style=\"align-self: center;margin-left: auto;margin-right: auto;width:100%;\"><div class=\"fusion-separator-border sep-single sep-solid\" style=\"--awb-height:20px;--awb-amount:20px;border-color:var(--awb-color3);border-top-width:1px;\"><\/div><\/div><div class=\"fusion-content-boxes content-boxes columns row fusion-columns-2 fusion-columns-total-4 fusion-content-boxes-2 content-boxes-icon-on-top content-left\" style=\"--awb-hover-accent-color:#2f3d50;--awb-circle-hover-accent-color:#2f3d50;\" data-animationoffset=\"top-into-view\"><div style=\"--awb-backgroundcolor:rgba(255,255,255,0);\" class=\"fusion-column content-box-column content-box-column content-box-column-1 col-lg-6 col-md-6 col-sm-6 fusion-content-box-hover content-box-column-first-in-row\"><div class=\"col content-box-wrapper content-wrapper link-area-box link-type-text content-icon-wrapper-yes icon-hover-animation-fade\" data-link=\"https:\/\/www.evomax.fi\/ratkaisut-muoviteollisuudelle\/ruiskuvalukoneet\/pienet-ruiskuvalukoneet\/\" data-link-target=\"_self\" data-animationoffset=\"top-into-view\"><div class=\"heading heading-with-icon icon-left\"><a class=\"heading-link\" href=\"https:\/\/www.evomax.fi\/en\/ratkaisut-muoviteollisuudelle\/ruiskuvalukoneet\/pienet-ruiskuvalukoneet\/\" target=\"_self\"><div aria-hidden=\"true\" class=\"image\"><img decoding=\"async\" src=\"https:\/\/www.evomax.fi\/wp-content\/uploads\/2021\/03\/small.jpg\" width=\"1634\" height=\"669\" alt=\"\" \/><\/div><h2 class=\"content-box-heading\" style=\"--h2_typography-font-size:24px;line-height:29px;\">Pienet ruiskuvalukoneet 30-180 tn<\/h2><\/a><\/div><\/div><\/div><div style=\"--awb-backgroundcolor:rgba(255,255,255,0);\" class=\"fusion-column content-box-column content-box-column content-box-column-2 col-lg-6 col-md-6 col-sm-6 fusion-content-box-hover content-box-column-last-in-row\"><div class=\"col content-box-wrapper content-wrapper link-area-box link-type-text content-icon-wrapper-yes icon-hover-animation-fade\" data-link=\"https:\/\/www.evomax.fi\/ratkaisut-muoviteollisuudelle\/ruiskuvalukoneet\/keskikokoisetruiskuvalukoneet\/\" data-link-target=\"_self\" data-animationoffset=\"top-into-view\"><div class=\"heading heading-with-icon icon-left\"><a class=\"heading-link\" href=\"https:\/\/www.evomax.fi\/en\/ratkaisut-muoviteollisuudelle\/ruiskuvalukoneet\/keskikokoisetruiskuvalukoneet\/\" target=\"_self\"><div aria-hidden=\"true\" class=\"image\"><img decoding=\"async\" src=\"https:\/\/www.evomax.fi\/wp-content\/uploads\/2021\/03\/middle.jpg\" width=\"784\" height=\"408\" alt=\"\" \/><\/div><h2 class=\"content-box-heading\" style=\"--h2_typography-font-size:24px;line-height:29px;\">Keskikokoiset ruiskuvalukoneet 220-450 tn<\/h2><\/a><\/div><\/div><\/div><div style=\"--awb-backgroundcolor:rgba(255,255,255,0);\" class=\"fusion-column content-box-column content-box-column content-box-column-3 col-lg-6 col-md-6 col-sm-6 fusion-content-box-hover content-box-column-first-in-row\"><div class=\"col content-box-wrapper content-wrapper link-area-box link-type-text content-icon-wrapper-yes icon-hover-animation-fade\" data-link=\"https:\/\/www.evomax.fi\/ratkaisut-muoviteollisuudelle\/ruiskuvalukoneet\/suuret-ruiskuvalukoneet\/\" data-link-target=\"_self\" data-animationoffset=\"top-into-view\"><div class=\"heading heading-with-icon icon-left\"><a class=\"heading-link\" href=\"https:\/\/www.evomax.fi\/en\/ratkaisut-muoviteollisuudelle\/ruiskuvalukoneet\/suuret-ruiskuvalukoneet\/\" target=\"_self\"><div aria-hidden=\"true\" class=\"image\"><img decoding=\"async\" src=\"https:\/\/www.evomax.fi\/wp-content\/uploads\/2021\/03\/large.jpg\" width=\"730\" height=\"379\" alt=\"\" \/><\/div><h2 class=\"content-box-heading\" style=\"--h2_typography-font-size:24px;line-height:29px;\">Suuret ruiskuvalukoneet 550-850 tn<\/h2><\/a><\/div><\/div><\/div><div style=\"--awb-backgroundcolor:rgba(255,255,255,0);\" class=\"fusion-column content-box-column content-box-column content-box-column-4 col-lg-6 col-md-6 col-sm-6 fusion-content-box-hover content-box-column-last content-box-column-last-in-row\"><div class=\"col content-box-wrapper content-wrapper link-area-box link-type-text content-icon-wrapper-yes icon-hover-animation-fade\" data-link=\"https:\/\/www.evomax.fi\/ratkaisut-muoviteollisuudelle\/ruiskuvalukoneet\/pystymalliset-ruiskuvalukoneet\/\" data-link-target=\"_self\" data-animationoffset=\"top-into-view\"><div class=\"heading heading-with-icon icon-left\"><a class=\"heading-link\" href=\"https:\/\/www.evomax.fi\/en\/ratkaisut-muoviteollisuudelle\/ruiskuvalukoneet\/pystymalliset-ruiskuvalukoneet\/\" target=\"_self\"><div aria-hidden=\"true\" class=\"image\"><img decoding=\"async\" src=\"https:\/\/www.evomax.fi\/wp-content\/uploads\/2021\/03\/vertical.jpg\" width=\"1046\" height=\"544\" alt=\"\" \/><\/div><h2 class=\"content-box-heading\" style=\"--h2_typography-font-size:24px;line-height:29px;\">Pystymalliset ruiskuvalukoneet<\/h2><\/a><\/div><\/div><\/div><div class=\"fusion-clearfix\"><\/div><\/div><\/div><\/div><\/div><\/div><\/p>","protected":false},"excerpt":{"rendered":"","protected":false},"author":1,"featured_media":0,"parent":4091,"menu_order":0,"comment_status":"closed","ping_status":"closed","template":"","meta":{"footnotes":""},"class_list":["post-2792","page","type-page","status-publish","hentry"],"_links":{"self":[{"href":"https:\/\/www.evomax.fi\/en\/wp-json\/wp\/v2\/pages\/2792","targetHints":{"allow":["GET"]}}],"collection":[{"href":"https:\/\/www.evomax.fi\/en\/wp-json\/wp\/v2\/pages"}],"about":[{"href":"https:\/\/www.evomax.fi\/en\/wp-json\/wp\/v2\/types\/page"}],"author":[{"embeddable":true,"href":"https:\/\/www.evomax.fi\/en\/wp-json\/wp\/v2\/users\/1"}],"replies":[{"embeddable":true,"href":"https:\/\/www.evomax.fi\/en\/wp-json\/wp\/v2\/comments?post=2792"}],"version-history":[{"count":3,"href":"https:\/\/www.evomax.fi\/en\/wp-json\/wp\/v2\/pages\/2792\/revisions"}],"predecessor-version":[{"id":7683,"href":"https:\/\/www.evomax.fi\/en\/wp-json\/wp\/v2\/pages\/2792\/revisions\/7683"}],"up":[{"embeddable":true,"href":"https:\/\/www.evomax.fi\/en\/wp-json\/wp\/v2\/pages\/4091"}],"wp:attachment":[{"href":"https:\/\/www.evomax.fi\/en\/wp-json\/wp\/v2\/media?parent=2792"}],"curies":[{"name":"wp","href":"https:\/\/api.w.org\/{rel}","templated":true}]}}