{"id":299,"date":"2020-06-08T08:36:02","date_gmt":"2020-06-08T05:36:02","guid":{"rendered":"https:\/\/www.evomax.fi\/?page_id=299"},"modified":"2023-08-21T10:27:51","modified_gmt":"2023-08-21T10:27:51","slug":"pd-compact-micro-turing-center-for-small-precision-parts","status":"publish","type":"page","link":"https:\/\/www.evomax.fi\/en\/ratkaisut-metalliteollisuudelle\/sorvit\/spinner-cnc-koneet\/tarkkuussorvit\/pd-compact-micro-turing-center-for-small-precision-parts\/","title":{"rendered":"Spinner PD &#8211; Kompakti sorvauskeskus pienille tarkkuusosille"},"content":{"rendered":"<p><div class=\"fusion-fullwidth fullwidth-box fusion-builder-row-1 fusion-flex-container has-pattern-background has-mask-background nonhundred-percent-fullwidth non-hundred-percent-height-scrolling\" style=\"--awb-border-radius-top-left:0px;--awb-border-radius-top-right:0px;--awb-border-radius-bottom-right:0px;--awb-border-radius-bottom-left:0px;--awb-margin-bottom:20px;--awb-flex-wrap:wrap;\" ><div class=\"fusion-builder-row fusion-row fusion-flex-align-items-flex-start fusion-flex-content-wrap\" style=\"max-width:1248px;margin-left: calc(-4% \/ 2 );margin-right: calc(-4% \/ 2 );\"><div class=\"fusion-layout-column fusion_builder_column fusion-builder-column-0 fusion_builder_column_1_1 1_1 fusion-flex-column\" style=\"--awb-bg-size:cover;--awb-width-large:100%;--awb-margin-top-large:-40px;--awb-spacing-right-large:1.92%;--awb-margin-bottom-large:20px;--awb-spacing-left-large:1.92%;--awb-width-medium:100%;--awb-order-medium:0;--awb-spacing-right-medium:1.92%;--awb-spacing-left-medium:1.92%;--awb-width-small:100%;--awb-order-small:0;--awb-spacing-right-small:1.92%;--awb-spacing-left-small:1.92%;\" data-scroll-devices=\"small-visibility,medium-visibility,large-visibility\"><div class=\"fusion-column-wrapper fusion-column-has-shadow fusion-flex-justify-content-flex-start fusion-content-layout-column\"><nav class=\"fusion-breadcrumbs fusion-breadcrumbs-1 breadcrump\" style=\"--awb-font-size:20px;--awb-text-color:#000000;--awb-breadcrumb-sep:&#039;&gt;&#039;;\" aria-label=\"Breadcrumb\"><ol class=\"awb-breadcrumb-list\"><\/ol><\/nav><div class=\"fusion-title title fusion-title-1 fusion-sep-none fusion-title-text fusion-title-size-two\"><h2 class=\"fusion-title-heading title-heading-left\" style=\"margin:0;\">Spinner PD &#8211; Kompakti sorvauskeskus pienille tarkkuusosille<\/h2><\/div><\/div><\/div><\/div><\/div>\n<div class=\"fusion-fullwidth fullwidth-box fusion-builder-row-2 fusion-flex-container nonhundred-percent-fullwidth non-hundred-percent-height-scrolling\" style=\"--awb-border-radius-top-left:0px;--awb-border-radius-top-right:0px;--awb-border-radius-bottom-right:0px;--awb-border-radius-bottom-left:0px;--awb-flex-wrap:wrap;\" ><div class=\"fusion-builder-row fusion-row fusion-flex-align-items-flex-start fusion-flex-content-wrap\" style=\"max-width:1248px;margin-left: calc(-4% \/ 2 );margin-right: calc(-4% \/ 2 );\"><div class=\"fusion-layout-column fusion_builder_column fusion-builder-column-1 fusion_builder_column_1_2 1_2 fusion-flex-column\" style=\"--awb-bg-size:cover;--awb-width-large:50%;--awb-margin-top-large:0px;--awb-spacing-right-large:3.84%;--awb-margin-bottom-large:20px;--awb-spacing-left-large:3.84%;--awb-width-medium:50%;--awb-spacing-right-medium:3.84%;--awb-spacing-left-medium:3.84%;--awb-width-small:100%;--awb-spacing-right-small:1.92%;--awb-spacing-left-small:1.92%;\"><div class=\"fusion-column-wrapper fusion-column-has-shadow fusion-flex-justify-content-flex-start fusion-content-layout-column\"><div class=\"fusion-text fusion-text-1\"><p>Spinner PD &#8211; sorvauskeskus tarjoaa parhaan tarkkuuden kompaktissa koneessa.<\/p>\n<p>Yli 3000 toimitettua konetta<\/p>\n<ul>\n<li>Tarkkuussorvaukseen<\/li>\n<li>Kovasorvaukseen<\/li>\n<li>Timanttity\u00f6st\u00f6\u00f6n<\/li>\n<li>Automatisoituun massatuotantoon<\/li>\n<\/ul>\n<p>sek\u00e4 hienomekaniikan, optiikan, elektroniikan, autoalan ja tutkimuksen aplikaatioihin.<\/p>\n<\/div><div class=\"fusion-builder-row fusion-builder-row-inner fusion-row fusion-flex-align-items-flex-start fusion-flex-content-wrap\" style=\"width:104% !important;max-width:104% !important;margin-left: calc(-4% \/ 2 );margin-right: calc(-4% \/ 2 );\"><div class=\"fusion-layout-column fusion_builder_column_inner fusion-builder-nested-column-0 fusion_builder_column_inner_1_2 1_2 fusion-flex-column\" style=\"--awb-bg-size:cover;--awb-width-large:50%;--awb-margin-top-large:0px;--awb-spacing-right-large:3.84%;--awb-margin-bottom-large:20px;--awb-spacing-left-large:3.84%;--awb-width-medium:50%;--awb-order-medium:0;--awb-spacing-right-medium:3.84%;--awb-spacing-left-medium:3.84%;--awb-width-small:100%;--awb-order-small:0;--awb-spacing-right-small:1.92%;--awb-spacing-left-small:1.92%;\"><div class=\"fusion-column-wrapper fusion-column-has-shadow fusion-flex-justify-content-flex-start fusion-content-layout-column\"><div ><a class=\"fusion-button button-flat fusion-button-default-size button-default fusion-button-default button-1 fusion-button-default-span fusion-button-default-type\" target=\"_self\" href=\"#\" data-toggle=\"modal\" data-target=\".fusion-modal.kysy-tuotteesta\"><span class=\"fusion-button-text awb-button__text awb-button__text--default\">Kysy tuotteesta<\/span><\/a><\/div><\/div><\/div><div class=\"fusion-layout-column fusion_builder_column_inner fusion-builder-nested-column-1 fusion_builder_column_inner_1_2 1_2 fusion-flex-column\" style=\"--awb-bg-size:cover;--awb-width-large:50%;--awb-margin-top-large:0px;--awb-spacing-right-large:3.84%;--awb-margin-bottom-large:20px;--awb-spacing-left-large:3.84%;--awb-width-medium:50%;--awb-order-medium:0;--awb-spacing-right-medium:3.84%;--awb-spacing-left-medium:3.84%;--awb-width-small:100%;--awb-order-small:0;--awb-spacing-right-small:1.92%;--awb-spacing-left-small:1.92%;\"><div class=\"fusion-column-wrapper fusion-column-has-shadow fusion-flex-justify-content-flex-start fusion-content-layout-column\"><div ><a class=\"fusion-button button-flat fusion-button-default-size button-default fusion-button-default button-2 fusion-button-default-span fusion-button-default-type\" target=\"_self\" href=\"https:\/\/www.evomax.fi\/wp-content\/uploads\/2020\/06\/PD_e.pdf\"><span class=\"fusion-button-text awb-button__text awb-button__text--default\">Download brochure<\/span><\/a><\/div><\/div><\/div><\/div><div class=\"fusion-modal modal fade modal-1 kysy-tuotteesta\" tabindex=\"-1\" role=\"dialog\" aria-labelledby=\"modal-heading-1\" aria-hidden=\"true\" style=\"--awb-border-color:var(--awb-color3);--awb-background:var(--awb-color1);\"><div class=\"modal-dialog modal-lg\" role=\"document\"><div class=\"modal-content fusion-modal-content\"><div class=\"modal-header\"><button class=\"close\" type=\"button\" data-dismiss=\"modal\" aria-hidden=\"true\" aria-label=\"Close\">\u00d7<\/button><h3 class=\"modal-title\" id=\"modal-heading-1\" data-dismiss=\"modal\" aria-hidden=\"true\">Kysy tuotteesta<\/h3><\/div><div class=\"modal-body fusion-clearfix\">\n\n<div class=\"wpcf7 no-js\" id=\"wpcf7-f7059-o1\" lang=\"fi\" dir=\"ltr\" data-wpcf7-id=\"7059\">\n<div class=\"screen-reader-response\"><p role=\"status\" aria-live=\"polite\" aria-atomic=\"true\"><\/p> <ul><\/ul><\/div>\n<form action=\"\/en\/wp-json\/wp\/v2\/pages\/299#wpcf7-f7059-o1\" method=\"post\" class=\"wpcf7-form init\" aria-label=\"Yhteydenottolomake\" novalidate=\"novalidate\" data-status=\"init\" data-trp-original-action=\"\/en\/wp-json\/wp\/v2\/pages\/299#wpcf7-f7059-o1\">\n<fieldset class=\"hidden-fields-container\"><input type=\"hidden\" name=\"_wpcf7\" value=\"7059\" \/><input type=\"hidden\" name=\"_wpcf7_version\" value=\"6.1.5\" \/><input type=\"hidden\" name=\"_wpcf7_locale\" value=\"fi\" \/><input type=\"hidden\" name=\"_wpcf7_unit_tag\" value=\"wpcf7-f7059-o1\" \/><input type=\"hidden\" name=\"_wpcf7_container_post\" value=\"0\" \/><input type=\"hidden\" name=\"_wpcf7_posted_data_hash\" value=\"\" \/><input type=\"hidden\" name=\"redirect_nonce\" value=\"869f38581c\" \/><input type=\"hidden\" name=\"wpcf7cfpdf_hidden_name\" value=\"document-pdf\" \/><input type=\"hidden\" name=\"wpcf7cfpdf_hidden_reference\" value=\"bf1af764\" \/><input type=\"hidden\" name=\"wpcf7cfpdf_hidden_date\" value=\"04232026\" \/><input type=\"hidden\" name=\"_wpcf7_recaptcha_response\" value=\"\" \/>\n<\/fieldset>\n<p><label> Name (required)<br \/>\n<span class=\"wpcf7-form-control-wrap\" data-name=\"your-name\"><input size=\"40\" maxlength=\"400\" class=\"wpcf7-form-control wpcf7-text wpcf7-validates-as-required\" autocomplete=\"name\" aria-required=\"true\" aria-invalid=\"false\" value=\"\" type=\"text\" name=\"your-name\" \/><\/span> <\/label>\n<\/p>\n<p><label> Email (required)<br \/>\n<span class=\"wpcf7-form-control-wrap\" data-name=\"your-email\"><input size=\"40\" maxlength=\"400\" class=\"wpcf7-form-control wpcf7-email wpcf7-validates-as-required wpcf7-text wpcf7-validates-as-email\" autocomplete=\"email\" aria-required=\"true\" aria-invalid=\"false\" value=\"\" type=\"email\" name=\"your-email\" \/><\/span> <\/label>\n<\/p>\n<p><label> Subject<br \/>\n<span class=\"wpcf7-form-control-wrap\" data-name=\"your-subject\"><input size=\"40\" maxlength=\"400\" class=\"wpcf7-form-control wpcf7-text wpcf7-validates-as-required\" aria-required=\"true\" aria-invalid=\"false\" value=\"\" type=\"text\" name=\"your-subject\" \/><\/span> <\/label>\n<\/p>\n<p><label> Message<br \/>\n<span class=\"wpcf7-form-control-wrap\" data-name=\"your-message\"><textarea cols=\"40\" rows=\"10\" maxlength=\"2000\" class=\"wpcf7-form-control wpcf7-textarea\" aria-invalid=\"false\" name=\"your-message\"><\/textarea><\/span> <\/label>\n<\/p>\n<input class=\"wpcf7-form-control wpcf7-hidden\" id=\"visitor_id\" value=\"\" type=\"hidden\" name=\"visitor_id\" \/>\n<p><input class=\"wpcf7-form-control wpcf7-submit has-spinner\" type=\"submit\" value=\"Send\" \/>\n<\/p><div class=\"fusion-alert alert custom alert-custom fusion-alert-center wpcf7-response-output awb-alert-native-link-color alert-dismissable awb-alert-close-boxed\" style=\"--awb-border-size:1px;--awb-border-top-left-radius:0px;--awb-border-top-right-radius:0px;--awb-border-bottom-left-radius:0px;--awb-border-bottom-right-radius:0px;\" role=\"alert\"><div class=\"fusion-alert-content-wrapper\"><span class=\"fusion-alert-content\"><\/span><\/div><button type=\"button\" class=\"close toggle-alert\" data-dismiss=\"alert\" aria-label=\"Close\">\u00d7<\/button><\/div>\n<input type=\"hidden\" name=\"trp-form-language\" value=\"en\"\/><\/form>\n<\/div>\n\n<\/div><\/div><\/div><\/div><div class=\"fusion-separator fusion-full-width-sep\" style=\"align-self: center;margin-left: auto;margin-right: auto;width:100%;\"><div class=\"fusion-separator-border sep-double\" style=\"--awb-height:20px;--awb-amount:20px;--awb-sep-color:#ffffff;border-color:#ffffff;border-top-width:20px;border-bottom-width:20px;\"><\/div><\/div><div class=\"fusion-slider-sc\"><div class=\"fusion-flexslider-loading flexslider flexslider-hover-type-none\" data-slideshow_autoplay=\"1\" data-slideshow_smooth_height=\"0\" data-slideshow_speed=\"7000\" style=\"max-width:100%;height:100%;\"><ul class=\"slides\"><li class=\"video\"><div class=\"full-video\"><div class=\"fusion-video fusion-youtube\" style=\"--awb-max-width:600px;--awb-max-height:360px;\"><div class=\"video-shortcode\"><div class=\"fluid-width-video-wrapper\" style=\"padding-top:60%;\" ><iframe title=\"YouTube video player 1\" src=\"https:\/\/www.youtube.com\/embed\/6HwgUUI9hJw?wmode=transparent&autoplay=0\" width=\"600\" height=\"360\" allowfullscreen allow=\"autoplay; clipboard-write; encrypted-media; gyroscope; picture-in-picture;\"><\/iframe><\/div><\/div><\/div><\/div><\/li><li class=\"video\"><div class=\"full-video\"><div class=\"fusion-video fusion-youtube\" style=\"--awb-max-width:600px;--awb-max-height:360px;\"><div class=\"video-shortcode\"><div class=\"fluid-width-video-wrapper\" style=\"padding-top:60%;\" ><iframe title=\"YouTube video player 2\" src=\"https:\/\/www.youtube.com\/embed\/rr50IOH7tHc?wmode=transparent&autoplay=0\" width=\"600\" height=\"360\" allowfullscreen allow=\"autoplay; clipboard-write; encrypted-media; gyroscope; picture-in-picture;\"><\/iframe><\/div><\/div><\/div><\/div><\/li><li class=\"video\"><div class=\"full-video\"><div class=\"fusion-video fusion-youtube\" style=\"--awb-max-width:600px;--awb-max-height:360px;\"><div class=\"video-shortcode\"><div class=\"fluid-width-video-wrapper\" style=\"padding-top:60%;\" ><iframe title=\"YouTube video player 3\" src=\"https:\/\/www.youtube.com\/embed\/eIPva9C8E3A?wmode=transparent&autoplay=0\" width=\"600\" height=\"360\" allowfullscreen allow=\"autoplay; clipboard-write; encrypted-media; gyroscope; picture-in-picture;\"><\/iframe><\/div><\/div><\/div><\/div><\/li><li class=\"video\"><div class=\"full-video\"><div class=\"fusion-video fusion-youtube\" style=\"--awb-max-width:600px;--awb-max-height:360px;\"><div class=\"video-shortcode\"><div class=\"fluid-width-video-wrapper\" style=\"padding-top:60%;\" ><iframe title=\"YouTube video player 4\" src=\"https:\/\/www.youtube.com\/embed\/EPjtjSQ2U24?wmode=transparent&autoplay=0\" width=\"600\" height=\"360\" allowfullscreen allow=\"autoplay; clipboard-write; encrypted-media; gyroscope; picture-in-picture;\"><\/iframe><\/div><\/div><\/div><\/div><\/li><li class=\"video\"><div class=\"full-video\"><div class=\"fusion-video fusion-youtube\" style=\"--awb-max-width:600px;--awb-max-height:360px;\"><div class=\"video-shortcode\"><div class=\"fluid-width-video-wrapper\" style=\"padding-top:60%;\" ><iframe title=\"YouTube video player 5\" src=\"https:\/\/www.youtube.com\/embed\/nBcKxoSlspc?wmode=transparent&autoplay=0\" width=\"600\" height=\"360\" allowfullscreen allow=\"autoplay; clipboard-write; encrypted-media; gyroscope; picture-in-picture;\"><\/iframe><\/div><\/div><\/div><\/div><\/li><li class=\"video\"><div class=\"full-video\"><div class=\"fusion-video fusion-youtube\" style=\"--awb-max-width:600px;--awb-max-height:360px;\"><div class=\"video-shortcode\"><div class=\"fluid-width-video-wrapper\" style=\"padding-top:60%;\" ><iframe title=\"YouTube video player 6\" src=\"https:\/\/www.youtube.com\/embed\/ySxVsWwL6ts?wmode=transparent&autoplay=0\" width=\"600\" height=\"360\" allowfullscreen allow=\"autoplay; clipboard-write; encrypted-media; gyroscope; picture-in-picture;\"><\/iframe><\/div><\/div><\/div><\/div><\/li><\/ul><\/div><\/div><\/div><\/div><div class=\"fusion-layout-column fusion_builder_column fusion-builder-column-2 fusion_builder_column_1_2 1_2 fusion-flex-column\" style=\"--awb-bg-size:cover;--awb-width-large:50%;--awb-margin-top-large:0px;--awb-spacing-right-large:3.84%;--awb-margin-bottom-large:20px;--awb-spacing-left-large:3.84%;--awb-width-medium:50%;--awb-spacing-right-medium:3.84%;--awb-spacing-left-medium:3.84%;--awb-width-small:100%;--awb-spacing-right-small:1.92%;--awb-spacing-left-small:1.92%;\"><div class=\"fusion-column-wrapper fusion-column-has-shadow fusion-flex-justify-content-flex-start fusion-content-layout-column\"><a class=\"awb-lightbox awb-lightbox-1\" href=\"https:\/\/www.evomax.fi\/wp-content\/uploads\/2020\/06\/Spinner-PD-1200x800-1.jpg\" data-rel=\"iLightbox\"><img decoding=\"async\" src=\"https:\/\/www.evomax.fi\/wp-content\/uploads\/2020\/06\/Spinner-PD-540x360-1.jpg\"><\/a><div class=\"awb-gallery-wrapper awb-gallery-wrapper-1 button-span-no\"><div style=\"margin:-5px;--awb-bordersize:0px;\" class=\"fusion-gallery fusion-gallery-container fusion-grid-3 fusion-columns-total-7 fusion-gallery-layout-grid fusion-gallery-1\"><div style=\"padding:5px;\" class=\"fusion-grid-column fusion-gallery-column fusion-gallery-column-3 hover-type-none\"><div class=\"fusion-gallery-image\"><a href=\"https:\/\/www.evomax.fi\/wp-content\/uploads\/2020\/06\/Spinner-PD-1200x800-1.jpg\" rel=\"noreferrer\" data-rel=\"iLightbox[gallery_image_1]\" class=\"fusion-lightbox\" target=\"_self\"><img decoding=\"async\" src=\"https:\/\/www.evomax.fi\/wp-content\/uploads\/2020\/06\/Spinner-PD-1200x800-1-460x295.jpg\" width=\"460\" height=\"295\" alt=\"Spinner PD\" title=\"Spinner PD\" aria-label=\"Spinner PD\" class=\"img-responsive wp-image-1022 fusion-gallery-image-size-fixed\"  \/><\/a><\/div><\/div><div style=\"padding:5px;\" class=\"fusion-grid-column fusion-gallery-column fusion-gallery-column-3 hover-type-none\"><div class=\"fusion-gallery-image\"><a href=\"https:\/\/www.evomax.fi\/wp-content\/uploads\/2020\/06\/Spinner-PD-galleria-1.jpg\" rel=\"noreferrer\" data-rel=\"iLightbox[gallery_image_1]\" class=\"fusion-lightbox\" target=\"_self\"><img decoding=\"async\" src=\"https:\/\/www.evomax.fi\/wp-content\/uploads\/2020\/06\/Spinner-PD-galleria-1-460x295.jpg\" width=\"460\" height=\"295\" alt=\"\" title=\"Spinner PD galleria 1\" aria-label=\"Spinner PD galleria 1\" class=\"img-responsive wp-image-1030 fusion-gallery-image-size-fixed\"  \/><\/a><\/div><\/div><div style=\"padding:5px;\" class=\"fusion-grid-column fusion-gallery-column fusion-gallery-column-3 hover-type-none\"><div class=\"fusion-gallery-image\"><a href=\"https:\/\/www.evomax.fi\/wp-content\/uploads\/2020\/06\/Spinner-PD-galleria-2.jpg\" rel=\"noreferrer\" data-rel=\"iLightbox[gallery_image_1]\" class=\"fusion-lightbox\" target=\"_self\"><img decoding=\"async\" src=\"https:\/\/www.evomax.fi\/wp-content\/uploads\/2020\/06\/Spinner-PD-galleria-2-460x295.jpg\" width=\"460\" height=\"295\" alt=\"\" title=\"Spinner PD galleria 2\" aria-label=\"Spinner PD galleria 2\" class=\"img-responsive wp-image-1031 fusion-gallery-image-size-fixed\"  \/><\/a><\/div><\/div><div class=\"clearfix\"><\/div><div style=\"padding:5px;\" class=\"fusion-grid-column fusion-gallery-column fusion-gallery-column-3 hover-type-none\"><div class=\"fusion-gallery-image\"><a href=\"https:\/\/www.evomax.fi\/wp-content\/uploads\/2020\/06\/Spinner-PD-galleria-3.jpg\" rel=\"noreferrer\" data-rel=\"iLightbox[gallery_image_1]\" class=\"fusion-lightbox\" target=\"_self\"><img decoding=\"async\" src=\"https:\/\/www.evomax.fi\/wp-content\/uploads\/2020\/06\/Spinner-PD-galleria-3-460x295.jpg\" width=\"460\" height=\"295\" alt=\"\" title=\"Spinner PD galleria 3\" aria-label=\"Spinner PD galleria 3\" class=\"img-responsive wp-image-1032 fusion-gallery-image-size-fixed\"  \/><\/a><\/div><\/div><div style=\"padding:5px;\" class=\"fusion-grid-column fusion-gallery-column fusion-gallery-column-3 hover-type-none\"><div class=\"fusion-gallery-image\"><a href=\"https:\/\/www.evomax.fi\/wp-content\/uploads\/2020\/06\/Spinner-PD-galleria-4.jpg\" rel=\"noreferrer\" data-rel=\"iLightbox[gallery_image_1]\" class=\"fusion-lightbox\" target=\"_self\"><img decoding=\"async\" src=\"https:\/\/www.evomax.fi\/wp-content\/uploads\/2020\/06\/Spinner-PD-galleria-4-400x295.jpg\" width=\"400\" height=\"295\" alt=\"\" title=\"Spinner PD galleria 4\" aria-label=\"Spinner PD galleria 4\" class=\"img-responsive wp-image-1033 fusion-gallery-image-size-fixed\"  \/><\/a><\/div><\/div><div style=\"padding:5px;\" class=\"fusion-grid-column fusion-gallery-column fusion-gallery-column-3 hover-type-none\"><div class=\"fusion-gallery-image\"><a href=\"https:\/\/www.evomax.fi\/wp-content\/uploads\/2020\/06\/Spinner-PD-galleria-5.jpg\" rel=\"noreferrer\" data-rel=\"iLightbox[gallery_image_1]\" class=\"fusion-lightbox\" target=\"_self\"><img decoding=\"async\" src=\"https:\/\/www.evomax.fi\/wp-content\/uploads\/2020\/06\/Spinner-PD-galleria-5-400x295.jpg\" width=\"400\" height=\"295\" alt=\"\" title=\"Spinner PD galleria 5\" aria-label=\"Spinner PD galleria 5\" class=\"img-responsive wp-image-1034 fusion-gallery-image-size-fixed\"  \/><\/a><\/div><\/div><div class=\"clearfix\"><\/div><div style=\"padding:5px;\" class=\"fusion-grid-column fusion-gallery-column fusion-gallery-column-3 hover-type-none\"><div class=\"fusion-gallery-image\"><a href=\"https:\/\/www.evomax.fi\/wp-content\/uploads\/2020\/06\/Spinner-PD-galleria-6.jpg\" rel=\"noreferrer\" data-rel=\"iLightbox[gallery_image_1]\" class=\"fusion-lightbox\" target=\"_self\"><img decoding=\"async\" src=\"https:\/\/www.evomax.fi\/wp-content\/uploads\/2020\/06\/Spinner-PD-galleria-6-400x295.jpg\" width=\"400\" height=\"295\" alt=\"\" title=\"Spinner PD galleria 6\" aria-label=\"Spinner PD galleria 6\" class=\"img-responsive wp-image-1035 fusion-gallery-image-size-fixed\"  \/><\/a><\/div><\/div><\/div><\/div><\/div><\/div><div class=\"fusion-layout-column fusion_builder_column fusion-builder-column-3 fusion_builder_column_1_1 1_1 fusion-flex-column\" style=\"--awb-bg-size:cover;--awb-width-large:100%;--awb-margin-top-large:0px;--awb-spacing-right-large:1.92%;--awb-margin-bottom-large:20px;--awb-spacing-left-large:1.92%;--awb-width-medium:100%;--awb-spacing-right-medium:1.92%;--awb-spacing-left-medium:1.92%;--awb-width-small:100%;--awb-spacing-right-small:1.92%;--awb-spacing-left-small:1.92%;\"><div class=\"fusion-column-wrapper fusion-column-has-shadow fusion-flex-justify-content-flex-start fusion-content-layout-column\">\n<div class=\"table-1\">\n<table style=\"width: 100%; height: 552px;\" width=\"100%\">\n<thead><\/thead>\n<tbody>\n<tr>\n<td colspan=\"2\" align=\"left\"><strong>Ty\u00f6kappale<\/strong><\/td>\n<\/tr>\n<tr>\n<td align=\"left\">halkaisija<\/td>\n<td align=\"left\">1-120 mm<\/td>\n<\/tr>\n<tr>\n<td align=\"left\">pituus<\/td>\n<td align=\"left\">1-100 mm<\/td>\n<\/tr>\n<tr>\n<td style=\"background-color: #ffffff;\" colspan=\"2\" align=\"left\"><strong>Akseliliikkeet<\/strong><\/td>\n<\/tr>\n<tr>\n<td align=\"left\">X-akseli<\/td>\n<td align=\"left\">400 mm<\/td>\n<\/tr>\n<tr>\n<td align=\"left\">Z-akseli<\/td>\n<td align=\"left\">400 mm<\/td>\n<\/tr>\n<tr>\n<td align=\"left\">Johteet<\/td>\n<td align=\"left\">lineaarijohteet<\/td>\n<\/tr>\n<tr>\n<td style=\"background-color: #ffffff;\" colspan=\"2\" align=\"left\"><strong>Kara<\/strong><\/td>\n<\/tr>\n<tr>\n<td align=\"left\">standardikara<\/td>\n<td align=\"left\">5.000 1\/min \/ 7,7 KW \/ 43 Nm<\/td>\n<\/tr>\n<tr>\n<td align=\"left\">optiokara<\/td>\n<td align=\"left\">8.000 1\/min \/ 7,7 KW \/ 28 Nm<\/td>\n<\/tr>\n<tr>\n<td align=\"left\">Vetosylinteri<\/td>\n<td align=\"left\">pneumaattinen<\/td>\n<\/tr>\n<tr>\n<td align=\"left\">Tankokapasiteetti<\/td>\n<td align=\"left\">42 tai 32 mm<\/td>\n<\/tr>\n<tr>\n<td style=\"background-color: #ffffff;\" colspan=\"2\" align=\"left\"><strong>Optiot<\/strong><\/td>\n<\/tr>\n<tr>\n<td align=\"left\">Ty\u00f6kalulankku<\/td>\n<td align=\"left\">Vakiona<\/td>\n<\/tr>\n<tr>\n<td align=\"left\">Revolveri<\/td>\n<td align=\"left\">Optio<\/td>\n<\/tr>\n<tr>\n<td align=\"left\">Py\u00f6riv\u00e4t ty\u00f6kalut<\/td>\n<td align=\"left\">Optio<\/td>\n<\/tr>\n<tr>\n<td align=\"left\">K\u00e4rkipylkk\u00e4<\/td>\n<td align=\"left\">Optio<\/td>\n<\/tr>\n<tr>\n<td align=\"left\">Vastakara<\/td>\n<td align=\"left\">Optio<\/td>\n<\/tr>\n<tr>\n<td align=\"left\">Y-akseli<\/td>\n<td align=\"left\">Ei saatavilla<\/td>\n<\/tr>\n<tr>\n<td align=\"left\">Tangonsy\u00f6tt\u00f6makasiini<\/td>\n<td align=\"left\">Optio<\/td>\n<\/tr>\n<tr>\n<td align=\"left\">Automation<\/td>\n<td align=\"left\">Robottiautomaatio ja intergoidut ratkaisut optiona<\/td>\n<\/tr>\n<tr>\n<td style=\"background-color: #ffffff;\" colspan=\"2\" align=\"left\"><strong>Yleist\u00e4<\/strong><\/td>\n<\/tr>\n<tr>\n<td align=\"left\">Mitat(P x L x K)<\/td>\n<td align=\"left\">2700 x 1750 x 1750 mm<\/td>\n<\/tr>\n<tr>\n<td align=\"left\">Weight<\/td>\n<td align=\"left\">~2.100 kg<\/td>\n<\/tr>\n<\/tbody>\n<\/table>\n<\/div>\n<\/div><\/div><\/div><\/div><\/p>","protected":false},"excerpt":{"rendered":"","protected":false},"author":1,"featured_media":0,"parent":257,"menu_order":1,"comment_status":"closed","ping_status":"closed","template":"","meta":{"footnotes":""},"class_list":["post-299","page","type-page","status-publish","hentry"],"_links":{"self":[{"href":"https:\/\/www.evomax.fi\/en\/wp-json\/wp\/v2\/pages\/299","targetHints":{"allow":["GET"]}}],"collection":[{"href":"https:\/\/www.evomax.fi\/en\/wp-json\/wp\/v2\/pages"}],"about":[{"href":"https:\/\/www.evomax.fi\/en\/wp-json\/wp\/v2\/types\/page"}],"author":[{"embeddable":true,"href":"https:\/\/www.evomax.fi\/en\/wp-json\/wp\/v2\/users\/1"}],"replies":[{"embeddable":true,"href":"https:\/\/www.evomax.fi\/en\/wp-json\/wp\/v2\/comments?post=299"}],"version-history":[{"count":10,"href":"https:\/\/www.evomax.fi\/en\/wp-json\/wp\/v2\/pages\/299\/revisions"}],"predecessor-version":[{"id":7729,"href":"https:\/\/www.evomax.fi\/en\/wp-json\/wp\/v2\/pages\/299\/revisions\/7729"}],"up":[{"embeddable":true,"href":"https:\/\/www.evomax.fi\/en\/wp-json\/wp\/v2\/pages\/257"}],"wp:attachment":[{"href":"https:\/\/www.evomax.fi\/en\/wp-json\/wp\/v2\/media?parent=299"}],"curies":[{"name":"wp","href":"https:\/\/api.w.org\/{rel}","templated":true}]}}