{"id":3100,"date":"2021-03-29T14:41:33","date_gmt":"2021-03-29T11:41:33","guid":{"rendered":"https:\/\/www.evomax.fi\/?page_id=3100"},"modified":"2023-08-18T12:38:02","modified_gmt":"2023-08-18T12:38:02","slug":"single","status":"publish","type":"page","link":"https:\/\/www.evomax.fi\/en\/ratkaisut-muoviteollisuudelle\/single\/","title":{"rendered":"L\u00e4mp\u00f6tilan s\u00e4\u00e4t\u00f6- ja j\u00e4\u00e4hdytys"},"content":{"rendered":"<p><div class=\"fusion-fullwidth fullwidth-box fusion-builder-row-1 fusion-flex-container has-pattern-background has-mask-background nonhundred-percent-fullwidth non-hundred-percent-height-scrolling\" style=\"--awb-border-radius-top-left:0px;--awb-border-radius-top-right:0px;--awb-border-radius-bottom-right:0px;--awb-border-radius-bottom-left:0px;--awb-margin-bottom:20px;--awb-flex-wrap:wrap;\" ><div class=\"fusion-builder-row fusion-row fusion-flex-align-items-flex-start fusion-flex-content-wrap\" style=\"max-width:1248px;margin-left: calc(-4% \/ 2 );margin-right: calc(-4% \/ 2 );\"><div class=\"fusion-layout-column fusion_builder_column fusion-builder-column-0 fusion_builder_column_1_1 1_1 fusion-flex-column\" style=\"--awb-bg-size:cover;--awb-width-large:100%;--awb-margin-top-large:-40px;--awb-spacing-right-large:1.92%;--awb-margin-bottom-large:20px;--awb-spacing-left-large:1.92%;--awb-width-medium:100%;--awb-order-medium:0;--awb-spacing-right-medium:1.92%;--awb-spacing-left-medium:1.92%;--awb-width-small:100%;--awb-order-small:0;--awb-spacing-right-small:1.92%;--awb-spacing-left-small:1.92%;\" data-scroll-devices=\"small-visibility,medium-visibility,large-visibility\"><div class=\"fusion-column-wrapper fusion-column-has-shadow fusion-flex-justify-content-flex-start fusion-content-layout-column\"><nav class=\"fusion-breadcrumbs fusion-breadcrumbs-1 breadcrump\" style=\"--awb-font-size:20px;--awb-text-color:#000000;--awb-breadcrumb-sep:&#039;&gt;&#039;;\" aria-label=\"Breadcrumb\"><ol class=\"awb-breadcrumb-list\"><\/ol><\/nav><div class=\"fusion-title title fusion-title-1 fusion-sep-none fusion-title-text fusion-title-size-two\"><h2 class=\"fusion-title-heading title-heading-left\" style=\"margin:0;\">L\u00e4mp\u00f6tilan s\u00e4\u00e4t\u00f6- ja j\u00e4\u00e4hdytys<\/h2><\/div><\/div><\/div><\/div><\/div>\n<div class=\"fusion-fullwidth fullwidth-box fusion-builder-row-2 fusion-flex-container nonhundred-percent-fullwidth non-hundred-percent-height-scrolling\" style=\"--awb-border-radius-top-left:0px;--awb-border-radius-top-right:0px;--awb-border-radius-bottom-right:0px;--awb-border-radius-bottom-left:0px;--awb-flex-wrap:wrap;\" ><div class=\"fusion-builder-row fusion-row fusion-flex-align-items-flex-start fusion-flex-content-wrap\" style=\"max-width:1248px;margin-left: calc(-4% \/ 2 );margin-right: calc(-4% \/ 2 );\"><div class=\"fusion-layout-column fusion_builder_column fusion-builder-column-1 fusion_builder_column_1_2 1_2 fusion-flex-column\" style=\"--awb-bg-size:cover;--awb-width-large:50%;--awb-margin-top-large:0px;--awb-spacing-right-large:3.84%;--awb-margin-bottom-large:20px;--awb-spacing-left-large:3.84%;--awb-width-medium:50%;--awb-spacing-right-medium:3.84%;--awb-spacing-left-medium:3.84%;--awb-width-small:100%;--awb-spacing-right-small:1.92%;--awb-spacing-left-small:1.92%;\"><div class=\"fusion-column-wrapper fusion-column-has-shadow fusion-flex-justify-content-flex-start fusion-content-layout-column\"><div class=\"fusion-image-element\" style=\"text-align:center;--awb-caption-title-font-family:var(--h2_typography-font-family);--awb-caption-title-font-weight:var(--h2_typography-font-weight);--awb-caption-title-font-style:var(--h2_typography-font-style);--awb-caption-title-size:var(--h2_typography-font-size);--awb-caption-title-transform:var(--h2_typography-text-transform);--awb-caption-title-line-height:var(--h2_typography-line-height);--awb-caption-title-letter-spacing:var(--h2_typography-letter-spacing);\"><span class=\"fusion-imageframe imageframe-none imageframe-1 hover-type-none\"><a class=\"fusion-no-lightbox\" href=\"https:\/\/single-temp.de\/en\" target=\"_blank\" aria-label=\"Single_logo\" rel=\"noopener noreferrer\"><img decoding=\"async\" width=\"866\" height=\"298\" src=\"https:\/\/www.evomax.fi\/wp-content\/uploads\/2021\/03\/Single_logo.jpg\" alt class=\"img-responsive wp-image-3102\" srcset=\"https:\/\/www.evomax.fi\/wp-content\/uploads\/2021\/03\/Single_logo-200x69.jpg 200w, https:\/\/www.evomax.fi\/wp-content\/uploads\/2021\/03\/Single_logo-400x138.jpg 400w, https:\/\/www.evomax.fi\/wp-content\/uploads\/2021\/03\/Single_logo-600x206.jpg 600w, https:\/\/www.evomax.fi\/wp-content\/uploads\/2021\/03\/Single_logo-800x275.jpg 800w, https:\/\/www.evomax.fi\/wp-content\/uploads\/2021\/03\/Single_logo.jpg 866w\" sizes=\"(max-width: 640px) 100vw, 600px\" \/><\/a><\/span><\/div><div class=\"fusion-separator fusion-full-width-sep\" style=\"align-self: center;margin-left: auto;margin-right: auto;width:100%;\"><div class=\"fusion-separator-border sep-double\" style=\"--awb-height:20px;--awb-amount:20px;--awb-sep-color:#ffffff;border-color:#ffffff;border-top-width:20px;border-bottom-width:20px;\"><\/div><\/div><div class=\"fusion-text fusion-text-1\"><p>Saksalainen SINGLE-valmistaa laadukkaita ja energiatehokkaita l\u00e4mp\u00f6tilan s\u00e4\u00e4t\u00f6- ja j\u00e4\u00e4hdytystekniikan laitteita. Yrityksess\u00e4 on noin 140 ty\u00f6ntekij\u00e4\u00e4 ja edustajaa yli 30 maassa. Yritys on yksi alan markkinajohtajista.<\/p>\n<p>Singlen yli 40 vuoden kokemus ratkaisuista ja laitteiden rakentamisesta takaavat asiakkaille laadukkaan ja asiakkaan toimintaa tehostavan ratkaisun. Singlen asiakkaita ovat p\u00e4\u00e4asiassa muovinjalostajat ja muovikoneiden, painevalutekniikan, kemian-, l\u00e4\u00e4ke- ja elintarviketeollisuuden sek\u00e4 testaus- ja puolijohdeteollisuuden yritykset. Yritys tarjoaa vakiotuotteiden lis\u00e4ksi r\u00e4\u00e4t\u00e4l\u00f6ityj\u00e4 ja asiakaskohtaisia ratkaisuja.<\/p>\n<\/div><\/div><\/div><div class=\"fusion-layout-column fusion_builder_column fusion-builder-column-2 fusion_builder_column_1_2 1_2 fusion-flex-column\" style=\"--awb-bg-size:cover;--awb-width-large:50%;--awb-margin-top-large:0px;--awb-spacing-right-large:3.84%;--awb-margin-bottom-large:20px;--awb-spacing-left-large:3.84%;--awb-width-medium:50%;--awb-spacing-right-medium:3.84%;--awb-spacing-left-medium:3.84%;--awb-width-small:100%;--awb-spacing-right-small:1.92%;--awb-spacing-left-small:1.92%;\"><div class=\"fusion-column-wrapper fusion-column-has-shadow fusion-flex-justify-content-flex-start fusion-content-layout-column\"><div class=\"fusion-separator fusion-full-width-sep\" style=\"align-self: center;margin-left: auto;margin-right: auto;width:100%;\"><div class=\"fusion-separator-border sep-double\" style=\"--awb-height:20px;--awb-amount:20px;--awb-sep-color:#ffffff;border-color:#ffffff;border-top-width:20px;border-bottom-width:20px;\"><\/div><\/div><div class=\"fusion-image-element\" style=\"--awb-caption-title-font-family:var(--h2_typography-font-family);--awb-caption-title-font-weight:var(--h2_typography-font-weight);--awb-caption-title-font-style:var(--h2_typography-font-style);--awb-caption-title-size:var(--h2_typography-font-size);--awb-caption-title-transform:var(--h2_typography-text-transform);--awb-caption-title-line-height:var(--h2_typography-line-height);--awb-caption-title-letter-spacing:var(--h2_typography-letter-spacing);\"><span class=\"fusion-imageframe imageframe-none imageframe-2 hover-type-none\"><img decoding=\"async\" width=\"535\" height=\"393\" title=\"Single_2\" src=\"https:\/\/www.evomax.fi\/wp-content\/uploads\/2021\/03\/Single_2.jpg\" alt class=\"img-responsive wp-image-3103\" srcset=\"https:\/\/www.evomax.fi\/wp-content\/uploads\/2021\/03\/Single_2-200x147.jpg 200w, https:\/\/www.evomax.fi\/wp-content\/uploads\/2021\/03\/Single_2-400x294.jpg 400w, https:\/\/www.evomax.fi\/wp-content\/uploads\/2021\/03\/Single_2.jpg 535w\" sizes=\"(max-width: 640px) 100vw, 535px\" \/><\/span><\/div><\/div><\/div><\/div><\/div><div class=\"fusion-fullwidth fullwidth-box fusion-builder-row-3 fusion-flex-container nonhundred-percent-fullwidth non-hundred-percent-height-scrolling\" style=\"--awb-border-radius-top-left:0px;--awb-border-radius-top-right:0px;--awb-border-radius-bottom-right:0px;--awb-border-radius-bottom-left:0px;--awb-flex-wrap:wrap;\" ><div class=\"fusion-builder-row fusion-row fusion-flex-align-items-flex-start fusion-flex-content-wrap\" style=\"max-width:1248px;margin-left: calc(-4% \/ 2 );margin-right: calc(-4% \/ 2 );\"><div class=\"fusion-layout-column fusion_builder_column fusion-builder-column-3 fusion_builder_column_1_1 1_1 fusion-flex-column\" style=\"--awb-bg-size:cover;--awb-width-large:100%;--awb-margin-top-large:0px;--awb-spacing-right-large:1.92%;--awb-margin-bottom-large:20px;--awb-spacing-left-large:1.92%;--awb-width-medium:100%;--awb-spacing-right-medium:1.92%;--awb-spacing-left-medium:1.92%;--awb-width-small:100%;--awb-spacing-right-small:1.92%;--awb-spacing-left-small:1.92%;\"><div class=\"fusion-column-wrapper fusion-column-has-shadow fusion-flex-justify-content-flex-start fusion-content-layout-column\"><div class=\"fusion-content-boxes content-boxes columns row fusion-columns-4 fusion-columns-total-4 fusion-content-boxes-1 content-boxes-icon-on-top content-left\" style=\"--awb-hover-accent-color:#2f3d50;--awb-circle-hover-accent-color:#2f3d50;\" data-animationoffset=\"top-into-view\"><div style=\"--awb-backgroundcolor:rgba(255,255,255,0);\" class=\"fusion-column content-box-column content-box-column content-box-column-1 col-lg-3 col-md-3 col-sm-3 fusion-content-box-hover content-box-column-first-in-row\"><div class=\"col content-box-wrapper content-wrapper link-area-box content-icon-wrapper-yes icon-hover-animation-fade\" data-animationoffset=\"top-into-view\"><div class=\"heading icon-left\"><h2 class=\"content-box-heading\" style=\"--h2_typography-font-size:24px;line-height:29px;\">Pienempi energiankulutus<\/h2><\/div><div class=\"fusion-clearfix\"><\/div><div class=\"content-container\">\n<p>Uudistunut Single -l\u00e4mp\u00f6tilans\u00e4\u00e4t\u00f6systeemi s\u00e4\u00e4st\u00e4\u00e4 energiaa edelt\u00e4j\u00e4\u00e4ns\u00e4 n\u00e4hden jopa 70 %. \u00c4lyk\u00e4s pumppu s\u00e4\u00e4telee kierrosnopeuksia tarpeen mukaan. Nopeuden pudotus s\u00e4\u00e4st\u00e4\u00e4 energiaa jopa 50 %.\u00a0 Keskitetty pumppu yhdess\u00e4 modernin moottorin kanssa v\u00e4hent\u00e4v\u00e4t kulutusta jopa kaksikolmasosaa.<\/p>\n<\/div><\/div><\/div><div style=\"--awb-backgroundcolor:rgba(255,255,255,0);\" class=\"fusion-column content-box-column content-box-column content-box-column-2 col-lg-3 col-md-3 col-sm-3 fusion-content-box-hover\"><div class=\"col content-box-wrapper content-wrapper link-area-box content-icon-wrapper-yes icon-hover-animation-fade\" data-animationoffset=\"top-into-view\"><div class=\"heading icon-left\"><h2 class=\"content-box-heading\" style=\"--h2_typography-font-size:24px;line-height:29px;\">Lyhyempi jaksoaika<\/h2><\/div><div class=\"fusion-clearfix\"><\/div><div class=\"content-container\">\n<p>EcoTempiss\u00e4 hy\u00f6dynnet\u00e4\u00e4n pitk\u00e4n tuotekehityksen tuloksena \u00e4lyk\u00e4st\u00e4 venttiiliteknologiaa, joka lyhent\u00e4\u00e4 j\u00e4\u00e4hdytysvaihetta ja mahdollistaa siten lyhyemm\u00e4n jaksoajan. Teknologian avulla on mahdollista saavuttaa jopa 15 % lyhyempi jaksoaika.<\/p>\n<\/div><\/div><\/div><div style=\"--awb-backgroundcolor:rgba(255,255,255,0);\" class=\"fusion-column content-box-column content-box-column content-box-column-3 col-lg-3 col-md-3 col-sm-3 fusion-content-box-hover\"><div class=\"col content-box-wrapper content-wrapper link-area-box content-icon-wrapper-yes icon-hover-animation-fade\" data-animationoffset=\"top-into-view\"><div class=\"heading icon-left\"><h2 class=\"content-box-heading\" style=\"--h2_typography-font-size:24px;line-height:29px;\">Optimoitu laatu<\/h2><\/div><div class=\"fusion-clearfix\"><\/div><div class=\"content-container\">\n<p>EcoTemp, passiivinen muotin l\u00e4mp\u00f6tilan s\u00e4\u00e4t\u00f6j\u00e4rjestelm\u00e4, tarjoaa todella hyv\u00e4n suorituskyvyn. Singlen tuotekehitys on vienyt ATT-teknologialla suorituksen viel\u00e4 askeleen pidemm\u00e4lle: Kaksi erillist\u00e4 vesipiiri\u00e4 l\u00e4mmitykseen ja j\u00e4\u00e4hdytykseen \u00e4lykk\u00e4\u00e4ll\u00e4 ohjauksella mahdollistavat eritt\u00e4in nopeat l\u00e4mp\u00f6tilan muutokset. Tuloksena on t\u00e4ydellinen muotin l\u00e4mp\u00f6tilan s\u00e4\u00e4t\u00f6 ja siten t\u00e4ydellinen osien laatu.<\/p>\n<\/div><\/div><\/div><div style=\"--awb-backgroundcolor:rgba(255,255,255,0);\" class=\"fusion-column content-box-column content-box-column content-box-column-4 col-lg-3 col-md-3 col-sm-3 fusion-content-box-hover content-box-column-last content-box-column-last-in-row\"><div class=\"col content-box-wrapper content-wrapper link-area-box content-icon-wrapper-yes icon-hover-animation-fade\" data-animationoffset=\"top-into-view\"><div class=\"heading icon-left\"><h2 class=\"content-box-heading\" style=\"--h2_typography-font-size:24px;line-height:29px;\">\u00c4lyk\u00e4s ohjaus<\/h2><\/div><div class=\"fusion-clearfix\"><\/div><div class=\"content-container\">\n<p>Helppo ja \u00e4lyk\u00e4s. Singlen suunnittelijat ovat asettaneet n\u00e4m\u00e4 kaksi vaatimusta l\u00e4mp\u00f6tilan s\u00e4\u00e4t\u00f6yksik\u00f6iden yhdist\u00e4miselle &#8211; ja kehitt\u00e4neet IoT-j\u00e4rjestelm\u00e4n &#8221;Smart Line&#8221;, jonka avulla asiakkaat voivat ohjata kaikkia l\u00e4mp\u00f6tilan s\u00e4\u00e4t\u00f6yksik\u00f6it\u00e4 keskitetysti sis\u00e4isell\u00e4 verkkosivustolla. Anturit ker\u00e4\u00e4v\u00e4t l\u00e4hes sata t\u00e4rke\u00e4\u00e4 dataa ja analyysi tunnistaa h\u00e4iri\u00f6t v\u00e4litt\u00f6m\u00e4sti. Smart Line v\u00e4hent\u00e4\u00e4 siten seisokkeja, parantaa tuotteiden laatua ja minimoi kustannukset.<\/p>\n<\/div><\/div><\/div><div class=\"fusion-clearfix\"><\/div><\/div><div class=\"fusion-separator fusion-full-width-sep\" style=\"align-self: center;margin-left: auto;margin-right: auto;width:100%;\"><div class=\"fusion-separator-border sep-single sep-solid\" style=\"--awb-height:20px;--awb-amount:20px;border-color:var(--awb-color3);border-top-width:1px;\"><\/div><\/div><div class=\"fusion-content-boxes content-boxes columns row fusion-columns-2 fusion-columns-total-3 fusion-content-boxes-2 content-boxes-icon-on-top content-left\" style=\"--awb-hover-accent-color:#2f3d50;--awb-circle-hover-accent-color:#2f3d50;\" data-animationoffset=\"top-into-view\"><div style=\"--awb-backgroundcolor:rgba(255,255,255,0);\" class=\"fusion-column content-box-column content-box-column content-box-column-1 col-lg-6 col-md-6 col-sm-6 fusion-content-box-hover content-box-column-first-in-row\"><div class=\"col content-box-wrapper content-wrapper link-area-box link-type-text content-icon-wrapper-yes icon-hover-animation-fade\" data-link=\" https:\/\/www.evomax.fi\/ratkaisut-muoviteollisuudelle\/single\/easitemp\/\" data-link-target=\"_self\" data-animationoffset=\"top-into-view\"><div class=\"heading heading-with-icon icon-left\"><a class=\"heading-link\" href=\"https:\/\/www.evomax.fi\/en\/ratkaisut-muoviteollisuudelle\/single\/easitemp\/\" target=\"_self\"><div aria-hidden=\"true\" class=\"image\"><img decoding=\"async\" src=\"https:\/\/www.evomax.fi\/wp-content\/uploads\/2021\/03\/Single_Easytemp.jpg\" width=\"763\" height=\"618\" alt=\"\" \/><\/div><h2 class=\"content-box-heading\" style=\"--h2_typography-font-size:24px;line-height:29px;\">EASITEMP -sarja<\/h2><\/a><\/div><\/div><\/div><div style=\"--awb-backgroundcolor:rgba(255,255,255,0);\" class=\"fusion-column content-box-column content-box-column content-box-column-2 col-lg-6 col-md-6 col-sm-6 fusion-content-box-hover content-box-column-last-in-row\"><div class=\"col content-box-wrapper content-wrapper link-area-box link-type-text content-icon-wrapper-yes icon-hover-animation-fade\" data-link=\" https:\/\/www.evomax.fi\/ratkaisut-muoviteollisuudelle\/single\/tk\/\" data-link-target=\"_self\" data-animationoffset=\"top-into-view\"><div class=\"heading heading-with-icon icon-left\"><a class=\"heading-link\" href=\"https:\/\/www.evomax.fi\/en\/ratkaisut-muoviteollisuudelle\/single\/tk\/\" target=\"_self\"><div aria-hidden=\"true\" class=\"image\"><img decoding=\"async\" src=\"https:\/\/www.evomax.fi\/wp-content\/uploads\/2021\/03\/Single_TK_3.jpg\" width=\"763\" height=\"618\" alt=\"\" \/><\/div><h2 class=\"content-box-heading\" style=\"--h2_typography-font-size:24px;line-height:29px;\">TK\/TKN \/TKS-sarja<\/h2><\/a><\/div><\/div><\/div><div style=\"--awb-backgroundcolor:rgba(255,255,255,0);\" class=\"fusion-column content-box-column content-box-column content-box-column-3 col-lg-6 col-md-6 col-sm-6 fusion-content-box-hover content-box-column-first-in-row content-box-column-last\"><div class=\"col content-box-wrapper content-wrapper link-area-box link-type-text content-icon-wrapper-yes icon-hover-animation-fade\" data-link=\" https:\/\/www.evomax.fi\/ratkaisut-muoviteollisuudelle\/single\/wk\/\" data-link-target=\"_self\" data-animationoffset=\"top-into-view\"><div class=\"heading heading-with-icon icon-left\"><a class=\"heading-link\" href=\"https:\/\/www.evomax.fi\/en\/ratkaisut-muoviteollisuudelle\/single\/wk\/\" target=\"_self\"><div aria-hidden=\"true\" class=\"image\"><img decoding=\"async\" src=\"https:\/\/www.evomax.fi\/wp-content\/uploads\/2021\/03\/Single_WK_2.jpg\" width=\"763\" height=\"618\" alt=\"\" \/><\/div><h2 class=\"content-box-heading\" style=\"--h2_typography-font-size:24px;line-height:29px;\">WK3 ja WK4 -sarja<\/h2><\/a><\/div><\/div><\/div><div class=\"fusion-clearfix\"><\/div><\/div><\/div><\/div><\/div><\/div><\/p>","protected":false},"excerpt":{"rendered":"","protected":false},"author":1,"featured_media":0,"parent":4091,"menu_order":0,"comment_status":"closed","ping_status":"closed","template":"","meta":{"footnotes":""},"class_list":["post-3100","page","type-page","status-publish","hentry"],"_links":{"self":[{"href":"https:\/\/www.evomax.fi\/en\/wp-json\/wp\/v2\/pages\/3100","targetHints":{"allow":["GET"]}}],"collection":[{"href":"https:\/\/www.evomax.fi\/en\/wp-json\/wp\/v2\/pages"}],"about":[{"href":"https:\/\/www.evomax.fi\/en\/wp-json\/wp\/v2\/types\/page"}],"author":[{"embeddable":true,"href":"https:\/\/www.evomax.fi\/en\/wp-json\/wp\/v2\/users\/1"}],"replies":[{"embeddable":true,"href":"https:\/\/www.evomax.fi\/en\/wp-json\/wp\/v2\/comments?post=3100"}],"version-history":[{"count":4,"href":"https:\/\/www.evomax.fi\/en\/wp-json\/wp\/v2\/pages\/3100\/revisions"}],"predecessor-version":[{"id":7702,"href":"https:\/\/www.evomax.fi\/en\/wp-json\/wp\/v2\/pages\/3100\/revisions\/7702"}],"up":[{"embeddable":true,"href":"https:\/\/www.evomax.fi\/en\/wp-json\/wp\/v2\/pages\/4091"}],"wp:attachment":[{"href":"https:\/\/www.evomax.fi\/en\/wp-json\/wp\/v2\/media?parent=3100"}],"curies":[{"name":"wp","href":"https:\/\/api.w.org\/{rel}","templated":true}]}}