{"id":4770,"date":"2022-01-11T11:58:10","date_gmt":"2022-01-11T09:58:10","guid":{"rendered":"https:\/\/www.evomax.fi\/?page_id=4770"},"modified":"2023-08-21T11:05:24","modified_gmt":"2023-08-21T11:05:24","slug":"star-sr-20j","status":"publish","type":"page","link":"https:\/\/www.evomax.fi\/en\/ratkaisut-metalliteollisuudelle\/sorvit\/star-pitkasorvausautomaatit\/star-sr-20j\/","title":{"rendered":"Star SR-20JII"},"content":{"rendered":"<p><div class=\"fusion-fullwidth fullwidth-box fusion-builder-row-1 fusion-flex-container has-pattern-background has-mask-background nonhundred-percent-fullwidth non-hundred-percent-height-scrolling\" style=\"--awb-border-radius-top-left:0px;--awb-border-radius-top-right:0px;--awb-border-radius-bottom-right:0px;--awb-border-radius-bottom-left:0px;--awb-margin-bottom:20px;--awb-flex-wrap:wrap;\" ><div class=\"fusion-builder-row fusion-row fusion-flex-align-items-flex-start fusion-flex-content-wrap\" style=\"max-width:1248px;margin-left: calc(-4% \/ 2 );margin-right: calc(-4% \/ 2 );\"><div class=\"fusion-layout-column fusion_builder_column fusion-builder-column-0 fusion_builder_column_1_1 1_1 fusion-flex-column\" style=\"--awb-bg-size:cover;--awb-width-large:100%;--awb-margin-top-large:-40px;--awb-spacing-right-large:1.92%;--awb-margin-bottom-large:20px;--awb-spacing-left-large:1.92%;--awb-width-medium:100%;--awb-order-medium:0;--awb-spacing-right-medium:1.92%;--awb-spacing-left-medium:1.92%;--awb-width-small:100%;--awb-order-small:0;--awb-spacing-right-small:1.92%;--awb-spacing-left-small:1.92%;\" data-scroll-devices=\"small-visibility,medium-visibility,large-visibility\"><div class=\"fusion-column-wrapper fusion-column-has-shadow fusion-flex-justify-content-flex-start fusion-content-layout-column\"><nav class=\"fusion-breadcrumbs fusion-breadcrumbs-1 breadcrump\" style=\"--awb-font-size:20px;--awb-text-color:#000000;--awb-breadcrumb-sep:&#039;&gt;&#039;;\" aria-label=\"Breadcrumb\"><ol class=\"awb-breadcrumb-list\"><\/ol><\/nav><div class=\"fusion-title title fusion-title-1 fusion-sep-none fusion-title-text fusion-title-size-two\"><h2 class=\"fusion-title-heading title-heading-left\" style=\"margin:0;\">Star SR-20JII<\/h2><\/div><\/div><\/div><\/div><\/div>\n<div class=\"fusion-fullwidth fullwidth-box fusion-builder-row-2 fusion-flex-container nonhundred-percent-fullwidth non-hundred-percent-height-scrolling\" style=\"--awb-border-radius-top-left:0px;--awb-border-radius-top-right:0px;--awb-border-radius-bottom-right:0px;--awb-border-radius-bottom-left:0px;--awb-flex-wrap:wrap;\" ><div class=\"fusion-builder-row fusion-row fusion-flex-align-items-flex-start fusion-flex-content-wrap\" style=\"max-width:1248px;margin-left: calc(-4% \/ 2 );margin-right: calc(-4% \/ 2 );\"><div class=\"fusion-layout-column fusion_builder_column fusion-builder-column-1 fusion_builder_column_1_2 1_2 fusion-flex-column\" style=\"--awb-bg-size:cover;--awb-width-large:50%;--awb-margin-top-large:0px;--awb-spacing-right-large:3.84%;--awb-margin-bottom-large:20px;--awb-spacing-left-large:3.84%;--awb-width-medium:50%;--awb-spacing-right-medium:3.84%;--awb-spacing-left-medium:3.84%;--awb-width-small:100%;--awb-spacing-right-small:1.92%;--awb-spacing-left-small:1.92%;\"><div class=\"fusion-column-wrapper fusion-column-has-shadow fusion-flex-justify-content-flex-start fusion-content-layout-column\"><div class=\"fusion-text fusion-text-1\" style=\"--awb-text-transform:none;\"><div class=\"p-product-detail__text c-wp-editor\">\n<h2>EDUT<\/h2>\n<p id=\"tw-target-text\" dir=\"ltr\" data-placeholder=\"K\u00e4\u00e4nn\u00f6s\"><span lang=\"en\">The upgrade, the SR-20J II type B, not only impresses with the possibility of converting the machine from a long lathe to a short lathe, but also with a much more stable machine bed and significantly increased performance when machining thanks to a stronger drive power. The range has also been expanded with 5 drilling tools (front\/rear). The rear machining was equipped with a Y2 axis and 8 tool stations (dovetail guide).<\/span><\/p>\n<ul>\n<li>FANUC 31i-B5 control system<\/li>\n<li>Movable control panel<\/li>\n<li>C axis control as standard on main and sub spindle<\/li>\n<li>Convertible from sliding headstock to fixed headstock lathe<\/li>\n<li>Fully independent backworking<\/li>\n<\/ul>\n<h2>TY\u00d6KALUSTUS<\/h2>\n<ul>\n<li>6 turning tools<\/li>\n<li>5 drilling tools each (front\/rear)<\/li>\n<li>5 + \u03b1 powered tools on the linear beam<\/li>\n<li>8 power-driven tools for backworking<\/li>\n<li>8 axes<\/li>\n<\/ul>\n<\/div>\n<\/div><div ><a class=\"fusion-button button-flat fusion-button-default-size button-default fusion-button-default button-1 fusion-button-default-span fusion-button-default-type\" target=\"_self\" href=\"#\" data-toggle=\"modal\" data-target=\".fusion-modal.kysy-tuotteesta\"><span class=\"fusion-button-text awb-button__text awb-button__text--default\">Kysy tuotteesta<\/span><\/a><\/div><div ><a class=\"fusion-button button-flat fusion-button-default-size button-default fusion-button-default button-2 fusion-button-default-span fusion-button-default-type\" style=\"--button_margin-top:20px;--button_margin-bottom:30px;\" target=\"_blank\" rel=\"noopener noreferrer\" href=\"https:\/\/www.evomax.fi\/wp-content\/uploads\/2022\/01\/SR-20J.pdf\"><span class=\"fusion-button-text awb-button__text awb-button__text--default\">Lataa SR-20J-esite<\/span><\/a><\/div><div class=\"fusion-modal modal fade modal-1 kysy-tuotteesta\" tabindex=\"-1\" role=\"dialog\" aria-labelledby=\"modal-heading-1\" aria-hidden=\"true\" style=\"--awb-border-color:var(--awb-color3);--awb-background:var(--awb-color1);\"><div class=\"modal-dialog modal-lg\" role=\"document\"><div class=\"modal-content fusion-modal-content\"><div class=\"modal-header\"><button class=\"close\" type=\"button\" data-dismiss=\"modal\" aria-hidden=\"true\" aria-label=\"Close\">\u00d7<\/button><h3 class=\"modal-title\" id=\"modal-heading-1\" data-dismiss=\"modal\" aria-hidden=\"true\">Kysy tuotteesta<\/h3><\/div><div class=\"modal-body fusion-clearfix\">\n\n<div class=\"wpcf7 no-js\" id=\"wpcf7-f7059-o1\" lang=\"fi\" dir=\"ltr\" data-wpcf7-id=\"7059\">\n<div class=\"screen-reader-response\"><p role=\"status\" aria-live=\"polite\" aria-atomic=\"true\"><\/p> <ul><\/ul><\/div>\n<form action=\"\/en\/wp-json\/wp\/v2\/pages\/4770#wpcf7-f7059-o1\" method=\"post\" class=\"wpcf7-form init\" aria-label=\"Yhteydenottolomake\" novalidate=\"novalidate\" data-status=\"init\" data-trp-original-action=\"\/en\/wp-json\/wp\/v2\/pages\/4770#wpcf7-f7059-o1\">\n<fieldset class=\"hidden-fields-container\"><input type=\"hidden\" name=\"_wpcf7\" value=\"7059\" \/><input type=\"hidden\" name=\"_wpcf7_version\" value=\"6.1.5\" \/><input type=\"hidden\" name=\"_wpcf7_locale\" value=\"fi\" \/><input type=\"hidden\" name=\"_wpcf7_unit_tag\" value=\"wpcf7-f7059-o1\" \/><input type=\"hidden\" name=\"_wpcf7_container_post\" value=\"0\" \/><input type=\"hidden\" name=\"_wpcf7_posted_data_hash\" value=\"\" \/><input type=\"hidden\" name=\"redirect_nonce\" value=\"869f38581c\" \/><input type=\"hidden\" name=\"wpcf7cfpdf_hidden_name\" value=\"document-pdf\" \/><input type=\"hidden\" name=\"wpcf7cfpdf_hidden_reference\" value=\"16211b3c\" \/><input type=\"hidden\" name=\"wpcf7cfpdf_hidden_date\" value=\"04232026\" \/><input type=\"hidden\" name=\"_wpcf7_recaptcha_response\" value=\"\" \/>\n<\/fieldset>\n<p><label> Name (required)<br \/>\n<span class=\"wpcf7-form-control-wrap\" data-name=\"your-name\"><input size=\"40\" maxlength=\"400\" class=\"wpcf7-form-control wpcf7-text wpcf7-validates-as-required\" autocomplete=\"name\" aria-required=\"true\" aria-invalid=\"false\" value=\"\" type=\"text\" name=\"your-name\" \/><\/span> <\/label>\n<\/p>\n<p><label> Email (required)<br \/>\n<span class=\"wpcf7-form-control-wrap\" data-name=\"your-email\"><input size=\"40\" maxlength=\"400\" class=\"wpcf7-form-control wpcf7-email wpcf7-validates-as-required wpcf7-text wpcf7-validates-as-email\" autocomplete=\"email\" aria-required=\"true\" aria-invalid=\"false\" value=\"\" type=\"email\" name=\"your-email\" \/><\/span> <\/label>\n<\/p>\n<p><label> Subject<br \/>\n<span class=\"wpcf7-form-control-wrap\" data-name=\"your-subject\"><input size=\"40\" maxlength=\"400\" class=\"wpcf7-form-control wpcf7-text wpcf7-validates-as-required\" aria-required=\"true\" aria-invalid=\"false\" value=\"\" type=\"text\" name=\"your-subject\" \/><\/span> <\/label>\n<\/p>\n<p><label> Message<br \/>\n<span class=\"wpcf7-form-control-wrap\" data-name=\"your-message\"><textarea cols=\"40\" rows=\"10\" maxlength=\"2000\" class=\"wpcf7-form-control wpcf7-textarea\" aria-invalid=\"false\" name=\"your-message\"><\/textarea><\/span> <\/label>\n<\/p>\n<input class=\"wpcf7-form-control wpcf7-hidden\" id=\"visitor_id\" value=\"\" type=\"hidden\" name=\"visitor_id\" \/>\n<p><input class=\"wpcf7-form-control wpcf7-submit has-spinner\" type=\"submit\" value=\"Send\" \/>\n<\/p><div class=\"fusion-alert alert custom alert-custom fusion-alert-center wpcf7-response-output awb-alert-native-link-color alert-dismissable awb-alert-close-boxed\" style=\"--awb-border-size:1px;--awb-border-top-left-radius:0px;--awb-border-top-right-radius:0px;--awb-border-bottom-left-radius:0px;--awb-border-bottom-right-radius:0px;\" role=\"alert\"><div class=\"fusion-alert-content-wrapper\"><span class=\"fusion-alert-content\"><\/span><\/div><button type=\"button\" class=\"close toggle-alert\" data-dismiss=\"alert\" aria-label=\"Close\">\u00d7<\/button><\/div>\n<input type=\"hidden\" name=\"trp-form-language\" value=\"en\"\/><\/form>\n<\/div>\n\n<\/div><\/div><\/div><\/div><\/div><\/div><div class=\"fusion-layout-column fusion_builder_column fusion-builder-column-2 fusion_builder_column_1_2 1_2 fusion-flex-column\" style=\"--awb-bg-size:cover;--awb-width-large:50%;--awb-margin-top-large:0px;--awb-spacing-right-large:3.84%;--awb-margin-bottom-large:20px;--awb-spacing-left-large:3.84%;--awb-width-medium:50%;--awb-spacing-right-medium:3.84%;--awb-spacing-left-medium:3.84%;--awb-width-small:100%;--awb-spacing-right-small:1.92%;--awb-spacing-left-small:1.92%;\"><div class=\"fusion-column-wrapper fusion-column-has-shadow fusion-flex-justify-content-flex-start fusion-content-layout-column\"><a class=\"awb-lightbox awb-lightbox-1\"><img decoding=\"async\" src=\"https:\/\/www.evomax.fi\/wp-content\/uploads\/2022\/02\/SR-20J-C_machine.jpg\"><\/a><div class=\"awb-gallery-wrapper awb-gallery-wrapper-1 button-span-no\"><div style=\"margin:-5px;--awb-bordersize:0px;\" class=\"fusion-gallery fusion-gallery-container fusion-grid-4 fusion-columns-total-3 fusion-gallery-layout-grid fusion-gallery-1\"><div style=\"padding:5px;\" class=\"fusion-grid-column fusion-gallery-column fusion-gallery-column-4 hover-type-none\"><div class=\"fusion-gallery-image\"><a href=\"https:\/\/www.evomax.fi\/wp-content\/uploads\/2022\/01\/SR-10JC2.jpg\" rel=\"noreferrer\" data-rel=\"iLightbox[gallery_image_1]\" class=\"fusion-lightbox\" target=\"_self\"><img decoding=\"async\" src=\"https:\/\/www.evomax.fi\/wp-content\/uploads\/2022\/01\/SR-10JC2.jpg\" width=\"1200\" height=\"1200\" alt=\"\" title=\"SR-10JC2\" aria-label=\"SR-10JC2\" class=\"img-responsive wp-image-4765\" srcset=\"https:\/\/www.evomax.fi\/wp-content\/uploads\/2022\/01\/SR-10JC2-200x200.jpg 200w, https:\/\/www.evomax.fi\/wp-content\/uploads\/2022\/01\/SR-10JC2-400x400.jpg 400w, https:\/\/www.evomax.fi\/wp-content\/uploads\/2022\/01\/SR-10JC2-600x600.jpg 600w, https:\/\/www.evomax.fi\/wp-content\/uploads\/2022\/01\/SR-10JC2-800x800.jpg 800w, https:\/\/www.evomax.fi\/wp-content\/uploads\/2022\/01\/SR-10JC2.jpg 1200w\" sizes=\"(min-width: 2200px) 100vw, (min-width: 856px) 296px, (min-width: 784px) 395px, (min-width: 712px) 593px, (min-width: 640px) 712px, \" \/><\/a><\/div><\/div><div style=\"padding:5px;\" class=\"fusion-grid-column fusion-gallery-column fusion-gallery-column-4 hover-type-none\"><div class=\"fusion-gallery-image\"><a href=\"https:\/\/www.evomax.fi\/wp-content\/uploads\/2022\/01\/SR-10JC1.jpg\" rel=\"noreferrer\" data-rel=\"iLightbox[gallery_image_1]\" class=\"fusion-lightbox\" target=\"_self\"><img decoding=\"async\" src=\"https:\/\/www.evomax.fi\/wp-content\/uploads\/2022\/01\/SR-10JC1.jpg\" width=\"1200\" height=\"1200\" alt=\"\" title=\"SR-10JC1\" aria-label=\"SR-10JC1\" class=\"img-responsive wp-image-4764\" srcset=\"https:\/\/www.evomax.fi\/wp-content\/uploads\/2022\/01\/SR-10JC1-200x200.jpg 200w, https:\/\/www.evomax.fi\/wp-content\/uploads\/2022\/01\/SR-10JC1-400x400.jpg 400w, https:\/\/www.evomax.fi\/wp-content\/uploads\/2022\/01\/SR-10JC1-600x600.jpg 600w, https:\/\/www.evomax.fi\/wp-content\/uploads\/2022\/01\/SR-10JC1-800x800.jpg 800w, https:\/\/www.evomax.fi\/wp-content\/uploads\/2022\/01\/SR-10JC1.jpg 1200w\" sizes=\"(min-width: 2200px) 100vw, (min-width: 856px) 296px, (min-width: 784px) 395px, (min-width: 712px) 593px, (min-width: 640px) 712px, \" \/><\/a><\/div><\/div><div style=\"padding:5px;\" class=\"fusion-grid-column fusion-gallery-column fusion-gallery-column-4 hover-type-none\"><div class=\"fusion-gallery-image\"><a href=\"https:\/\/www.evomax.fi\/wp-content\/uploads\/2022\/02\/SR_20J2_GR.jpg\" rel=\"noreferrer\" data-rel=\"iLightbox[gallery_image_1]\" class=\"fusion-lightbox\" target=\"_self\"><img decoding=\"async\" src=\"https:\/\/www.evomax.fi\/wp-content\/uploads\/2022\/02\/SR_20J2_GR.jpg\" width=\"940\" height=\"940\" alt=\"\" title=\"SR_20J2_GR\" aria-label=\"SR_20J2_GR\" class=\"img-responsive wp-image-5230\" srcset=\"https:\/\/www.evomax.fi\/wp-content\/uploads\/2022\/02\/SR_20J2_GR-200x200.jpg 200w, https:\/\/www.evomax.fi\/wp-content\/uploads\/2022\/02\/SR_20J2_GR-400x400.jpg 400w, https:\/\/www.evomax.fi\/wp-content\/uploads\/2022\/02\/SR_20J2_GR-600x600.jpg 600w, https:\/\/www.evomax.fi\/wp-content\/uploads\/2022\/02\/SR_20J2_GR-800x800.jpg 800w, https:\/\/www.evomax.fi\/wp-content\/uploads\/2022\/02\/SR_20J2_GR.jpg 940w\" sizes=\"(min-width: 2200px) 100vw, (min-width: 856px) 296px, (min-width: 784px) 395px, (min-width: 712px) 593px, (min-width: 640px) 712px, \" \/><\/a><\/div><\/div><\/div><\/div><div class=\"fusion-separator fusion-full-width-sep\" style=\"align-self: center;margin-left: auto;margin-right: auto;width:100%;\"><div class=\"fusion-separator-border sep-single sep-solid\" style=\"--awb-height:20px;--awb-amount:20px;--awb-sep-color:#ffffff;border-color:#ffffff;border-top-width:20px;\"><\/div><\/div><div class=\"fusion-video fusion-youtube\" style=\"--awb-max-width:600px;--awb-max-height:360px;\"><div class=\"video-shortcode\"><div class=\"fluid-width-video-wrapper\" style=\"padding-top:60%;\" ><iframe title=\"YouTube video player 1\" src=\"https:\/\/www.youtube.com\/embed\/Lpk2RZ-2FSI?wmode=transparent&autoplay=0\" width=\"600\" height=\"360\" allowfullscreen allow=\"autoplay; clipboard-write; encrypted-media; gyroscope; picture-in-picture;\"><\/iframe><\/div><\/div><\/div><\/div><\/div><div class=\"fusion-layout-column fusion_builder_column fusion-builder-column-3 fusion_builder_column_1_1 1_1 fusion-flex-column\" style=\"--awb-bg-size:cover;--awb-width-large:100%;--awb-margin-top-large:0px;--awb-spacing-right-large:1.92%;--awb-margin-bottom-large:20px;--awb-spacing-left-large:1.92%;--awb-width-medium:100%;--awb-spacing-right-medium:1.92%;--awb-spacing-left-medium:1.92%;--awb-width-small:100%;--awb-spacing-right-small:1.92%;--awb-spacing-left-small:1.92%;\"><div class=\"fusion-column-wrapper fusion-column-has-shadow fusion-flex-justify-content-flex-start fusion-content-layout-column\"><div class=\"fusion-text fusion-text-2\" style=\"--awb-text-transform:none;\"><table style=\"border-collapse: collapse; width: 87.9241%; height: 395px;\">\n<tbody>\n<tr style=\"height: 55px;\">\n<td style=\"width: 31.0775%; height: 55px;\">\n<h3>Tekniset tiedot<\/h3>\n<\/td>\n<td style=\"width: 26.9799%; height: 55px;\">\n<h4 id=\"firstHeading\"><strong><span style=\"font-size: 12pt;\">SR-20J II malli A<\/span><\/strong><\/h4>\n<\/td>\n<td style=\"width: 34.4496%; height: 55px;\">\n<h4 id=\"firstHeading\"><strong><span style=\"font-size: 8pt;\"><span style=\"font-size: 12pt;\">SR-20J II malli B<\/span><\/span><\/strong><\/h4>\n<\/td>\n<\/tr>\n<tr style=\"height: 35px;\">\n<td style=\"height: 21px; width: 31.0775%;\">Max. sorvaushalkaisija<\/td>\n<td style=\"width: 26.9799%; height: 21px;\">\n<p id=\"firstHeading\"><span style=\"font-size: 12pt;\">20 mm \/ 23 mm (optio)<\/span><\/p>\n<\/td>\n<td style=\"width: 34.4496%; height: 21px;\">\n<p id=\"firstHeading\"><span style=\"font-size: 12pt;\">20 mm \/ 23 mm (optio)<\/span><\/p>\n<\/td>\n<\/tr>\n<tr style=\"height: 23px;\">\n<td style=\"width: 31.0775%; height: 23px;\">Max. sorvauspituus<\/td>\n<td style=\"width: 26.9799%; height: 23px;\">205 mm \/ 50 mm<\/td>\n<td style=\"width: 34.4496%; height: 23px;\">205 mm \/ 50 mm<\/td>\n<\/tr>\n<tr style=\"height: 23px;\">\n<td style=\"width: 31.0775%; height: 23px;\">Akseleiden m\u00e4\u00e4r\u00e4<\/td>\n<td style=\"width: 26.9799%; height: 23px;\">8<\/td>\n<td style=\"width: 34.4496%; height: 23px;\">8<\/td>\n<\/tr>\n<tr style=\"height: 23px;\">\n<td style=\"width: 31.0775%; height: 23px;\">Karayksikk\u00f6<\/td>\n<td style=\"width: 26.9799%; height: 23px;\">Z1 \/ C1 axis<\/td>\n<td style=\"width: 34.4496%; height: 23px;\">Z1 \/ C1 axis<\/td>\n<\/tr>\n<tr style=\"height: 23px;\">\n<td style=\"width: 31.0775%; height: 23px;\">Ty\u00f6kaluluisti<\/td>\n<td style=\"width: 26.9799%; height: 23px;\">X1 \/ Y1 axis<\/td>\n<td style=\"width: 34.4496%; height: 23px;\">X1 \/ Y1 axis<\/td>\n<\/tr>\n<tr style=\"height: 23px;\">\n<td style=\"width: 31.0775%; height: 23px;\">Karamoottori<\/td>\n<td style=\"width: 26.9799%; height: 23px;\">3.7 kW<\/td>\n<td style=\"width: 34.4496%; height: 23px;\">3.7 kW<\/td>\n<\/tr>\n<tr style=\"height: 23px;\">\n<td style=\"width: 31.0775%; height: 23px;\">Karanopeus<\/td>\n<td style=\"width: 26.9799%; height: 23px;\">10,000 rpm<\/td>\n<td style=\"width: 34.4496%; height: 23px;\">10,000 rpm<\/td>\n<\/tr>\n<tr style=\"height: 23px;\">\n<td class=\"strong\" style=\"height: 23px; width: 58.0574%;\" colspan=\"2\"><strong>Ty\u00f6kalut<\/strong><\/td>\n<td style=\"width: 34.4496%; height: 23px;\"><strong>\u00a0<\/strong><\/td>\n<\/tr>\n<tr style=\"height: 23px;\">\n<td style=\"width: 31.0775%; height: 23px;\">Py\u00f6riv\u00e4t ty\u00f6kalut<\/td>\n<td style=\"width: 26.9799%; height: 23px;\">6 ty\u00f6kalua (<span style=\"font-size: 10pt;\">\u00d8<\/span> 12 mm)<\/td>\n<td style=\"width: 34.4496%; height: 23px;\">6 ty\u00f6kalua ((<span style=\"font-size: 10pt;\">\u00d8<\/span> 12 mm)<\/td>\n<\/tr>\n<tr style=\"height: 47px;\">\n<td style=\"width: 31.0775%; height: 47px;\"><\/td>\n<td style=\"width: 26.9799%; height: 47px;\">5 ty\u00f6kalua (ER16)<\/td>\n<td style=\"width: 34.4496%; height: 47px;\">5 ty\u00f6kalua (ER16)<\/td>\n<\/tr>\n<tr style=\"height: 23px;\">\n<td style=\"width: 31.0775%; height: 23px;\">Py\u00f6rimisnopeus<\/td>\n<td style=\"width: 26.9799%; height: 23px;\">8,000 rpm<\/td>\n<td style=\"width: 34.4496%; height: 23px;\">8,000 rpm<\/td>\n<\/tr>\n<tr>\n<td style=\"width: 31.0775%;\"><strong>Porausty\u00f6kalut p\u00e4\u00e4karalle<\/strong><\/td>\n<td style=\"width: 26.9799%;\"><\/td>\n<td style=\"width: 34.4496%;\"><\/td>\n<\/tr>\n<tr>\n<td style=\"width: 31.0775%;\">Ty\u00f6kalut<\/td>\n<td style=\"width: 26.9799%;\">2<\/td>\n<td style=\"width: 34.4496%;\">2<\/td>\n<\/tr>\n<tr>\n<td style=\"width: 31.0775%;\">Holkki<\/td>\n<td style=\"width: 26.9799%;\"><span style=\"font-size: 12pt;\">\u00d8 22 mm<\/span><\/td>\n<td style=\"width: 34.4496%;\"><span style=\"font-size: 12pt;\">\u00d8 22 mm<\/span><\/td>\n<\/tr>\n<tr>\n<td style=\"width: 31.0775%;\">Poraussyvyys<\/td>\n<td style=\"width: 26.9799%;\"><span style=\"font-size: 12pt;\">115 mm<\/span><\/td>\n<td style=\"width: 34.4496%;\"><span style=\"font-size: 12pt;\">115 mm<\/span><\/td>\n<\/tr>\n<\/tbody>\n<\/table>\n<\/div><div class=\"fusion-text fusion-text-3\" style=\"--awb-text-transform:none;\"><table style=\"border-collapse: collapse; width: 88.0457%; height: 298px;\">\n<tbody>\n<tr style=\"height: 66px;\">\n<td style=\"width: 23.5657%; height: 66px;\">\n<h3>Vastakara<\/h3>\n<\/td>\n<td style=\"width: 21.4267%; height: 66px;\">\n<h4>SR-20J II malli A<\/h4>\n<\/td>\n<td style=\"width: 25.4941%; height: 66px;\">\n<h4>SR-20J II malli B<\/h4>\n<\/td>\n<\/tr>\n<tr style=\"height: 23px;\">\n<td style=\"width: 23.5657%; height: 23px;\">Karat<\/td>\n<td style=\"width: 21.4267%; height: 23px;\">3<\/td>\n<td style=\"width: 25.4941%; height: 23px;\">4<\/td>\n<\/tr>\n<tr style=\"height: 23px;\">\n<td style=\"width: 23.5657%; height: 23px;\">Vastakara<\/td>\n<td style=\"width: 21.4267%; height: 23px;\">X2 \/ Z2 \/ C2 akseli<\/td>\n<td style=\"width: 25.4941%; height: 23px;\">X2 \/ Z2 \/ C2 akseli<\/td>\n<\/tr>\n<tr style=\"height: 23px;\">\n<td style=\"width: 23.5657%; height: 23px;\">Y-akseli<\/td>\n<td style=\"width: 21.4267%; height: 23px;\">&#8211;<\/td>\n<td style=\"width: 25.4941%; height: 23px;\">Y2<\/td>\n<\/tr>\n<tr style=\"height: 23px;\">\n<td style=\"width: 23.5657%; height: 23px;\">Max. kiinnityshalkaisija<\/td>\n<td style=\"width: 21.4267%; height: 23px;\">20 mm \/ 23 mm (optio)<\/td>\n<td style=\"width: 25.4941%; height: 23px;\">20 mm \/ 23 mm (optio)<\/td>\n<\/tr>\n<tr style=\"height: 23px;\">\n<td style=\"width: 23.5657%; height: 23px;\">Karateho<\/td>\n<td style=\"width: 21.4267%; height: 23px;\">3,7 kW<\/td>\n<td style=\"width: 25.4941%; height: 23px;\">3,7 kW<\/td>\n<\/tr>\n<tr style=\"height: 23px;\">\n<td style=\"width: 23.5657%; height: 27px;\">Max. kierrosnopeus<\/td>\n<td style=\"width: 21.4267%; height: 27px;\">10,000 rpm<\/td>\n<td style=\"width: 25.4941%; height: 27px;\">10,000 rpm<\/td>\n<\/tr>\n<tr style=\"height: 23px;\">\n<td style=\"height: 23px; width: 23.5657%;\">\n<h4><strong>Takaty\u00f6st\u00f6n ty\u00f6kalut<\/strong><\/h4>\n<\/td>\n<td style=\"width: 21.4267%; height: 23px;\">\n<h4><strong>\u00a0<\/strong><\/h4>\n<\/td>\n<td style=\"width: 25.4941%; height: 23px;\">\n<h4><strong>\u00a0<\/strong><\/h4>\n<\/td>\n<\/tr>\n<tr style=\"height: 23px;\">\n<td style=\"width: 23.5657%; height: 23px;\">Py\u00f6riv\u00e4t ty\u00f6kalut<\/td>\n<td style=\"width: 21.4267%; height: 23px;\">4 ty\u00f6kalua<\/td>\n<td style=\"width: 25.4941%; height: 23px;\">8 ty\u00f6kalua<\/td>\n<\/tr>\n<tr style=\"height: 23px;\">\n<td style=\"width: 23.5657%; height: 23px;\">Py\u00f6rimisnopeus<\/td>\n<td style=\"width: 21.4267%; height: 23px;\">8,000 rpm<\/td>\n<td style=\"width: 25.4941%; height: 23px;\">8,000 rpm<\/td>\n<\/tr>\n<\/tbody>\n<\/table>\n<\/div><\/div><\/div><\/div><\/div><\/p>","protected":false},"excerpt":{"rendered":"","protected":false},"author":1,"featured_media":0,"parent":7036,"menu_order":1,"comment_status":"closed","ping_status":"closed","template":"","meta":{"footnotes":""},"class_list":["post-4770","page","type-page","status-publish","hentry"],"_links":{"self":[{"href":"https:\/\/www.evomax.fi\/en\/wp-json\/wp\/v2\/pages\/4770","targetHints":{"allow":["GET"]}}],"collection":[{"href":"https:\/\/www.evomax.fi\/en\/wp-json\/wp\/v2\/pages"}],"about":[{"href":"https:\/\/www.evomax.fi\/en\/wp-json\/wp\/v2\/types\/page"}],"author":[{"embeddable":true,"href":"https:\/\/www.evomax.fi\/en\/wp-json\/wp\/v2\/users\/1"}],"replies":[{"embeddable":true,"href":"https:\/\/www.evomax.fi\/en\/wp-json\/wp\/v2\/comments?post=4770"}],"version-history":[{"count":3,"href":"https:\/\/www.evomax.fi\/en\/wp-json\/wp\/v2\/pages\/4770\/revisions"}],"predecessor-version":[{"id":7774,"href":"https:\/\/www.evomax.fi\/en\/wp-json\/wp\/v2\/pages\/4770\/revisions\/7774"}],"up":[{"embeddable":true,"href":"https:\/\/www.evomax.fi\/en\/wp-json\/wp\/v2\/pages\/7036"}],"wp:attachment":[{"href":"https:\/\/www.evomax.fi\/en\/wp-json\/wp\/v2\/media?parent=4770"}],"curies":[{"name":"wp","href":"https:\/\/api.w.org\/{rel}","templated":true}]}}