{"id":4795,"date":"2022-01-11T14:39:43","date_gmt":"2022-01-11T12:39:43","guid":{"rendered":"https:\/\/www.evomax.fi\/?page_id=4795"},"modified":"2023-08-21T11:08:43","modified_gmt":"2023-08-21T11:08:43","slug":"star-sx38","status":"publish","type":"page","link":"https:\/\/www.evomax.fi\/en\/ratkaisut-metalliteollisuudelle\/sorvit\/star-pitkasorvausautomaatit\/star-sx38\/","title":{"rendered":"Star SX-38 A"},"content":{"rendered":"<p><div class=\"fusion-fullwidth fullwidth-box fusion-builder-row-1 fusion-flex-container has-pattern-background has-mask-background nonhundred-percent-fullwidth non-hundred-percent-height-scrolling\" style=\"--awb-border-radius-top-left:0px;--awb-border-radius-top-right:0px;--awb-border-radius-bottom-right:0px;--awb-border-radius-bottom-left:0px;--awb-margin-bottom:20px;--awb-flex-wrap:wrap;\" ><div class=\"fusion-builder-row fusion-row fusion-flex-align-items-flex-start fusion-flex-content-wrap\" style=\"max-width:1248px;margin-left: calc(-4% \/ 2 );margin-right: calc(-4% \/ 2 );\"><div class=\"fusion-layout-column fusion_builder_column fusion-builder-column-0 fusion_builder_column_1_1 1_1 fusion-flex-column\" style=\"--awb-bg-size:cover;--awb-width-large:100%;--awb-margin-top-large:-40px;--awb-spacing-right-large:1.92%;--awb-margin-bottom-large:20px;--awb-spacing-left-large:1.92%;--awb-width-medium:100%;--awb-order-medium:0;--awb-spacing-right-medium:1.92%;--awb-spacing-left-medium:1.92%;--awb-width-small:100%;--awb-order-small:0;--awb-spacing-right-small:1.92%;--awb-spacing-left-small:1.92%;\" data-scroll-devices=\"small-visibility,medium-visibility,large-visibility\"><div class=\"fusion-column-wrapper fusion-column-has-shadow fusion-flex-justify-content-flex-start fusion-content-layout-column\"><nav class=\"fusion-breadcrumbs fusion-breadcrumbs-1 breadcrump\" style=\"--awb-font-size:20px;--awb-text-color:#000000;--awb-breadcrumb-sep:&#039;&gt;&#039;;\" aria-label=\"Breadcrumb\"><ol class=\"awb-breadcrumb-list\"><\/ol><\/nav><div class=\"fusion-title title fusion-title-1 fusion-sep-none fusion-title-text fusion-title-size-two\"><h2 class=\"fusion-title-heading title-heading-left\" style=\"margin:0;\">Star SX-38 A<\/h2><\/div><\/div><\/div><\/div><\/div>\n<div class=\"fusion-fullwidth fullwidth-box fusion-builder-row-2 fusion-flex-container nonhundred-percent-fullwidth non-hundred-percent-height-scrolling\" style=\"--awb-border-radius-top-left:0px;--awb-border-radius-top-right:0px;--awb-border-radius-bottom-right:0px;--awb-border-radius-bottom-left:0px;--awb-flex-wrap:wrap;\" ><div class=\"fusion-builder-row fusion-row fusion-flex-align-items-flex-start fusion-flex-content-wrap\" style=\"max-width:1248px;margin-left: calc(-4% \/ 2 );margin-right: calc(-4% \/ 2 );\"><div class=\"fusion-layout-column fusion_builder_column fusion-builder-column-1 fusion_builder_column_1_2 1_2 fusion-flex-column\" style=\"--awb-bg-size:cover;--awb-width-large:50%;--awb-margin-top-large:0px;--awb-spacing-right-large:3.84%;--awb-margin-bottom-large:20px;--awb-spacing-left-large:3.84%;--awb-width-medium:50%;--awb-spacing-right-medium:3.84%;--awb-spacing-left-medium:3.84%;--awb-width-small:100%;--awb-spacing-right-small:1.92%;--awb-spacing-left-small:1.92%;\"><div class=\"fusion-column-wrapper fusion-column-has-shadow fusion-flex-justify-content-flex-start fusion-content-layout-column\"><div class=\"fusion-text fusion-text-1\" style=\"--awb-text-transform:none;\"><div class=\"p-product-detail__text c-wp-editor\">\n<h2>EDUT<\/h2>\n<p class=\"engaged\">With the new star* SX-38 we have put several proven technologies under the hood. The flexible B-axis sits stable on the tool post and ensures the highest precision. The turret is designed with 10 stations for highly complex components and can be used on front and back side. The flexible back working on the turret or back block is of course possible without restriction of the front side machining.<\/p>\n<ul>\n<li>FANUC 31i-B5 control system<\/li>\n<li>Movable control panel<\/li>\n<li>C axis control as standard on main and sub spindle<\/li>\n<li>Convertible from sliding headstock to fixed headstock lathe<\/li>\n<li>Fully independent backworking<\/li>\n<li>Tool post and turrent for simultaneous machining on the front side<\/li>\n<li>Three independent tool systems<\/li>\n<li>Additional longitudinal axis on the turrent<\/li>\n<li>Drive power turret 4.0 kW<\/li>\n<\/ul>\n<h2>TY\u00d6KALUSTUS<\/h2>\n<ul>\n<li>4 turning tools<\/li>\n<li>4 power-driven tools on the tool post with B-axes drive (3 additional front tools possible)<\/li>\n<li>10 + \u03b1 power-driven tools for turning, drilling, croos drilling und backworking on the turrent<\/li>\n<li>8 power-driven tools for backworking<\/li>\n<li>12 axes<\/li>\n<\/ul>\n<\/div>\n<\/div><div class=\"fusion-separator fusion-full-width-sep\" style=\"align-self: center;margin-left: auto;margin-right: auto;width:100%;\"><div class=\"fusion-separator-border sep-single sep-solid\" style=\"--awb-height:20px;--awb-amount:20px;--awb-sep-color:#ffffff;border-color:#ffffff;border-top-width:20px;\"><\/div><\/div><div ><a class=\"fusion-button button-flat fusion-button-default-size button-default fusion-button-default button-1 fusion-button-default-span fusion-button-default-type\" target=\"_self\" href=\"#\" data-toggle=\"modal\" data-target=\".fusion-modal.kysy-tuotteesta\"><span class=\"fusion-button-text awb-button__text awb-button__text--default\">Kysy tuotteesta<\/span><\/a><\/div><div ><a class=\"fusion-button button-flat fusion-button-default-size button-default fusion-button-default button-2 fusion-button-default-span fusion-button-default-type\" style=\"--button_margin-top:20px;--button_margin-bottom:30px;\" target=\"_blank\" rel=\"noopener noreferrer\" href=\"https:\/\/www.evomax.fi\/wp-content\/uploads\/2022\/01\/SX-38.pdf\"><span class=\"fusion-button-text awb-button__text awb-button__text--default\">Lataa SX-38 -esite<\/span><\/a><\/div><div class=\"fusion-modal modal fade modal-1 kysy-tuotteesta\" tabindex=\"-1\" role=\"dialog\" aria-labelledby=\"modal-heading-1\" aria-hidden=\"true\" style=\"--awb-border-color:var(--awb-color3);--awb-background:var(--awb-color1);\"><div class=\"modal-dialog modal-lg\" role=\"document\"><div class=\"modal-content fusion-modal-content\"><div class=\"modal-header\"><button class=\"close\" type=\"button\" data-dismiss=\"modal\" aria-hidden=\"true\" aria-label=\"Close\">\u00d7<\/button><h3 class=\"modal-title\" id=\"modal-heading-1\" data-dismiss=\"modal\" aria-hidden=\"true\">Kysy tuotteesta<\/h3><\/div><div class=\"modal-body fusion-clearfix\">\n\n<div class=\"wpcf7 no-js\" id=\"wpcf7-f7059-o1\" lang=\"fi\" dir=\"ltr\" data-wpcf7-id=\"7059\">\n<div class=\"screen-reader-response\"><p role=\"status\" aria-live=\"polite\" aria-atomic=\"true\"><\/p> <ul><\/ul><\/div>\n<form action=\"\/en\/wp-json\/wp\/v2\/pages\/4795#wpcf7-f7059-o1\" method=\"post\" class=\"wpcf7-form init\" aria-label=\"Yhteydenottolomake\" novalidate=\"novalidate\" data-status=\"init\" data-trp-original-action=\"\/en\/wp-json\/wp\/v2\/pages\/4795#wpcf7-f7059-o1\">\n<fieldset class=\"hidden-fields-container\"><input type=\"hidden\" name=\"_wpcf7\" value=\"7059\" \/><input type=\"hidden\" name=\"_wpcf7_version\" value=\"6.1.5\" \/><input type=\"hidden\" name=\"_wpcf7_locale\" value=\"fi\" \/><input type=\"hidden\" name=\"_wpcf7_unit_tag\" value=\"wpcf7-f7059-o1\" \/><input type=\"hidden\" name=\"_wpcf7_container_post\" value=\"0\" \/><input type=\"hidden\" name=\"_wpcf7_posted_data_hash\" value=\"\" \/><input type=\"hidden\" name=\"redirect_nonce\" value=\"8bf714faf1\" \/><input type=\"hidden\" name=\"wpcf7cfpdf_hidden_name\" value=\"document-pdf\" \/><input type=\"hidden\" name=\"wpcf7cfpdf_hidden_reference\" value=\"a2add978\" \/><input type=\"hidden\" name=\"wpcf7cfpdf_hidden_date\" value=\"04232026\" \/><input type=\"hidden\" name=\"_wpcf7_recaptcha_response\" value=\"\" \/>\n<\/fieldset>\n<p><label> Name (required)<br \/>\n<span class=\"wpcf7-form-control-wrap\" data-name=\"your-name\"><input size=\"40\" maxlength=\"400\" class=\"wpcf7-form-control wpcf7-text wpcf7-validates-as-required\" autocomplete=\"name\" aria-required=\"true\" aria-invalid=\"false\" value=\"\" type=\"text\" name=\"your-name\" \/><\/span> <\/label>\n<\/p>\n<p><label> Email (required)<br \/>\n<span class=\"wpcf7-form-control-wrap\" data-name=\"your-email\"><input size=\"40\" maxlength=\"400\" class=\"wpcf7-form-control wpcf7-email wpcf7-validates-as-required wpcf7-text wpcf7-validates-as-email\" autocomplete=\"email\" aria-required=\"true\" aria-invalid=\"false\" value=\"\" type=\"email\" name=\"your-email\" \/><\/span> <\/label>\n<\/p>\n<p><label> Subject<br \/>\n<span class=\"wpcf7-form-control-wrap\" data-name=\"your-subject\"><input size=\"40\" maxlength=\"400\" class=\"wpcf7-form-control wpcf7-text wpcf7-validates-as-required\" aria-required=\"true\" aria-invalid=\"false\" value=\"\" type=\"text\" name=\"your-subject\" \/><\/span> <\/label>\n<\/p>\n<p><label> Message<br \/>\n<span class=\"wpcf7-form-control-wrap\" data-name=\"your-message\"><textarea cols=\"40\" rows=\"10\" maxlength=\"2000\" class=\"wpcf7-form-control wpcf7-textarea\" aria-invalid=\"false\" name=\"your-message\"><\/textarea><\/span> <\/label>\n<\/p>\n<input class=\"wpcf7-form-control wpcf7-hidden\" id=\"visitor_id\" value=\"\" type=\"hidden\" name=\"visitor_id\" \/>\n<p><input class=\"wpcf7-form-control wpcf7-submit has-spinner\" type=\"submit\" value=\"Send\" \/>\n<\/p><div class=\"fusion-alert alert custom alert-custom fusion-alert-center wpcf7-response-output awb-alert-native-link-color alert-dismissable awb-alert-close-boxed\" style=\"--awb-border-size:1px;--awb-border-top-left-radius:0px;--awb-border-top-right-radius:0px;--awb-border-bottom-left-radius:0px;--awb-border-bottom-right-radius:0px;\" role=\"alert\"><div class=\"fusion-alert-content-wrapper\"><span class=\"fusion-alert-content\"><\/span><\/div><button type=\"button\" class=\"close toggle-alert\" data-dismiss=\"alert\" aria-label=\"Close\">\u00d7<\/button><\/div>\n<input type=\"hidden\" name=\"trp-form-language\" value=\"en\"\/><\/form>\n<\/div>\n\n<\/div><\/div><\/div><\/div><\/div><\/div><div class=\"fusion-layout-column fusion_builder_column fusion-builder-column-2 fusion_builder_column_1_2 1_2 fusion-flex-column\" style=\"--awb-bg-size:cover;--awb-width-large:50%;--awb-margin-top-large:0px;--awb-spacing-right-large:3.84%;--awb-margin-bottom-large:20px;--awb-spacing-left-large:3.84%;--awb-width-medium:50%;--awb-spacing-right-medium:3.84%;--awb-spacing-left-medium:3.84%;--awb-width-small:100%;--awb-spacing-right-small:1.92%;--awb-spacing-left-small:1.92%;\"><div class=\"fusion-column-wrapper fusion-column-has-shadow fusion-flex-justify-content-flex-start fusion-content-layout-column\"><a class=\"awb-lightbox awb-lightbox-1\" href=\"https:\/\/www.evomax.fi\/wp-content\/uploads\/2022\/01\/sx-38_typeab_01-1024x1024.jpg\" data-rel=\"iLightbox\"><img decoding=\"async\" src=\"https:\/\/www.evomax.fi\/wp-content\/uploads\/2022\/01\/sx-38_typeab_01-1024x1024.jpg\"><\/a><div class=\"fusion-separator fusion-full-width-sep\" style=\"align-self: center;margin-left: auto;margin-right: auto;width:100%;\"><div class=\"fusion-separator-border sep-single sep-solid\" style=\"--awb-height:20px;--awb-amount:20px;--awb-sep-color:#ffffff;border-color:#ffffff;border-top-width:20px;\"><\/div><\/div><div class=\"awb-gallery-wrapper awb-gallery-wrapper-1 button-span-no\"><div style=\"margin:-5px;--awb-bordersize:0px;\" class=\"fusion-gallery fusion-gallery-container fusion-grid-4 fusion-columns-total-3 fusion-gallery-layout-grid fusion-gallery-1\"><div style=\"padding:5px;\" class=\"fusion-grid-column fusion-gallery-column fusion-gallery-column-4 hover-type-none\"><div class=\"fusion-gallery-image\"><a href=\"https:\/\/www.evomax.fi\/wp-content\/uploads\/2022\/01\/SX-381.jpg\" rel=\"noreferrer\" data-rel=\"iLightbox[gallery_image_1]\" class=\"fusion-lightbox\" target=\"_self\"><img decoding=\"async\" src=\"https:\/\/www.evomax.fi\/wp-content\/uploads\/2022\/01\/SX-381.jpg\" width=\"1200\" height=\"1200\" alt=\"\" title=\"SX-381\" aria-label=\"SX-381\" class=\"img-responsive wp-image-4721\" srcset=\"https:\/\/www.evomax.fi\/wp-content\/uploads\/2022\/01\/SX-381-200x200.jpg 200w, https:\/\/www.evomax.fi\/wp-content\/uploads\/2022\/01\/SX-381-400x400.jpg 400w, https:\/\/www.evomax.fi\/wp-content\/uploads\/2022\/01\/SX-381-600x600.jpg 600w, https:\/\/www.evomax.fi\/wp-content\/uploads\/2022\/01\/SX-381-800x800.jpg 800w, https:\/\/www.evomax.fi\/wp-content\/uploads\/2022\/01\/SX-381.jpg 1200w\" sizes=\"(min-width: 2200px) 100vw, (min-width: 856px) 296px, (min-width: 784px) 395px, (min-width: 712px) 593px, (min-width: 640px) 712px, \" \/><\/a><\/div><\/div><div style=\"padding:5px;\" class=\"fusion-grid-column fusion-gallery-column fusion-gallery-column-4 hover-type-none\"><div class=\"fusion-gallery-image\"><a href=\"https:\/\/www.evomax.fi\/wp-content\/uploads\/2022\/01\/SX-382.jpg\" rel=\"noreferrer\" data-rel=\"iLightbox[gallery_image_1]\" class=\"fusion-lightbox\" target=\"_self\"><img decoding=\"async\" src=\"https:\/\/www.evomax.fi\/wp-content\/uploads\/2022\/01\/SX-382.jpg\" width=\"1200\" height=\"1200\" alt=\"\" title=\"SX-382\" aria-label=\"SX-382\" class=\"img-responsive wp-image-4722\" srcset=\"https:\/\/www.evomax.fi\/wp-content\/uploads\/2022\/01\/SX-382-200x200.jpg 200w, https:\/\/www.evomax.fi\/wp-content\/uploads\/2022\/01\/SX-382-400x400.jpg 400w, https:\/\/www.evomax.fi\/wp-content\/uploads\/2022\/01\/SX-382-600x600.jpg 600w, https:\/\/www.evomax.fi\/wp-content\/uploads\/2022\/01\/SX-382-800x800.jpg 800w, https:\/\/www.evomax.fi\/wp-content\/uploads\/2022\/01\/SX-382.jpg 1200w\" sizes=\"(min-width: 2200px) 100vw, (min-width: 856px) 296px, (min-width: 784px) 395px, (min-width: 712px) 593px, (min-width: 640px) 712px, \" \/><\/a><\/div><\/div><div style=\"padding:5px;\" class=\"fusion-grid-column fusion-gallery-column fusion-gallery-column-4 hover-type-none\"><div class=\"fusion-gallery-image\"><a href=\"https:\/\/www.evomax.fi\/wp-content\/uploads\/2022\/01\/SX_38.jpg\" rel=\"noreferrer\" data-rel=\"iLightbox[gallery_image_1]\" class=\"fusion-lightbox\" target=\"_self\"><img decoding=\"async\" src=\"https:\/\/www.evomax.fi\/wp-content\/uploads\/2022\/01\/SX_38.jpg\" width=\"405\" height=\"300\" alt=\"\" title=\"SX_38\" aria-label=\"SX_38\" class=\"img-responsive wp-image-5176\" srcset=\"https:\/\/www.evomax.fi\/wp-content\/uploads\/2022\/01\/SX_38-200x148.jpg 200w, https:\/\/www.evomax.fi\/wp-content\/uploads\/2022\/01\/SX_38-400x296.jpg 400w, https:\/\/www.evomax.fi\/wp-content\/uploads\/2022\/01\/SX_38.jpg 405w\" sizes=\"(min-width: 2200px) 100vw, (min-width: 856px) 296px, (min-width: 784px) 395px, (min-width: 712px) 593px, (min-width: 640px) 712px, \" \/><\/a><\/div><\/div><\/div><\/div><div class=\"fusion-separator fusion-full-width-sep\" style=\"align-self: center;margin-left: auto;margin-right: auto;width:100%;\"><div class=\"fusion-separator-border sep-single sep-solid\" style=\"--awb-height:20px;--awb-amount:20px;--awb-sep-color:#ffffff;border-color:#ffffff;border-top-width:20px;\"><\/div><\/div><div class=\"fusion-video fusion-youtube\" style=\"--awb-max-width:600px;--awb-max-height:360px;\"><div class=\"video-shortcode\"><div class=\"fluid-width-video-wrapper\" style=\"padding-top:60%;\" ><iframe title=\"YouTube video player 1\" src=\"https:\/\/www.youtube.com\/embed\/dNwhEOj6DwU?wmode=transparent&autoplay=0\" width=\"600\" height=\"360\" allowfullscreen allow=\"autoplay; clipboard-write; encrypted-media; gyroscope; picture-in-picture;\"><\/iframe><\/div><\/div><\/div><\/div><\/div><div class=\"fusion-layout-column fusion_builder_column fusion-builder-column-3 fusion_builder_column_1_1 1_1 fusion-flex-column\" style=\"--awb-bg-size:cover;--awb-width-large:100%;--awb-margin-top-large:0px;--awb-spacing-right-large:1.92%;--awb-margin-bottom-large:20px;--awb-spacing-left-large:1.92%;--awb-width-medium:100%;--awb-spacing-right-medium:1.92%;--awb-spacing-left-medium:1.92%;--awb-width-small:100%;--awb-spacing-right-small:1.92%;--awb-spacing-left-small:1.92%;\"><div class=\"fusion-column-wrapper fusion-column-has-shadow fusion-flex-justify-content-flex-start fusion-content-layout-column\"><div class=\"fusion-text fusion-text-2\" style=\"--awb-text-transform:none;\"><table style=\"border-collapse: collapse; width: 98.1441%; height: 441px;\">\n<tbody>\n<tr style=\"height: 65px;\">\n<td style=\"height: 65px;\" colspan=\"2\">\n<h3>Tekniset tiedot<\/h3>\n<\/td>\n<\/tr>\n<tr style=\"height: 35px;\">\n<td style=\"height: 21px;\">Max. sorvaushalkaisija<\/td>\n<td style=\"width: 24.5423%; height: 21px;\">\n<p id=\"firstHeading\"><span style=\"font-size: 8pt;\">\u00d8<\/span> 38<span style=\"font-family: inherit; font-size: inherit;\"> mm \/ 40 mm (optio)<\/span><\/p>\n<\/td>\n<\/tr>\n<tr style=\"height: 23px;\">\n<td style=\"width: 30.262%; height: 23px;\">Max. sorvauspituus<\/td>\n<td style=\"width: 24.5423%; height: 23px;\">320 mm \/ 95 mm<\/td>\n<\/tr>\n<tr style=\"height: 23px;\">\n<td style=\"width: 30.262%; height: 23px;\">Akseleiden m\u00e4\u00e4r\u00e4<\/td>\n<td style=\"width: 24.5423%; height: 23px;\">12<\/td>\n<\/tr>\n<tr style=\"height: 24px;\">\n<td style=\"width: 30.262%; height: 24px;\">Pikaliikkeet<\/td>\n<td style=\"width: 24.5423%; height: 24px;\">30 m\/min<\/td>\n<\/tr>\n<tr style=\"height: 23px;\">\n<td style=\"width: 30.262%; height: 23px;\">Ty\u00f6kaluluisti<\/td>\n<td style=\"width: 24.5423%; height: 23px;\">X1 \/ Y1 \/ B1 axis<\/td>\n<\/tr>\n<tr style=\"height: 23px;\">\n<td style=\"width: 30.262%; height: 23px;\">B-akseli<\/td>\n<td style=\"width: 24.5423%; height: 23px;\">Vapaasti ohjelmoitavissa<\/td>\n<\/tr>\n<tr style=\"height: 23px;\">\n<td style=\"width: 30.262%; height: 23px;\">Karamoottori<\/td>\n<td style=\"width: 24.5423%; height: 23px;\">11 kW<\/td>\n<\/tr>\n<tr style=\"height: 23px;\">\n<td style=\"width: 30.262%; height: 23px;\">Karanopeus<\/td>\n<td style=\"width: 24.5423%; height: 23px;\">7,000 rpm<\/td>\n<\/tr>\n<tr style=\"height: 23px;\">\n<td class=\"strong\" style=\"width: 54.8043%; height: 23px;\" colspan=\"2\"><strong>Ty\u00f6kalut<\/strong><\/td>\n<\/tr>\n<tr style=\"height: 23px;\">\n<td style=\"width: 30.262%; height: 10px;\">Sorvausty\u00f6kalut edess\u00e4<\/td>\n<td style=\"width: 24.5423%; height: 10px;\">3 ty\u00f6kalua (<span style=\"font-size: 10pt;\">\u00d8<\/span> 16 mm)<\/p>\n<p>1 ty\u00f6kalua (<span style=\"font-size: 10pt;\">\u00d8<\/span> 20 mm)<\/td>\n<\/tr>\n<tr style=\"height: 24px;\">\n<td style=\"width: 30.262%; height: 17px;\">Py\u00f6riv\u00e4t ty\u00f6kalut<\/td>\n<td style=\"width: 24.5423%; height: 17px;\">4 ty\u00f6kalua edess\u00e4<\/p>\n<p>4 ty\u00f6kalua takana<\/td>\n<\/tr>\n<tr style=\"height: 23px;\">\n<td style=\"width: 30.262%; height: 23px;\">Py\u00f6rimisnopeus<\/td>\n<td style=\"width: 24.5423%; height: 23px;\">6,000 rpm<\/td>\n<\/tr>\n<tr style=\"height: 24px;\">\n<td style=\"width: 30.262%; height: 24px;\">Py\u00f6rimisteho<\/td>\n<td style=\"width: 24.5423%; height: 24px;\">3 kW<\/td>\n<\/tr>\n<tr style=\"height: 24px;\">\n<td style=\"width: 30.262%; height: 24px;\"><strong>Ty\u00f6kalurevolveri<\/strong><\/td>\n<td style=\"width: 24.5423%; height: 24px;\"><\/td>\n<\/tr>\n<tr style=\"height: 24px;\">\n<td style=\"width: 30.262%; height: 24px;\">Tool slots<\/td>\n<td style=\"width: 24.5423%; height: 24px;\">10 ty\u00f6kalua (py\u00f6riv\u00e4t ty\u00f6kalut)<\/td>\n<\/tr>\n<tr style=\"height: 24px;\">\n<td style=\"width: 30.262%; height: 24px;\">Py\u00f6rimisnopeus<\/td>\n<td style=\"width: 24.5423%; height: 24px;\">5,700 rpm<\/td>\n<\/tr>\n<tr style=\"height: 24px;\">\n<td style=\"width: 30.262%; height: 24px;\">Teho<\/td>\n<td style=\"width: 24.5423%; height: 24px;\">3 kW<\/td>\n<\/tr>\n<\/tbody>\n<\/table>\n<\/div><div class=\"fusion-separator fusion-full-width-sep\" style=\"align-self: center;margin-left: auto;margin-right: auto;width:100%;\"><\/div><div class=\"fusion-text fusion-text-3\" style=\"--awb-text-transform:none;\"><table style=\"border-collapse: collapse; width: 100%; height: 274px;\">\n<tbody>\n<tr style=\"height: 35px;\">\n<td style=\"height: 18px;\" colspan=\"2\">\n<h4>Vastakara<\/h4>\n<\/td>\n<\/tr>\n<tr style=\"height: 23px;\">\n<td style=\"width: 30.262%; height: 23px;\">Akselit<\/td>\n<td style=\"width: 24.5423%; height: 23px;\">4<\/td>\n<\/tr>\n<tr style=\"height: 23px;\">\n<td style=\"width: 30.262%; height: 23px;\">Vastakara<\/td>\n<td style=\"width: 24.5423%; height: 23px;\">X2 \/ Z2 \/ C2 axis<\/td>\n<\/tr>\n<tr style=\"height: 23px;\">\n<td style=\"width: 30.262%; height: 23px;\">Y-akseli<\/td>\n<td style=\"width: 24.5423%; height: 23px;\">Y2<\/td>\n<\/tr>\n<tr style=\"height: 23px;\">\n<td style=\"width: 30.262%; height: 23px;\">Max. kiinnityshalkaisija<\/td>\n<td style=\"width: 24.5423%; height: 23px;\">42 mm<\/td>\n<\/tr>\n<tr style=\"height: 23px;\">\n<td style=\"width: 30.262%; height: 23px;\">Karateho<\/td>\n<td style=\"width: 24.5423%; height: 23px;\">11 kW<\/td>\n<\/tr>\n<tr>\n<td style=\"width: 30.262%;\">Py\u00f6riv\u00e4t ty\u00f6kalut<\/td>\n<td style=\"width: 24.5423%;\">8 ty\u00f6kalua<\/td>\n<\/tr>\n<tr style=\"height: 23px;\">\n<td style=\"width: 30.262%; height: 25px;\">Max. kierrosnopeus<\/td>\n<td style=\"width: 24.5423%; height: 25px;\">5,000 rpm<\/td>\n<\/tr>\n<\/tbody>\n<\/table>\n<\/div><\/div><\/div><\/div><\/div><\/p>","protected":false},"excerpt":{"rendered":"","protected":false},"author":1,"featured_media":0,"parent":7036,"menu_order":1,"comment_status":"closed","ping_status":"closed","template":"","meta":{"footnotes":""},"class_list":["post-4795","page","type-page","status-publish","hentry"],"_links":{"self":[{"href":"https:\/\/www.evomax.fi\/en\/wp-json\/wp\/v2\/pages\/4795","targetHints":{"allow":["GET"]}}],"collection":[{"href":"https:\/\/www.evomax.fi\/en\/wp-json\/wp\/v2\/pages"}],"about":[{"href":"https:\/\/www.evomax.fi\/en\/wp-json\/wp\/v2\/types\/page"}],"author":[{"embeddable":true,"href":"https:\/\/www.evomax.fi\/en\/wp-json\/wp\/v2\/users\/1"}],"replies":[{"embeddable":true,"href":"https:\/\/www.evomax.fi\/en\/wp-json\/wp\/v2\/comments?post=4795"}],"version-history":[{"count":3,"href":"https:\/\/www.evomax.fi\/en\/wp-json\/wp\/v2\/pages\/4795\/revisions"}],"predecessor-version":[{"id":7779,"href":"https:\/\/www.evomax.fi\/en\/wp-json\/wp\/v2\/pages\/4795\/revisions\/7779"}],"up":[{"embeddable":true,"href":"https:\/\/www.evomax.fi\/en\/wp-json\/wp\/v2\/pages\/7036"}],"wp:attachment":[{"href":"https:\/\/www.evomax.fi\/en\/wp-json\/wp\/v2\/media?parent=4795"}],"curies":[{"name":"wp","href":"https:\/\/api.w.org\/{rel}","templated":true}]}}