{"id":5882,"date":"2022-08-03T11:55:21","date_gmt":"2022-08-03T11:55:21","guid":{"rendered":"https:\/\/www.evomax.fi\/?page_id=5882"},"modified":"2023-10-24T09:57:00","modified_gmt":"2023-10-24T09:57:00","slug":"sesto-mobiilirobotit","status":"publish","type":"page","link":"https:\/\/www.evomax.fi\/en\/tuotteet\/sesto-mobiilirobotit\/","title":{"rendered":"SESTO Robotics mobiilirobotit"},"content":{"rendered":"<p><div class=\"fusion-fullwidth fullwidth-box fusion-builder-row-1 fusion-flex-container has-pattern-background has-mask-background nonhundred-percent-fullwidth non-hundred-percent-height-scrolling\" style=\"--awb-border-radius-top-left:0px;--awb-border-radius-top-right:0px;--awb-border-radius-bottom-right:0px;--awb-border-radius-bottom-left:0px;--awb-margin-bottom:20px;--awb-flex-wrap:wrap;\" ><div class=\"fusion-builder-row fusion-row fusion-flex-align-items-flex-start fusion-flex-content-wrap\" style=\"max-width:1248px;margin-left: calc(-4% \/ 2 );margin-right: calc(-4% \/ 2 );\"><div class=\"fusion-layout-column fusion_builder_column fusion-builder-column-0 fusion_builder_column_1_1 1_1 fusion-flex-column\" style=\"--awb-bg-size:cover;--awb-width-large:100%;--awb-margin-top-large:-40px;--awb-spacing-right-large:1.92%;--awb-margin-bottom-large:20px;--awb-spacing-left-large:1.92%;--awb-width-medium:100%;--awb-order-medium:0;--awb-spacing-right-medium:1.92%;--awb-spacing-left-medium:1.92%;--awb-width-small:100%;--awb-order-small:0;--awb-spacing-right-small:1.92%;--awb-spacing-left-small:1.92%;\" data-scroll-devices=\"small-visibility,medium-visibility,large-visibility\"><div class=\"fusion-column-wrapper fusion-column-has-shadow fusion-flex-justify-content-flex-start fusion-content-layout-column\"><nav class=\"fusion-breadcrumbs fusion-breadcrumbs-1 breadcrump\" style=\"--awb-font-size:20px;--awb-text-color:#000000;--awb-breadcrumb-sep:&#039;&gt;&#039;;\" aria-label=\"Breadcrumb\"><ol class=\"awb-breadcrumb-list\"><\/ol><\/nav><div class=\"fusion-title title fusion-title-1 fusion-sep-none fusion-title-text fusion-title-size-two\"><h2 class=\"fusion-title-heading title-heading-left\" style=\"margin:0;\">SESTO Robotics mobiilirobotit<\/h2><\/div><\/div><\/div><\/div><\/div>\n<div class=\"fusion-fullwidth fullwidth-box fusion-builder-row-2 fusion-flex-container nonhundred-percent-fullwidth non-hundred-percent-height-scrolling\" style=\"--awb-border-radius-top-left:0px;--awb-border-radius-top-right:0px;--awb-border-radius-bottom-right:0px;--awb-border-radius-bottom-left:0px;--awb-flex-wrap:wrap;\" ><div class=\"fusion-builder-row fusion-row fusion-flex-align-items-flex-start fusion-flex-content-wrap\" style=\"max-width:1248px;margin-left: calc(-4% \/ 2 );margin-right: calc(-4% \/ 2 );\"><div class=\"fusion-layout-column fusion_builder_column fusion-builder-column-1 fusion_builder_column_1_2 1_2 fusion-flex-column\" style=\"--awb-bg-size:cover;--awb-width-large:50%;--awb-margin-top-large:0px;--awb-spacing-right-large:3.84%;--awb-margin-bottom-large:20px;--awb-spacing-left-large:3.84%;--awb-width-medium:50%;--awb-spacing-right-medium:3.84%;--awb-spacing-left-medium:3.84%;--awb-width-small:100%;--awb-spacing-right-small:1.92%;--awb-spacing-left-small:1.92%;\"><div class=\"fusion-column-wrapper fusion-column-has-shadow fusion-flex-justify-content-flex-start fusion-content-layout-column\"><div class=\"fusion-text fusion-text-1\" style=\"--awb-text-transform:none;\"><h3 dir=\"ltr\" data-placeholder=\"K\u00e4\u00e4nn\u00f6s\">Automatisoi materiaalink\u00e4sittely ja kuljeta osat ja tarvikkeet helposti ja turvallisesti mobiilirobotilla!<br \/>\nSESTO Roboticsin ratkaisun avulla voit optimoida toimitusprosesseja, vahvistaa tulosvarmuutta ja lis\u00e4t\u00e4 tuottavuutta.<\/h3>\n<p dir=\"ltr\" data-placeholder=\"K\u00e4\u00e4nn\u00f6s\">SESTO Robotics tarjoaa sarjan itsen\u00e4isi\u00e4 mobiilirobotteja, jotka automatisoivat ty\u00f6n ja tavaroiden sis\u00e4logistiikan eri teollisuuden aloilla. Kiitos mobiilirobottien, aikaa ja k\u00e4sin teht\u00e4v\u00e4\u00e4 ty\u00f6t\u00e4 kuluu v\u00e4hemm\u00e4n, oli kyse sitten manuaalisista, toistuvista, tilap\u00e4isist\u00e4 tai ajoitetuista toimitusprosesseista. Samalla toimitus- ja tulosvarmuus paranee!<\/p>\n<p id=\"tw-target-text\" class=\"tw-data-text tw-text-large tw-ta\" dir=\"ltr\" data-placeholder=\"K\u00e4\u00e4nn\u00f6s\"><span class=\"Y2IQFc\" lang=\"fi\">SESTO Roboticsin mobiilirobotit ovat talon sis\u00e4isen tuotekehityksen tulosta ja ne toimivat SESTO Roboticsin omalla patentoidulla, \u00e4lykk\u00e4\u00e4ll\u00e4 k\u00e4ytt\u00f6j\u00e4rjestelm\u00e4ll\u00e4.\u00a0<\/span><\/p>\n<\/div><\/div><\/div><div class=\"fusion-layout-column fusion_builder_column fusion-builder-column-2 fusion_builder_column_1_2 1_2 fusion-flex-column\" style=\"--awb-bg-size:cover;--awb-width-large:50%;--awb-margin-top-large:0px;--awb-spacing-right-large:3.84%;--awb-margin-bottom-large:20px;--awb-spacing-left-large:3.84%;--awb-width-medium:50%;--awb-spacing-right-medium:3.84%;--awb-spacing-left-medium:3.84%;--awb-width-small:100%;--awb-spacing-right-small:1.92%;--awb-spacing-left-small:1.92%;\"><div class=\"fusion-column-wrapper fusion-column-has-shadow fusion-flex-justify-content-flex-start fusion-content-layout-column\"><div class=\"fusion-image-element\" style=\"text-align:center;--awb-caption-title-font-family:var(--h2_typography-font-family);--awb-caption-title-font-weight:var(--h2_typography-font-weight);--awb-caption-title-font-style:var(--h2_typography-font-style);--awb-caption-title-size:var(--h2_typography-font-size);--awb-caption-title-transform:var(--h2_typography-text-transform);--awb-caption-title-line-height:var(--h2_typography-line-height);--awb-caption-title-letter-spacing:var(--h2_typography-letter-spacing);\"><span class=\"fusion-imageframe imageframe-none imageframe-1 hover-type-none\"><a class=\"fusion-no-lightbox\" href=\"https:\/\/www.sestorobotics.com\/\" target=\"_self\" aria-label=\"SESTO logo_full colour_no background\"><img decoding=\"async\" width=\"1024\" height=\"350\" src=\"https:\/\/www.evomax.fi\/wp-content\/uploads\/2022\/06\/SESTO-logo_full-colour_no-background-1024x350.png\" alt class=\"img-responsive wp-image-5883\" srcset=\"https:\/\/www.evomax.fi\/wp-content\/uploads\/2022\/06\/SESTO-logo_full-colour_no-background-200x68.png 200w, https:\/\/www.evomax.fi\/wp-content\/uploads\/2022\/06\/SESTO-logo_full-colour_no-background-400x137.png 400w, https:\/\/www.evomax.fi\/wp-content\/uploads\/2022\/06\/SESTO-logo_full-colour_no-background-600x205.png 600w, https:\/\/www.evomax.fi\/wp-content\/uploads\/2022\/06\/SESTO-logo_full-colour_no-background-800x273.png 800w, https:\/\/www.evomax.fi\/wp-content\/uploads\/2022\/06\/SESTO-logo_full-colour_no-background.png 1182w\" sizes=\"(max-width: 640px) 100vw, 600px\" \/><\/a><\/span><\/div><div class=\"fusion-image-element\" style=\"--awb-caption-title-font-family:var(--h2_typography-font-family);--awb-caption-title-font-weight:var(--h2_typography-font-weight);--awb-caption-title-font-style:var(--h2_typography-font-style);--awb-caption-title-size:var(--h2_typography-font-size);--awb-caption-title-transform:var(--h2_typography-text-transform);--awb-caption-title-line-height:var(--h2_typography-line-height);--awb-caption-title-letter-spacing:var(--h2_typography-letter-spacing);\"><span class=\"fusion-imageframe imageframe-none imageframe-2 hover-type-none\"><img decoding=\"async\" width=\"1024\" height=\"576\" title=\"Magnus Side1\" src=\"https:\/\/www.evomax.fi\/wp-content\/uploads\/2022\/06\/Magnus-Side1-1024x576.png\" alt class=\"img-responsive wp-image-5886\" srcset=\"https:\/\/www.evomax.fi\/wp-content\/uploads\/2022\/06\/Magnus-Side1-200x113.png 200w, https:\/\/www.evomax.fi\/wp-content\/uploads\/2022\/06\/Magnus-Side1-400x225.png 400w, https:\/\/www.evomax.fi\/wp-content\/uploads\/2022\/06\/Magnus-Side1-600x338.png 600w, https:\/\/www.evomax.fi\/wp-content\/uploads\/2022\/06\/Magnus-Side1-800x450.png 800w, https:\/\/www.evomax.fi\/wp-content\/uploads\/2022\/06\/Magnus-Side1-1200x675.png 1200w, https:\/\/www.evomax.fi\/wp-content\/uploads\/2022\/06\/Magnus-Side1.png 1920w\" sizes=\"(max-width: 640px) 100vw, 600px\" \/><\/span><\/div><\/div><\/div><div class=\"fusion-layout-column fusion_builder_column fusion-builder-column-3 fusion_builder_column_1_1 1_1 fusion-flex-column\" style=\"--awb-bg-size:cover;--awb-width-large:100%;--awb-margin-top-large:0px;--awb-spacing-right-large:1.92%;--awb-margin-bottom-large:20px;--awb-spacing-left-large:1.92%;--awb-width-medium:100%;--awb-spacing-right-medium:1.92%;--awb-spacing-left-medium:1.92%;--awb-width-small:100%;--awb-spacing-right-small:1.92%;--awb-spacing-left-small:1.92%;\"><div class=\"fusion-column-wrapper fusion-column-has-shadow fusion-flex-justify-content-flex-start fusion-content-layout-column\"><\/div><\/div><\/div><\/div><div class=\"fusion-fullwidth fullwidth-box fusion-builder-row-3 fusion-flex-container nonhundred-percent-fullwidth non-hundred-percent-height-scrolling\" style=\"--awb-border-radius-top-left:0px;--awb-border-radius-top-right:0px;--awb-border-radius-bottom-right:0px;--awb-border-radius-bottom-left:0px;--awb-flex-wrap:wrap;\" ><div class=\"fusion-builder-row fusion-row fusion-flex-align-items-flex-start fusion-flex-content-wrap\" style=\"max-width:calc( 1200px + 0px );margin-left: calc(-0px \/ 2 );margin-right: calc(-0px \/ 2 );\"><div class=\"fusion-layout-column fusion_builder_column fusion-builder-column-4 fusion_builder_column_1_1 1_1 fusion-flex-column\" style=\"--awb-bg-size:cover;--awb-width-large:100%;--awb-margin-top-large:0px;--awb-spacing-right-large:0px;--awb-margin-bottom-large:20px;--awb-spacing-left-large:0px;--awb-width-medium:100%;--awb-spacing-right-medium:0px;--awb-spacing-left-medium:0px;--awb-width-small:100%;--awb-spacing-right-small:0px;--awb-spacing-left-small:0px;\"><div class=\"fusion-column-wrapper fusion-column-has-shadow fusion-flex-justify-content-flex-start fusion-content-layout-column\"><div class=\"fusion-content-boxes content-boxes columns row fusion-columns-3 fusion-columns-total-3 fusion-content-boxes-1 content-boxes-icon-on-top content-left\" style=\"--awb-hover-accent-color:#2f3d50;--awb-circle-hover-accent-color:#2f3d50;\" data-animationoffset=\"top-into-view\"><div style=\"--awb-backgroundcolor:rgba(255,255,255,0);\" class=\"fusion-column content-box-column content-box-column content-box-column-1 col-lg-4 col-md-4 col-sm-4 fusion-content-box-hover content-box-column-first-in-row\"><div class=\"col content-box-wrapper content-wrapper link-area-box link-type-text content-icon-wrapper-yes icon-hover-animation-fade\" data-link=\"mobiilirobotti-magnus\/\" data-link-target=\"_self\" data-animationoffset=\"top-into-view\"><div class=\"heading heading-with-icon icon-left\"><a class=\"heading-link\" href=\"\/en\/mobiilirobotti-magnus\/\" target=\"_self\"><div aria-hidden=\"true\" class=\"image\"><img decoding=\"async\" src=\"https:\/\/www.evomax.fi\/wp-content\/uploads\/2022\/06\/Magnus-Side1-1024x576.png\" width=\"1024\" height=\"576\" alt=\"\" \/><\/div><h2 class=\"content-box-heading\" style=\"--h2_typography-font-size:24px;line-height:29px;\">Mobiilirobotti Magnus <\/h2><\/a><\/div><div class=\"fusion-clearfix\"><\/div><div class=\"content-container\">\n<p id=\"tw-target-text\" class=\"tw-data-text tw-text-large tw-ta\" dir=\"ltr\" data-placeholder=\"K\u00e4\u00e4nn\u00f6s\"><span class=\"Y2IQFc\" lang=\"fi\">Kompakti mobiilirobotti luokkansa suurimmalla hy\u00f6tykuormalla! <\/span><\/p>\n<p class=\"tw-data-text tw-text-large tw-ta\" dir=\"ltr\" data-placeholder=\"K\u00e4\u00e4nn\u00f6s\"><span class=\"Y2IQFc\" lang=\"fi\">Magnus (300 kg) ja Magnus Lite (100 kg) ovat itsen\u00e4isi\u00e4 mobiilirobotteja, jotka ovat eritt\u00e4in \u00e4lykk\u00e4it\u00e4 ja monipuolisia ja niihin voi konfiguroida lukuisia materiaalisovelluksia.\u00a0<\/span><\/p>\n<\/div><\/div><\/div><div style=\"--awb-backgroundcolor:rgba(255,255,255,0);\" class=\"fusion-column content-box-column content-box-column content-box-column-2 col-lg-4 col-md-4 col-sm-4 fusion-content-box-hover\"><div class=\"col content-box-wrapper content-wrapper link-area-box link-type-text content-icon-wrapper-yes icon-hover-animation-fade\" data-link=\"mobiilirobotti-magnus-nostimella\/\" data-link-target=\"_self\" data-animationoffset=\"top-into-view\"><div class=\"heading heading-with-icon icon-left\"><a class=\"heading-link\" href=\"\/en\/mobiilirobotti-magnus-nostimella\/\" target=\"_self\"><div aria-hidden=\"true\" class=\"image\"><img decoding=\"async\" src=\"https:\/\/www.evomax.fi\/wp-content\/uploads\/2022\/08\/Magnus-Lifter-1024x576.png\" width=\"1024\" height=\"576\" alt=\"\" \/><\/div><h2 class=\"content-box-heading\" style=\"--h2_typography-font-size:24px;line-height:29px;\">Mobiilinostinrobotti Magnus Lifter <\/h2><\/a><\/div><div class=\"fusion-clearfix\"><\/div><div class=\"content-container\">\n<p>Magnus Lifter on mobiilinostinrobotti, joka on suunniteltu automatisoimaan vaunujen ja k\u00e4rryjen nouto, siirto ja j\u00e4tt\u00f6 ilman kiinteit\u00e4 telakointiasemia.<\/p>\n<\/div><\/div><\/div><div style=\"--awb-backgroundcolor:rgba(255,255,255,0);\" class=\"fusion-column content-box-column content-box-column content-box-column-3 col-lg-4 col-md-4 col-sm-4 fusion-content-box-hover content-box-column-last content-box-column-last-in-row\"><div class=\"col content-box-wrapper content-wrapper link-area-box link-type-text content-icon-wrapper-yes icon-hover-animation-fade\" data-link=\"mobiilirobotti-magnus-cobot\/\" data-link-target=\"_self\" data-animationoffset=\"top-into-view\"><div class=\"heading heading-with-icon icon-left\"><a class=\"heading-link\" href=\"\/en\/mobiilirobotti-magnus-cobot\/\" target=\"_self\"><div aria-hidden=\"true\" class=\"image\"><img decoding=\"async\" src=\"https:\/\/www.evomax.fi\/wp-content\/uploads\/2022\/08\/Magnus-cobot-1-e1659599322104-300x205.jpg\" width=\"300\" height=\"205\" alt=\"\" \/><\/div><h2 class=\"content-box-heading\" style=\"--h2_typography-font-size:24px;line-height:29px;\">Mobiilirobotti Magnus ja yhteisty\u00f6robotti<\/h2><\/a><\/div><div class=\"fusion-clearfix\"><\/div><div class=\"content-container\">\n<p>Magnus mobiilirobotti, johon on integroitu yhteisty\u00f6robotti suorittamaan kappaleiden ja osien ker\u00e4ily\u00e4 hy\u00f6dynt\u00e4en samalla mobiilirobotin liikkuvuuden.<\/p>\n<\/div><\/div><\/div><div class=\"fusion-clearfix\"><\/div><\/div><div class=\"fusion-image-element fusion-no-small-visibility fusion-no-medium-visibility\" style=\"--awb-caption-title-font-family:var(--h2_typography-font-family);--awb-caption-title-font-weight:var(--h2_typography-font-weight);--awb-caption-title-font-style:var(--h2_typography-font-style);--awb-caption-title-size:var(--h2_typography-font-size);--awb-caption-title-transform:var(--h2_typography-text-transform);--awb-caption-title-line-height:var(--h2_typography-line-height);--awb-caption-title-letter-spacing:var(--h2_typography-letter-spacing);\"><span class=\"fusion-imageframe imageframe-none imageframe-3 hover-type-none\"><img decoding=\"async\" width=\"1024\" height=\"287\" title=\"SESTO_mobile\" src=\"https:\/\/www.evomax.fi\/wp-content\/uploads\/2022\/08\/SESTO_mobile-1024x287.jpg\" alt class=\"img-responsive wp-image-5937\" srcset=\"https:\/\/www.evomax.fi\/wp-content\/uploads\/2022\/08\/SESTO_mobile-200x56.jpg 200w, https:\/\/www.evomax.fi\/wp-content\/uploads\/2022\/08\/SESTO_mobile-400x112.jpg 400w, https:\/\/www.evomax.fi\/wp-content\/uploads\/2022\/08\/SESTO_mobile-600x168.jpg 600w, https:\/\/www.evomax.fi\/wp-content\/uploads\/2022\/08\/SESTO_mobile-800x224.jpg 800w, https:\/\/www.evomax.fi\/wp-content\/uploads\/2022\/08\/SESTO_mobile-1200x337.jpg 1200w, https:\/\/www.evomax.fi\/wp-content\/uploads\/2022\/08\/SESTO_mobile.jpg 1840w\" sizes=\"(max-width: 640px) 100vw, 1024px\" \/><\/span><\/div><\/div><\/div><\/div><\/div><\/p>","protected":false},"excerpt":{"rendered":"","protected":false},"author":1,"featured_media":0,"parent":69,"menu_order":0,"comment_status":"closed","ping_status":"closed","template":"","meta":{"footnotes":""},"class_list":["post-5882","page","type-page","status-publish","hentry"],"_links":{"self":[{"href":"https:\/\/www.evomax.fi\/en\/wp-json\/wp\/v2\/pages\/5882","targetHints":{"allow":["GET"]}}],"collection":[{"href":"https:\/\/www.evomax.fi\/en\/wp-json\/wp\/v2\/pages"}],"about":[{"href":"https:\/\/www.evomax.fi\/en\/wp-json\/wp\/v2\/types\/page"}],"author":[{"embeddable":true,"href":"https:\/\/www.evomax.fi\/en\/wp-json\/wp\/v2\/users\/1"}],"replies":[{"embeddable":true,"href":"https:\/\/www.evomax.fi\/en\/wp-json\/wp\/v2\/comments?post=5882"}],"version-history":[{"count":2,"href":"https:\/\/www.evomax.fi\/en\/wp-json\/wp\/v2\/pages\/5882\/revisions"}],"predecessor-version":[{"id":7502,"href":"https:\/\/www.evomax.fi\/en\/wp-json\/wp\/v2\/pages\/5882\/revisions\/7502"}],"up":[{"embeddable":true,"href":"https:\/\/www.evomax.fi\/en\/wp-json\/wp\/v2\/pages\/69"}],"wp:attachment":[{"href":"https:\/\/www.evomax.fi\/en\/wp-json\/wp\/v2\/media?parent=5882"}],"curies":[{"name":"wp","href":"https:\/\/api.w.org\/{rel}","templated":true}]}}