{"id":7034,"date":"2021-12-27T12:47:32","date_gmt":"2021-12-27T10:47:32","guid":{"rendered":"https:\/\/www.evomax.fi\/?page_id=4674"},"modified":"2023-08-21T11:23:35","modified_gmt":"2023-08-21T11:23:35","slug":"laser-hybridi-tyokalumittalaite-blum-novotest-lc52-digilog","status":"publish","type":"page","link":"https:\/\/www.evomax.fi\/en\/ratkaisut-metalliteollisuudelle\/oheislaitteet\/blum-novotest-mittalaitteet\/blum-novotest-lasercontrol-mittalaitteet-tyokalujen-mittaukseen\/laser-hybridi-tyokalumittalaite-blum-novotest-lc52-digilog\/","title":{"rendered":"Laser -hybridi &#8211; ty\u00f6kalumittalaite Blum Novotest LC52-Digilog"},"content":{"rendered":"<p><div class=\"fusion-fullwidth fullwidth-box fusion-builder-row-1 fusion-flex-container has-pattern-background has-mask-background nonhundred-percent-fullwidth non-hundred-percent-height-scrolling\" style=\"--awb-border-radius-top-left:0px;--awb-border-radius-top-right:0px;--awb-border-radius-bottom-right:0px;--awb-border-radius-bottom-left:0px;--awb-margin-bottom:20px;--awb-flex-wrap:wrap;\" ><div class=\"fusion-builder-row fusion-row fusion-flex-align-items-flex-start fusion-flex-content-wrap\" style=\"max-width:1248px;margin-left: calc(-4% \/ 2 );margin-right: calc(-4% \/ 2 );\"><div class=\"fusion-layout-column fusion_builder_column fusion-builder-column-0 fusion_builder_column_1_1 1_1 fusion-flex-column\" style=\"--awb-bg-size:cover;--awb-width-large:100%;--awb-margin-top-large:-40px;--awb-spacing-right-large:1.92%;--awb-margin-bottom-large:20px;--awb-spacing-left-large:1.92%;--awb-width-medium:100%;--awb-order-medium:0;--awb-spacing-right-medium:1.92%;--awb-spacing-left-medium:1.92%;--awb-width-small:100%;--awb-order-small:0;--awb-spacing-right-small:1.92%;--awb-spacing-left-small:1.92%;\" data-scroll-devices=\"small-visibility,medium-visibility,large-visibility\"><div class=\"fusion-column-wrapper fusion-column-has-shadow fusion-flex-justify-content-flex-start fusion-content-layout-column\"><nav class=\"fusion-breadcrumbs fusion-breadcrumbs-1 breadcrump\" style=\"--awb-font-size:20px;--awb-text-color:#000000;--awb-breadcrumb-sep:&#039;&gt;&#039;;\" aria-label=\"Breadcrumb\"><ol class=\"awb-breadcrumb-list\"><\/ol><\/nav><div class=\"fusion-title title fusion-title-1 fusion-sep-none fusion-title-text fusion-title-size-two\"><h2 class=\"fusion-title-heading title-heading-left\" style=\"margin:0;\">Laser -hybridi &#8211; ty\u00f6kalumittalaite Blum Novotest LC52-Digilog<\/h2><\/div><\/div><\/div><\/div><\/div>\n<div class=\"fusion-fullwidth fullwidth-box fusion-builder-row-2 fusion-flex-container nonhundred-percent-fullwidth non-hundred-percent-height-scrolling\" style=\"--awb-border-radius-top-left:0px;--awb-border-radius-top-right:0px;--awb-border-radius-bottom-right:0px;--awb-border-radius-bottom-left:0px;--awb-flex-wrap:wrap;\" ><div class=\"fusion-builder-row fusion-row fusion-flex-align-items-flex-start fusion-flex-content-wrap\" style=\"max-width:1248px;margin-left: calc(-4% \/ 2 );margin-right: calc(-4% \/ 2 );\"><div class=\"fusion-layout-column fusion_builder_column fusion-builder-column-1 fusion_builder_column_1_2 1_2 fusion-flex-column\" style=\"--awb-bg-size:cover;--awb-width-large:50%;--awb-margin-top-large:0px;--awb-spacing-right-large:3.84%;--awb-margin-bottom-large:20px;--awb-spacing-left-large:3.84%;--awb-width-medium:50%;--awb-spacing-right-medium:3.84%;--awb-spacing-left-medium:3.84%;--awb-width-small:100%;--awb-spacing-right-small:1.92%;--awb-spacing-left-small:1.92%;\"><div class=\"fusion-column-wrapper fusion-column-has-shadow fusion-flex-justify-content-flex-start fusion-content-layout-column\"><div class=\"fusion-text fusion-text-1\" style=\"--awb-text-transform:none;\"><p>Lasermittalaite 3D -kosketusanturilla koko ty\u00f6kalurepertuaarin asettamiseen ja tarkkailuun yhdistetyiss\u00e4 sorvaus\/ty\u00f6st\u00f6koneissa. Ly\u00f6m\u00e4t\u00f6n tarkkuus ja luotettavuus, kiitos DIGILOG -teknologia, premium -laseroptiikan sek\u00e4 yhdistetyn 3D-anturin.<\/p>\n<p><b>LC52-DIGILOG \u2013 Kaikenkattava ratkaisu kaikille ty\u00f6kaluille. Yhdist\u00e4\u00e4 kahden mittausteknologian edut yhdess\u00e4 kompaktissa j\u00e4rjestelm\u00e4ss\u00e4.<\/b><\/p>\n<\/div><div ><a class=\"fusion-button button-flat fusion-button-default-size button-default fusion-button-default button-1 fusion-button-default-span fusion-button-default-type\" target=\"_self\" href=\"#\" data-toggle=\"modal\" data-target=\".fusion-modal.kysy-tuotteesta\"><span class=\"fusion-button-text awb-button__text awb-button__text--default\">Kysy tuotteesta<\/span><\/a><\/div><div class=\"fusion-modal modal fade modal-1 kysy-tuotteesta\" tabindex=\"-1\" role=\"dialog\" aria-labelledby=\"modal-heading-1\" aria-hidden=\"true\" style=\"--awb-border-color:var(--awb-color3);--awb-background:var(--awb-color1);\"><div class=\"modal-dialog modal-lg\" role=\"document\"><div class=\"modal-content fusion-modal-content\"><div class=\"modal-header\"><button class=\"close\" type=\"button\" data-dismiss=\"modal\" aria-hidden=\"true\" aria-label=\"Close\">\u00d7<\/button><h3 class=\"modal-title\" id=\"modal-heading-1\" data-dismiss=\"modal\" aria-hidden=\"true\">Kysy tuotteesta<\/h3><\/div><div class=\"modal-body fusion-clearfix\">\n\n<div class=\"wpcf7 no-js\" id=\"wpcf7-f7059-o1\" lang=\"fi\" dir=\"ltr\" data-wpcf7-id=\"7059\">\n<div class=\"screen-reader-response\"><p role=\"status\" aria-live=\"polite\" aria-atomic=\"true\"><\/p> <ul><\/ul><\/div>\n<form action=\"\/en\/wp-json\/wp\/v2\/pages\/7034#wpcf7-f7059-o1\" method=\"post\" class=\"wpcf7-form init\" aria-label=\"Yhteydenottolomake\" novalidate=\"novalidate\" data-status=\"init\" data-trp-original-action=\"\/en\/wp-json\/wp\/v2\/pages\/7034#wpcf7-f7059-o1\">\n<fieldset class=\"hidden-fields-container\"><input type=\"hidden\" name=\"_wpcf7\" value=\"7059\" \/><input type=\"hidden\" name=\"_wpcf7_version\" value=\"6.1.5\" \/><input type=\"hidden\" name=\"_wpcf7_locale\" value=\"fi\" \/><input type=\"hidden\" name=\"_wpcf7_unit_tag\" value=\"wpcf7-f7059-o1\" \/><input type=\"hidden\" name=\"_wpcf7_container_post\" value=\"0\" \/><input type=\"hidden\" name=\"_wpcf7_posted_data_hash\" value=\"\" \/><input type=\"hidden\" name=\"redirect_nonce\" value=\"869f38581c\" \/><input type=\"hidden\" name=\"wpcf7cfpdf_hidden_name\" value=\"document-pdf\" \/><input type=\"hidden\" name=\"wpcf7cfpdf_hidden_reference\" value=\"6cf2d056\" \/><input type=\"hidden\" name=\"wpcf7cfpdf_hidden_date\" value=\"04232026\" \/><input type=\"hidden\" name=\"_wpcf7_recaptcha_response\" value=\"\" \/>\n<\/fieldset>\n<p><label> Name (required)<br \/>\n<span class=\"wpcf7-form-control-wrap\" data-name=\"your-name\"><input size=\"40\" maxlength=\"400\" class=\"wpcf7-form-control wpcf7-text wpcf7-validates-as-required\" autocomplete=\"name\" aria-required=\"true\" aria-invalid=\"false\" value=\"\" type=\"text\" name=\"your-name\" \/><\/span> <\/label>\n<\/p>\n<p><label> Email (required)<br \/>\n<span class=\"wpcf7-form-control-wrap\" data-name=\"your-email\"><input size=\"40\" maxlength=\"400\" class=\"wpcf7-form-control wpcf7-email wpcf7-validates-as-required wpcf7-text wpcf7-validates-as-email\" autocomplete=\"email\" aria-required=\"true\" aria-invalid=\"false\" value=\"\" type=\"email\" name=\"your-email\" \/><\/span> <\/label>\n<\/p>\n<p><label> Subject<br \/>\n<span class=\"wpcf7-form-control-wrap\" data-name=\"your-subject\"><input size=\"40\" maxlength=\"400\" class=\"wpcf7-form-control wpcf7-text wpcf7-validates-as-required\" aria-required=\"true\" aria-invalid=\"false\" value=\"\" type=\"text\" name=\"your-subject\" \/><\/span> <\/label>\n<\/p>\n<p><label> Message<br \/>\n<span class=\"wpcf7-form-control-wrap\" data-name=\"your-message\"><textarea cols=\"40\" rows=\"10\" maxlength=\"2000\" class=\"wpcf7-form-control wpcf7-textarea\" aria-invalid=\"false\" name=\"your-message\"><\/textarea><\/span> <\/label>\n<\/p>\n<input class=\"wpcf7-form-control wpcf7-hidden\" id=\"visitor_id\" value=\"\" type=\"hidden\" name=\"visitor_id\" \/>\n<p><input class=\"wpcf7-form-control wpcf7-submit has-spinner\" type=\"submit\" value=\"Send\" \/>\n<\/p><div class=\"fusion-alert alert custom alert-custom fusion-alert-center wpcf7-response-output awb-alert-native-link-color alert-dismissable awb-alert-close-boxed\" style=\"--awb-border-size:1px;--awb-border-top-left-radius:0px;--awb-border-top-right-radius:0px;--awb-border-bottom-left-radius:0px;--awb-border-bottom-right-radius:0px;\" role=\"alert\"><div class=\"fusion-alert-content-wrapper\"><span class=\"fusion-alert-content\"><\/span><\/div><button type=\"button\" class=\"close toggle-alert\" data-dismiss=\"alert\" aria-label=\"Close\">\u00d7<\/button><\/div>\n<input type=\"hidden\" name=\"trp-form-language\" value=\"en\"\/><\/form>\n<\/div>\n\n<\/div><\/div><\/div><\/div><div class=\"fusion-separator fusion-full-width-sep\" style=\"align-self: center;margin-left: auto;margin-right: auto;width:100%;\"><div class=\"fusion-separator-border sep-double\" style=\"--awb-height:20px;--awb-amount:20px;--awb-sep-color:#ffffff;border-color:#ffffff;border-top-width:20px;border-bottom-width:20px;\"><\/div><\/div><div class=\"fusion-text fusion-text-2\" style=\"--awb-text-transform:none;\"><h3>Maailman edistyksellisin lasermittausj\u00e4rjestelm\u00e4<\/h3>\n<ul>\n<li>Huippudynaaminen kaikkien ty\u00f6kaluparametrien mittaus<\/li>\n<li>Kosketukseton mittaus kaiken tyyppisille ty\u00f6kaluille, muodoille ja leikkausmateriaaleille<\/li>\n<li>Geometristen muutosten tunnistus, kuten leikkaavan s\u00e4rm\u00e4n kuluminen<\/li>\n<li>Yhten\u00e4inen tarkkuus sis\u00e4\u00e4nrakennetun l\u00e4mp\u00f6tilakompensaation avulla<\/li>\n<li>Luotettava karan sorron ja py\u00f6rint\u00e4virheen kompensaatio<\/li>\n<li>Pyrint\u00e4virheen tarkastelu tunnistaa v\u00e4\u00e4rin kiinnitetyn ty\u00f6kalun ja kiinnityksess\u00e4 olevan rikkalastun<\/li>\n<li>Automaattinen toiminta ei vaadi operaattorin aikaa<\/li>\n<li>Patenteilla suojattu<\/li>\n<\/ul>\n<h3>Uniikki DIGILOG -teknologia<\/h3>\n<ul>\n<li>Jopa 60% v\u00e4hemm\u00e4n mittaus- ja tarkistusaikaa<\/li>\n<li>Tuhansia mittausarvoja kaikista ty\u00f6kalun kulmista sekunnissa<\/li>\n<li>Datavirran korjaus<\/li>\n<li>Mittauksen kohdistaminen ty\u00f6kalun nominaalisen kierrosnopeuden mukaiseksi<\/li>\n<li>Lian ja j\u00e4\u00e4hdytysnesteen automaattinen erottelu<\/li>\n<li>DIGILOG -kalibrointi ja kulumisen tarkastelu<\/li>\n<li>Prosessin luotettavuus j\u00e4\u00e4dytysnestett\u00e4 k\u00e4ytett\u00e4ess\u00e4 uudessa ulottuvuudessa<\/li>\n<\/ul>\n<h3>Premium laseroptiikka &amp; suojausj\u00e4rjestelm\u00e4<\/h3>\n<ul>\n<li>High-end -laseroptiikka mahdollistaa optimaalisen suorituskyvyn kovimmissa olosuhteissa<\/li>\n<li>Toistettavuus nanometrialueella<\/li>\n<li>Maksimaalinen absoluuttinen tarkkuus fokusoidulla lasers\u00e4teell\u00e4<\/li>\n<li>Mikroty\u00f6kalujen ja eritt\u00e4in pienten terien kulmien geometrian mittaus<\/li>\n<li>Maksimaalinen s\u00e4teen yhten\u00e4isyys my\u00f6s j\u00e4\u00e4hdytysnestett\u00e4 k\u00e4ytett\u00e4ess\u00e4<\/li>\n<li>Absoluuttinen tarkkuus parempi kuin kaikilla verrattavilla mittausj\u00e4rjestelmill\u00e4<\/li>\n<li>Optiikan suojaus eritt\u00e4in voimakkaalla ilmavirran muodostamalla suojauksella<\/li>\n<li>Aukon suojaus r\u00e4j\u00e4ht\u00e4v\u00e4ll\u00e4 puhdistuksella<\/li>\n<\/ul>\n<\/div><div class=\"fusion-separator fusion-full-width-sep\" style=\"align-self: center;margin-left: auto;margin-right: auto;width:100%;\"><div class=\"fusion-separator-border sep-double\" style=\"--awb-height:20px;--awb-amount:20px;--awb-sep-color:#ffffff;border-color:#ffffff;border-top-width:20px;border-bottom-width:20px;\"><\/div><\/div><\/div><\/div><div class=\"fusion-layout-column fusion_builder_column fusion-builder-column-2 fusion_builder_column_1_2 1_2 fusion-flex-column\" style=\"--awb-bg-size:cover;--awb-width-large:50%;--awb-margin-top-large:0px;--awb-spacing-right-large:3.84%;--awb-margin-bottom-large:20px;--awb-spacing-left-large:3.84%;--awb-width-medium:50%;--awb-spacing-right-medium:3.84%;--awb-spacing-left-medium:3.84%;--awb-width-small:100%;--awb-spacing-right-small:1.92%;--awb-spacing-left-small:1.92%;\"><div class=\"fusion-column-wrapper fusion-column-has-shadow fusion-flex-justify-content-flex-start fusion-content-layout-column\"><a class=\"awb-lightbox awb-lightbox-1\" href=\"https:\/\/www.evomax.fi\/wp-content\/uploads\/2021\/12\/blum-lasermesssystem-lc52-digilog-1024x682.jpg\" data-rel=\"iLightbox\"><img decoding=\"async\" src=\"https:\/\/www.evomax.fi\/wp-content\/uploads\/2021\/12\/blum-lasermesssystem-lc52-digilog-1024x682.jpg\"><\/a><div class=\"fusion-separator fusion-full-width-sep\" style=\"align-self: center;margin-left: auto;margin-right: auto;width:100%;\"><div class=\"fusion-separator-border sep-double\" style=\"--awb-height:20px;--awb-amount:20px;--awb-sep-color:#ffffff;border-color:#ffffff;border-top-width:20px;border-bottom-width:20px;\"><\/div><\/div><div class=\"fusion-separator fusion-full-width-sep\" style=\"align-self: center;margin-left: auto;margin-right: auto;width:100%;\"><div class=\"fusion-separator-border sep-double\" style=\"--awb-height:20px;--awb-amount:20px;--awb-sep-color:#ffffff;border-color:#ffffff;border-top-width:20px;border-bottom-width:20px;\"><\/div><\/div><div class=\"fusion-video fusion-youtube\" style=\"--awb-max-width:600px;--awb-max-height:360px;\"><div class=\"video-shortcode\"><div class=\"fluid-width-video-wrapper\" style=\"padding-top:60%;\" ><iframe title=\"YouTube video player 1\" src=\"https:\/\/www.youtube.com\/embed\/zlouT2Npd88?wmode=transparent&autoplay=0\" width=\"600\" height=\"360\" allowfullscreen allow=\"autoplay; clipboard-write; encrypted-media; gyroscope; picture-in-picture;\"><\/iframe><\/div><\/div><\/div><div class=\"fusion-separator fusion-full-width-sep\" style=\"align-self: center;margin-left: auto;margin-right: auto;width:100%;\"><div class=\"fusion-separator-border sep-double\" style=\"--awb-height:20px;--awb-amount:20px;--awb-sep-color:#ffffff;border-color:#ffffff;border-top-width:20px;border-bottom-width:20px;\"><\/div><\/div><div class=\"fusion-video fusion-youtube\" style=\"--awb-max-width:600px;--awb-max-height:360px;\"><div class=\"video-shortcode\"><div class=\"fluid-width-video-wrapper\" style=\"padding-top:60%;\" ><iframe title=\"YouTube video player 2\" src=\"https:\/\/www.youtube.com\/embed\/SlxI6UXR3sg?wmode=transparent&autoplay=0\" width=\"600\" height=\"360\" allowfullscreen allow=\"autoplay; clipboard-write; encrypted-media; gyroscope; picture-in-picture;\"><\/iframe><\/div><\/div><\/div><\/div><\/div><div class=\"fusion-layout-column fusion_builder_column fusion-builder-column-3 fusion_builder_column_1_1 1_1 fusion-flex-column\" style=\"--awb-bg-size:cover;--awb-width-large:100%;--awb-margin-top-large:0px;--awb-spacing-right-large:1.92%;--awb-margin-bottom-large:20px;--awb-spacing-left-large:1.92%;--awb-width-medium:100%;--awb-spacing-right-medium:1.92%;--awb-spacing-left-medium:1.92%;--awb-width-small:100%;--awb-spacing-right-small:1.92%;--awb-spacing-left-small:1.92%;\"><div class=\"fusion-column-wrapper fusion-column-has-shadow fusion-flex-justify-content-flex-start fusion-content-layout-column\"><\/div><\/div><\/div><\/div><\/p>","protected":false},"excerpt":{"rendered":"","protected":false},"author":1,"featured_media":0,"parent":5294,"menu_order":1,"comment_status":"closed","ping_status":"closed","template":"","meta":{"footnotes":""},"class_list":["post-7034","page","type-page","status-publish","hentry"],"_links":{"self":[{"href":"https:\/\/www.evomax.fi\/en\/wp-json\/wp\/v2\/pages\/7034","targetHints":{"allow":["GET"]}}],"collection":[{"href":"https:\/\/www.evomax.fi\/en\/wp-json\/wp\/v2\/pages"}],"about":[{"href":"https:\/\/www.evomax.fi\/en\/wp-json\/wp\/v2\/types\/page"}],"author":[{"embeddable":true,"href":"https:\/\/www.evomax.fi\/en\/wp-json\/wp\/v2\/users\/1"}],"replies":[{"embeddable":true,"href":"https:\/\/www.evomax.fi\/en\/wp-json\/wp\/v2\/comments?post=7034"}],"version-history":[{"count":2,"href":"https:\/\/www.evomax.fi\/en\/wp-json\/wp\/v2\/pages\/7034\/revisions"}],"predecessor-version":[{"id":7795,"href":"https:\/\/www.evomax.fi\/en\/wp-json\/wp\/v2\/pages\/7034\/revisions\/7795"}],"up":[{"embeddable":true,"href":"https:\/\/www.evomax.fi\/en\/wp-json\/wp\/v2\/pages\/5294"}],"wp:attachment":[{"href":"https:\/\/www.evomax.fi\/en\/wp-json\/wp\/v2\/media?parent=7034"}],"curies":[{"name":"wp","href":"https:\/\/api.w.org\/{rel}","templated":true}]}}