{"id":7036,"date":"2022-01-11T11:45:38","date_gmt":"2022-01-11T11:45:38","guid":{"rendered":"https:\/\/www.evomax.fi\/?page_id=4681"},"modified":"2023-09-11T10:32:52","modified_gmt":"2023-09-11T10:32:52","slug":"star-pitkasorvausautomaatit","status":"publish","type":"page","link":"https:\/\/www.evomax.fi\/en\/ratkaisut-metalliteollisuudelle\/sorvit\/star-pitkasorvausautomaatit\/","title":{"rendered":"STAR pitk\u00e4sorvausautomaatit"},"content":{"rendered":"<p><div class=\"fusion-fullwidth fullwidth-box fusion-builder-row-1 fusion-flex-container has-pattern-background has-mask-background nonhundred-percent-fullwidth non-hundred-percent-height-scrolling\" style=\"--awb-border-radius-top-left:0px;--awb-border-radius-top-right:0px;--awb-border-radius-bottom-right:0px;--awb-border-radius-bottom-left:0px;--awb-margin-bottom:20px;--awb-flex-wrap:wrap;\" ><div class=\"fusion-builder-row fusion-row fusion-flex-align-items-flex-start fusion-flex-content-wrap\" style=\"max-width:1248px;margin-left: calc(-4% \/ 2 );margin-right: calc(-4% \/ 2 );\"><div class=\"fusion-layout-column fusion_builder_column fusion-builder-column-0 fusion_builder_column_1_1 1_1 fusion-flex-column\" style=\"--awb-bg-size:cover;--awb-width-large:100%;--awb-margin-top-large:-40px;--awb-spacing-right-large:1.92%;--awb-margin-bottom-large:20px;--awb-spacing-left-large:1.92%;--awb-width-medium:100%;--awb-order-medium:0;--awb-spacing-right-medium:1.92%;--awb-spacing-left-medium:1.92%;--awb-width-small:100%;--awb-order-small:0;--awb-spacing-right-small:1.92%;--awb-spacing-left-small:1.92%;\" data-scroll-devices=\"small-visibility,medium-visibility,large-visibility\"><div class=\"fusion-column-wrapper fusion-column-has-shadow fusion-flex-justify-content-flex-start fusion-content-layout-column\"><nav class=\"fusion-breadcrumbs fusion-breadcrumbs-1 breadcrump\" style=\"--awb-font-size:20px;--awb-text-color:#000000;--awb-breadcrumb-sep:&#039;&gt;&#039;;\" aria-label=\"Breadcrumb\"><ol class=\"awb-breadcrumb-list\"><\/ol><\/nav><div class=\"fusion-title title fusion-title-1 fusion-sep-none fusion-title-text fusion-title-size-two\"><h2 class=\"fusion-title-heading title-heading-left\" style=\"margin:0;\">STAR pitk\u00e4sorvausautomaatit<\/h2><\/div><\/div><\/div><\/div><\/div>\n<br \/>\n<div class=\"fusion-fullwidth fullwidth-box fusion-builder-row-2 fusion-flex-container nonhundred-percent-fullwidth non-hundred-percent-height-scrolling\" style=\"--awb-border-radius-top-left:0px;--awb-border-radius-top-right:0px;--awb-border-radius-bottom-right:0px;--awb-border-radius-bottom-left:0px;--awb-flex-wrap:wrap;\" ><div class=\"fusion-builder-row fusion-row fusion-flex-align-items-flex-start fusion-flex-content-wrap\" style=\"max-width:1248px;margin-left: calc(-4% \/ 2 );margin-right: calc(-4% \/ 2 );\"><div class=\"fusion-layout-column fusion_builder_column fusion-builder-column-1 fusion_builder_column_1_2 1_2 fusion-flex-column\" style=\"--awb-bg-size:cover;--awb-width-large:50%;--awb-margin-top-large:0px;--awb-spacing-right-large:3.84%;--awb-margin-bottom-large:20px;--awb-spacing-left-large:3.84%;--awb-width-medium:50%;--awb-spacing-right-medium:3.84%;--awb-spacing-left-medium:3.84%;--awb-width-small:100%;--awb-spacing-right-small:1.92%;--awb-spacing-left-small:1.92%;\"><div class=\"fusion-column-wrapper fusion-column-has-shadow fusion-flex-justify-content-flex-start fusion-content-layout-column\"><div class=\"fusion-text fusion-text-1\" style=\"--awb-text-transform:none;\"><p id=\"tw-target-text\" class=\"tw-data-text tw-text-large tw-ta\" dir=\"ltr\" data-placeholder=\"K\u00e4\u00e4nn\u00f6s\"><span class=\"Y2IQFc\" lang=\"fi\">Japanilainen Star valmistaa pitk\u00e4sorveja ja sorvausautomaatteja <\/span><span lang=\"fi\">pienten ja monimutkaisten tarkkuusosien tuotantoon <\/span><span lang=\"fi\">erityisesti l\u00e4\u00e4ke- ja lentokoneteollisuuteen ja metallinty\u00f6st\u00f6naloille.\u00a0<\/span><\/p>\n<p dir=\"ltr\" data-placeholder=\"K\u00e4\u00e4nn\u00f6s\">Star-pitk\u00e4sorvien edut:<\/p>\n<ul>\n<li dir=\"ltr\" data-placeholder=\"K\u00e4\u00e4nn\u00f6s\">Laadukkaat koneet, joissa pieni huollon tarve<\/li>\n<li dir=\"ltr\" data-placeholder=\"K\u00e4\u00e4nn\u00f6s\">Tukevat rungot ja nopeat liikkeet ja kiihtyvyydet<\/li>\n<li dir=\"ltr\" data-placeholder=\"K\u00e4\u00e4nn\u00f6s\">Ohjauksena Fanuc<\/li>\n<li dir=\"ltr\" data-placeholder=\"K\u00e4\u00e4nn\u00f6s\">B-akseli saatavilla useaan kokoluokkaan<\/li>\n<li dir=\"ltr\" data-placeholder=\"K\u00e4\u00e4nn\u00f6s\">Alhainen virrankulutus<\/li>\n<\/ul>\n<\/div><\/div><\/div><div class=\"fusion-layout-column fusion_builder_column fusion-builder-column-2 fusion_builder_column_1_2 1_2 fusion-flex-column\" style=\"--awb-bg-size:cover;--awb-width-large:50%;--awb-margin-top-large:0px;--awb-spacing-right-large:3.84%;--awb-margin-bottom-large:20px;--awb-spacing-left-large:3.84%;--awb-width-medium:50%;--awb-spacing-right-medium:3.84%;--awb-spacing-left-medium:3.84%;--awb-width-small:100%;--awb-spacing-right-small:1.92%;--awb-spacing-left-small:1.92%;\"><div class=\"fusion-column-wrapper fusion-column-has-shadow fusion-flex-justify-content-flex-start fusion-content-layout-column\"><div class=\"fusion-image-element\" style=\"text-align:center;--awb-caption-title-font-family:var(--h2_typography-font-family);--awb-caption-title-font-weight:var(--h2_typography-font-weight);--awb-caption-title-font-style:var(--h2_typography-font-style);--awb-caption-title-size:var(--h2_typography-font-size);--awb-caption-title-transform:var(--h2_typography-text-transform);--awb-caption-title-line-height:var(--h2_typography-line-height);--awb-caption-title-letter-spacing:var(--h2_typography-letter-spacing);\"><span class=\"fusion-imageframe imageframe-none imageframe-1 hover-type-none\"><a class=\"fusion-no-lightbox\" href=\"https:\/\/www.starmicronics.de\/en\/index.php\" target=\"_self\" aria-label=\"PERIPHERALS\"><img decoding=\"async\" src=\"https:\/\/www.evomax.fi\/wp-content\/uploads\/2022\/01\/Star_logo.png\" alt class=\"img-responsive wp-image-4682\"\/><\/a><\/span><\/div><\/div><\/div><div class=\"fusion-layout-column fusion_builder_column fusion-builder-column-3 fusion_builder_column_1_1 1_1 fusion-flex-column\" style=\"--awb-bg-size:cover;--awb-width-large:100%;--awb-margin-top-large:0px;--awb-spacing-right-large:1.92%;--awb-margin-bottom-large:20px;--awb-spacing-left-large:1.92%;--awb-width-medium:100%;--awb-spacing-right-medium:1.92%;--awb-spacing-left-medium:1.92%;--awb-width-small:100%;--awb-spacing-right-small:1.92%;--awb-spacing-left-small:1.92%;\"><div class=\"fusion-column-wrapper fusion-column-has-shadow fusion-flex-justify-content-flex-start fusion-content-layout-column\"><\/div><\/div><\/div><\/div><div class=\"fusion-fullwidth fullwidth-box fusion-builder-row-3 fusion-flex-container nonhundred-percent-fullwidth non-hundred-percent-height-scrolling\" style=\"--awb-border-radius-top-left:0px;--awb-border-radius-top-right:0px;--awb-border-radius-bottom-right:0px;--awb-border-radius-bottom-left:0px;--awb-flex-wrap:wrap;\" ><div class=\"fusion-builder-row fusion-row fusion-flex-align-items-flex-start fusion-flex-content-wrap\" style=\"max-width:calc( 1200px + 0px );margin-left: calc(-0px \/ 2 );margin-right: calc(-0px \/ 2 );\"><div class=\"fusion-layout-column fusion_builder_column fusion-builder-column-4 fusion_builder_column_1_1 1_1 fusion-flex-column\" style=\"--awb-bg-size:cover;--awb-width-large:100%;--awb-margin-top-large:0px;--awb-spacing-right-large:0px;--awb-margin-bottom-large:20px;--awb-spacing-left-large:0px;--awb-width-medium:100%;--awb-spacing-right-medium:0px;--awb-spacing-left-medium:0px;--awb-width-small:100%;--awb-spacing-right-small:0px;--awb-spacing-left-small:0px;\"><div class=\"fusion-column-wrapper fusion-column-has-shadow fusion-flex-justify-content-flex-start fusion-content-layout-column\"><div class=\"fusion-content-boxes content-boxes columns row fusion-columns-4 fusion-columns-total-14 fusion-content-boxes-1 content-boxes-icon-on-top content-left\" style=\"--awb-hover-accent-color:#2f3d50;--awb-circle-hover-accent-color:#2f3d50;\" data-animationoffset=\"top-into-view\"><div style=\"--awb-backgroundcolor:rgba(255,255,255,0);\" class=\"fusion-column content-box-column content-box-column content-box-column-1 col-lg-3 col-md-3 col-sm-3 fusion-content-box-hover content-box-column-first-in-row\"><div class=\"col content-box-wrapper content-wrapper link-area-box link-type-text content-icon-wrapper-yes icon-hover-animation-fade\" data-link=\"star-sb-12r-type-g\/\" data-link-target=\"_self\" data-animationoffset=\"top-into-view\"><div class=\"heading heading-with-icon icon-left\"><a class=\"heading-link\" href=\"\/en\/star-sb-12r-type-g\/\" target=\"_self\"><div aria-hidden=\"true\" class=\"image\"><img decoding=\"async\" src=\"https:\/\/www.evomax.fi\/wp-content\/uploads\/2022\/01\/sb-12r_typeg_01-1024x1024.jpg\" width=\"1024\" height=\"1024\" alt=\"\" \/><\/div><h2 class=\"content-box-heading\" style=\"--h2_typography-font-size:24px;line-height:29px;\">Star SB-12R type G<\/h2><\/a><\/div><\/div><\/div><div style=\"--awb-backgroundcolor:rgba(255,255,255,0);\" class=\"fusion-column content-box-column content-box-column content-box-column-2 col-lg-3 col-md-3 col-sm-3 fusion-content-box-hover\"><div class=\"col content-box-wrapper content-wrapper link-area-box link-type-text content-icon-wrapper-yes icon-hover-animation-fade\" data-link=\"star-sb-20r-type-g\/\" data-link-target=\"_self\" data-animationoffset=\"top-into-view\"><div class=\"heading heading-with-icon icon-left\"><a class=\"heading-link\" href=\"\/en\/star-sb-20r-type-g\/\" target=\"_self\"><div aria-hidden=\"true\" class=\"image\"><img decoding=\"async\" src=\"https:\/\/www.evomax.fi\/wp-content\/uploads\/2022\/01\/sb-16r20r_typec_01-1-1024x1024.jpg\" width=\"1024\" height=\"1024\" alt=\"\" \/><\/div><h2 class=\"content-box-heading\" style=\"--h2_typography-font-size:24px;line-height:29px;\">Star SB-20R type G<\/h2><\/a><\/div><\/div><\/div><div style=\"--awb-backgroundcolor:rgba(255,255,255,0);\" class=\"fusion-column content-box-column content-box-column content-box-column-3 col-lg-3 col-md-3 col-sm-3 fusion-content-box-hover\"><div class=\"col content-box-wrapper content-wrapper link-area-box link-type-text content-icon-wrapper-yes icon-hover-animation-fade\" data-link=\"star-sr-10j-typec\/\" data-link-target=\"_self\" data-animationoffset=\"top-into-view\"><div class=\"heading heading-with-icon icon-left\"><a class=\"heading-link\" href=\"\/en\/star-sr-10j-typec\/\" target=\"_self\"><div aria-hidden=\"true\" class=\"image\"><img decoding=\"async\" src=\"https:\/\/www.evomax.fi\/wp-content\/uploads\/2022\/01\/sr-10j_typec_01-1024x1024.jpg\" width=\"1024\" height=\"1024\" alt=\"\" \/><\/div><h2 class=\"content-box-heading\" style=\"--h2_typography-font-size:24px;line-height:29px;\">Star SR-10J<\/h2><\/a><\/div><\/div><\/div><div style=\"--awb-backgroundcolor:rgba(255,255,255,0);\" class=\"fusion-column content-box-column content-box-column content-box-column-4 col-lg-3 col-md-3 col-sm-3 fusion-content-box-hover content-box-column-last-in-row\"><div class=\"col content-box-wrapper content-wrapper link-area-box link-type-text content-icon-wrapper-yes icon-hover-animation-fade\" data-link=\"star-sl-10\/\" data-link-target=\"_self\" data-animationoffset=\"top-into-view\"><div class=\"heading heading-with-icon icon-left\"><a class=\"heading-link\" href=\"\/en\/star-sl-10\/\" target=\"_self\"><div aria-hidden=\"true\" class=\"image\"><img decoding=\"async\" src=\"https:\/\/www.evomax.fi\/wp-content\/uploads\/2023\/09\/SL-10_4-1024x1024.jpg\" width=\"1024\" height=\"1024\" alt=\"\" \/><\/div><h2 class=\"content-box-heading\" style=\"--h2_typography-font-size:24px;line-height:29px;\">Star SL-10<\/h2><\/a><\/div><\/div><\/div><div style=\"--awb-backgroundcolor:rgba(255,255,255,0);\" class=\"fusion-column content-box-column content-box-column content-box-column-5 col-lg-3 col-md-3 col-sm-3 fusion-content-box-hover content-box-column-first-in-row\"><div class=\"col content-box-wrapper content-wrapper link-area-box link-type-text content-icon-wrapper-yes icon-hover-animation-fade\" data-link=\"star-sr-20j\/\" data-link-target=\"_self\" data-animationoffset=\"top-into-view\"><div class=\"heading heading-with-icon icon-left\"><a class=\"heading-link\" href=\"\/en\/star-sr-20j\/\" target=\"_self\"><div aria-hidden=\"true\" class=\"image\"><img decoding=\"async\" src=\"https:\/\/www.evomax.fi\/wp-content\/uploads\/2022\/03\/sr-20j_ii_01-300x300.jpg\" width=\"300\" height=\"300\" alt=\"\" \/><\/div><h2 class=\"content-box-heading\" style=\"--h2_typography-font-size:24px;line-height:29px;\">Star SR-20J II A\/B<\/h2><\/a><\/div><\/div><\/div><div style=\"--awb-backgroundcolor:rgba(255,255,255,0);\" class=\"fusion-column content-box-column content-box-column content-box-column-6 col-lg-3 col-md-3 col-sm-3 fusion-content-box-hover\"><div class=\"col content-box-wrapper content-wrapper link-area-box link-type-text content-icon-wrapper-yes icon-hover-animation-fade\" data-link=\"star-sr-20riv\/\" data-link-target=\"_self\" data-animationoffset=\"top-into-view\"><div class=\"heading heading-with-icon icon-left\"><a class=\"heading-link\" href=\"\/en\/star-sr-20riv\/\" target=\"_self\"><div aria-hidden=\"true\" class=\"image\"><img decoding=\"async\" src=\"https:\/\/www.evomax.fi\/wp-content\/uploads\/2022\/01\/sr-20r_iv_01-1024x1024.jpg\" width=\"1024\" height=\"1024\" alt=\"\" \/><\/div><h2 class=\"content-box-heading\" style=\"--h2_typography-font-size:24px;line-height:29px;\">Star SR-20R IV A\/B<\/h2><\/a><\/div><\/div><\/div><div style=\"--awb-backgroundcolor:rgba(255,255,255,0);\" class=\"fusion-column content-box-column content-box-column content-box-column-7 col-lg-3 col-md-3 col-sm-3 fusion-content-box-hover\"><div class=\"col content-box-wrapper content-wrapper link-area-box link-type-text content-icon-wrapper-yes icon-hover-animation-fade\" data-link=\"star-sr-32jii\/\" data-link-target=\"_self\" data-animationoffset=\"top-into-view\"><div class=\"heading heading-with-icon icon-left\"><a class=\"heading-link\" href=\"\/en\/star-sr-32jii\/\" target=\"_self\"><div aria-hidden=\"true\" class=\"image\"><img decoding=\"async\" src=\"https:\/\/www.evomax.fi\/wp-content\/uploads\/2022\/01\/sr-32j_ii_01-1024x1024.jpg\" width=\"1024\" height=\"1024\" alt=\"\" \/><\/div><h2 class=\"content-box-heading\" style=\"--h2_typography-font-size:24px;line-height:29px;\">Star SR-32J III B<\/h2><\/a><\/div><\/div><\/div><div style=\"--awb-backgroundcolor:rgba(255,255,255,0);\" class=\"fusion-column content-box-column content-box-column content-box-column-8 col-lg-3 col-md-3 col-sm-3 fusion-content-box-hover content-box-column-last-in-row\"><div class=\"col content-box-wrapper content-wrapper link-area-box link-type-text content-icon-wrapper-yes icon-hover-animation-fade\" data-link=\"star-sr-38\/\" data-link-target=\"_self\" data-animationoffset=\"top-into-view\"><div class=\"heading heading-with-icon icon-left\"><a class=\"heading-link\" href=\"\/en\/star-sr-38\/\" target=\"_self\"><div aria-hidden=\"true\" class=\"image\"><img decoding=\"async\" src=\"https:\/\/www.evomax.fi\/wp-content\/uploads\/2022\/01\/sr-38_01-1024x1024.jpg\" width=\"1024\" height=\"1024\" alt=\"\" \/><\/div><h2 class=\"content-box-heading\" style=\"--h2_typography-font-size:24px;line-height:29px;\">Star SR-38 B<\/h2><\/a><\/div><\/div><\/div><div style=\"--awb-backgroundcolor:rgba(255,255,255,0);\" class=\"fusion-column content-box-column content-box-column content-box-column-9 col-lg-3 col-md-3 col-sm-3 fusion-content-box-hover content-box-column-first-in-row\"><div class=\"col content-box-wrapper content-wrapper link-area-box link-type-text content-icon-wrapper-yes icon-hover-animation-fade\" data-link=\"star-sv-20r\/\" data-link-target=\"_self\" data-animationoffset=\"top-into-view\"><div class=\"heading heading-with-icon icon-left\"><a class=\"heading-link\" href=\"\/en\/star-sv-20r\/\" target=\"_self\"><div aria-hidden=\"true\" class=\"image\"><img decoding=\"async\" src=\"https:\/\/www.evomax.fi\/wp-content\/uploads\/2022\/01\/sv-20r_01-1024x1024.jpg\" width=\"1024\" height=\"1024\" alt=\"\" \/><\/div><h2 class=\"content-box-heading\" style=\"--h2_typography-font-size:24px;line-height:29px;\">Star SV-20R II<\/h2><\/a><\/div><\/div><\/div><div style=\"--awb-backgroundcolor:rgba(255,255,255,0);\" class=\"fusion-column content-box-column content-box-column content-box-column-10 col-lg-3 col-md-3 col-sm-3 fusion-content-box-hover\"><div class=\"col content-box-wrapper content-wrapper link-area-box link-type-text content-icon-wrapper-yes icon-hover-animation-fade\" data-link=\"star-sx38\/\" data-link-target=\"_self\" data-animationoffset=\"top-into-view\"><div class=\"heading heading-with-icon icon-left\"><a class=\"heading-link\" href=\"\/en\/star-sx38\/\" target=\"_self\"><div aria-hidden=\"true\" class=\"image\"><img decoding=\"async\" src=\"https:\/\/www.evomax.fi\/wp-content\/uploads\/2022\/01\/sx-38_typeab_01-1024x1024.jpg\" width=\"1024\" height=\"1024\" alt=\"\" \/><\/div><h2 class=\"content-box-heading\" style=\"--h2_typography-font-size:24px;line-height:29px;\">Star SX-38 A<\/h2><\/a><\/div><\/div><\/div><div style=\"--awb-backgroundcolor:rgba(255,255,255,0);\" class=\"fusion-column content-box-column content-box-column content-box-column-11 col-lg-3 col-md-3 col-sm-3 fusion-content-box-hover\"><div class=\"col content-box-wrapper content-wrapper link-area-box link-type-text content-icon-wrapper-yes icon-hover-animation-fade\" data-link=\"star-sw-12r\/\" data-link-target=\"_self\" data-animationoffset=\"top-into-view\"><div class=\"heading heading-with-icon icon-left\"><a class=\"heading-link\" href=\"\/en\/star-sw-12r\/\" target=\"_self\"><div aria-hidden=\"true\" class=\"image\"><img decoding=\"async\" src=\"https:\/\/www.evomax.fi\/wp-content\/uploads\/2022\/01\/sw-12r_ii_01-1024x1024.jpg\" width=\"1024\" height=\"1024\" alt=\"\" \/><\/div><h2 class=\"content-box-heading\" style=\"--h2_typography-font-size:24px;line-height:29px;\">Star SW-12R II<\/h2><\/a><\/div><\/div><\/div><div style=\"--awb-backgroundcolor:rgba(255,255,255,0);\" class=\"fusion-column content-box-column content-box-column content-box-column-12 col-lg-3 col-md-3 col-sm-3 fusion-content-box-hover content-box-column-last-in-row\"><div class=\"col content-box-wrapper content-wrapper link-area-box link-type-text content-icon-wrapper-yes icon-hover-animation-fade\" data-link=\"star-sw-20\/\" data-link-target=\"_self\" data-animationoffset=\"top-into-view\"><div class=\"heading heading-with-icon icon-left\"><a class=\"heading-link\" href=\"\/en\/star-sw-20\/\" target=\"_self\"><div aria-hidden=\"true\" class=\"image\"><img decoding=\"async\" src=\"https:\/\/www.evomax.fi\/wp-content\/uploads\/2022\/01\/sw-20_01-1024x1024.jpg\" width=\"1024\" height=\"1024\" alt=\"\" \/><\/div><h2 class=\"content-box-heading\" style=\"--h2_typography-font-size:24px;line-height:29px;\">Star SW-20<\/h2><\/a><\/div><\/div><\/div><div style=\"--awb-backgroundcolor:rgba(255,255,255,0);\" class=\"fusion-column content-box-column content-box-column content-box-column-13 col-lg-3 col-md-3 col-sm-3 fusion-content-box-hover content-box-column-first-in-row\"><div class=\"col content-box-wrapper content-wrapper link-area-box link-type-text content-icon-wrapper-yes icon-hover-animation-fade\" data-link=\"star-st-20\/\" data-link-target=\"_self\" data-animationoffset=\"top-into-view\"><div class=\"heading heading-with-icon icon-left\"><a class=\"heading-link\" href=\"\/en\/star-st-20\/\" target=\"_self\"><div aria-hidden=\"true\" class=\"image\"><img decoding=\"async\" src=\"https:\/\/www.evomax.fi\/wp-content\/uploads\/2022\/01\/st-20_01-1024x1024.jpg\" width=\"1024\" height=\"1024\" alt=\"\" \/><\/div><h2 class=\"content-box-heading\" style=\"--h2_typography-font-size:24px;line-height:29px;\">Star ST-20<\/h2><\/a><\/div><\/div><\/div><div style=\"--awb-backgroundcolor:rgba(255,255,255,0);\" class=\"fusion-column content-box-column content-box-column content-box-column-14 col-lg-3 col-md-3 col-sm-3 fusion-content-box-hover content-box-column-last\"><div class=\"col content-box-wrapper content-wrapper link-area-box link-type-text content-icon-wrapper-yes icon-hover-animation-fade\" data-link=\"star-st-38\/\" data-link-target=\"_self\" data-animationoffset=\"top-into-view\"><div class=\"heading heading-with-icon icon-left\"><a class=\"heading-link\" href=\"\/en\/star-st-38\/\" target=\"_self\"><div aria-hidden=\"true\" class=\"image\"><img decoding=\"async\" src=\"https:\/\/www.evomax.fi\/wp-content\/uploads\/2022\/01\/st-38_01-1024x1024.jpg\" width=\"1024\" height=\"1024\" alt=\"\" \/><\/div><h2 class=\"content-box-heading\" style=\"--h2_typography-font-size:24px;line-height:29px;\">Star ST-38<\/h2><\/a><\/div><\/div><\/div><div class=\"fusion-clearfix\"><\/div><\/div><\/div><\/div><\/div><\/div><\/p>","protected":false},"excerpt":{"rendered":"","protected":false},"author":1,"featured_media":0,"parent":7110,"menu_order":0,"comment_status":"closed","ping_status":"closed","template":"","meta":{"footnotes":""},"class_list":["post-7036","page","type-page","status-publish","hentry"],"_links":{"self":[{"href":"https:\/\/www.evomax.fi\/en\/wp-json\/wp\/v2\/pages\/7036","targetHints":{"allow":["GET"]}}],"collection":[{"href":"https:\/\/www.evomax.fi\/en\/wp-json\/wp\/v2\/pages"}],"about":[{"href":"https:\/\/www.evomax.fi\/en\/wp-json\/wp\/v2\/types\/page"}],"author":[{"embeddable":true,"href":"https:\/\/www.evomax.fi\/en\/wp-json\/wp\/v2\/users\/1"}],"replies":[{"embeddable":true,"href":"https:\/\/www.evomax.fi\/en\/wp-json\/wp\/v2\/comments?post=7036"}],"version-history":[{"count":10,"href":"https:\/\/www.evomax.fi\/en\/wp-json\/wp\/v2\/pages\/7036\/revisions"}],"predecessor-version":[{"id":8065,"href":"https:\/\/www.evomax.fi\/en\/wp-json\/wp\/v2\/pages\/7036\/revisions\/8065"}],"up":[{"embeddable":true,"href":"https:\/\/www.evomax.fi\/en\/wp-json\/wp\/v2\/pages\/7110"}],"wp:attachment":[{"href":"https:\/\/www.evomax.fi\/en\/wp-json\/wp\/v2\/media?parent=7036"}],"curies":[{"name":"wp","href":"https:\/\/api.w.org\/{rel}","templated":true}]}}