{"id":834,"date":"2020-06-11T13:24:58","date_gmt":"2020-06-11T10:24:58","guid":{"rendered":"https:\/\/www.evomax.fi\/?page_id=834"},"modified":"2023-08-21T10:45:00","modified_gmt":"2023-08-21T10:45:00","slug":"spinner-u4-advanced-vmc-with-integrated-rotary-axis-for-swing-table","status":"publish","type":"page","link":"https:\/\/www.evomax.fi\/en\/ratkaisut-metalliteollisuudelle\/tyostokeskukset\/spinner-tyostokeskukset\/milling\/spinner-u4-advanced-vmc-with-integrated-rotary-axis-for-swing-table\/","title":{"rendered":"Spinner U4-ADVANCED"},"content":{"rendered":"<p><div class=\"fusion-fullwidth fullwidth-box fusion-builder-row-1 fusion-flex-container has-pattern-background has-mask-background nonhundred-percent-fullwidth non-hundred-percent-height-scrolling\" style=\"--awb-border-radius-top-left:0px;--awb-border-radius-top-right:0px;--awb-border-radius-bottom-right:0px;--awb-border-radius-bottom-left:0px;--awb-margin-bottom:20px;--awb-flex-wrap:wrap;\" ><div class=\"fusion-builder-row fusion-row fusion-flex-align-items-flex-start fusion-flex-content-wrap\" style=\"max-width:1248px;margin-left: calc(-4% \/ 2 );margin-right: calc(-4% \/ 2 );\"><div class=\"fusion-layout-column fusion_builder_column fusion-builder-column-0 fusion_builder_column_1_1 1_1 fusion-flex-column\" style=\"--awb-bg-size:cover;--awb-width-large:100%;--awb-margin-top-large:-40px;--awb-spacing-right-large:1.92%;--awb-margin-bottom-large:20px;--awb-spacing-left-large:1.92%;--awb-width-medium:100%;--awb-order-medium:0;--awb-spacing-right-medium:1.92%;--awb-spacing-left-medium:1.92%;--awb-width-small:100%;--awb-order-small:0;--awb-spacing-right-small:1.92%;--awb-spacing-left-small:1.92%;\" data-scroll-devices=\"small-visibility,medium-visibility,large-visibility\"><div class=\"fusion-column-wrapper fusion-column-has-shadow fusion-flex-justify-content-flex-start fusion-content-layout-column\"><nav class=\"fusion-breadcrumbs fusion-breadcrumbs-1 breadcrump\" style=\"--awb-font-size:20px;--awb-text-color:#000000;--awb-breadcrumb-sep:&#039;&gt;&#039;;\" aria-label=\"Breadcrumb\"><ol class=\"awb-breadcrumb-list\"><\/ol><\/nav><div class=\"fusion-title title fusion-title-1 fusion-sep-none fusion-title-text fusion-title-size-two\"><h2 class=\"fusion-title-heading title-heading-left\" style=\"margin:0;\">Spinner U4-ADVANCED<\/h2><\/div><\/div><\/div><\/div><\/div>\n<div class=\"fusion-fullwidth fullwidth-box fusion-builder-row-2 fusion-flex-container nonhundred-percent-fullwidth non-hundred-percent-height-scrolling\" style=\"--awb-border-radius-top-left:0px;--awb-border-radius-top-right:0px;--awb-border-radius-bottom-right:0px;--awb-border-radius-bottom-left:0px;--awb-flex-wrap:wrap;\" ><div class=\"fusion-builder-row fusion-row fusion-flex-align-items-flex-start fusion-flex-content-wrap\" style=\"max-width:1248px;margin-left: calc(-4% \/ 2 );margin-right: calc(-4% \/ 2 );\"><div class=\"fusion-layout-column fusion_builder_column fusion-builder-column-1 fusion_builder_column_1_2 1_2 fusion-flex-column\" style=\"--awb-bg-size:cover;--awb-width-large:50%;--awb-margin-top-large:0px;--awb-spacing-right-large:3.84%;--awb-margin-bottom-large:20px;--awb-spacing-left-large:3.84%;--awb-width-medium:50%;--awb-spacing-right-medium:3.84%;--awb-spacing-left-medium:3.84%;--awb-width-small:100%;--awb-spacing-right-small:1.92%;--awb-spacing-left-small:1.92%;\"><div class=\"fusion-column-wrapper fusion-column-has-shadow fusion-flex-justify-content-flex-start fusion-content-layout-column\"><div class=\"fusion-text fusion-text-1\"><p>Spinner U4 pystykarainen liikkuvapylv\u00e4inen ty\u00f6st\u00f6keskus integroidulla py\u00f6r\u00f6p\u00f6yd\u00e4ll\u00e4.<\/p>\n<p>U4 on uniikki koneistuskeskus<\/p>\n<ul>\n<li>Rakenteena liikkuva pylv\u00e4s ja kiinte\u00e4 p\u00f6yt\u00e4 jonka avulla koneeseen voidaan laittaa raskaita ty\u00f6kappaleita.<\/li>\n<li>Kiinte\u00e4n p\u00f6yd\u00e4n lis\u00e4ksi koneessa on integroitu py\u00f6r\u00f6p\u00f6yt\u00e4 jonka molemmilla puolilla on T-urat<\/li>\n<li>X-akselin liike joko 630 tai 1530mm<\/li>\n<li>Isot ty\u00f6kalumakasiinit<\/li>\n<li>Kara jopa 20 000 rpm<\/li>\n<li>Moderni ohjaus ja servoj\u00e4rjestelm\u00e4<\/li>\n<\/ul>\n<p>U4 on hyvin monik\u00e4ytt\u00f6inen. Py\u00f6r\u00f6p\u00f6yt\u00e4\u00e4 voidaan k\u00e4ytt\u00e4\u00e4 2:lla eri asetuksella samaan aikaan ja lis\u00e4ksi p\u00f6yti\u00e4 voidaan k\u00e4ytt\u00e4\u00e4 4-akselina. Lis\u00e4ksi py\u00f6r\u00f6p\u00f6yt\u00e4 voidaan varustaa my\u00f6s tornilla, jolloin siihen saadaan 4:lle sivulle kiinnitetty\u00e4 kappaleita.<\/p>\n<\/div><div ><a class=\"fusion-button button-flat fusion-button-default-size button-default fusion-button-default button-1 fusion-button-default-span fusion-button-default-type\" target=\"_self\" href=\"#\" data-toggle=\"modal\" data-target=\".fusion-modal.kysy-tuotteesta\"><span class=\"fusion-button-text awb-button__text awb-button__text--default\">Kysy tuotteesta<\/span><\/a><\/div><div class=\"fusion-separator fusion-full-width-sep\" style=\"align-self: center;margin-left: auto;margin-right: auto;width:100%;\"><\/div><div ><a class=\"fusion-button button-flat fusion-button-default-size button-default fusion-button-default button-2 fusion-button-default-span fusion-button-default-type\" style=\"--button_margin-top:20px;\" target=\"_blank\" rel=\"noopener noreferrer\" href=\"https:\/\/www.evomax.fi\/wp-content\/uploads\/2020\/06\/U630_Advanced_e.pdf\"><span class=\"fusion-button-text awb-button__text awb-button__text--default\">Lataa U 630 Advanced -esite<\/span><\/a><\/div><div ><a class=\"fusion-button button-flat fusion-button-default-size button-default fusion-button-default button-3 fusion-button-default-span fusion-button-default-type\" style=\"--button_margin-top:20px;--button_margin-bottom:30px;\" target=\"_blank\" rel=\"noopener noreferrer\" href=\"https:\/\/www.evomax.fi\/wp-content\/uploads\/2020\/06\/U1530_Advanced_e.pdf\"><span class=\"fusion-button-text awb-button__text awb-button__text--default\">Lataa U 1530 Advanced -esite<\/span><\/a><\/div><div class=\"fusion-modal modal fade modal-1 kysy-tuotteesta\" tabindex=\"-1\" role=\"dialog\" aria-labelledby=\"modal-heading-1\" aria-hidden=\"true\" style=\"--awb-border-color:var(--awb-color3);--awb-background:var(--awb-color1);\"><div class=\"modal-dialog modal-lg\" role=\"document\"><div class=\"modal-content fusion-modal-content\"><div class=\"modal-header\"><button class=\"close\" type=\"button\" data-dismiss=\"modal\" aria-hidden=\"true\" aria-label=\"Close\">\u00d7<\/button><h3 class=\"modal-title\" id=\"modal-heading-1\" data-dismiss=\"modal\" aria-hidden=\"true\">Kysy tuotteesta<\/h3><\/div><div class=\"modal-body fusion-clearfix\">\n\n<div class=\"wpcf7 no-js\" id=\"wpcf7-f7059-o1\" lang=\"fi\" dir=\"ltr\" data-wpcf7-id=\"7059\">\n<div class=\"screen-reader-response\"><p role=\"status\" aria-live=\"polite\" aria-atomic=\"true\"><\/p> <ul><\/ul><\/div>\n<form action=\"\/en\/wp-json\/wp\/v2\/pages\/834#wpcf7-f7059-o1\" method=\"post\" class=\"wpcf7-form init\" aria-label=\"Yhteydenottolomake\" novalidate=\"novalidate\" data-status=\"init\" data-trp-original-action=\"\/en\/wp-json\/wp\/v2\/pages\/834#wpcf7-f7059-o1\">\n<fieldset class=\"hidden-fields-container\"><input type=\"hidden\" name=\"_wpcf7\" value=\"7059\" \/><input type=\"hidden\" name=\"_wpcf7_version\" value=\"6.1.5\" \/><input type=\"hidden\" name=\"_wpcf7_locale\" value=\"fi\" \/><input type=\"hidden\" name=\"_wpcf7_unit_tag\" value=\"wpcf7-f7059-o1\" \/><input type=\"hidden\" name=\"_wpcf7_container_post\" value=\"0\" \/><input type=\"hidden\" name=\"_wpcf7_posted_data_hash\" value=\"\" \/><input type=\"hidden\" name=\"redirect_nonce\" value=\"35e8b97db1\" \/><input type=\"hidden\" name=\"wpcf7cfpdf_hidden_name\" value=\"document-pdf\" \/><input type=\"hidden\" name=\"wpcf7cfpdf_hidden_reference\" value=\"9533c814\" \/><input type=\"hidden\" name=\"wpcf7cfpdf_hidden_date\" value=\"04192026\" \/><input type=\"hidden\" name=\"_wpcf7_recaptcha_response\" value=\"\" \/>\n<\/fieldset>\n<p><label> Name (required)<br \/>\n<span class=\"wpcf7-form-control-wrap\" data-name=\"your-name\"><input size=\"40\" maxlength=\"400\" class=\"wpcf7-form-control wpcf7-text wpcf7-validates-as-required\" autocomplete=\"name\" aria-required=\"true\" aria-invalid=\"false\" value=\"\" type=\"text\" name=\"your-name\" \/><\/span> <\/label>\n<\/p>\n<p><label> Email (required)<br \/>\n<span class=\"wpcf7-form-control-wrap\" data-name=\"your-email\"><input size=\"40\" maxlength=\"400\" class=\"wpcf7-form-control wpcf7-email wpcf7-validates-as-required wpcf7-text wpcf7-validates-as-email\" autocomplete=\"email\" aria-required=\"true\" aria-invalid=\"false\" value=\"\" type=\"email\" name=\"your-email\" \/><\/span> <\/label>\n<\/p>\n<p><label> Subject<br \/>\n<span class=\"wpcf7-form-control-wrap\" data-name=\"your-subject\"><input size=\"40\" maxlength=\"400\" class=\"wpcf7-form-control wpcf7-text wpcf7-validates-as-required\" aria-required=\"true\" aria-invalid=\"false\" value=\"\" type=\"text\" name=\"your-subject\" \/><\/span> <\/label>\n<\/p>\n<p><label> Message<br \/>\n<span class=\"wpcf7-form-control-wrap\" data-name=\"your-message\"><textarea cols=\"40\" rows=\"10\" maxlength=\"2000\" class=\"wpcf7-form-control wpcf7-textarea\" aria-invalid=\"false\" name=\"your-message\"><\/textarea><\/span> <\/label>\n<\/p>\n<input class=\"wpcf7-form-control wpcf7-hidden\" id=\"visitor_id\" value=\"\" type=\"hidden\" name=\"visitor_id\" \/>\n<p><input class=\"wpcf7-form-control wpcf7-submit has-spinner\" type=\"submit\" value=\"Send\" \/>\n<\/p><div class=\"fusion-alert alert custom alert-custom fusion-alert-center wpcf7-response-output awb-alert-native-link-color alert-dismissable awb-alert-close-boxed\" style=\"--awb-border-size:1px;--awb-border-top-left-radius:0px;--awb-border-top-right-radius:0px;--awb-border-bottom-left-radius:0px;--awb-border-bottom-right-radius:0px;\" role=\"alert\"><div class=\"fusion-alert-content-wrapper\"><span class=\"fusion-alert-content\"><\/span><\/div><button type=\"button\" class=\"close toggle-alert\" data-dismiss=\"alert\" aria-label=\"Close\">\u00d7<\/button><\/div>\n<input type=\"hidden\" name=\"trp-form-language\" value=\"en\"\/><\/form>\n<\/div>\n\n<\/div><\/div><\/div><\/div><div class=\"fusion-slider-sc\"><div class=\"fusion-flexslider-loading flexslider flexslider-hover-type-none\" data-slideshow_autoplay=\"1\" data-slideshow_smooth_height=\"0\" data-slideshow_speed=\"7000\" style=\"max-width:100%;height:100%;\"><ul class=\"slides\"><li class=\"video\"><div class=\"full-video\"><div class=\"fusion-video fusion-youtube\" style=\"--awb-max-width:600px;--awb-max-height:360px;\"><div class=\"video-shortcode\"><div class=\"fluid-width-video-wrapper\" style=\"padding-top:60%;\" ><iframe title=\"YouTube video player 1\" src=\"https:\/\/www.youtube.com\/embed\/Zjf15GBmZW8?wmode=transparent&autoplay=0\" width=\"600\" height=\"360\" allowfullscreen allow=\"autoplay; clipboard-write; encrypted-media; gyroscope; picture-in-picture;\"><\/iframe><\/div><\/div><\/div><\/div><\/li><\/ul><\/div><\/div><\/div><\/div><div class=\"fusion-layout-column fusion_builder_column fusion-builder-column-2 fusion_builder_column_1_2 1_2 fusion-flex-column\" style=\"--awb-bg-size:cover;--awb-width-large:50%;--awb-margin-top-large:0px;--awb-spacing-right-large:3.84%;--awb-margin-bottom-large:20px;--awb-spacing-left-large:3.84%;--awb-width-medium:50%;--awb-spacing-right-medium:3.84%;--awb-spacing-left-medium:3.84%;--awb-width-small:100%;--awb-spacing-right-small:1.92%;--awb-spacing-left-small:1.92%;\"><div class=\"fusion-column-wrapper fusion-column-has-shadow fusion-flex-justify-content-flex-start fusion-content-layout-column\"><a class=\"awb-lightbox awb-lightbox-1\" href=\"https:\/\/www.evomax.fi\/wp-content\/uploads\/2020\/06\/Spinner-U3-1200x800-1.jpg\" data-rel=\"iLightbox\"><img decoding=\"async\" src=\"https:\/\/www.evomax.fi\/wp-content\/uploads\/2020\/06\/Spinner-U3-540x360-1.jpg\"><\/a><div class=\"awb-gallery-wrapper awb-gallery-wrapper-1 button-span-no\"><div style=\"margin:-5px;--awb-bordersize:0px;\" class=\"fusion-gallery fusion-gallery-container fusion-grid-3 fusion-columns-total-11 fusion-gallery-layout-grid fusion-gallery-1\"><div style=\"padding:5px;\" class=\"fusion-grid-column fusion-gallery-column fusion-gallery-column-3\"><div class=\"fusion-gallery-image fusion-gallery-image-liftup\"><a href=\"https:\/\/www.evomax.fi\/wp-content\/uploads\/2020\/06\/Spinner-U3-1200x800-1.jpg\" rel=\"noreferrer\" data-rel=\"iLightbox[gallery_image_1]\" class=\"fusion-lightbox\" target=\"_self\"><img decoding=\"async\" src=\"https:\/\/www.evomax.fi\/wp-content\/uploads\/2020\/06\/Spinner-U3-1200x800-1-460x295.jpg\" width=\"460\" height=\"295\" alt=\"Spinner U3\/U4\" title=\"Spinner U3\/U4\" aria-label=\"Spinner U3\/U4\" class=\"img-responsive wp-image-861 fusion-gallery-image-size-fixed\"  \/><\/a><\/div><\/div><div style=\"padding:5px;\" class=\"fusion-grid-column fusion-gallery-column fusion-gallery-column-3\"><div class=\"fusion-gallery-image fusion-gallery-image-liftup\"><a href=\"https:\/\/www.evomax.fi\/wp-content\/uploads\/2020\/06\/U4_630_galleria1.jpg\" rel=\"noreferrer\" data-rel=\"iLightbox[gallery_image_1]\" class=\"fusion-lightbox\" target=\"_self\"><img decoding=\"async\" src=\"https:\/\/www.evomax.fi\/wp-content\/uploads\/2020\/06\/U4_630_galleria1-460x295.jpg\" width=\"460\" height=\"295\" alt=\"\" title=\"U4_630_galleria1\" aria-label=\"U4_630_galleria1\" class=\"img-responsive wp-image-816 fusion-gallery-image-size-fixed\"  \/><\/a><\/div><\/div><div style=\"padding:5px;\" class=\"fusion-grid-column fusion-gallery-column fusion-gallery-column-3\"><div class=\"fusion-gallery-image fusion-gallery-image-liftup\"><a href=\"https:\/\/www.evomax.fi\/wp-content\/uploads\/2020\/06\/U4_630_galleria2.jpg\" rel=\"noreferrer\" data-rel=\"iLightbox[gallery_image_1]\" class=\"fusion-lightbox\" target=\"_self\"><img decoding=\"async\" src=\"https:\/\/www.evomax.fi\/wp-content\/uploads\/2020\/06\/U4_630_galleria2-460x295.jpg\" width=\"460\" height=\"295\" alt=\"\" title=\"U4_630_galleria2\" aria-label=\"U4_630_galleria2\" class=\"img-responsive wp-image-817 fusion-gallery-image-size-fixed\"  \/><\/a><\/div><\/div><div class=\"clearfix\"><\/div><div style=\"padding:5px;\" class=\"fusion-grid-column fusion-gallery-column fusion-gallery-column-3\"><div class=\"fusion-gallery-image fusion-gallery-image-liftup\"><a href=\"https:\/\/www.evomax.fi\/wp-content\/uploads\/2020\/06\/U4_630_galleria3.jpg\" rel=\"noreferrer\" data-rel=\"iLightbox[gallery_image_1]\" class=\"fusion-lightbox\" target=\"_self\"><img decoding=\"async\" src=\"https:\/\/www.evomax.fi\/wp-content\/uploads\/2020\/06\/U4_630_galleria3-460x295.jpg\" width=\"460\" height=\"295\" alt=\"\" title=\"U4_630_galleria3\" aria-label=\"U4_630_galleria3\" class=\"img-responsive wp-image-818 fusion-gallery-image-size-fixed\"  \/><\/a><\/div><\/div><div style=\"padding:5px;\" class=\"fusion-grid-column fusion-gallery-column fusion-gallery-column-3\"><div class=\"fusion-gallery-image fusion-gallery-image-liftup\"><a href=\"https:\/\/www.evomax.fi\/wp-content\/uploads\/2020\/06\/U4_630_galleria4.jpg\" rel=\"noreferrer\" data-rel=\"iLightbox[gallery_image_1]\" class=\"fusion-lightbox\" target=\"_self\"><img decoding=\"async\" src=\"https:\/\/www.evomax.fi\/wp-content\/uploads\/2020\/06\/U4_630_galleria4-460x295.jpg\" width=\"460\" height=\"295\" alt=\"\" title=\"U4_630_galleria4\" aria-label=\"U4_630_galleria4\" class=\"img-responsive wp-image-819 fusion-gallery-image-size-fixed\"  \/><\/a><\/div><\/div><div style=\"padding:5px;\" class=\"fusion-grid-column fusion-gallery-column fusion-gallery-column-3\"><div class=\"fusion-gallery-image fusion-gallery-image-liftup\"><a href=\"https:\/\/www.evomax.fi\/wp-content\/uploads\/2020\/06\/U4_630_galleria5.jpg\" rel=\"noreferrer\" data-rel=\"iLightbox[gallery_image_1]\" class=\"fusion-lightbox\" target=\"_self\"><img decoding=\"async\" src=\"https:\/\/www.evomax.fi\/wp-content\/uploads\/2020\/06\/U4_630_galleria5-460x295.jpg\" width=\"460\" height=\"295\" alt=\"\" title=\"U4_630_galleria5\" aria-label=\"U4_630_galleria5\" class=\"img-responsive wp-image-820 fusion-gallery-image-size-fixed\"  \/><\/a><\/div><\/div><div class=\"clearfix\"><\/div><div style=\"padding:5px;\" class=\"fusion-grid-column fusion-gallery-column fusion-gallery-column-3\"><div class=\"fusion-gallery-image fusion-gallery-image-liftup\"><a href=\"https:\/\/www.evomax.fi\/wp-content\/uploads\/2020\/06\/U4_630_galleria6.jpg\" rel=\"noreferrer\" data-rel=\"iLightbox[gallery_image_1]\" class=\"fusion-lightbox\" target=\"_self\"><img decoding=\"async\" src=\"https:\/\/www.evomax.fi\/wp-content\/uploads\/2020\/06\/U4_630_galleria6-460x295.jpg\" width=\"460\" height=\"295\" alt=\"\" title=\"U4_630_galleria6\" aria-label=\"U4_630_galleria6\" class=\"img-responsive wp-image-821 fusion-gallery-image-size-fixed\"  \/><\/a><\/div><\/div><div style=\"padding:5px;\" class=\"fusion-grid-column fusion-gallery-column fusion-gallery-column-3\"><div class=\"fusion-gallery-image fusion-gallery-image-liftup\"><a href=\"https:\/\/www.evomax.fi\/wp-content\/uploads\/2020\/06\/U4_630_galleria7.jpg\" rel=\"noreferrer\" data-rel=\"iLightbox[gallery_image_1]\" class=\"fusion-lightbox\" target=\"_self\"><img decoding=\"async\" src=\"https:\/\/www.evomax.fi\/wp-content\/uploads\/2020\/06\/U4_630_galleria7-460x295.jpg\" width=\"460\" height=\"295\" alt=\"\" title=\"U4_630_galleria7\" aria-label=\"U4_630_galleria7\" class=\"img-responsive wp-image-823 fusion-gallery-image-size-fixed\"  \/><\/a><\/div><\/div><div style=\"padding:5px;\" class=\"fusion-grid-column fusion-gallery-column fusion-gallery-column-3\"><div class=\"fusion-gallery-image fusion-gallery-image-liftup\"><a href=\"https:\/\/www.evomax.fi\/wp-content\/uploads\/2020\/06\/U4_630_galleria8.jpg\" rel=\"noreferrer\" data-rel=\"iLightbox[gallery_image_1]\" class=\"fusion-lightbox\" target=\"_self\"><img decoding=\"async\" src=\"https:\/\/www.evomax.fi\/wp-content\/uploads\/2020\/06\/U4_630_galleria8-460x295.jpg\" width=\"460\" height=\"295\" alt=\"\" title=\"U4_630_galleria8\" aria-label=\"U4_630_galleria8\" class=\"img-responsive wp-image-824 fusion-gallery-image-size-fixed\"  \/><\/a><\/div><\/div><div class=\"clearfix\"><\/div><div style=\"padding:5px;\" class=\"fusion-grid-column fusion-gallery-column fusion-gallery-column-3\"><div class=\"fusion-gallery-image fusion-gallery-image-liftup\"><a href=\"https:\/\/www.evomax.fi\/wp-content\/uploads\/2020\/06\/Spinner-VC-1150-Compact-galleria-6.jpg\" rel=\"noreferrer\" data-rel=\"iLightbox[gallery_image_1]\" class=\"fusion-lightbox\" target=\"_self\"><img decoding=\"async\" src=\"https:\/\/www.evomax.fi\/wp-content\/uploads\/2020\/06\/Spinner-VC-1150-Compact-galleria-6-460x295.jpg\" width=\"460\" height=\"295\" alt=\"\" title=\"Spinner VC 1150 Compact galleria 6\" aria-label=\"Spinner VC 1150 Compact galleria 6\" class=\"img-responsive wp-image-700 fusion-gallery-image-size-fixed\"  \/><\/a><\/div><\/div><div style=\"padding:5px;\" class=\"fusion-grid-column fusion-gallery-column fusion-gallery-column-3\"><div class=\"fusion-gallery-image fusion-gallery-image-liftup\"><a href=\"https:\/\/www.evomax.fi\/wp-content\/uploads\/2020\/06\/Spinner-VC-1150-Compact-galleria-7.jpg\" rel=\"noreferrer\" data-rel=\"iLightbox[gallery_image_1]\" class=\"fusion-lightbox\" target=\"_self\"><img decoding=\"async\" src=\"https:\/\/www.evomax.fi\/wp-content\/uploads\/2020\/06\/Spinner-VC-1150-Compact-galleria-7-460x295.jpg\" width=\"460\" height=\"295\" alt=\"\" title=\"Spinner VC 1150 Compact galleria 7\" aria-label=\"Spinner VC 1150 Compact galleria 7\" class=\"img-responsive wp-image-701 fusion-gallery-image-size-fixed\"  \/><\/a><\/div><\/div><\/div><\/div><\/div><\/div><div class=\"fusion-layout-column fusion_builder_column fusion-builder-column-3 fusion_builder_column_1_1 1_1 fusion-flex-column\" style=\"--awb-bg-size:cover;--awb-width-large:100%;--awb-margin-top-large:0px;--awb-spacing-right-large:1.92%;--awb-margin-bottom-large:20px;--awb-spacing-left-large:1.92%;--awb-width-medium:100%;--awb-spacing-right-medium:1.92%;--awb-spacing-left-medium:1.92%;--awb-width-small:100%;--awb-spacing-right-small:1.92%;--awb-spacing-left-small:1.92%;\"><div class=\"fusion-column-wrapper fusion-column-has-shadow fusion-flex-justify-content-flex-start fusion-content-layout-column\"><div class=\"fusion-text fusion-text-2\"><table style=\"width: 98.5205%; border-collapse: collapse; height: 814px;\">\n<tbody>\n<tr style=\"height: 24px;\">\n<td style=\"width: 100%; height: 24px;\" colspan=\"2\"><strong>Ty\u00f6kappaleen koko<\/strong><\/td>\n<\/tr>\n<tr style=\"height: 24px;\">\n<td style=\"width: 50%; height: 24px;\">Mitat<\/td>\n<td style=\"width: 50%; height: 24px;\">600x500x350 mm<\/td>\n<\/tr>\n<tr style=\"height: 24px;\">\n<td style=\"width: 50%; height: 24px;\">Maksimi ty\u00f6kappaleen paino<\/td>\n<td style=\"width: 50%; height: 24px;\">750 \/ 300 kg<\/td>\n<\/tr>\n<tr style=\"height: 21px;\">\n<td style=\"width: 100%; background-color: #ffffff; height: 21px;\" colspan=\"2\"><strong>Akseliliikkeet<\/strong><\/td>\n<\/tr>\n<tr style=\"height: 24px;\">\n<td style=\"width: 50%; height: 24px;\">X-akseli, U4-630<\/td>\n<td style=\"width: 50%; height: 24px;\">630 mm<\/td>\n<\/tr>\n<tr style=\"height: 38px;\">\n<td style=\"width: 50%; height: 38px;\">X-akseli, U4-1530<\/td>\n<td style=\"width: 50%; height: 38px;\">1530 mm<\/td>\n<\/tr>\n<tr style=\"height: 24px;\">\n<td style=\"width: 50%; height: 24px;\">Y-akseli<\/td>\n<td style=\"width: 50%; height: 24px;\">530 mm<\/td>\n<\/tr>\n<tr style=\"height: 24px;\">\n<td style=\"width: 50%; height: 24px;\">Z-akseli<\/td>\n<td style=\"width: 50%; height: 24px;\">465 mm<\/td>\n<\/tr>\n<tr style=\"height: 21px;\">\n<td style=\"width: 100%; height: 21px; background-color: #ffffff;\" colspan=\"2\"><strong>Akselit<\/strong><\/td>\n<\/tr>\n<tr style=\"height: 24px;\">\n<td style=\"width: 50%; height: 24px;\">Johderakenne<\/td>\n<td style=\"width: 50%; height: 24px;\">Lineaarijohteet<\/td>\n<\/tr>\n<tr style=\"height: 21px;\">\n<td style=\"width: 50%; height: 21px;\">Pikaliikenopeus<\/td>\n<td style=\"width: 50%; height: 21px;\">48 m\/min<\/td>\n<\/tr>\n<tr style=\"height: 21px;\">\n<td style=\"width: 100%; height: 21px; background-color: #ffffff;\" colspan=\"2\"><strong>P\u00f6yt\u00e4<\/strong><\/td>\n<\/tr>\n<tr style=\"height: 23px;\">\n<td style=\"width: 50%; height: 23px;\">P\u00f6yd\u00e4n koko, 4 -akseli<\/td>\n<td style=\"width: 50%; height: 23px;\">D = 560 mm<\/td>\n<\/tr>\n<tr style=\"height: 23px;\">\n<td style=\"width: 50%; height: 23px;\">P\u00f6yd\u00e4n koko, py\u00f6r\u00f6p\u00f6yt\u00e4<\/td>\n<td style=\"width: 50%; height: 23px;\">2x 610&#215;410 mm<\/td>\n<\/tr>\n<tr style=\"height: 23px;\">\n<td style=\"width: 50%; height: 23px;\">P\u00f6yd\u00e4n koko kiinte\u00e4 p\u00f6yt\u00e4<\/td>\n<td style=\"width: 50%; height: 23px;\">910 x 540 mm<\/td>\n<\/tr>\n<tr style=\"height: 24px;\">\n<td style=\"width: 100%; height: 24px; background-color: #ffffff;\" colspan=\"2\"><strong>Kara<\/strong><\/td>\n<\/tr>\n<tr style=\"height: 24px;\">\n<td style=\"width: 50%; height: 24px;\">Kara\u00a0\u00a0Type 1 &#8211; Standard<\/td>\n<td style=\"width: 50%; height: 24px;\">12.000 1\/min \/ Mmax=120 Nm \/ Pmax=22KW \/ SK40-BT40<\/td>\n<\/tr>\n<tr style=\"height: 24px;\">\n<td style=\"width: 50%; height: 24px;\">Kara\u00a0\u00a0Type 2 &#8211; S Speed<\/td>\n<td style=\"width: 50%; height: 24px;\">15.000 1\/min \/ Mmax=100Nm \/ Pmax=21KW \/ SK40-BT40<\/td>\n<\/tr>\n<tr style=\"height: 44px;\">\n<td style=\"width: 50%; height: 44px;\">Kara\u00a0\u00a0Type 3 &#8211; HS HighSpeed<\/td>\n<td style=\"width: 50%; height: 44px;\">20.000 1\/min \/ Mmax=100Nm \/ Pmax=28KW \/ HSK63 \/ BUILT-IN MOTORSPINDLE<\/td>\n<\/tr>\n<tr style=\"height: 21px;\">\n<td style=\"width: 100%; height: 21px; background-color: #ffffff;\" colspan=\"2\"><strong>Ty\u00f6kalumakasiini<\/strong><\/td>\n<\/tr>\n<tr>\n<td style=\"width: 50%;\">Ty\u00f6kalupaikkojen lukum\u00e4\u00e4r\u00e4<\/td>\n<td style=\"width: 50%; height: 21px;\">32, 54, 122, 227<\/td>\n<\/tr>\n<tr style=\"height: 21px;\">\n<td style=\"width: 100%; height: 21px; background-color: #ffffff;\" colspan=\"2\"><strong>CNC-Ohjaus<\/strong><\/td>\n<\/tr>\n<tr style=\"height: 21px;\">\n<td style=\"width: 50%; height: 21px;\">Versio\u00a01<\/td>\n<td style=\"width: 50%; height: 21px;\">Siemens 840D Solution Line<\/td>\n<\/tr>\n<tr style=\"height: 21px;\">\n<td style=\"width: 50%; height: 21px;\">Versio\u00a02<\/td>\n<td style=\"width: 50%; height: 21px;\">Heidenhain TNC640<\/td>\n<\/tr>\n<tr style=\"height: 24px;\">\n<td style=\"width: 100%; height: 24px; background-color: #ffffff;\" colspan=\"2\"><strong>Varusteet<\/strong><\/td>\n<\/tr>\n<tr style=\"height: 24px;\">\n<td style=\"width: 50%; height: 24px;\">Karanl\u00e4pij\u00e4\u00e4hdytys<\/td>\n<td style=\"width: 50%; height: 24px;\">70 bar<\/td>\n<\/tr>\n<tr style=\"height: 24px;\">\n<td style=\"width: 50%; height: 24px;\">4- akseli<\/td>\n<td style=\"width: 50%; height: 24px;\">\n<div class=\"detail-table-row\">\n<div class=\"detail-table-cell value\">Vakiona<\/div>\n<\/div>\n<\/td>\n<\/tr>\n<tr>\n<td style=\"width: 50%;\">3D \u2013 Probe<\/td>\n<td style=\"width: 50%; height: 24px;\">Optio<\/td>\n<\/tr>\n<tr style=\"height: 24px;\">\n<td style=\"width: 50%; height: 24px;\">Emulsiosumuerotin<\/td>\n<td style=\"width: 50%; height: 24px;\">Optio<\/td>\n<\/tr>\n<tr style=\"height: 21px;\">\n<td style=\"width: 50%; height: 21px;\">Automation<\/td>\n<td style=\"width: 50%;\">Robottiautomaatio \u2013 optio<\/td>\n<\/tr>\n<tr style=\"height: 24px;\">\n<td style=\"width: 50%; height: 24px; background-color: #ffffff;\"><strong>Yleist\u00e4<\/strong><\/td>\n<td style=\"width: 50%;\"><\/td>\n<\/tr>\n<tr>\n<td style=\"width: 50%;\">Mitat (P x L x K), U-630<\/td>\n<td style=\"width: 50%; height: 24px;\">2750 x 2530 x 2810 mm<\/td>\n<\/tr>\n<tr>\n<td style=\"width: 50%;\">Mitat (P x L x K), U-1530<\/td>\n<td style=\"width: 50%; height: 21px;\">3650 x 2530 x 2810 mm<\/td>\n<\/tr>\n<tr style=\"height: 24px;\">\n<td style=\"width: 50%; height: 24px;\">Weight<\/td>\n<td style=\"width: 50%; height: 24px;\">~8.000-10.500 kg<\/td>\n<\/tr>\n<\/tbody>\n<\/table>\n<\/div><\/div><\/div><\/div><\/div><\/p>","protected":false},"excerpt":{"rendered":"","protected":false},"author":1,"featured_media":0,"parent":648,"menu_order":1,"comment_status":"closed","ping_status":"closed","template":"","meta":{"footnotes":""},"class_list":["post-834","page","type-page","status-publish","hentry"],"_links":{"self":[{"href":"https:\/\/www.evomax.fi\/en\/wp-json\/wp\/v2\/pages\/834","targetHints":{"allow":["GET"]}}],"collection":[{"href":"https:\/\/www.evomax.fi\/en\/wp-json\/wp\/v2\/pages"}],"about":[{"href":"https:\/\/www.evomax.fi\/en\/wp-json\/wp\/v2\/types\/page"}],"author":[{"embeddable":true,"href":"https:\/\/www.evomax.fi\/en\/wp-json\/wp\/v2\/users\/1"}],"replies":[{"embeddable":true,"href":"https:\/\/www.evomax.fi\/en\/wp-json\/wp\/v2\/comments?post=834"}],"version-history":[{"count":3,"href":"https:\/\/www.evomax.fi\/en\/wp-json\/wp\/v2\/pages\/834\/revisions"}],"predecessor-version":[{"id":7751,"href":"https:\/\/www.evomax.fi\/en\/wp-json\/wp\/v2\/pages\/834\/revisions\/7751"}],"up":[{"embeddable":true,"href":"https:\/\/www.evomax.fi\/en\/wp-json\/wp\/v2\/pages\/648"}],"wp:attachment":[{"href":"https:\/\/www.evomax.fi\/en\/wp-json\/wp\/v2\/media?parent=834"}],"curies":[{"name":"wp","href":"https:\/\/api.w.org\/{rel}","templated":true}]}}