{"id":8439,"date":"2024-01-03T05:20:38","date_gmt":"2024-01-03T05:20:38","guid":{"rendered":"https:\/\/www.evomax.fi\/?page_id=8439"},"modified":"2025-04-09T09:31:51","modified_gmt":"2025-04-09T09:31:51","slug":"vb-dock-lock-nollapistekiinnittimet","status":"publish","type":"page","link":"https:\/\/www.evomax.fi\/en\/vb-dock-lock-nollapistekiinnittimet\/","title":{"rendered":"VB Dock Lock nollapistekiinnittimet"},"content":{"rendered":"<div class=\"fusion-fullwidth fullwidth-box fusion-builder-row-1 fusion-flex-container nonhundred-percent-fullwidth non-hundred-percent-height-scrolling\" style=\"--awb-border-radius-top-left:0px;--awb-border-radius-top-right:0px;--awb-border-radius-bottom-right:0px;--awb-border-radius-bottom-left:0px;--awb-flex-wrap:wrap;\" ><div class=\"fusion-builder-row fusion-row fusion-flex-align-items-flex-start fusion-flex-content-wrap\" style=\"max-width:1248px;margin-left: calc(-4% \/ 2 );margin-right: calc(-4% \/ 2 );\"><div class=\"fusion-layout-column fusion_builder_column fusion-builder-column-0 fusion_builder_column_1_2 1_2 fusion-flex-column\" style=\"--awb-bg-size:cover;--awb-width-large:50%;--awb-margin-top-large:0px;--awb-spacing-right-large:3.84%;--awb-margin-bottom-large:20px;--awb-spacing-left-large:3.84%;--awb-width-medium:50%;--awb-spacing-right-medium:3.84%;--awb-spacing-left-medium:3.84%;--awb-width-small:100%;--awb-spacing-right-small:1.92%;--awb-spacing-left-small:1.92%;\"><div class=\"fusion-column-wrapper fusion-column-has-shadow fusion-flex-justify-content-flex-start fusion-content-layout-column\"><div class=\"fusion-text fusion-text-1\" style=\"--awb-text-transform:none;\"><p>Hydrauliset nollapistekiinnittimet VB Dock Lock, 32 kpl<\/p>\n<p><span style=\"font-size: 18pt;\"><strong><span style=\"color: #4661b3;\">Myyty!<\/span><\/strong><\/span><\/p>\n<\/div><div class=\"fusion-separator fusion-full-width-sep\" style=\"align-self: center;margin-left: auto;margin-right: auto;width:100%;\"><div class=\"fusion-separator-border sep-double\" style=\"--awb-height:20px;--awb-amount:20px;--awb-sep-color:#ffffff;border-color:#ffffff;border-top-width:20px;border-bottom-width:20px;\"><\/div><\/div>\n<div class=\"table-1\">\n<table style=\"width: 75.079%; height: 100px;\" width=\"434\">\n<tbody>\n<tr>\n<td style=\"width: 42.2803%;\" width=\"206\">MACHINE INFORMATION<\/td>\n<td style=\"width: 41.3302%;\" width=\"185\">VB Dock Lock<\/td>\n<td style=\"width: 15.2019%;\" width=\"93\"><\/td>\n<\/tr>\n<tr>\n<td style=\"width: 42.2803%;\">YLEISET TIEDOT<\/td>\n<td style=\"width: 41.3302%;\">32 kpl k\u00e4ytettyj\u00e4 hydraulisia nollapistekiinnittimi\u00e4, 100 % kunnossa.<\/td>\n<td style=\"width: 15.2019%;\"><\/td>\n<\/tr>\n<tr>\n<td>Category<\/td>\n<td>Zero point clamping system<\/td>\n<\/tr>\n<tr>\n<td>Subcategory<\/td>\n<td>nbsp;<\/td>\n<\/tr>\n<\/tbody>\n<\/table>\n<\/div>\n<\/div><\/div><div class=\"fusion-layout-column fusion_builder_column fusion-builder-column-1 fusion_builder_column_1_2 1_2 fusion-flex-column\" style=\"--awb-bg-size:cover;--awb-width-large:50%;--awb-margin-top-large:0px;--awb-spacing-right-large:3.84%;--awb-margin-bottom-large:20px;--awb-spacing-left-large:3.84%;--awb-width-medium:50%;--awb-spacing-right-medium:3.84%;--awb-spacing-left-medium:3.84%;--awb-width-small:100%;--awb-spacing-right-small:1.92%;--awb-spacing-left-small:1.92%;\"><div class=\"fusion-column-wrapper fusion-column-has-shadow fusion-flex-justify-content-flex-start fusion-content-layout-column\"><a class=\"awb-lightbox awb-lightbox-1\" href=\"https:\/\/www.evomax.fi\/wp-content\/uploads\/2024\/01\/IMG_20220110_120925-1024x768.jpg\" data-rel=\"iLightbox\"><img decoding=\"async\" src=\"https:\/\/www.evomax.fi\/wp-content\/uploads\/2024\/01\/IMG_20220110_120925-1024x768.jpg\" alt=\"VB Dock Lock\"><\/a><div class=\"fusion-separator fusion-full-width-sep\" style=\"align-self: center;margin-left: auto;margin-right: auto;width:100%;\"><div class=\"fusion-separator-border sep-double\" style=\"--awb-height:20px;--awb-amount:20px;--awb-sep-color:#ffffff;border-color:#ffffff;border-top-width:20px;border-bottom-width:20px;\"><\/div><\/div><div class=\"awb-gallery-wrapper awb-gallery-wrapper-1 button-span-no\" style=\"--more-btn-alignment:center;\" data-limit=\"10\" data-page=\"1\"><div style=\"margin:-5px;--awb-bordersize:0px;\" class=\"fusion-gallery fusion-gallery-container fusion-grid-3 fusion-columns-total-10 fusion-gallery-layout-grid fusion-gallery-1\"><div style=\"padding:5px;\" class=\"fusion-grid-column fusion-gallery-column fusion-gallery-column-3\"><div class=\"fusion-gallery-image fusion-gallery-image-liftup\"><a href=\"https:\/\/www.evomax.fi\/wp-content\/uploads\/2024\/01\/IMG_20220110_120814-scaled.jpg\" data-title=\"IMG_20220110_120814\" title=\"IMG_20220110_120814\" rel=\"noreferrer\" data-rel=\"iLightbox[gallery_image_1]\" class=\"fusion-lightbox\" target=\"_self\"><img decoding=\"async\" src=\"https:\/\/www.evomax.fi\/wp-content\/uploads\/2024\/01\/IMG_20220110_120814-460x295.jpg\" width=\"460\" height=\"295\" alt=\"\" title=\"IMG_20220110_120814\" aria-label=\"IMG_20220110_120814\" class=\"img-responsive wp-image-8440 fusion-gallery-image-size-fixed\"  \/><\/a><\/div><\/div><div style=\"padding:5px;\" class=\"fusion-grid-column fusion-gallery-column fusion-gallery-column-3\"><div class=\"fusion-gallery-image fusion-gallery-image-liftup\"><a href=\"https:\/\/www.evomax.fi\/wp-content\/uploads\/2024\/01\/IMG_20220110_120850-scaled.jpg\" data-title=\"VB Dock Lock\" title=\"VB Dock Lock\" rel=\"noreferrer\" data-rel=\"iLightbox[gallery_image_1]\" class=\"fusion-lightbox\" target=\"_self\"><img decoding=\"async\" src=\"https:\/\/www.evomax.fi\/wp-content\/uploads\/2024\/01\/IMG_20220110_120850-460x295.jpg\" width=\"460\" height=\"295\" alt=\"\" title=\"VB Dock Lock\" aria-label=\"VB Dock Lock\" class=\"img-responsive wp-image-8441 fusion-gallery-image-size-fixed\"  \/><\/a><\/div><\/div><div style=\"padding:5px;\" class=\"fusion-grid-column fusion-gallery-column fusion-gallery-column-3\"><div class=\"fusion-gallery-image fusion-gallery-image-liftup\"><a href=\"https:\/\/www.evomax.fi\/wp-content\/uploads\/2024\/01\/IMG_20220110_120920-scaled.jpg\" data-title=\"IMG_20220110_120920\" title=\"IMG_20220110_120920\" rel=\"noreferrer\" data-rel=\"iLightbox[gallery_image_1]\" class=\"fusion-lightbox\" target=\"_self\"><img decoding=\"async\" src=\"https:\/\/www.evomax.fi\/wp-content\/uploads\/2024\/01\/IMG_20220110_120920-460x295.jpg\" width=\"460\" height=\"295\" alt=\"\" title=\"IMG_20220110_120920\" aria-label=\"IMG_20220110_120920\" class=\"img-responsive wp-image-8442 fusion-gallery-image-size-fixed\"  \/><\/a><\/div><\/div><div class=\"clearfix\"><\/div><div style=\"padding:5px;\" class=\"fusion-grid-column fusion-gallery-column fusion-gallery-column-3\"><div class=\"fusion-gallery-image fusion-gallery-image-liftup\"><a href=\"https:\/\/www.evomax.fi\/wp-content\/uploads\/2024\/01\/IMG_20220110_120925-scaled.jpg\" data-title=\"VB Dock Lock\" title=\"VB Dock Lock\" rel=\"noreferrer\" data-rel=\"iLightbox[gallery_image_1]\" class=\"fusion-lightbox\" target=\"_self\"><img decoding=\"async\" src=\"https:\/\/www.evomax.fi\/wp-content\/uploads\/2024\/01\/IMG_20220110_120925-460x295.jpg\" width=\"460\" height=\"295\" alt=\"\" title=\"VB Dock Lock\" aria-label=\"VB Dock Lock\" class=\"img-responsive wp-image-8443 fusion-gallery-image-size-fixed\"  \/><\/a><\/div><\/div><div style=\"padding:5px;\" class=\"fusion-grid-column fusion-gallery-column fusion-gallery-column-3\"><div class=\"fusion-gallery-image fusion-gallery-image-liftup\"><a href=\"https:\/\/www.evomax.fi\/wp-content\/uploads\/2024\/01\/IMG_20220110_120939-scaled.jpg\" data-title=\"IMG_20220110_120939\" title=\"IMG_20220110_120939\" rel=\"noreferrer\" data-rel=\"iLightbox[gallery_image_1]\" class=\"fusion-lightbox\" target=\"_self\"><img decoding=\"async\" src=\"https:\/\/www.evomax.fi\/wp-content\/uploads\/2024\/01\/IMG_20220110_120939-460x295.jpg\" width=\"460\" height=\"295\" alt=\"\" title=\"IMG_20220110_120939\" aria-label=\"IMG_20220110_120939\" class=\"img-responsive wp-image-8444 fusion-gallery-image-size-fixed\"  \/><\/a><\/div><\/div><div style=\"padding:5px;\" class=\"fusion-grid-column fusion-gallery-column fusion-gallery-column-3\"><div class=\"fusion-gallery-image fusion-gallery-image-liftup\"><a href=\"https:\/\/www.evomax.fi\/wp-content\/uploads\/2024\/01\/IMG_20220110_121030-scaled.jpg\" data-title=\"IMG_20220110_121030\" title=\"IMG_20220110_121030\" rel=\"noreferrer\" data-rel=\"iLightbox[gallery_image_1]\" class=\"fusion-lightbox\" target=\"_self\"><img decoding=\"async\" src=\"https:\/\/www.evomax.fi\/wp-content\/uploads\/2024\/01\/IMG_20220110_121030-460x295.jpg\" width=\"460\" height=\"295\" alt=\"\" title=\"IMG_20220110_121030\" aria-label=\"IMG_20220110_121030\" class=\"img-responsive wp-image-8445 fusion-gallery-image-size-fixed\"  \/><\/a><\/div><\/div><div class=\"clearfix\"><\/div><div style=\"padding:5px;\" class=\"fusion-grid-column fusion-gallery-column fusion-gallery-column-3\"><div class=\"fusion-gallery-image fusion-gallery-image-liftup\"><a href=\"https:\/\/www.evomax.fi\/wp-content\/uploads\/2024\/01\/IMG_20220110_121035-scaled.jpg\" data-title=\"IMG_20220110_121035\" title=\"IMG_20220110_121035\" rel=\"noreferrer\" data-rel=\"iLightbox[gallery_image_1]\" class=\"fusion-lightbox\" target=\"_self\"><img decoding=\"async\" src=\"https:\/\/www.evomax.fi\/wp-content\/uploads\/2024\/01\/IMG_20220110_121035-460x295.jpg\" width=\"460\" height=\"295\" alt=\"\" title=\"IMG_20220110_121035\" aria-label=\"IMG_20220110_121035\" class=\"img-responsive wp-image-8446 fusion-gallery-image-size-fixed\"  \/><\/a><\/div><\/div><div style=\"padding:5px;\" class=\"fusion-grid-column fusion-gallery-column fusion-gallery-column-3\"><div class=\"fusion-gallery-image fusion-gallery-image-liftup\"><a href=\"https:\/\/www.evomax.fi\/wp-content\/uploads\/2024\/01\/IMG_20220110_121349-scaled.jpg\" data-title=\"IMG_20220110_121349\" title=\"IMG_20220110_121349\" rel=\"noreferrer\" data-rel=\"iLightbox[gallery_image_1]\" class=\"fusion-lightbox\" target=\"_self\"><img decoding=\"async\" src=\"https:\/\/www.evomax.fi\/wp-content\/uploads\/2024\/01\/IMG_20220110_121349-460x295.jpg\" width=\"460\" height=\"295\" alt=\"\" title=\"IMG_20220110_121349\" aria-label=\"IMG_20220110_121349\" class=\"img-responsive wp-image-8447 fusion-gallery-image-size-fixed\"  \/><\/a><\/div><\/div><div style=\"padding:5px;\" class=\"fusion-grid-column fusion-gallery-column fusion-gallery-column-3\"><div class=\"fusion-gallery-image fusion-gallery-image-liftup\"><a href=\"https:\/\/www.evomax.fi\/wp-content\/uploads\/2024\/01\/IMG_20220110_121438-scaled.jpg\" data-title=\"IMG_20220110_121438\" title=\"IMG_20220110_121438\" rel=\"noreferrer\" data-rel=\"iLightbox[gallery_image_1]\" class=\"fusion-lightbox\" target=\"_self\"><img decoding=\"async\" src=\"https:\/\/www.evomax.fi\/wp-content\/uploads\/2024\/01\/IMG_20220110_121438-460x295.jpg\" width=\"460\" height=\"295\" alt=\"\" title=\"IMG_20220110_121438\" aria-label=\"IMG_20220110_121438\" class=\"img-responsive wp-image-8448 fusion-gallery-image-size-fixed\"  \/><\/a><\/div><\/div><div class=\"clearfix\"><\/div><div style=\"padding:5px;\" class=\"fusion-grid-column fusion-gallery-column fusion-gallery-column-3\"><div class=\"fusion-gallery-image fusion-gallery-image-liftup\"><a data-title=\"Myyt\u00e4v\u00e4n\u00e4\" title=\"Myyt\u00e4v\u00e4n\u00e4\" rel=\"noreferrer\" data-rel=\"iLightbox[gallery_image_1]\" class=\"fusion-lightbox\" target=\"_self\"><img decoding=\"async\" src=\"\" width=\"\" height=\"\" alt=\"\" title=\"Myyt\u00e4v\u00e4n\u00e4\" aria-label=\"Myyt\u00e4v\u00e4n\u00e4\" class=\"img-responsive wp-image-8449 fusion-gallery-image-size-fixed\"  \/><\/a><\/div><\/div><\/div><\/div><\/div><\/div><div class=\"fusion-layout-column fusion_builder_column fusion-builder-column-2 fusion_builder_column_1_1 1_1 fusion-flex-column\" style=\"--awb-bg-size:cover;--awb-width-large:100%;--awb-margin-top-large:0px;--awb-spacing-right-large:1.92%;--awb-margin-bottom-large:20px;--awb-spacing-left-large:1.92%;--awb-width-medium:100%;--awb-spacing-right-medium:1.92%;--awb-spacing-left-medium:1.92%;--awb-width-small:100%;--awb-spacing-right-small:1.92%;--awb-spacing-left-small:1.92%;\"><div class=\"fusion-column-wrapper fusion-column-has-shadow fusion-flex-justify-content-flex-start fusion-content-layout-column\"><\/div><\/div><\/div><\/div>","protected":false},"excerpt":{"rendered":"","protected":false},"author":7,"featured_media":0,"parent":0,"menu_order":1,"comment_status":"closed","ping_status":"closed","template":"","meta":{"footnotes":""},"class_list":["post-8439","page","type-page","status-publish","hentry"],"_links":{"self":[{"href":"https:\/\/www.evomax.fi\/en\/wp-json\/wp\/v2\/pages\/8439","targetHints":{"allow":["GET"]}}],"collection":[{"href":"https:\/\/www.evomax.fi\/en\/wp-json\/wp\/v2\/pages"}],"about":[{"href":"https:\/\/www.evomax.fi\/en\/wp-json\/wp\/v2\/types\/page"}],"author":[{"embeddable":true,"href":"https:\/\/www.evomax.fi\/en\/wp-json\/wp\/v2\/users\/7"}],"replies":[{"embeddable":true,"href":"https:\/\/www.evomax.fi\/en\/wp-json\/wp\/v2\/comments?post=8439"}],"version-history":[{"count":3,"href":"https:\/\/www.evomax.fi\/en\/wp-json\/wp\/v2\/pages\/8439\/revisions"}],"predecessor-version":[{"id":9926,"href":"https:\/\/www.evomax.fi\/en\/wp-json\/wp\/v2\/pages\/8439\/revisions\/9926"}],"wp:attachment":[{"href":"https:\/\/www.evomax.fi\/en\/wp-json\/wp\/v2\/media?parent=8439"}],"curies":[{"name":"wp","href":"https:\/\/api.w.org\/{rel}","templated":true}]}}