{"id":9361,"date":"2024-06-14T07:46:10","date_gmt":"2024-06-14T07:46:10","guid":{"rendered":"https:\/\/www.evomax.fi\/?page_id=9361"},"modified":"2024-11-04T12:27:43","modified_gmt":"2024-11-04T12:27:43","slug":"dmg-mori-dmc-80fd-duoblock","status":"publish","type":"page","link":"https:\/\/www.evomax.fi\/en\/tuotteet-2\/kaytetyt-koneet\/dmg-mori-dmc-80fd-duoblock\/","title":{"rendered":"DMG MORI DMC 80FD DuoBlock"},"content":{"rendered":"<p><div class=\"fusion-fullwidth fullwidth-box fusion-builder-row-1 fusion-flex-container has-pattern-background has-mask-background nonhundred-percent-fullwidth non-hundred-percent-height-scrolling\" style=\"--awb-border-radius-top-left:0px;--awb-border-radius-top-right:0px;--awb-border-radius-bottom-right:0px;--awb-border-radius-bottom-left:0px;--awb-flex-wrap:wrap;\" ><div class=\"fusion-builder-row fusion-row fusion-flex-align-items-flex-start fusion-flex-content-wrap\" style=\"max-width:1248px;margin-left: calc(-4% \/ 2 );margin-right: calc(-4% \/ 2 );\"><div class=\"fusion-layout-column fusion_builder_column fusion-builder-column-0 fusion_builder_column_1_1 1_1 fusion-flex-column\" style=\"--awb-bg-size:cover;--awb-width-large:100%;--awb-margin-top-large:0px;--awb-spacing-right-large:1.92%;--awb-margin-bottom-large:20px;--awb-spacing-left-large:1.92%;--awb-width-medium:100%;--awb-order-medium:0;--awb-spacing-right-medium:1.92%;--awb-spacing-left-medium:1.92%;--awb-width-small:100%;--awb-order-small:0;--awb-spacing-right-small:1.92%;--awb-spacing-left-small:1.92%;\"><div class=\"fusion-column-wrapper fusion-column-has-shadow fusion-flex-justify-content-flex-start fusion-content-layout-column\"><div class=\"fusion-title title fusion-title-1 fusion-sep-none fusion-title-text fusion-title-size-four\"><h4 class=\"fusion-title-heading title-heading-left\" style=\"margin:0;text-transform:none;\"><table style=\"height: 46px;\" width=\"413\">\n<tbody>\n<tr>\n<td width=\"284\">DMG MORI DMC 80FD DuoBlock ty\u00f6st\u00f6keskus sorvaavalla p\u00f6yd\u00e4ll\u00e4<\/p>\n<h3><span style=\"color: #4661b3;\">MYYTY!\u00a0<\/span><\/h3>\n<\/td>\n<\/tr>\n<\/tbody>\n<\/table><\/h4><\/div><div class=\"fusion-separator fusion-full-width-sep\" style=\"align-self: center;margin-left: auto;margin-right: auto;width:100%;\"><div class=\"fusion-separator-border sep-double\" style=\"--awb-height:20px;--awb-amount:20px;--awb-sep-color:#ffffff;border-color:#ffffff;border-top-width:20px;border-bottom-width:20px;\"><\/div><\/div><div ><a class=\"fusion-button button-flat fusion-button-default-size button-default fusion-button-default button-1 fusion-button-default-span fusion-button-default-type\" target=\"_self\" href=\"#\" data-toggle=\"modal\" data-target=\".fusion-modal.kysy-tuotteesta\"><span class=\"fusion-button-text awb-button__text awb-button__text--default\">Kysy tuotteesta<\/span><\/a><\/div><div class=\"fusion-separator fusion-full-width-sep\" style=\"align-self: center;margin-left: auto;margin-right: auto;width:100%;\"><div class=\"fusion-separator-border sep-double\" style=\"--awb-height:20px;--awb-amount:20px;--awb-sep-color:#ffffff;border-color:#ffffff;border-top-width:20px;border-bottom-width:20px;\"><\/div><\/div><div class=\"fusion-modal modal fade modal-1 kysy-tuotteesta\" tabindex=\"-1\" role=\"dialog\" aria-labelledby=\"modal-heading-1\" aria-hidden=\"true\" style=\"--awb-border-color:var(--awb-color3);--awb-background:var(--awb-color1);\"><div class=\"modal-dialog modal-sm\" role=\"document\"><div class=\"modal-content fusion-modal-content\"><div class=\"modal-header\"><button class=\"close\" type=\"button\" data-dismiss=\"modal\" aria-hidden=\"true\" aria-label=\"Close\">\u00d7<\/button><h3 class=\"modal-title\" id=\"modal-heading-1\" data-dismiss=\"modal\" aria-hidden=\"true\">Kysy tuotteesta<\/h3><\/div><div class=\"modal-body fusion-clearfix\">\n\n<div class=\"wpcf7 no-js\" id=\"wpcf7-f7059-o1\" lang=\"fi\" dir=\"ltr\" data-wpcf7-id=\"7059\">\n<div class=\"screen-reader-response\"><p role=\"status\" aria-live=\"polite\" aria-atomic=\"true\"><\/p> <ul><\/ul><\/div>\n<form action=\"\/en\/wp-json\/wp\/v2\/pages\/9361#wpcf7-f7059-o1\" method=\"post\" class=\"wpcf7-form init\" aria-label=\"Yhteydenottolomake\" novalidate=\"novalidate\" data-status=\"init\" data-trp-original-action=\"\/en\/wp-json\/wp\/v2\/pages\/9361#wpcf7-f7059-o1\">\n<fieldset class=\"hidden-fields-container\"><input type=\"hidden\" name=\"_wpcf7\" value=\"7059\" \/><input type=\"hidden\" name=\"_wpcf7_version\" value=\"6.1.5\" \/><input type=\"hidden\" name=\"_wpcf7_locale\" value=\"fi\" \/><input type=\"hidden\" name=\"_wpcf7_unit_tag\" value=\"wpcf7-f7059-o1\" \/><input type=\"hidden\" name=\"_wpcf7_container_post\" value=\"0\" \/><input type=\"hidden\" name=\"_wpcf7_posted_data_hash\" value=\"\" \/><input type=\"hidden\" name=\"redirect_nonce\" value=\"15b5395bda\" \/><input type=\"hidden\" name=\"wpcf7cfpdf_hidden_name\" value=\"document-pdf\" \/><input type=\"hidden\" name=\"wpcf7cfpdf_hidden_reference\" value=\"5b954ac3\" \/><input type=\"hidden\" name=\"wpcf7cfpdf_hidden_date\" value=\"04162026\" \/><input type=\"hidden\" name=\"_wpcf7_recaptcha_response\" value=\"\" \/>\n<\/fieldset>\n<p><label> Name (required)<br \/>\n<span class=\"wpcf7-form-control-wrap\" data-name=\"your-name\"><input size=\"40\" maxlength=\"400\" class=\"wpcf7-form-control wpcf7-text wpcf7-validates-as-required\" autocomplete=\"name\" aria-required=\"true\" aria-invalid=\"false\" value=\"\" type=\"text\" name=\"your-name\" \/><\/span> <\/label>\n<\/p>\n<p><label> Email (required)<br \/>\n<span class=\"wpcf7-form-control-wrap\" data-name=\"your-email\"><input size=\"40\" maxlength=\"400\" class=\"wpcf7-form-control wpcf7-email wpcf7-validates-as-required wpcf7-text wpcf7-validates-as-email\" autocomplete=\"email\" aria-required=\"true\" aria-invalid=\"false\" value=\"\" type=\"email\" name=\"your-email\" \/><\/span> <\/label>\n<\/p>\n<p><label> Subject<br \/>\n<span class=\"wpcf7-form-control-wrap\" data-name=\"your-subject\"><input size=\"40\" maxlength=\"400\" class=\"wpcf7-form-control wpcf7-text wpcf7-validates-as-required\" aria-required=\"true\" aria-invalid=\"false\" value=\"\" type=\"text\" name=\"your-subject\" \/><\/span> <\/label>\n<\/p>\n<p><label> Message<br \/>\n<span class=\"wpcf7-form-control-wrap\" data-name=\"your-message\"><textarea cols=\"40\" rows=\"10\" maxlength=\"2000\" class=\"wpcf7-form-control wpcf7-textarea\" aria-invalid=\"false\" name=\"your-message\"><\/textarea><\/span> <\/label>\n<\/p>\n<input class=\"wpcf7-form-control wpcf7-hidden\" id=\"visitor_id\" value=\"\" type=\"hidden\" name=\"visitor_id\" \/>\n<p><input class=\"wpcf7-form-control wpcf7-submit has-spinner\" type=\"submit\" value=\"Send\" \/>\n<\/p><div class=\"fusion-alert alert custom alert-custom fusion-alert-center wpcf7-response-output awb-alert-native-link-color alert-dismissable awb-alert-close-boxed\" style=\"--awb-border-size:1px;--awb-border-top-left-radius:0px;--awb-border-top-right-radius:0px;--awb-border-bottom-left-radius:0px;--awb-border-bottom-right-radius:0px;\" role=\"alert\"><div class=\"fusion-alert-content-wrapper\"><span class=\"fusion-alert-content\"><\/span><\/div><button type=\"button\" class=\"close toggle-alert\" data-dismiss=\"alert\" aria-label=\"Close\">\u00d7<\/button><\/div>\n<input type=\"hidden\" name=\"trp-form-language\" value=\"en\"\/><\/form>\n<\/div>\n\n<\/div><div class=\"modal-footer\"><button class=\"fusion-button button-default button-medium button default medium\" type=\"button\" data-dismiss=\"modal\">Close<\/button><\/div><\/div><\/div><\/div><\/div><\/div><div class=\"fusion-layout-column fusion_builder_column fusion-builder-column-1 fusion_builder_column_1_2 1_2 fusion-flex-column\" style=\"--awb-bg-size:cover;--awb-width-large:50%;--awb-margin-top-large:0px;--awb-spacing-right-large:3.84%;--awb-margin-bottom-large:20px;--awb-spacing-left-large:3.84%;--awb-width-medium:50%;--awb-order-medium:0;--awb-spacing-right-medium:3.84%;--awb-spacing-left-medium:3.84%;--awb-width-small:100%;--awb-order-small:0;--awb-spacing-right-small:1.92%;--awb-spacing-left-small:1.92%;\"><div class=\"fusion-column-wrapper fusion-column-has-shadow fusion-flex-justify-content-flex-start fusion-content-layout-column\">\n<div class=\"table-1\">\n<table width=\"622\">\n<tbody>\n<tr>\n<td width=\"441\">MACHINE DATA SHEET \/ KONEEN TIEDOT<\/td>\n<td width=\"284\">DMG MORI DMC 80FD DuoBlock<\/td>\n<td width=\"64\"><\/td>\n<td width=\"64\"><\/td>\n<\/tr>\n<tr>\n<td>GENERAL DATA<\/td>\n<td><\/td>\n<td><\/td>\n<td><\/td>\n<\/tr>\n<tr>\n<td>Brand \/ Merkki<\/td>\n<td>DMG MORI<\/td>\n<td><\/td>\n<td><\/td>\n<\/tr>\n<tr>\n<td>Model \/ Malli<\/td>\n<td>DMC 80FD DuoBlock<\/td>\n<td><\/td>\n<td><\/td>\n<\/tr>\n<tr>\n<td>Category<\/td>\n<td>Machining centers \/ Koneistuskeskukset<\/td>\n<td><\/td>\n<td><\/td>\n<\/tr>\n<tr>\n<td>Subcategory<\/td>\n<td>Machining center (universal) \/ Koneistuskeskus (universal)<\/td>\n<td><\/td>\n<td><\/td>\n<\/tr>\n<tr>\n<td>Construction year \/ Valmistusvuosi<\/td>\n<td>2012<\/td>\n<td><\/td>\n<td><\/td>\n<\/tr>\n<tr>\n<td>Location \/ Sijainti<\/td>\n<td>Estonia<\/td>\n<td><\/td>\n<td><\/td>\n<\/tr>\n<tr>\n<td>Country of origin \/ Alkuper\u00e4maa<\/td>\n<td>Germany<\/td>\n<td><\/td>\n<td><\/td>\n<\/tr>\n<tr>\n<td>Hours in power \/ Tunteja virroissa<\/td>\n<td>54084<\/td>\n<td>h \/ t<\/td>\n<td><\/td>\n<\/tr>\n<tr>\n<td>Spindle hours \/ Karatunnit<\/td>\n<td>13590<\/td>\n<td>h \/ t<\/td>\n<td><\/td>\n<\/tr>\n<tr>\n<td>Availability \/ Saatavuus<\/td>\n<td>Immediately<\/td>\n<td><\/td>\n<td><\/td>\n<\/tr>\n<tr>\n<td>TECNICAL INFORMATION<\/td>\n<td><\/td>\n<td><\/td>\n<td><\/td>\n<\/tr>\n<tr>\n<td>CONTROL \/ OHJAUS<\/td>\n<td><\/td>\n<td><\/td>\n<td><\/td>\n<\/tr>\n<tr>\n<td>Brand \/ Merkki<\/td>\n<td>Siemens<\/td>\n<td><\/td>\n<td><\/td>\n<\/tr>\n<tr>\n<td>Version \/ Versio<\/td>\n<td>Sinumerik 840D<\/td>\n<td><\/td>\n<td><\/td>\n<\/tr>\n<tr>\n<td>Control language \/ Ohjauksen kieli<\/td>\n<td>English<\/td>\n<td><\/td>\n<td><\/td>\n<\/tr>\n<tr>\n<td>Language customizable \/ Kieli vaihdettavissa<\/td>\n<td>Yes<\/td>\n<td><\/td>\n<td><\/td>\n<\/tr>\n<tr>\n<td>SPINDLE \/ KARA<\/td>\n<td><\/td>\n<td><\/td>\n<td><\/td>\n<\/tr>\n<tr>\n<td>Spinde speed range \/ Karan kierrosalue<\/td>\n<td>12000<\/td>\n<td colspan=\"2\">r\/min \/ 1\/min<\/td>\n<\/tr>\n<tr>\n<td>Spindle power \/ Karateho<\/td>\n<td>28<\/td>\n<td>kW \/ kW<\/td>\n<td><\/td>\n<\/tr>\n<tr>\n<td>Spindle torque \/ Karan v\u00e4\u00e4nt\u00f6momentti<\/td>\n<td>121<\/td>\n<td>Nm \/ Nm<\/td>\n<td><\/td>\n<\/tr>\n<tr>\n<td>COOLING \/ J\u00c4\u00c4HDYTYS<\/td>\n<td><\/td>\n<td><\/td>\n<td><\/td>\n<\/tr>\n<tr>\n<td>Through Spindle cooling \/ L\u00e4pikaran j\u00e4\u00e4hdytys<\/td>\n<td>70<\/td>\n<td>bar \/ bar<\/td>\n<td><\/td>\n<\/tr>\n<tr>\n<td>Turning function \/ Sorvaus<\/td>\n<td>Yes<\/td>\n<td><\/td>\n<td><\/td>\n<\/tr>\n<tr>\n<td>PALLET TABLE \/ PALETTIP\u00d6YT\u00c4<\/td>\n<td><\/td>\n<td><\/td>\n<td><\/td>\n<\/tr>\n<tr>\n<td>Pallet fastening size \/ Paletin kiinityspinnan koko<\/td>\n<td>800*630<\/td>\n<td colspan=\"2\">mm \/ mm<\/td>\n<\/tr>\n<tr>\n<td>Max turning speed \/ Maksimi py\u00f6rint\u00e4nopeus<\/td>\n<td>800<\/td>\n<td colspan=\"2\">1\/min \/ ast<\/td>\n<\/tr>\n<tr>\n<td>Number of APC positions \/ Palettipaikat<\/td>\n<td>2+10<\/td>\n<td>pcs \/ kpl<\/td>\n<td><\/td>\n<\/tr>\n<tr>\n<td>MOVEMENT LENGTHS \/ LIIKEPITUUDET<\/td>\n<td><\/td>\n<td><\/td>\n<td><\/td>\n<\/tr>\n<tr>\n<td>X-movement \/ X-liike<\/td>\n<td>800<\/td>\n<td colspan=\"2\">mm \/ mm<\/td>\n<\/tr>\n<tr>\n<td>Y-movement \/ Y-liike<\/td>\n<td>1050<\/td>\n<td colspan=\"2\">mm \/ mm<\/td>\n<\/tr>\n<tr>\n<td>Z-movement \/ Z-liike<\/td>\n<td>800<\/td>\n<td colspan=\"2\">mm \/ mm<\/td>\n<\/tr>\n<tr>\n<td>B-movement \/ B-liike<\/td>\n<td>180<\/td>\n<td colspan=\"2\">degree \/ ast<\/td>\n<\/tr>\n<tr>\n<td>C-movement \/ C-liike<\/td>\n<td>360<\/td>\n<td colspan=\"2\">degree \/ ast<\/td>\n<\/tr>\n<tr>\n<td>TOOLS \/ TY\u00d6KALUT<\/td>\n<td><\/td>\n<td><\/td>\n<td><\/td>\n<\/tr>\n<tr>\n<td>Tool holder type \/ Ty\u00f6kalupitimen tyyppi<\/td>\n<td>HSK63<\/td>\n<td><\/td>\n<td><\/td>\n<\/tr>\n<tr>\n<td>Number of tool slots \/ Ty\u00f6kalupaikat<\/td>\n<td>60<\/td>\n<td>pcs \/ kpl<\/td>\n<td><\/td>\n<\/tr>\n<tr>\n<td>ACCESSORIES \/ VARUSTEET<\/td>\n<td><\/td>\n<td><\/td>\n<td><\/td>\n<\/tr>\n<tr>\n<td>Chip conveyor \/ Lastunkuljetin<\/td>\n<td>Yes<\/td>\n<td><\/td>\n<td><\/td>\n<\/tr>\n<tr>\n<td>Oil mist collector \/ \u00d6ljysumuerotin<\/td>\n<td>Yes<\/td>\n<td><\/td>\n<td><\/td>\n<\/tr>\n<tr>\n<td>980 litre high pressure coolant through the spindle system with paper band filter \/ 980 lis\u00e4tankki paperosuodattimella<\/td>\n<td>Yes<\/td>\n<td><\/td>\n<td><\/td>\n<\/tr>\n<tr>\n<td>Tool measurement with BLUM Laser \/ Ty\u00f6kalunmittaus BLUM laser<\/td>\n<td>Yes<\/td>\n<td><\/td>\n<td><\/td>\n<\/tr>\n<tr>\n<td>3D Probe \/ 3D mitta-anturi<\/td>\n<td>Yes<\/td>\n<td><\/td>\n<td><\/td>\n<\/tr>\n<tr>\n<td>Air blast through the spindle \/ Ilmapuhallus karan l\u00e4pi<\/td>\n<td>Yes<\/td>\n<td><\/td>\n<td><\/td>\n<\/tr>\n<tr>\n<td>Spincle exhange 5\/2021 \/ Kara vaidettu 5\/2021<\/td>\n<td><\/td>\n<td><\/td>\n<td><\/td>\n<\/tr>\n<\/tbody>\n<\/table>\n<\/div>\n<div class=\"fusion-text fusion-text-1\"><\/div><\/div><\/div><div class=\"fusion-layout-column fusion_builder_column fusion-builder-column-2 fusion_builder_column_1_2 1_2 fusion-flex-column\" style=\"--awb-bg-size:cover;--awb-width-large:50%;--awb-margin-top-large:0px;--awb-spacing-right-large:3.84%;--awb-margin-bottom-large:20px;--awb-spacing-left-large:3.84%;--awb-width-medium:50%;--awb-order-medium:0;--awb-spacing-right-medium:3.84%;--awb-spacing-left-medium:3.84%;--awb-width-small:100%;--awb-order-small:0;--awb-spacing-right-small:1.92%;--awb-spacing-left-small:1.92%;\"><div class=\"fusion-column-wrapper fusion-column-has-shadow fusion-flex-justify-content-flex-start fusion-content-layout-column\"><a class=\"awb-lightbox awb-lightbox-1\" href=\"https:\/\/www.evomax.fi\/wp-content\/uploads\/2024\/06\/DMC80.png\" data-rel=\"iLightbox\"><img decoding=\"async\" src=\"https:\/\/www.evomax.fi\/wp-content\/uploads\/2024\/06\/DMC80.png\"><\/a><div class=\"fusion-separator fusion-full-width-sep\" style=\"align-self: center;margin-left: auto;margin-right: auto;width:100%;\"><div class=\"fusion-separator-border sep-double\" style=\"--awb-height:20px;--awb-amount:20px;--awb-sep-color:#ffffff;border-color:#ffffff;border-top-width:20px;border-bottom-width:20px;\"><\/div><\/div><div class=\"awb-gallery-wrapper awb-gallery-wrapper-1 button-span-no\" style=\"--more-btn-alignment:center;\"><div style=\"margin:-5px;--awb-bordersize:0px;\" class=\"fusion-gallery fusion-gallery-container fusion-grid-3 fusion-columns-total-4 fusion-gallery-layout-grid fusion-gallery-1\"><div style=\"padding:5px;\" class=\"fusion-grid-column fusion-gallery-column fusion-gallery-column-3 hover-type-none\"><div class=\"fusion-gallery-image\"><a href=\"https:\/\/www.evomax.fi\/wp-content\/uploads\/2024\/06\/dmc80palet.jpg\" rel=\"noreferrer\" data-rel=\"iLightbox[gallery_image_1]\" class=\"fusion-lightbox\" target=\"_self\"><img decoding=\"async\" src=\"https:\/\/www.evomax.fi\/wp-content\/uploads\/2024\/06\/dmc80palet.jpg\" width=\"1824\" height=\"1368\" alt=\"\" title=\"dmc80palet\" aria-label=\"dmc80palet\" class=\"img-responsive wp-image-9366\" srcset=\"https:\/\/www.evomax.fi\/wp-content\/uploads\/2024\/06\/dmc80palet-200x150.jpg 200w, https:\/\/www.evomax.fi\/wp-content\/uploads\/2024\/06\/dmc80palet-400x300.jpg 400w, https:\/\/www.evomax.fi\/wp-content\/uploads\/2024\/06\/dmc80palet-600x450.jpg 600w, https:\/\/www.evomax.fi\/wp-content\/uploads\/2024\/06\/dmc80palet-800x600.jpg 800w, https:\/\/www.evomax.fi\/wp-content\/uploads\/2024\/06\/dmc80palet-1200x900.jpg 1200w, https:\/\/www.evomax.fi\/wp-content\/uploads\/2024\/06\/dmc80palet.jpg 1824w\" sizes=\"(min-width: 2200px) 100vw, (min-width: 784px) 397px, (min-width: 712px) 595px, (min-width: 640px) 712px, \" \/><\/a><\/div><\/div><div style=\"padding:5px;\" class=\"fusion-grid-column fusion-gallery-column fusion-gallery-column-3 hover-type-none\"><div class=\"fusion-gallery-image\"><a href=\"https:\/\/www.evomax.fi\/wp-content\/uploads\/2024\/06\/DMC80inner.png\" rel=\"noreferrer\" data-rel=\"iLightbox[gallery_image_1]\" class=\"fusion-lightbox\" target=\"_self\"><img decoding=\"async\" src=\"https:\/\/www.evomax.fi\/wp-content\/uploads\/2024\/06\/DMC80inner.png\" width=\"2360\" height=\"1640\" alt=\"\" title=\"DMC80inner\" aria-label=\"DMC80inner\" class=\"img-responsive wp-image-9365\" srcset=\"https:\/\/www.evomax.fi\/wp-content\/uploads\/2024\/06\/DMC80inner-200x139.png 200w, https:\/\/www.evomax.fi\/wp-content\/uploads\/2024\/06\/DMC80inner-400x278.png 400w, https:\/\/www.evomax.fi\/wp-content\/uploads\/2024\/06\/DMC80inner-600x417.png 600w, https:\/\/www.evomax.fi\/wp-content\/uploads\/2024\/06\/DMC80inner-800x556.png 800w, https:\/\/www.evomax.fi\/wp-content\/uploads\/2024\/06\/DMC80inner-1200x834.png 1200w, https:\/\/www.evomax.fi\/wp-content\/uploads\/2024\/06\/DMC80inner.png 2360w\" sizes=\"(min-width: 2200px) 100vw, (min-width: 784px) 397px, (min-width: 712px) 595px, (min-width: 640px) 712px, \" \/><\/a><\/div><\/div><div style=\"padding:5px;\" class=\"fusion-grid-column fusion-gallery-column fusion-gallery-column-3 hover-type-none\"><div class=\"fusion-gallery-image\"><a href=\"https:\/\/www.evomax.fi\/wp-content\/uploads\/2024\/06\/DMC80_siemens-scaled.jpg\" rel=\"noreferrer\" data-rel=\"iLightbox[gallery_image_1]\" class=\"fusion-lightbox\" target=\"_self\"><img decoding=\"async\" src=\"https:\/\/www.evomax.fi\/wp-content\/uploads\/2024\/06\/DMC80_siemens-scaled.jpg\" width=\"2560\" height=\"1920\" alt=\"\" title=\"DMC80_siemens\" aria-label=\"DMC80_siemens\" class=\"img-responsive wp-image-9364\" srcset=\"https:\/\/www.evomax.fi\/wp-content\/uploads\/2024\/06\/DMC80_siemens-200x150.jpg 200w, https:\/\/www.evomax.fi\/wp-content\/uploads\/2024\/06\/DMC80_siemens-400x300.jpg 400w, https:\/\/www.evomax.fi\/wp-content\/uploads\/2024\/06\/DMC80_siemens-600x450.jpg 600w, https:\/\/www.evomax.fi\/wp-content\/uploads\/2024\/06\/DMC80_siemens-800x600.jpg 800w, https:\/\/www.evomax.fi\/wp-content\/uploads\/2024\/06\/DMC80_siemens-1200x900.jpg 1200w, https:\/\/www.evomax.fi\/wp-content\/uploads\/2024\/06\/DMC80_siemens-scaled.jpg 2560w\" sizes=\"(min-width: 2200px) 100vw, (min-width: 784px) 397px, (min-width: 712px) 595px, (min-width: 640px) 712px, \" \/><\/a><\/div><\/div><div class=\"clearfix\"><\/div><div style=\"padding:5px;\" class=\"fusion-grid-column fusion-gallery-column fusion-gallery-column-3 hover-type-none\"><div class=\"fusion-gallery-image\"><a href=\"https:\/\/www.evomax.fi\/wp-content\/uploads\/2024\/06\/DMC80.png\" rel=\"noreferrer\" data-rel=\"iLightbox[gallery_image_1]\" class=\"fusion-lightbox\" target=\"_self\"><img decoding=\"async\" src=\"https:\/\/www.evomax.fi\/wp-content\/uploads\/2024\/06\/DMC80.png\" width=\"2360\" height=\"1640\" alt=\"\" title=\"DMC80\" aria-label=\"DMC80\" class=\"img-responsive wp-image-9363\" srcset=\"https:\/\/www.evomax.fi\/wp-content\/uploads\/2024\/06\/DMC80-200x139.png 200w, https:\/\/www.evomax.fi\/wp-content\/uploads\/2024\/06\/DMC80-400x278.png 400w, https:\/\/www.evomax.fi\/wp-content\/uploads\/2024\/06\/DMC80-600x417.png 600w, https:\/\/www.evomax.fi\/wp-content\/uploads\/2024\/06\/DMC80-800x556.png 800w, https:\/\/www.evomax.fi\/wp-content\/uploads\/2024\/06\/DMC80-1200x834.png 1200w, https:\/\/www.evomax.fi\/wp-content\/uploads\/2024\/06\/DMC80.png 2360w\" sizes=\"(min-width: 2200px) 100vw, (min-width: 784px) 397px, (min-width: 712px) 595px, (min-width: 640px) 712px, \" \/><\/a><\/div><\/div><\/div><\/div><\/div><\/div><\/div><\/div><div class=\"fusion-fullwidth fullwidth-box fusion-builder-row-2 fusion-flex-container nonhundred-percent-fullwidth non-hundred-percent-height-scrolling\" style=\"--awb-border-radius-top-left:0px;--awb-border-radius-top-right:0px;--awb-border-radius-bottom-right:0px;--awb-border-radius-bottom-left:0px;--awb-flex-wrap:wrap;\" ><div class=\"fusion-builder-row fusion-row fusion-flex-align-items-flex-start fusion-flex-content-wrap\" style=\"max-width:1248px;margin-left: calc(-4% \/ 2 );margin-right: calc(-4% \/ 2 );\"><\/div><\/div><\/p>","protected":false},"excerpt":{"rendered":"","protected":false},"author":7,"featured_media":0,"parent":4677,"menu_order":0,"comment_status":"closed","ping_status":"closed","template":"100-width.php","meta":{"footnotes":""},"class_list":["post-9361","page","type-page","status-publish","hentry"],"_links":{"self":[{"href":"https:\/\/www.evomax.fi\/en\/wp-json\/wp\/v2\/pages\/9361","targetHints":{"allow":["GET"]}}],"collection":[{"href":"https:\/\/www.evomax.fi\/en\/wp-json\/wp\/v2\/pages"}],"about":[{"href":"https:\/\/www.evomax.fi\/en\/wp-json\/wp\/v2\/types\/page"}],"author":[{"embeddable":true,"href":"https:\/\/www.evomax.fi\/en\/wp-json\/wp\/v2\/users\/7"}],"replies":[{"embeddable":true,"href":"https:\/\/www.evomax.fi\/en\/wp-json\/wp\/v2\/comments?post=9361"}],"version-history":[{"count":6,"href":"https:\/\/www.evomax.fi\/en\/wp-json\/wp\/v2\/pages\/9361\/revisions"}],"predecessor-version":[{"id":9620,"href":"https:\/\/www.evomax.fi\/en\/wp-json\/wp\/v2\/pages\/9361\/revisions\/9620"}],"up":[{"embeddable":true,"href":"https:\/\/www.evomax.fi\/en\/wp-json\/wp\/v2\/pages\/4677"}],"wp:attachment":[{"href":"https:\/\/www.evomax.fi\/en\/wp-json\/wp\/v2\/media?parent=9361"}],"curies":[{"name":"wp","href":"https:\/\/api.w.org\/{rel}","templated":true}]}}