{"id":9590,"date":"2024-10-25T11:39:50","date_gmt":"2024-10-25T11:39:50","guid":{"rendered":"https:\/\/www.evomax.fi\/?page_id=9590"},"modified":"2024-11-05T09:46:55","modified_gmt":"2024-11-05T09:46:55","slug":"cnc-sorvi-doosan-puma-tt1800sy","status":"publish","type":"page","link":"https:\/\/www.evomax.fi\/en\/tuotteet-2\/kaytetyt-koneet\/cnc-sorvi-doosan-puma-tt1800sy\/","title":{"rendered":"Kaksirevolverinen ja vastakarainen CNC-sorvi Doosan Puma TT 1800 SY"},"content":{"rendered":"<div class=\"fusion-fullwidth fullwidth-box fusion-builder-row-1 fusion-flex-container has-pattern-background has-mask-background nonhundred-percent-fullwidth non-hundred-percent-height-scrolling\" style=\"--awb-border-radius-top-left:0px;--awb-border-radius-top-right:0px;--awb-border-radius-bottom-right:0px;--awb-border-radius-bottom-left:0px;--awb-flex-wrap:wrap;\" ><div class=\"fusion-builder-row fusion-row fusion-flex-align-items-flex-start fusion-flex-content-wrap\" style=\"max-width:1248px;margin-left: calc(-4% \/ 2 );margin-right: calc(-4% \/ 2 );\"><div class=\"fusion-layout-column fusion_builder_column fusion-builder-column-0 fusion_builder_column_1_1 1_1 fusion-flex-column\" style=\"--awb-bg-size:cover;--awb-width-large:100%;--awb-margin-top-large:0px;--awb-spacing-right-large:1.92%;--awb-margin-bottom-large:20px;--awb-spacing-left-large:1.92%;--awb-width-medium:100%;--awb-order-medium:0;--awb-spacing-right-medium:1.92%;--awb-spacing-left-medium:1.92%;--awb-width-small:100%;--awb-order-small:0;--awb-spacing-right-small:1.92%;--awb-spacing-left-small:1.92%;\"><div class=\"fusion-column-wrapper fusion-column-has-shadow fusion-flex-justify-content-flex-start fusion-content-layout-column\"><div class=\"fusion-title title fusion-title-1 fusion-sep-none fusion-title-text fusion-title-size-four\"><h4 class=\"fusion-title-heading title-heading-left\" style=\"margin:0;text-transform:none;\"><p>Kaksirevolverinen ja vastakarallinen CNC-sorvi Doosan Puma TT 1800 SY<\/p>\n<h2><span style=\"color: #4661b3;\">MYYTY!<\/span><\/h2><\/h4><\/div><\/div><\/div><div class=\"fusion-layout-column fusion_builder_column fusion-builder-column-1 fusion_builder_column_1_2 1_2 fusion-flex-column\" style=\"--awb-bg-size:cover;--awb-width-large:50%;--awb-margin-top-large:0px;--awb-spacing-right-large:3.84%;--awb-margin-bottom-large:20px;--awb-spacing-left-large:3.84%;--awb-width-medium:50%;--awb-order-medium:0;--awb-spacing-right-medium:3.84%;--awb-spacing-left-medium:3.84%;--awb-width-small:100%;--awb-order-small:0;--awb-spacing-right-small:1.92%;--awb-spacing-left-small:1.92%;\"><div class=\"fusion-column-wrapper fusion-column-has-shadow fusion-flex-justify-content-flex-start fusion-content-layout-column\">\n<div class=\"table-1\">\n<table style=\"height: 834px;\" width=\"680\">\n<thead>\n<tr>\n<td width=\"366\">MACHINE DATA SHEET \/ KONEEN TIEDOT<\/td>\n<td width=\"192\">Doosan Puma TT 1800 SY<\/td>\n<td width=\"64\"><\/td>\n<\/tr>\n<tr>\n<td>Brand \/ Merkki<\/td>\n<td>Doosan<\/td>\n<td><\/td>\n<\/tr>\n<tr>\n<td>Model \/ Malli<\/td>\n<td>Puma TT 1800 SY<\/td>\n<td><\/td>\n<\/tr>\n<tr>\n<td>Category<\/td>\n<td>Lathes \/ Sorvit<\/td>\n<td><\/td>\n<\/tr>\n<tr>\n<td>Subcategory<\/td>\n<td>CNC lathes \/ CNC-sorvit<\/td>\n<td><\/td>\n<\/tr>\n<tr>\n<td>Construction year \/ Valmistusvuosi<\/td>\n<td>2008<\/td>\n<td><\/td>\n<\/tr>\n<tr>\n<td>Location \/ Sijainti<\/td>\n<td>Finland<\/td>\n<td><\/td>\n<\/tr>\n<tr>\n<td>Country of origin \/ Alkuper\u00e4maa<\/td>\n<td>Korea<\/td>\n<td><\/td>\n<\/tr>\n<tr>\n<td>Hours in power \/ Tunteja virroissa<\/td>\n<td>52000<\/td>\n<td>h<\/td>\n<\/tr>\n<tr>\n<td>Spindle hours \/ Karatunnit<\/td>\n<td>11000 \/ 6000<\/td>\n<td>h<\/td>\n<\/tr>\n<tr>\n<td>Stock number \/ Varastonumero<\/td>\n<td>1130<\/td>\n<td><\/td>\n<\/tr>\n<tr>\n<td>Availability \/ Saatavuus<\/td>\n<td>Immediately<\/td>\n<td><\/td>\n<\/tr>\n<tr>\n<td>Control \/ Ohjaus<\/td>\n<td>Fanuc 18i series<\/td>\n<td><\/td>\n<\/tr>\n<tr>\n<td>Spinde speed range \/ Karan kierrosalue<\/td>\n<td>5000<\/td>\n<td>r\/min<\/td>\n<\/tr>\n<tr>\n<td>Spindle bore \/ Karaporaus<\/td>\n<td>65<\/td>\n<td><\/td>\n<\/tr>\n<tr>\n<td>Subspindle speed range \/ Vastakaran kierrosalue<\/td>\n<td>5000<\/td>\n<td><\/td>\n<\/tr>\n<tr>\n<td>Swing over carriage \/ Py\u00f6r\u00e4hdyshalkaisija kelkalla<\/td>\n<td>230<\/td>\n<td>mm<\/td>\n<\/tr>\n<tr>\n<td>Z-movement \/ Z-liike<\/td>\n<td>700 \/ 720<\/td>\n<td>mm<\/td>\n<\/tr>\n<tr>\n<td>Y-movement \/ Y-liike<\/td>\n<td>+ \/ &#8211; 50<\/td>\n<td>mm<\/td>\n<\/tr>\n<tr>\n<td>Rotating tools \/ Py\u00f6riv\u00e4t ty\u00f6kalut<\/td>\n<td>5000<\/td>\n<td>r\/min<\/td>\n<\/tr>\n<tr>\n<td>Chip conveyor \/ Lastunkuljetin<\/td>\n<td>Yes<\/td>\n<td><\/td>\n<\/tr>\n<tr>\n<td>Toolsetter \/ Ty\u00f6kalun asetin<\/td>\n<td>Yes<\/td>\n<td><\/td>\n<\/tr>\n<tr>\n<td>Parts conveyor \/ Kappaleen poimija<\/td>\n<td>Yes<\/td>\n<td><\/td>\n<\/tr>\n<tr>\n<td>MACHINE DIMENSIONS \/ KONEEN ULKOMITAT<\/td>\n<td><\/td>\n<td><\/td>\n<\/tr>\n<tr>\n<td>Width \/ Leveys<\/td>\n<td>3905<\/td>\n<td>mm<\/td>\n<\/tr>\n<tr>\n<td>Depth \/ Syvyys<\/td>\n<td>2070<\/td>\n<td>mm<\/td>\n<\/tr>\n<tr>\n<td>Height \/ Korkeus<\/td>\n<td>2080<\/td>\n<td>mm<\/td>\n<\/tr>\n<tr>\n<td>Machine weight \/ Koneen paino<\/td>\n<td>7800<\/td>\n<td>kg<\/td>\n<\/tr>\n<\/thead>\n<\/table>\n<\/div>\n<\/div><\/div><div class=\"fusion-layout-column fusion_builder_column fusion-builder-column-2 fusion_builder_column_1_2 1_2 fusion-flex-column\" style=\"--awb-bg-size:cover;--awb-width-large:50%;--awb-margin-top-large:0px;--awb-spacing-right-large:3.84%;--awb-margin-bottom-large:20px;--awb-spacing-left-large:3.84%;--awb-width-medium:50%;--awb-order-medium:0;--awb-spacing-right-medium:3.84%;--awb-spacing-left-medium:3.84%;--awb-width-small:100%;--awb-order-small:0;--awb-spacing-right-small:1.92%;--awb-spacing-left-small:1.92%;\"><div class=\"fusion-column-wrapper fusion-column-has-shadow fusion-flex-justify-content-flex-start fusion-content-layout-column\"><a class=\"awb-lightbox awb-lightbox-1\" href=\"https:\/\/www.evomax.fi\/wp-content\/uploads\/2024\/10\/20241017_121027643_iOS-scaled.jpg\" data-rel=\"iLightbox\"><img decoding=\"async\" src=\"https:\/\/www.evomax.fi\/wp-content\/uploads\/2024\/10\/20241017_121027643_iOS-scaled.jpg\"><\/a><div class=\"fusion-separator fusion-full-width-sep\" style=\"align-self: center;margin-left: auto;margin-right: auto;width:100%;\"><div class=\"fusion-separator-border sep-double\" style=\"--awb-height:20px;--awb-amount:20px;--awb-sep-color:#ffffff;border-color:#ffffff;border-top-width:20px;border-bottom-width:20px;\"><\/div><\/div><\/div><\/div><\/div><\/div>","protected":false},"excerpt":{"rendered":"","protected":false},"author":7,"featured_media":0,"parent":4677,"menu_order":0,"comment_status":"closed","ping_status":"closed","template":"100-width.php","meta":{"footnotes":""},"class_list":["post-9590","page","type-page","status-publish","hentry"],"_links":{"self":[{"href":"https:\/\/www.evomax.fi\/en\/wp-json\/wp\/v2\/pages\/9590","targetHints":{"allow":["GET"]}}],"collection":[{"href":"https:\/\/www.evomax.fi\/en\/wp-json\/wp\/v2\/pages"}],"about":[{"href":"https:\/\/www.evomax.fi\/en\/wp-json\/wp\/v2\/types\/page"}],"author":[{"embeddable":true,"href":"https:\/\/www.evomax.fi\/en\/wp-json\/wp\/v2\/users\/7"}],"replies":[{"embeddable":true,"href":"https:\/\/www.evomax.fi\/en\/wp-json\/wp\/v2\/comments?post=9590"}],"version-history":[{"count":14,"href":"https:\/\/www.evomax.fi\/en\/wp-json\/wp\/v2\/pages\/9590\/revisions"}],"predecessor-version":[{"id":9647,"href":"https:\/\/www.evomax.fi\/en\/wp-json\/wp\/v2\/pages\/9590\/revisions\/9647"}],"up":[{"embeddable":true,"href":"https:\/\/www.evomax.fi\/en\/wp-json\/wp\/v2\/pages\/4677"}],"wp:attachment":[{"href":"https:\/\/www.evomax.fi\/en\/wp-json\/wp\/v2\/media?parent=9590"}],"curies":[{"name":"wp","href":"https:\/\/api.w.org\/{rel}","templated":true}]}}