{"id":9816,"date":"2025-02-14T09:19:24","date_gmt":"2025-02-14T09:19:24","guid":{"rendered":"https:\/\/www.evomax.fi\/?page_id=9816"},"modified":"2025-02-14T09:21:22","modified_gmt":"2025-02-14T09:21:22","slug":"cnc-sorvi-hwacheon-hi-tech","status":"publish","type":"page","link":"https:\/\/www.evomax.fi\/en\/tuotteet-2\/kaytetyt-koneet\/cnc-sorvi-hwacheon-hi-tech\/","title":{"rendered":"CNC-sorvi Hwacheon Hi-Tech"},"content":{"rendered":"<div class=\"fusion-fullwidth fullwidth-box fusion-builder-row-1 fusion-flex-container has-pattern-background has-mask-background nonhundred-percent-fullwidth non-hundred-percent-height-scrolling\" style=\"--awb-border-radius-top-left:0px;--awb-border-radius-top-right:0px;--awb-border-radius-bottom-right:0px;--awb-border-radius-bottom-left:0px;--awb-flex-wrap:wrap;\" ><div class=\"fusion-builder-row fusion-row fusion-flex-align-items-flex-start fusion-flex-content-wrap\" style=\"max-width:1248px;margin-left: calc(-4% \/ 2 );margin-right: calc(-4% \/ 2 );\"><div class=\"fusion-layout-column fusion_builder_column fusion-builder-column-0 fusion_builder_column_1_1 1_1 fusion-flex-column\" style=\"--awb-bg-size:cover;--awb-width-large:100%;--awb-margin-top-large:0px;--awb-spacing-right-large:1.92%;--awb-margin-bottom-large:20px;--awb-spacing-left-large:1.92%;--awb-width-medium:100%;--awb-order-medium:0;--awb-spacing-right-medium:1.92%;--awb-spacing-left-medium:1.92%;--awb-width-small:100%;--awb-order-small:0;--awb-spacing-right-small:1.92%;--awb-spacing-left-small:1.92%;\"><div class=\"fusion-column-wrapper fusion-column-has-shadow fusion-flex-justify-content-flex-start fusion-content-layout-column\"><div class=\"fusion-title title fusion-title-1 fusion-sep-none fusion-title-text fusion-title-size-four\"><h4 class=\"fusion-title-heading title-heading-left\" style=\"margin:0;text-transform:none;\">CNC-sorvi Hwacheon Hi-Tech 850L YMC<\/h4><\/div><div class=\"fusion-text fusion-text-1\"><p>Erinomaisessa kunnossa oleva CNC-sorvi, jossa py\u00f6riv\u00e4t ty\u00f6kalut ja Y-akseli sek\u00e4 hydraulinen tukilaakeri.<\/p>\n<\/div><div class=\"fusion-separator fusion-full-width-sep\" style=\"align-self: center;margin-left: auto;margin-right: auto;width:100%;\"><div class=\"fusion-separator-border sep-double\" style=\"--awb-height:20px;--awb-amount:20px;--awb-sep-color:#ffffff;border-color:#ffffff;border-top-width:20px;border-bottom-width:20px;\"><\/div><\/div><div ><a class=\"fusion-button button-flat fusion-button-default-size button-default fusion-button-default button-1 fusion-button-default-span fusion-button-default-type\" target=\"_self\" href=\"#\" data-toggle=\"modal\" data-target=\".fusion-modal.kysy-tuotteesta\"><span class=\"fusion-button-text awb-button__text awb-button__text--default\">Kysy tuotteesta<\/span><\/a><\/div><div class=\"fusion-separator fusion-full-width-sep\" style=\"align-self: center;margin-left: auto;margin-right: auto;width:100%;\"><div class=\"fusion-separator-border sep-double\" style=\"--awb-height:20px;--awb-amount:20px;--awb-sep-color:#ffffff;border-color:#ffffff;border-top-width:20px;border-bottom-width:20px;\"><\/div><\/div><div class=\"fusion-modal modal fade modal-1 kysy-tuotteesta\" tabindex=\"-1\" role=\"dialog\" aria-labelledby=\"modal-heading-1\" aria-hidden=\"true\" style=\"--awb-border-color:var(--awb-color3);--awb-background:var(--awb-color1);\"><div class=\"modal-dialog modal-sm\" role=\"document\"><div class=\"modal-content fusion-modal-content\"><div class=\"modal-header\"><button class=\"close\" type=\"button\" data-dismiss=\"modal\" aria-hidden=\"true\" aria-label=\"Close\">\u00d7<\/button><h3 class=\"modal-title\" id=\"modal-heading-1\" data-dismiss=\"modal\" aria-hidden=\"true\">Kysy tuotteesta<\/h3><\/div><div class=\"modal-body fusion-clearfix\">\n\n<div class=\"wpcf7 no-js\" id=\"wpcf7-f7059-o1\" lang=\"fi\" dir=\"ltr\" data-wpcf7-id=\"7059\">\n<div class=\"screen-reader-response\"><p role=\"status\" aria-live=\"polite\" aria-atomic=\"true\"><\/p> <ul><\/ul><\/div>\n<form action=\"\/en\/wp-json\/wp\/v2\/pages\/9816#wpcf7-f7059-o1\" method=\"post\" class=\"wpcf7-form init\" aria-label=\"Yhteydenottolomake\" novalidate=\"novalidate\" data-status=\"init\" data-trp-original-action=\"\/en\/wp-json\/wp\/v2\/pages\/9816#wpcf7-f7059-o1\">\n<fieldset class=\"hidden-fields-container\"><input type=\"hidden\" name=\"_wpcf7\" value=\"7059\" \/><input type=\"hidden\" name=\"_wpcf7_version\" value=\"6.1.5\" \/><input type=\"hidden\" name=\"_wpcf7_locale\" value=\"fi\" \/><input type=\"hidden\" name=\"_wpcf7_unit_tag\" value=\"wpcf7-f7059-o1\" \/><input type=\"hidden\" name=\"_wpcf7_container_post\" value=\"0\" \/><input type=\"hidden\" name=\"_wpcf7_posted_data_hash\" value=\"\" \/><input type=\"hidden\" name=\"redirect_nonce\" value=\"8bf714faf1\" \/><input type=\"hidden\" name=\"wpcf7cfpdf_hidden_name\" value=\"document-pdf\" \/><input type=\"hidden\" name=\"wpcf7cfpdf_hidden_reference\" value=\"05c10416\" \/><input type=\"hidden\" name=\"wpcf7cfpdf_hidden_date\" value=\"04232026\" \/><input type=\"hidden\" name=\"_wpcf7_recaptcha_response\" value=\"\" \/>\n<\/fieldset>\n<p><label> Name (required)<br \/>\n<span class=\"wpcf7-form-control-wrap\" data-name=\"your-name\"><input size=\"40\" maxlength=\"400\" class=\"wpcf7-form-control wpcf7-text wpcf7-validates-as-required\" autocomplete=\"name\" aria-required=\"true\" aria-invalid=\"false\" value=\"\" type=\"text\" name=\"your-name\" \/><\/span> <\/label>\n<\/p>\n<p><label> Email (required)<br \/>\n<span class=\"wpcf7-form-control-wrap\" data-name=\"your-email\"><input size=\"40\" maxlength=\"400\" class=\"wpcf7-form-control wpcf7-email wpcf7-validates-as-required wpcf7-text wpcf7-validates-as-email\" autocomplete=\"email\" aria-required=\"true\" aria-invalid=\"false\" value=\"\" type=\"email\" name=\"your-email\" \/><\/span> <\/label>\n<\/p>\n<p><label> Subject<br \/>\n<span class=\"wpcf7-form-control-wrap\" data-name=\"your-subject\"><input size=\"40\" maxlength=\"400\" class=\"wpcf7-form-control wpcf7-text wpcf7-validates-as-required\" aria-required=\"true\" aria-invalid=\"false\" value=\"\" type=\"text\" name=\"your-subject\" \/><\/span> <\/label>\n<\/p>\n<p><label> Message<br \/>\n<span class=\"wpcf7-form-control-wrap\" data-name=\"your-message\"><textarea cols=\"40\" rows=\"10\" maxlength=\"2000\" class=\"wpcf7-form-control wpcf7-textarea\" aria-invalid=\"false\" name=\"your-message\"><\/textarea><\/span> <\/label>\n<\/p>\n<input class=\"wpcf7-form-control wpcf7-hidden\" id=\"visitor_id\" value=\"\" type=\"hidden\" name=\"visitor_id\" \/>\n<p><input class=\"wpcf7-form-control wpcf7-submit has-spinner\" type=\"submit\" value=\"Send\" \/>\n<\/p><div class=\"fusion-alert alert custom alert-custom fusion-alert-center wpcf7-response-output awb-alert-native-link-color alert-dismissable awb-alert-close-boxed\" style=\"--awb-border-size:1px;--awb-border-top-left-radius:0px;--awb-border-top-right-radius:0px;--awb-border-bottom-left-radius:0px;--awb-border-bottom-right-radius:0px;\" role=\"alert\"><div class=\"fusion-alert-content-wrapper\"><span class=\"fusion-alert-content\"><\/span><\/div><button type=\"button\" class=\"close toggle-alert\" data-dismiss=\"alert\" aria-label=\"Close\">\u00d7<\/button><\/div>\n<input type=\"hidden\" name=\"trp-form-language\" value=\"en\"\/><\/form>\n<\/div>\n\n<\/div><div class=\"modal-footer\"><button class=\"fusion-button button-default button-medium button default medium\" type=\"button\" data-dismiss=\"modal\">Close<\/button><\/div><\/div><\/div><\/div><\/div><\/div><div class=\"fusion-layout-column fusion_builder_column fusion-builder-column-1 fusion_builder_column_1_2 1_2 fusion-flex-column\" style=\"--awb-bg-size:cover;--awb-width-large:50%;--awb-margin-top-large:0px;--awb-spacing-right-large:3.84%;--awb-margin-bottom-large:20px;--awb-spacing-left-large:3.84%;--awb-width-medium:50%;--awb-order-medium:0;--awb-spacing-right-medium:3.84%;--awb-spacing-left-medium:3.84%;--awb-width-small:100%;--awb-order-small:0;--awb-spacing-right-small:1.92%;--awb-spacing-left-small:1.92%;\"><div class=\"fusion-column-wrapper fusion-column-has-shadow fusion-flex-justify-content-flex-start fusion-content-layout-column\">\n<div class=\"table-1\">\n<table style=\"height: 397px;\" width=\"1056\">\n<thead>\n<tr>\n<th align=\"left\">MACHINE DATA SHEET\/KONEEN TIEDOT<\/th>\n<th align=\"left\"><\/th>\n<th align=\"left\"><\/th>\n<\/tr>\n<\/thead>\n<tbody>\n<tr>\n<td align=\"left\">Brand\/Merkki<\/td>\n<td align=\"left\">Hwacheon<\/td>\n<td align=\"left\"><\/td>\n<\/tr>\n<tr>\n<td align=\"left\">Model\/Malli<\/td>\n<td align=\"left\">Hi-Tech 850 L YMC<\/td>\n<td align=\"left\"><\/td>\n<\/tr>\n<tr>\n<td align=\"left\">Construction year\/Valmistusvuosi<\/td>\n<td align=\"left\">2014<\/td>\n<td align=\"left\"><\/td>\n<\/tr>\n<tr>\n<td align=\"left\">Location\/Sijainti<\/td>\n<td align=\"left\">UK\/Englanti<\/td>\n<td align=\"left\"><\/td>\n<\/tr>\n<tr>\n<td align=\"left\">Availability\/Saatavuus<\/td>\n<td align=\"left\">Heti<\/td>\n<td align=\"left\"><\/td>\n<\/tr>\n<tr>\n<td align=\"left\">Hours\/Koneen tunnit<\/td>\n<td align=\"left\">5040<\/td>\n<td align=\"left\">h<\/td>\n<\/tr>\n<tr>\n<td align=\"left\">Control<\/td>\n<td align=\"left\">Fanuc Oi-TD<\/td>\n<td align=\"left\"><\/td>\n<\/tr>\n<tr>\n<td align=\"left\">Swing over bed\/Max. py\u00f6r\u00e4hdyshalkaisija<\/td>\n<td align=\"left\">1050<\/td>\n<td align=\"left\">mm<\/td>\n<\/tr>\n<tr>\n<td align=\"left\">Max length\/K\u00e4rkiv\u00e4li<\/td>\n<td align=\"left\">3500<\/td>\n<td align=\"left\">mm<\/td>\n<\/tr>\n<tr>\n<td align=\"left\">Overall dimensions\/Koneet mitat<\/td>\n<td align=\"left\">7860 x 3030 x 30020<\/td>\n<td align=\"left\">mm<\/td>\n<\/tr>\n<tr>\n<td align=\"left\">Weight\/Koneen paino<\/td>\n<td align=\"left\">23 500<\/td>\n<td align=\"left\">kg<\/td>\n<\/tr>\n<tr>\n<td align=\"left\">Tooling package\/Ty\u00f6kalupaketti<\/td>\n<td align=\"left\">Yes\/Kyll\u00e4<\/td>\n<td align=\"left\"><\/td>\n<\/tr>\n<tr>\n<td align=\"left\">Tool presetter\/Ty\u00f6kalunesiasetuslaite<\/td>\n<td align=\"left\">Yes\/Kyll\u00e4<\/td>\n<td align=\"left\"><\/td>\n<\/tr>\n<tr>\n<td align=\"left\">Hydraulic steady rest\/Hydraulinen tukilaakeri<\/td>\n<td align=\"left\">Yes\/Kyll\u00e4<\/td>\n<td align=\"left\"><\/td>\n<\/tr>\n<tr>\n<td align=\"left\">Chip conveyor\/Lastunkuljetin<\/td>\n<td align=\"left\">Yes\/Kyll\u00e4<\/td>\n<td align=\"left\"><\/td>\n<\/tr>\n<\/tbody>\n<\/table>\n<\/div>\n<\/div><\/div><div class=\"fusion-layout-column fusion_builder_column fusion-builder-column-2 fusion_builder_column_1_2 1_2 fusion-flex-column\" style=\"--awb-bg-size:cover;--awb-width-large:50%;--awb-margin-top-large:0px;--awb-spacing-right-large:3.84%;--awb-margin-bottom-large:20px;--awb-spacing-left-large:3.84%;--awb-width-medium:50%;--awb-order-medium:0;--awb-spacing-right-medium:3.84%;--awb-spacing-left-medium:3.84%;--awb-width-small:100%;--awb-order-small:0;--awb-spacing-right-small:1.92%;--awb-spacing-left-small:1.92%;\"><div class=\"fusion-column-wrapper fusion-column-has-shadow fusion-flex-justify-content-flex-start fusion-content-layout-column\"><a class=\"awb-lightbox awb-lightbox-1\" href=\"https:\/\/www.evomax.fi\/wp-content\/uploads\/2025\/02\/kuva-2.jpg\" data-rel=\"iLightbox\"><img decoding=\"async\" src=\"https:\/\/www.evomax.fi\/wp-content\/uploads\/2025\/02\/kuva-2.jpg\"><\/a><div class=\"fusion-separator fusion-full-width-sep\" style=\"align-self: center;margin-left: auto;margin-right: auto;width:100%;\"><div class=\"fusion-separator-border sep-double\" style=\"--awb-height:20px;--awb-amount:20px;--awb-sep-color:#ffffff;border-color:#ffffff;border-top-width:20px;border-bottom-width:20px;\"><\/div><\/div><div class=\"awb-gallery-wrapper awb-gallery-wrapper-1 button-span-no\" style=\"--more-btn-alignment:center;\"><div style=\"margin:-5px;--awb-bordersize:0px;\" class=\"fusion-gallery fusion-gallery-container fusion-grid-3 fusion-columns-total-13 fusion-gallery-layout-grid fusion-gallery-1\"><div style=\"padding:5px;\" class=\"fusion-grid-column fusion-gallery-column fusion-gallery-column-3 hover-type-none\"><div class=\"fusion-gallery-image\"><a href=\"https:\/\/www.evomax.fi\/wp-content\/uploads\/2025\/02\/kuva1.jpg\" rel=\"noreferrer\" data-rel=\"iLightbox[gallery_image_1]\" class=\"fusion-lightbox\" target=\"_self\"><img decoding=\"async\" src=\"https:\/\/www.evomax.fi\/wp-content\/uploads\/2025\/02\/kuva1.jpg\" width=\"1024\" height=\"768\" alt=\"\" title=\"kuva1\" aria-label=\"kuva1\" class=\"img-responsive wp-image-9836\" srcset=\"https:\/\/www.evomax.fi\/wp-content\/uploads\/2025\/02\/kuva1-200x150.jpg 200w, https:\/\/www.evomax.fi\/wp-content\/uploads\/2025\/02\/kuva1-400x300.jpg 400w, https:\/\/www.evomax.fi\/wp-content\/uploads\/2025\/02\/kuva1-600x450.jpg 600w, https:\/\/www.evomax.fi\/wp-content\/uploads\/2025\/02\/kuva1-800x600.jpg 800w, https:\/\/www.evomax.fi\/wp-content\/uploads\/2025\/02\/kuva1.jpg 1024w\" sizes=\"(min-width: 2200px) 100vw, (min-width: 784px) 397px, (min-width: 712px) 595px, (min-width: 640px) 712px, \" \/><\/a><\/div><\/div><div style=\"padding:5px;\" class=\"fusion-grid-column fusion-gallery-column fusion-gallery-column-3 hover-type-none\"><div class=\"fusion-gallery-image\"><a href=\"https:\/\/www.evomax.fi\/wp-content\/uploads\/2025\/02\/kuva-19.jpg\" rel=\"noreferrer\" data-rel=\"iLightbox[gallery_image_1]\" class=\"fusion-lightbox\" target=\"_self\"><img decoding=\"async\" src=\"https:\/\/www.evomax.fi\/wp-content\/uploads\/2025\/02\/kuva-19.jpg\" width=\"1024\" height=\"768\" alt=\"\" title=\"kuva 19\" aria-label=\"kuva 19\" class=\"img-responsive wp-image-9834\" srcset=\"https:\/\/www.evomax.fi\/wp-content\/uploads\/2025\/02\/kuva-19-200x150.jpg 200w, https:\/\/www.evomax.fi\/wp-content\/uploads\/2025\/02\/kuva-19-400x300.jpg 400w, https:\/\/www.evomax.fi\/wp-content\/uploads\/2025\/02\/kuva-19-600x450.jpg 600w, https:\/\/www.evomax.fi\/wp-content\/uploads\/2025\/02\/kuva-19-800x600.jpg 800w, https:\/\/www.evomax.fi\/wp-content\/uploads\/2025\/02\/kuva-19.jpg 1024w\" sizes=\"(min-width: 2200px) 100vw, (min-width: 784px) 397px, (min-width: 712px) 595px, (min-width: 640px) 712px, \" \/><\/a><\/div><\/div><div style=\"padding:5px;\" class=\"fusion-grid-column fusion-gallery-column fusion-gallery-column-3 hover-type-none\"><div class=\"fusion-gallery-image\"><a href=\"https:\/\/www.evomax.fi\/wp-content\/uploads\/2025\/02\/kuva-18.jpg\" rel=\"noreferrer\" data-rel=\"iLightbox[gallery_image_1]\" class=\"fusion-lightbox\" target=\"_self\"><img decoding=\"async\" src=\"https:\/\/www.evomax.fi\/wp-content\/uploads\/2025\/02\/kuva-18.jpg\" width=\"1024\" height=\"768\" alt=\"\" title=\"kuva 18\" aria-label=\"kuva 18\" class=\"img-responsive wp-image-9833\" srcset=\"https:\/\/www.evomax.fi\/wp-content\/uploads\/2025\/02\/kuva-18-200x150.jpg 200w, https:\/\/www.evomax.fi\/wp-content\/uploads\/2025\/02\/kuva-18-400x300.jpg 400w, https:\/\/www.evomax.fi\/wp-content\/uploads\/2025\/02\/kuva-18-600x450.jpg 600w, https:\/\/www.evomax.fi\/wp-content\/uploads\/2025\/02\/kuva-18-800x600.jpg 800w, https:\/\/www.evomax.fi\/wp-content\/uploads\/2025\/02\/kuva-18.jpg 1024w\" sizes=\"(min-width: 2200px) 100vw, (min-width: 784px) 397px, (min-width: 712px) 595px, (min-width: 640px) 712px, \" \/><\/a><\/div><\/div><div class=\"clearfix\"><\/div><div style=\"padding:5px;\" class=\"fusion-grid-column fusion-gallery-column fusion-gallery-column-3 hover-type-none\"><div class=\"fusion-gallery-image\"><a href=\"https:\/\/www.evomax.fi\/wp-content\/uploads\/2025\/02\/kuva-17.jpg\" rel=\"noreferrer\" data-rel=\"iLightbox[gallery_image_1]\" class=\"fusion-lightbox\" target=\"_self\"><img decoding=\"async\" src=\"https:\/\/www.evomax.fi\/wp-content\/uploads\/2025\/02\/kuva-17.jpg\" width=\"1024\" height=\"768\" alt=\"\" title=\"kuva 17\" aria-label=\"kuva 17\" class=\"img-responsive wp-image-9832\" srcset=\"https:\/\/www.evomax.fi\/wp-content\/uploads\/2025\/02\/kuva-17-200x150.jpg 200w, https:\/\/www.evomax.fi\/wp-content\/uploads\/2025\/02\/kuva-17-400x300.jpg 400w, https:\/\/www.evomax.fi\/wp-content\/uploads\/2025\/02\/kuva-17-600x450.jpg 600w, https:\/\/www.evomax.fi\/wp-content\/uploads\/2025\/02\/kuva-17-800x600.jpg 800w, https:\/\/www.evomax.fi\/wp-content\/uploads\/2025\/02\/kuva-17.jpg 1024w\" sizes=\"(min-width: 2200px) 100vw, (min-width: 784px) 397px, (min-width: 712px) 595px, (min-width: 640px) 712px, \" \/><\/a><\/div><\/div><div style=\"padding:5px;\" class=\"fusion-grid-column fusion-gallery-column fusion-gallery-column-3 hover-type-none\"><div class=\"fusion-gallery-image\"><a href=\"https:\/\/www.evomax.fi\/wp-content\/uploads\/2025\/02\/kuva-16.jpg\" rel=\"noreferrer\" data-rel=\"iLightbox[gallery_image_1]\" class=\"fusion-lightbox\" target=\"_self\"><img decoding=\"async\" src=\"https:\/\/www.evomax.fi\/wp-content\/uploads\/2025\/02\/kuva-16.jpg\" width=\"1024\" height=\"1366\" alt=\"\" title=\"kuva 16\" aria-label=\"kuva 16\" class=\"img-responsive wp-image-9831\" srcset=\"https:\/\/www.evomax.fi\/wp-content\/uploads\/2025\/02\/kuva-16-200x267.jpg 200w, https:\/\/www.evomax.fi\/wp-content\/uploads\/2025\/02\/kuva-16-400x534.jpg 400w, https:\/\/www.evomax.fi\/wp-content\/uploads\/2025\/02\/kuva-16-600x800.jpg 600w, https:\/\/www.evomax.fi\/wp-content\/uploads\/2025\/02\/kuva-16-800x1067.jpg 800w, https:\/\/www.evomax.fi\/wp-content\/uploads\/2025\/02\/kuva-16.jpg 1024w\" sizes=\"(min-width: 2200px) 100vw, (min-width: 784px) 397px, (min-width: 712px) 595px, (min-width: 640px) 712px, \" \/><\/a><\/div><\/div><div style=\"padding:5px;\" class=\"fusion-grid-column fusion-gallery-column fusion-gallery-column-3 hover-type-none\"><div class=\"fusion-gallery-image\"><a href=\"https:\/\/www.evomax.fi\/wp-content\/uploads\/2025\/02\/kuva-15.jpg\" rel=\"noreferrer\" data-rel=\"iLightbox[gallery_image_1]\" class=\"fusion-lightbox\" target=\"_self\"><img decoding=\"async\" src=\"https:\/\/www.evomax.fi\/wp-content\/uploads\/2025\/02\/kuva-15.jpg\" width=\"1024\" height=\"768\" alt=\"\" title=\"kuva 15\" aria-label=\"kuva 15\" class=\"img-responsive wp-image-9830\" srcset=\"https:\/\/www.evomax.fi\/wp-content\/uploads\/2025\/02\/kuva-15-200x150.jpg 200w, https:\/\/www.evomax.fi\/wp-content\/uploads\/2025\/02\/kuva-15-400x300.jpg 400w, https:\/\/www.evomax.fi\/wp-content\/uploads\/2025\/02\/kuva-15-600x450.jpg 600w, https:\/\/www.evomax.fi\/wp-content\/uploads\/2025\/02\/kuva-15-800x600.jpg 800w, https:\/\/www.evomax.fi\/wp-content\/uploads\/2025\/02\/kuva-15.jpg 1024w\" sizes=\"(min-width: 2200px) 100vw, (min-width: 784px) 397px, (min-width: 712px) 595px, (min-width: 640px) 712px, \" \/><\/a><\/div><\/div><div class=\"clearfix\"><\/div><div style=\"padding:5px;\" class=\"fusion-grid-column fusion-gallery-column fusion-gallery-column-3 hover-type-none\"><div class=\"fusion-gallery-image\"><a href=\"https:\/\/www.evomax.fi\/wp-content\/uploads\/2025\/02\/kuva-13.jpg\" rel=\"noreferrer\" data-rel=\"iLightbox[gallery_image_1]\" class=\"fusion-lightbox\" target=\"_self\"><img decoding=\"async\" src=\"https:\/\/www.evomax.fi\/wp-content\/uploads\/2025\/02\/kuva-13.jpg\" width=\"1024\" height=\"768\" alt=\"\" title=\"kuva 13\" aria-label=\"kuva 13\" class=\"img-responsive wp-image-9828\" srcset=\"https:\/\/www.evomax.fi\/wp-content\/uploads\/2025\/02\/kuva-13-200x150.jpg 200w, https:\/\/www.evomax.fi\/wp-content\/uploads\/2025\/02\/kuva-13-400x300.jpg 400w, https:\/\/www.evomax.fi\/wp-content\/uploads\/2025\/02\/kuva-13-600x450.jpg 600w, https:\/\/www.evomax.fi\/wp-content\/uploads\/2025\/02\/kuva-13-800x600.jpg 800w, https:\/\/www.evomax.fi\/wp-content\/uploads\/2025\/02\/kuva-13.jpg 1024w\" sizes=\"(min-width: 2200px) 100vw, (min-width: 784px) 397px, (min-width: 712px) 595px, (min-width: 640px) 712px, \" \/><\/a><\/div><\/div><div style=\"padding:5px;\" class=\"fusion-grid-column fusion-gallery-column fusion-gallery-column-3 hover-type-none\"><div class=\"fusion-gallery-image\"><a href=\"https:\/\/www.evomax.fi\/wp-content\/uploads\/2025\/02\/kuva-12.jpg\" rel=\"noreferrer\" data-rel=\"iLightbox[gallery_image_1]\" class=\"fusion-lightbox\" target=\"_self\"><img decoding=\"async\" src=\"https:\/\/www.evomax.fi\/wp-content\/uploads\/2025\/02\/kuva-12.jpg\" width=\"1024\" height=\"768\" alt=\"\" title=\"kuva 12\" aria-label=\"kuva 12\" class=\"img-responsive wp-image-9827\" srcset=\"https:\/\/www.evomax.fi\/wp-content\/uploads\/2025\/02\/kuva-12-200x150.jpg 200w, https:\/\/www.evomax.fi\/wp-content\/uploads\/2025\/02\/kuva-12-400x300.jpg 400w, https:\/\/www.evomax.fi\/wp-content\/uploads\/2025\/02\/kuva-12-600x450.jpg 600w, https:\/\/www.evomax.fi\/wp-content\/uploads\/2025\/02\/kuva-12-800x600.jpg 800w, https:\/\/www.evomax.fi\/wp-content\/uploads\/2025\/02\/kuva-12.jpg 1024w\" sizes=\"(min-width: 2200px) 100vw, (min-width: 784px) 397px, (min-width: 712px) 595px, (min-width: 640px) 712px, \" \/><\/a><\/div><\/div><div style=\"padding:5px;\" class=\"fusion-grid-column fusion-gallery-column fusion-gallery-column-3 hover-type-none\"><div class=\"fusion-gallery-image\"><a href=\"https:\/\/www.evomax.fi\/wp-content\/uploads\/2025\/02\/kuva-9.jpg\" rel=\"noreferrer\" data-rel=\"iLightbox[gallery_image_1]\" class=\"fusion-lightbox\" target=\"_self\"><img decoding=\"async\" src=\"https:\/\/www.evomax.fi\/wp-content\/uploads\/2025\/02\/kuva-9.jpg\" width=\"1024\" height=\"768\" alt=\"\" title=\"kuva 9\" aria-label=\"kuva 9\" class=\"img-responsive wp-image-9824\" srcset=\"https:\/\/www.evomax.fi\/wp-content\/uploads\/2025\/02\/kuva-9-200x150.jpg 200w, https:\/\/www.evomax.fi\/wp-content\/uploads\/2025\/02\/kuva-9-400x300.jpg 400w, https:\/\/www.evomax.fi\/wp-content\/uploads\/2025\/02\/kuva-9-600x450.jpg 600w, https:\/\/www.evomax.fi\/wp-content\/uploads\/2025\/02\/kuva-9-800x600.jpg 800w, https:\/\/www.evomax.fi\/wp-content\/uploads\/2025\/02\/kuva-9.jpg 1024w\" sizes=\"(min-width: 2200px) 100vw, (min-width: 784px) 397px, (min-width: 712px) 595px, (min-width: 640px) 712px, \" \/><\/a><\/div><\/div><div class=\"clearfix\"><\/div><div style=\"padding:5px;\" class=\"fusion-grid-column fusion-gallery-column fusion-gallery-column-3 hover-type-none\"><div class=\"fusion-gallery-image\"><a href=\"https:\/\/www.evomax.fi\/wp-content\/uploads\/2025\/02\/kuva-6.jpg\" rel=\"noreferrer\" data-rel=\"iLightbox[gallery_image_1]\" class=\"fusion-lightbox\" target=\"_self\"><img decoding=\"async\" src=\"https:\/\/www.evomax.fi\/wp-content\/uploads\/2025\/02\/kuva-6.jpg\" width=\"1024\" height=\"768\" alt=\"\" title=\"kuva 6\" aria-label=\"kuva 6\" class=\"img-responsive wp-image-9822\" srcset=\"https:\/\/www.evomax.fi\/wp-content\/uploads\/2025\/02\/kuva-6-200x150.jpg 200w, https:\/\/www.evomax.fi\/wp-content\/uploads\/2025\/02\/kuva-6-400x300.jpg 400w, https:\/\/www.evomax.fi\/wp-content\/uploads\/2025\/02\/kuva-6-600x450.jpg 600w, https:\/\/www.evomax.fi\/wp-content\/uploads\/2025\/02\/kuva-6-800x600.jpg 800w, https:\/\/www.evomax.fi\/wp-content\/uploads\/2025\/02\/kuva-6.jpg 1024w\" sizes=\"(min-width: 2200px) 100vw, (min-width: 784px) 397px, (min-width: 712px) 595px, (min-width: 640px) 712px, \" \/><\/a><\/div><\/div><div style=\"padding:5px;\" class=\"fusion-grid-column fusion-gallery-column fusion-gallery-column-3 hover-type-none\"><div class=\"fusion-gallery-image\"><a href=\"https:\/\/www.evomax.fi\/wp-content\/uploads\/2025\/02\/kuva-5.jpg\" rel=\"noreferrer\" data-rel=\"iLightbox[gallery_image_1]\" class=\"fusion-lightbox\" target=\"_self\"><img decoding=\"async\" src=\"https:\/\/www.evomax.fi\/wp-content\/uploads\/2025\/02\/kuva-5.jpg\" width=\"1024\" height=\"768\" alt=\"\" title=\"kuva 5\" aria-label=\"kuva 5\" class=\"img-responsive wp-image-9821\" srcset=\"https:\/\/www.evomax.fi\/wp-content\/uploads\/2025\/02\/kuva-5-200x150.jpg 200w, https:\/\/www.evomax.fi\/wp-content\/uploads\/2025\/02\/kuva-5-400x300.jpg 400w, https:\/\/www.evomax.fi\/wp-content\/uploads\/2025\/02\/kuva-5-600x450.jpg 600w, https:\/\/www.evomax.fi\/wp-content\/uploads\/2025\/02\/kuva-5-800x600.jpg 800w, https:\/\/www.evomax.fi\/wp-content\/uploads\/2025\/02\/kuva-5.jpg 1024w\" sizes=\"(min-width: 2200px) 100vw, (min-width: 784px) 397px, (min-width: 712px) 595px, (min-width: 640px) 712px, \" \/><\/a><\/div><\/div><div style=\"padding:5px;\" class=\"fusion-grid-column fusion-gallery-column fusion-gallery-column-3 hover-type-none\"><div class=\"fusion-gallery-image\"><a href=\"https:\/\/www.evomax.fi\/wp-content\/uploads\/2025\/02\/kuva-4.jpg\" rel=\"noreferrer\" data-rel=\"iLightbox[gallery_image_1]\" class=\"fusion-lightbox\" target=\"_self\"><img decoding=\"async\" src=\"https:\/\/www.evomax.fi\/wp-content\/uploads\/2025\/02\/kuva-4.jpg\" width=\"1024\" height=\"768\" alt=\"\" title=\"kuva 4\" aria-label=\"kuva 4\" class=\"img-responsive wp-image-9820\" srcset=\"https:\/\/www.evomax.fi\/wp-content\/uploads\/2025\/02\/kuva-4-200x150.jpg 200w, https:\/\/www.evomax.fi\/wp-content\/uploads\/2025\/02\/kuva-4-400x300.jpg 400w, https:\/\/www.evomax.fi\/wp-content\/uploads\/2025\/02\/kuva-4-600x450.jpg 600w, https:\/\/www.evomax.fi\/wp-content\/uploads\/2025\/02\/kuva-4-800x600.jpg 800w, https:\/\/www.evomax.fi\/wp-content\/uploads\/2025\/02\/kuva-4.jpg 1024w\" sizes=\"(min-width: 2200px) 100vw, (min-width: 784px) 397px, (min-width: 712px) 595px, (min-width: 640px) 712px, \" \/><\/a><\/div><\/div><div class=\"clearfix\"><\/div><div style=\"padding:5px;\" class=\"fusion-grid-column fusion-gallery-column fusion-gallery-column-3 hover-type-none\"><div class=\"fusion-gallery-image\"><a href=\"https:\/\/www.evomax.fi\/wp-content\/uploads\/2025\/02\/kuva-3.jpg\" rel=\"noreferrer\" data-rel=\"iLightbox[gallery_image_1]\" class=\"fusion-lightbox\" target=\"_self\"><img decoding=\"async\" src=\"https:\/\/www.evomax.fi\/wp-content\/uploads\/2025\/02\/kuva-3.jpg\" width=\"1024\" height=\"768\" alt=\"\" title=\"kuva 3\" aria-label=\"kuva 3\" class=\"img-responsive wp-image-9819\" srcset=\"https:\/\/www.evomax.fi\/wp-content\/uploads\/2025\/02\/kuva-3-200x150.jpg 200w, https:\/\/www.evomax.fi\/wp-content\/uploads\/2025\/02\/kuva-3-400x300.jpg 400w, https:\/\/www.evomax.fi\/wp-content\/uploads\/2025\/02\/kuva-3-600x450.jpg 600w, https:\/\/www.evomax.fi\/wp-content\/uploads\/2025\/02\/kuva-3-800x600.jpg 800w, https:\/\/www.evomax.fi\/wp-content\/uploads\/2025\/02\/kuva-3.jpg 1024w\" sizes=\"(min-width: 2200px) 100vw, (min-width: 784px) 397px, (min-width: 712px) 595px, (min-width: 640px) 712px, \" \/><\/a><\/div><\/div><\/div><\/div><\/div><\/div><\/div><\/div>","protected":false},"excerpt":{"rendered":"","protected":false},"author":7,"featured_media":0,"parent":4677,"menu_order":0,"comment_status":"closed","ping_status":"closed","template":"100-width.php","meta":{"footnotes":""},"class_list":["post-9816","page","type-page","status-publish","hentry"],"_links":{"self":[{"href":"https:\/\/www.evomax.fi\/en\/wp-json\/wp\/v2\/pages\/9816","targetHints":{"allow":["GET"]}}],"collection":[{"href":"https:\/\/www.evomax.fi\/en\/wp-json\/wp\/v2\/pages"}],"about":[{"href":"https:\/\/www.evomax.fi\/en\/wp-json\/wp\/v2\/types\/page"}],"author":[{"embeddable":true,"href":"https:\/\/www.evomax.fi\/en\/wp-json\/wp\/v2\/users\/7"}],"replies":[{"embeddable":true,"href":"https:\/\/www.evomax.fi\/en\/wp-json\/wp\/v2\/comments?post=9816"}],"version-history":[{"count":9,"href":"https:\/\/www.evomax.fi\/en\/wp-json\/wp\/v2\/pages\/9816\/revisions"}],"predecessor-version":[{"id":9844,"href":"https:\/\/www.evomax.fi\/en\/wp-json\/wp\/v2\/pages\/9816\/revisions\/9844"}],"up":[{"embeddable":true,"href":"https:\/\/www.evomax.fi\/en\/wp-json\/wp\/v2\/pages\/4677"}],"wp:attachment":[{"href":"https:\/\/www.evomax.fi\/en\/wp-json\/wp\/v2\/media?parent=9816"}],"curies":[{"name":"wp","href":"https:\/\/api.w.org\/{rel}","templated":true}]}}