{"id":9932,"date":"2025-04-16T07:42:39","date_gmt":"2025-04-16T07:42:39","guid":{"rendered":"https:\/\/www.evomax.fi\/?page_id=9932"},"modified":"2025-04-16T07:42:39","modified_gmt":"2025-04-16T07:42:39","slug":"viisiakselinen-koneistuskeskus-kiramura-mytrunnion","status":"publish","type":"page","link":"https:\/\/www.evomax.fi\/en\/tuotteet-2\/kaytetyt-koneet\/viisiakselinen-koneistuskeskus-kiramura-mytrunnion\/","title":{"rendered":"Viisiakselinen koneistuskeskus Kitamura Mytrunnion-4G"},"content":{"rendered":"<div class=\"fusion-fullwidth fullwidth-box fusion-builder-row-1 fusion-flex-container has-pattern-background has-mask-background nonhundred-percent-fullwidth non-hundred-percent-height-scrolling\" style=\"--awb-border-radius-top-left:0px;--awb-border-radius-top-right:0px;--awb-border-radius-bottom-right:0px;--awb-border-radius-bottom-left:0px;--awb-flex-wrap:wrap;\" ><div class=\"fusion-builder-row fusion-row fusion-flex-align-items-flex-start fusion-flex-content-wrap\" style=\"max-width:1248px;margin-left: calc(-4% \/ 2 );margin-right: calc(-4% \/ 2 );\"><div class=\"fusion-layout-column fusion_builder_column fusion-builder-column-0 fusion_builder_column_1_1 1_1 fusion-flex-column\" style=\"--awb-bg-size:cover;--awb-width-large:100%;--awb-margin-top-large:0px;--awb-spacing-right-large:1.92%;--awb-margin-bottom-large:20px;--awb-spacing-left-large:1.92%;--awb-width-medium:100%;--awb-order-medium:0;--awb-spacing-right-medium:1.92%;--awb-spacing-left-medium:1.92%;--awb-width-small:100%;--awb-order-small:0;--awb-spacing-right-small:1.92%;--awb-spacing-left-small:1.92%;\"><div class=\"fusion-column-wrapper fusion-column-has-shadow fusion-flex-justify-content-flex-start fusion-content-layout-column\"><div class=\"fusion-title title fusion-title-1 fusion-sep-none fusion-title-text fusion-title-size-four\"><h4 class=\"fusion-title-heading title-heading-left\" style=\"margin:0;text-transform:none;\"><p>Viisiakselinen koneistuskeskus Kitamura Mytrunnion-4G<\/p>\n<h3><\/h3><\/h4><\/div><div class=\"fusion-text fusion-text-1\"><\/div><div ><a class=\"fusion-button button-flat fusion-button-default-size button-default fusion-button-default button-1 fusion-button-default-span fusion-button-default-type\" target=\"_self\" href=\"#\" data-toggle=\"modal\" data-target=\".fusion-modal.kysy-tuotteesta\"><span class=\"fusion-button-text awb-button__text awb-button__text--default\">Kysy tuotteesta<\/span><\/a><\/div><div class=\"fusion-separator fusion-full-width-sep\" style=\"align-self: center;margin-left: auto;margin-right: auto;width:100%;\"><div class=\"fusion-separator-border sep-double\" style=\"--awb-height:20px;--awb-amount:20px;--awb-sep-color:#ffffff;border-color:#ffffff;border-top-width:20px;border-bottom-width:20px;\"><\/div><\/div><div class=\"fusion-modal modal fade modal-1 kysy-tuotteesta\" tabindex=\"-1\" role=\"dialog\" aria-labelledby=\"modal-heading-1\" aria-hidden=\"true\" style=\"--awb-border-color:var(--awb-color3);--awb-background:var(--awb-color1);\"><div class=\"modal-dialog modal-sm\" role=\"document\"><div class=\"modal-content fusion-modal-content\"><div class=\"modal-header\"><button class=\"close\" type=\"button\" data-dismiss=\"modal\" aria-hidden=\"true\" aria-label=\"Close\">\u00d7<\/button><h3 class=\"modal-title\" id=\"modal-heading-1\" data-dismiss=\"modal\" aria-hidden=\"true\">Kysy tuotteesta<\/h3><\/div><div class=\"modal-body fusion-clearfix\">\n\n<div class=\"wpcf7 no-js\" id=\"wpcf7-f7059-o1\" lang=\"fi\" dir=\"ltr\" data-wpcf7-id=\"7059\">\n<div class=\"screen-reader-response\"><p role=\"status\" aria-live=\"polite\" aria-atomic=\"true\"><\/p> <ul><\/ul><\/div>\n<form action=\"\/en\/wp-json\/wp\/v2\/pages\/9932#wpcf7-f7059-o1\" method=\"post\" class=\"wpcf7-form init\" aria-label=\"Yhteydenottolomake\" novalidate=\"novalidate\" data-status=\"init\" data-trp-original-action=\"\/en\/wp-json\/wp\/v2\/pages\/9932#wpcf7-f7059-o1\">\n<fieldset class=\"hidden-fields-container\"><input type=\"hidden\" name=\"_wpcf7\" value=\"7059\" \/><input type=\"hidden\" name=\"_wpcf7_version\" value=\"6.1.5\" \/><input type=\"hidden\" name=\"_wpcf7_locale\" value=\"fi\" \/><input type=\"hidden\" name=\"_wpcf7_unit_tag\" value=\"wpcf7-f7059-o1\" \/><input type=\"hidden\" name=\"_wpcf7_container_post\" value=\"0\" \/><input type=\"hidden\" name=\"_wpcf7_posted_data_hash\" value=\"\" \/><input type=\"hidden\" name=\"redirect_nonce\" value=\"a9ef7b9c77\" \/><input type=\"hidden\" name=\"wpcf7cfpdf_hidden_name\" value=\"document-pdf\" \/><input type=\"hidden\" name=\"wpcf7cfpdf_hidden_reference\" value=\"4a5fdae6\" \/><input type=\"hidden\" name=\"wpcf7cfpdf_hidden_date\" value=\"04182026\" \/><input type=\"hidden\" name=\"_wpcf7_recaptcha_response\" value=\"\" \/>\n<\/fieldset>\n<p><label> Name (required)<br \/>\n<span class=\"wpcf7-form-control-wrap\" data-name=\"your-name\"><input size=\"40\" maxlength=\"400\" class=\"wpcf7-form-control wpcf7-text wpcf7-validates-as-required\" autocomplete=\"name\" aria-required=\"true\" aria-invalid=\"false\" value=\"\" type=\"text\" name=\"your-name\" \/><\/span> <\/label>\n<\/p>\n<p><label> Email (required)<br \/>\n<span class=\"wpcf7-form-control-wrap\" data-name=\"your-email\"><input size=\"40\" maxlength=\"400\" class=\"wpcf7-form-control wpcf7-email wpcf7-validates-as-required wpcf7-text wpcf7-validates-as-email\" autocomplete=\"email\" aria-required=\"true\" aria-invalid=\"false\" value=\"\" type=\"email\" name=\"your-email\" \/><\/span> <\/label>\n<\/p>\n<p><label> Subject<br \/>\n<span class=\"wpcf7-form-control-wrap\" data-name=\"your-subject\"><input size=\"40\" maxlength=\"400\" class=\"wpcf7-form-control wpcf7-text wpcf7-validates-as-required\" aria-required=\"true\" aria-invalid=\"false\" value=\"\" type=\"text\" name=\"your-subject\" \/><\/span> <\/label>\n<\/p>\n<p><label> Message<br \/>\n<span class=\"wpcf7-form-control-wrap\" data-name=\"your-message\"><textarea cols=\"40\" rows=\"10\" maxlength=\"2000\" class=\"wpcf7-form-control wpcf7-textarea\" aria-invalid=\"false\" name=\"your-message\"><\/textarea><\/span> <\/label>\n<\/p>\n<input class=\"wpcf7-form-control wpcf7-hidden\" id=\"visitor_id\" value=\"\" type=\"hidden\" name=\"visitor_id\" \/>\n<p><input class=\"wpcf7-form-control wpcf7-submit has-spinner\" type=\"submit\" value=\"Send\" \/>\n<\/p><div class=\"fusion-alert alert custom alert-custom fusion-alert-center wpcf7-response-output awb-alert-native-link-color alert-dismissable awb-alert-close-boxed\" style=\"--awb-border-size:1px;--awb-border-top-left-radius:0px;--awb-border-top-right-radius:0px;--awb-border-bottom-left-radius:0px;--awb-border-bottom-right-radius:0px;\" role=\"alert\"><div class=\"fusion-alert-content-wrapper\"><span class=\"fusion-alert-content\"><\/span><\/div><button type=\"button\" class=\"close toggle-alert\" data-dismiss=\"alert\" aria-label=\"Close\">\u00d7<\/button><\/div>\n<input type=\"hidden\" name=\"trp-form-language\" value=\"en\"\/><\/form>\n<\/div>\n\n<\/div><div class=\"modal-footer\"><button class=\"fusion-button button-default button-medium button default medium\" type=\"button\" data-dismiss=\"modal\">Close<\/button><\/div><\/div><\/div><\/div><\/div><\/div><div class=\"fusion-layout-column fusion_builder_column fusion-builder-column-1 fusion_builder_column_1_2 1_2 fusion-flex-column\" style=\"--awb-bg-size:cover;--awb-width-large:50%;--awb-margin-top-large:0px;--awb-spacing-right-large:3.84%;--awb-margin-bottom-large:20px;--awb-spacing-left-large:3.84%;--awb-width-medium:50%;--awb-order-medium:0;--awb-spacing-right-medium:3.84%;--awb-spacing-left-medium:3.84%;--awb-width-small:100%;--awb-order-small:0;--awb-spacing-right-small:1.92%;--awb-spacing-left-small:1.92%;\"><div class=\"fusion-column-wrapper fusion-column-has-shadow fusion-flex-justify-content-flex-start fusion-content-layout-column\">\n<div class=\"table-1\">\n<table width=\"945\">\n<tbody>\n<tr>\n<td width=\"441\">MACHINE DATA SHEET \/ KONEEN TIEDOT<\/td>\n<td width=\"376\">Kitamura Mytrunnion-4G<\/td>\n<td width=\"64\"><\/td>\n<td width=\"64\"><\/td>\n<\/tr>\n<tr>\n<td>Brand \/ Merkki<\/td>\n<td>Kitamura<\/td>\n<td><\/td>\n<td><\/td>\n<\/tr>\n<tr>\n<td>Model \/ Malli<\/td>\n<td>Mytrunnion-4G<\/td>\n<td><\/td>\n<td><\/td>\n<\/tr>\n<tr>\n<td>Category<\/td>\n<td>Machining centers \/ Koneistuskeskukset<\/td>\n<td><\/td>\n<td><\/td>\n<\/tr>\n<tr>\n<td>Subcategory<\/td>\n<td>Machining centers (vertical) \/ Koneistuskeskukset (pystykaraiset)<\/td>\n<td><\/td>\n<td><\/td>\n<\/tr>\n<tr>\n<td>Construction year \/ Valmistusvuosi<\/td>\n<td>2015<\/td>\n<td><\/td>\n<td><\/td>\n<\/tr>\n<tr>\n<td>Location \/ Sijainti<\/td>\n<td>Germany<\/td>\n<td><\/td>\n<td><\/td>\n<\/tr>\n<tr>\n<td>Availability \/ Saatavuus<\/td>\n<td>Immediately<\/td>\n<td><\/td>\n<td><\/td>\n<\/tr>\n<tr>\n<td>Control \/ Ohjaus<\/td>\n<td>Arumatik-Mi<\/td>\n<td><\/td>\n<td><\/td>\n<\/tr>\n<tr>\n<td>Spinde speed range \/ Karan kierrosalue<\/td>\n<td>40-15000<\/td>\n<td colspan=\"2\">r\/min \/ 1\/min<\/td>\n<\/tr>\n<tr>\n<td>Through Spindle cooling \/ L\u00e4pikaran j\u00e4\u00e4hdytys<\/td>\n<td>30<\/td>\n<td>bar \/ bar<\/td>\n<td><\/td>\n<\/tr>\n<tr>\n<td>Workpiece max weight \/ Kappaleen maksimipaino<\/td>\n<td>200<\/td>\n<td>kg<\/td>\n<td><\/td>\n<\/tr>\n<tr>\n<td>Table diameter \/ Halkaisija<\/td>\n<td>400<\/td>\n<td>mm<\/td>\n<td><\/td>\n<\/tr>\n<tr>\n<td>MOVEMENT LENGTHS \/ LIIKEPITUUDET<\/td>\n<td><\/td>\n<td><\/td>\n<td><\/td>\n<\/tr>\n<tr>\n<td>X-movement \/ X-liike<\/td>\n<td>610<\/td>\n<td colspan=\"2\">mm \/ mm<\/td>\n<\/tr>\n<tr>\n<td>Y-movement \/ Y-liike<\/td>\n<td>610<\/td>\n<td colspan=\"2\">mm \/ mm<\/td>\n<\/tr>\n<tr>\n<td>Z-movement \/ Z-liike<\/td>\n<td>500<\/td>\n<td colspan=\"2\">mm \/ mm<\/td>\n<\/tr>\n<tr>\n<td>A-movement \/ A-liike<\/td>\n<td>-120 &#8211; +30<\/td>\n<td colspan=\"2\">degree \/ ast<\/td>\n<\/tr>\n<tr>\n<td>Tool holder type \/ Ty\u00f6kalupitimen tyyppi<\/td>\n<td>HSK 63A<\/td>\n<td><\/td>\n<td><\/td>\n<\/tr>\n<tr>\n<td>Number of tool slots \/ Ty\u00f6kalupaikat<\/td>\n<td>60<\/td>\n<td>pcs \/ kpl<\/td>\n<td><\/td>\n<\/tr>\n<tr>\n<td>Full 5 axis interpolation \/ 5-akselinen interpolaatio<\/td>\n<td>Yes<\/td>\n<td><\/td>\n<td><\/td>\n<\/tr>\n<tr>\n<td>Height \/ Korkeus<\/td>\n<td>9000<\/td>\n<td>mm<\/td>\n<td><\/td>\n<\/tr>\n<\/tbody>\n<\/table>\n<\/div>\n<\/div><\/div><div class=\"fusion-layout-column fusion_builder_column fusion-builder-column-2 fusion_builder_column_1_2 1_2 fusion-flex-column\" style=\"--awb-bg-size:cover;--awb-width-large:50%;--awb-margin-top-large:0px;--awb-spacing-right-large:3.84%;--awb-margin-bottom-large:20px;--awb-spacing-left-large:3.84%;--awb-width-medium:50%;--awb-order-medium:0;--awb-spacing-right-medium:3.84%;--awb-spacing-left-medium:3.84%;--awb-width-small:100%;--awb-order-small:0;--awb-spacing-right-small:1.92%;--awb-spacing-left-small:1.92%;\"><div class=\"fusion-column-wrapper fusion-column-has-shadow fusion-flex-justify-content-flex-start fusion-content-layout-column\"><a class=\"awb-lightbox awb-lightbox-1\" href=\"https:\/\/www.evomax.fi\/wp-content\/uploads\/2025\/04\/Kitamura-Mytrunnion-4G-0-1024x765.jpeg\" data-rel=\"iLightbox\"><img decoding=\"async\" src=\"https:\/\/www.evomax.fi\/wp-content\/uploads\/2025\/04\/Kitamura-Mytrunnion-4G-0-1024x765.jpeg\"><\/a><div class=\"fusion-separator fusion-full-width-sep\" style=\"align-self: center;margin-left: auto;margin-right: auto;width:100%;\"><div class=\"fusion-separator-border sep-double\" style=\"--awb-height:20px;--awb-amount:20px;--awb-sep-color:#ffffff;border-color:#ffffff;border-top-width:20px;border-bottom-width:20px;\"><\/div><\/div><div class=\"awb-gallery-wrapper awb-gallery-wrapper-1 button-span-no\" style=\"--more-btn-alignment:center;\"><div style=\"margin:-5px;--awb-bordersize:0px;\" class=\"fusion-gallery fusion-gallery-container fusion-grid-3 fusion-columns-total-7 fusion-gallery-layout-grid fusion-gallery-1\"><div style=\"padding:5px;\" class=\"fusion-grid-column fusion-gallery-column fusion-gallery-column-3 hover-type-none\"><div class=\"fusion-gallery-image\"><a href=\"https:\/\/www.evomax.fi\/wp-content\/uploads\/2025\/04\/Kitamura-Mytrunnion-4G-8.jpeg\" rel=\"noreferrer\" data-rel=\"iLightbox[gallery_image_1]\" class=\"fusion-lightbox\" target=\"_self\"><img decoding=\"async\" src=\"https:\/\/www.evomax.fi\/wp-content\/uploads\/2025\/04\/Kitamura-Mytrunnion-4G-8.jpeg\" width=\"658\" height=\"492\" alt=\"\" title=\"Kitamura-Mytrunnion-4G-8\" aria-label=\"Kitamura-Mytrunnion-4G-8\" class=\"img-responsive wp-image-9942\" srcset=\"https:\/\/www.evomax.fi\/wp-content\/uploads\/2025\/04\/Kitamura-Mytrunnion-4G-8-200x150.jpeg 200w, https:\/\/www.evomax.fi\/wp-content\/uploads\/2025\/04\/Kitamura-Mytrunnion-4G-8-400x299.jpeg 400w, https:\/\/www.evomax.fi\/wp-content\/uploads\/2025\/04\/Kitamura-Mytrunnion-4G-8-600x449.jpeg 600w, https:\/\/www.evomax.fi\/wp-content\/uploads\/2025\/04\/Kitamura-Mytrunnion-4G-8.jpeg 658w\" sizes=\"(min-width: 2200px) 100vw, (min-width: 784px) 397px, (min-width: 712px) 595px, (min-width: 640px) 712px, \" \/><\/a><\/div><\/div><div style=\"padding:5px;\" class=\"fusion-grid-column fusion-gallery-column fusion-gallery-column-3 hover-type-none\"><div class=\"fusion-gallery-image\"><a href=\"https:\/\/www.evomax.fi\/wp-content\/uploads\/2025\/04\/Kitamura-Mytrunnion-4G-7.jpeg\" rel=\"noreferrer\" data-rel=\"iLightbox[gallery_image_1]\" class=\"fusion-lightbox\" target=\"_self\"><img decoding=\"async\" src=\"https:\/\/www.evomax.fi\/wp-content\/uploads\/2025\/04\/Kitamura-Mytrunnion-4G-7.jpeg\" width=\"648\" height=\"799\" alt=\"\" title=\"Kitamura-Mytrunnion-4G-7\" aria-label=\"Kitamura-Mytrunnion-4G-7\" class=\"img-responsive wp-image-9941\" srcset=\"https:\/\/www.evomax.fi\/wp-content\/uploads\/2025\/04\/Kitamura-Mytrunnion-4G-7-200x247.jpeg 200w, https:\/\/www.evomax.fi\/wp-content\/uploads\/2025\/04\/Kitamura-Mytrunnion-4G-7-400x493.jpeg 400w, https:\/\/www.evomax.fi\/wp-content\/uploads\/2025\/04\/Kitamura-Mytrunnion-4G-7-600x740.jpeg 600w, https:\/\/www.evomax.fi\/wp-content\/uploads\/2025\/04\/Kitamura-Mytrunnion-4G-7.jpeg 648w\" sizes=\"(min-width: 2200px) 100vw, (min-width: 784px) 397px, (min-width: 712px) 595px, (min-width: 640px) 712px, \" \/><\/a><\/div><\/div><div style=\"padding:5px;\" class=\"fusion-grid-column fusion-gallery-column fusion-gallery-column-3 hover-type-none\"><div class=\"fusion-gallery-image\"><a href=\"https:\/\/www.evomax.fi\/wp-content\/uploads\/2025\/04\/Kitamura-Mytrunnion-4G-6.jpeg\" rel=\"noreferrer\" data-rel=\"iLightbox[gallery_image_1]\" class=\"fusion-lightbox\" target=\"_self\"><img decoding=\"async\" src=\"https:\/\/www.evomax.fi\/wp-content\/uploads\/2025\/04\/Kitamura-Mytrunnion-4G-6.jpeg\" width=\"514\" height=\"388\" alt=\"\" title=\"Kitamura-Mytrunnion-4G-6\" aria-label=\"Kitamura-Mytrunnion-4G-6\" class=\"img-responsive wp-image-9940\" srcset=\"https:\/\/www.evomax.fi\/wp-content\/uploads\/2025\/04\/Kitamura-Mytrunnion-4G-6-200x151.jpeg 200w, https:\/\/www.evomax.fi\/wp-content\/uploads\/2025\/04\/Kitamura-Mytrunnion-4G-6-400x302.jpeg 400w, https:\/\/www.evomax.fi\/wp-content\/uploads\/2025\/04\/Kitamura-Mytrunnion-4G-6.jpeg 514w\" sizes=\"(min-width: 2200px) 100vw, (min-width: 784px) 397px, (min-width: 712px) 595px, (min-width: 640px) 712px, \" \/><\/a><\/div><\/div><div class=\"clearfix\"><\/div><div style=\"padding:5px;\" class=\"fusion-grid-column fusion-gallery-column fusion-gallery-column-3 hover-type-none\"><div class=\"fusion-gallery-image\"><a href=\"https:\/\/www.evomax.fi\/wp-content\/uploads\/2025\/04\/Kitamura-Mytrunnion-4G-5.jpeg\" rel=\"noreferrer\" data-rel=\"iLightbox[gallery_image_1]\" class=\"fusion-lightbox\" target=\"_self\"><img decoding=\"async\" src=\"https:\/\/www.evomax.fi\/wp-content\/uploads\/2025\/04\/Kitamura-Mytrunnion-4G-5.jpeg\" width=\"403\" height=\"591\" alt=\"\" title=\"Kitamura-Mytrunnion-4G-5\" aria-label=\"Kitamura-Mytrunnion-4G-5\" class=\"img-responsive wp-image-9939\" srcset=\"https:\/\/www.evomax.fi\/wp-content\/uploads\/2025\/04\/Kitamura-Mytrunnion-4G-5-200x293.jpeg 200w, https:\/\/www.evomax.fi\/wp-content\/uploads\/2025\/04\/Kitamura-Mytrunnion-4G-5-400x587.jpeg 400w, https:\/\/www.evomax.fi\/wp-content\/uploads\/2025\/04\/Kitamura-Mytrunnion-4G-5.jpeg 403w\" sizes=\"(min-width: 2200px) 100vw, (min-width: 784px) 397px, (min-width: 712px) 595px, (min-width: 640px) 712px, \" \/><\/a><\/div><\/div><div style=\"padding:5px;\" class=\"fusion-grid-column fusion-gallery-column fusion-gallery-column-3 hover-type-none\"><div class=\"fusion-gallery-image\"><a href=\"https:\/\/www.evomax.fi\/wp-content\/uploads\/2025\/04\/Kitamura-Mytrunnion-4G-4-e1760184186944.jpeg\" rel=\"noreferrer\" data-rel=\"iLightbox[gallery_image_1]\" class=\"fusion-lightbox\" target=\"_self\"><img decoding=\"async\" src=\"https:\/\/www.evomax.fi\/wp-content\/uploads\/2025\/04\/Kitamura-Mytrunnion-4G-4-e1760184186944.jpeg\" width=\"505\" height=\"505\" alt=\"\" title=\"Kitamura-Mytrunnion-4G-4\" aria-label=\"Kitamura-Mytrunnion-4G-4\" class=\"img-responsive wp-image-9938\" srcset=\"https:\/\/www.evomax.fi\/wp-content\/uploads\/2025\/04\/Kitamura-Mytrunnion-4G-4-e1760184186944-200x200.jpeg 200w, https:\/\/www.evomax.fi\/wp-content\/uploads\/2025\/04\/Kitamura-Mytrunnion-4G-4-e1760184186944-400x400.jpeg 400w, https:\/\/www.evomax.fi\/wp-content\/uploads\/2025\/04\/Kitamura-Mytrunnion-4G-4-e1760184186944.jpeg 505w\" sizes=\"(min-width: 2200px) 100vw, (min-width: 784px) 397px, (min-width: 712px) 595px, (min-width: 640px) 712px, \" \/><\/a><\/div><\/div><div style=\"padding:5px;\" class=\"fusion-grid-column fusion-gallery-column fusion-gallery-column-3 hover-type-none\"><div class=\"fusion-gallery-image\"><a href=\"https:\/\/www.evomax.fi\/wp-content\/uploads\/2025\/04\/Kitamura-Mytrunnion-4G-3.jpeg\" rel=\"noreferrer\" data-rel=\"iLightbox[gallery_image_1]\" class=\"fusion-lightbox\" target=\"_self\"><img decoding=\"async\" src=\"https:\/\/www.evomax.fi\/wp-content\/uploads\/2025\/04\/Kitamura-Mytrunnion-4G-3.jpeg\" width=\"458\" height=\"610\" alt=\"\" title=\"Kitamura-Mytrunnion-4G-3\" aria-label=\"Kitamura-Mytrunnion-4G-3\" class=\"img-responsive wp-image-9937\" srcset=\"https:\/\/www.evomax.fi\/wp-content\/uploads\/2025\/04\/Kitamura-Mytrunnion-4G-3-200x266.jpeg 200w, https:\/\/www.evomax.fi\/wp-content\/uploads\/2025\/04\/Kitamura-Mytrunnion-4G-3-400x533.jpeg 400w, https:\/\/www.evomax.fi\/wp-content\/uploads\/2025\/04\/Kitamura-Mytrunnion-4G-3.jpeg 458w\" sizes=\"(min-width: 2200px) 100vw, (min-width: 784px) 397px, (min-width: 712px) 595px, (min-width: 640px) 712px, \" \/><\/a><\/div><\/div><div class=\"clearfix\"><\/div><div style=\"padding:5px;\" class=\"fusion-grid-column fusion-gallery-column fusion-gallery-column-3 hover-type-none\"><div class=\"fusion-gallery-image\"><a href=\"https:\/\/www.evomax.fi\/wp-content\/uploads\/2025\/04\/Kitamura-Mytrunnion-4G-1.jpeg\" rel=\"noreferrer\" data-rel=\"iLightbox[gallery_image_1]\" class=\"fusion-lightbox\" target=\"_self\"><img decoding=\"async\" src=\"https:\/\/www.evomax.fi\/wp-content\/uploads\/2025\/04\/Kitamura-Mytrunnion-4G-1.jpeg\" width=\"1039\" height=\"781\" alt=\"\" title=\"Kitamura-Mytrunnion-4G-1\" aria-label=\"Kitamura-Mytrunnion-4G-1\" class=\"img-responsive wp-image-9935\" srcset=\"https:\/\/www.evomax.fi\/wp-content\/uploads\/2025\/04\/Kitamura-Mytrunnion-4G-1-200x150.jpeg 200w, https:\/\/www.evomax.fi\/wp-content\/uploads\/2025\/04\/Kitamura-Mytrunnion-4G-1-400x301.jpeg 400w, https:\/\/www.evomax.fi\/wp-content\/uploads\/2025\/04\/Kitamura-Mytrunnion-4G-1-600x451.jpeg 600w, https:\/\/www.evomax.fi\/wp-content\/uploads\/2025\/04\/Kitamura-Mytrunnion-4G-1-800x601.jpeg 800w, https:\/\/www.evomax.fi\/wp-content\/uploads\/2025\/04\/Kitamura-Mytrunnion-4G-1.jpeg 1039w\" sizes=\"(min-width: 2200px) 100vw, (min-width: 784px) 397px, (min-width: 712px) 595px, (min-width: 640px) 712px, \" \/><\/a><\/div><\/div><\/div><\/div><\/div><\/div><\/div><\/div>","protected":false},"excerpt":{"rendered":"","protected":false},"author":7,"featured_media":0,"parent":4677,"menu_order":0,"comment_status":"closed","ping_status":"closed","template":"100-width.php","meta":{"footnotes":""},"class_list":["post-9932","page","type-page","status-publish","hentry"],"_links":{"self":[{"href":"https:\/\/www.evomax.fi\/en\/wp-json\/wp\/v2\/pages\/9932","targetHints":{"allow":["GET"]}}],"collection":[{"href":"https:\/\/www.evomax.fi\/en\/wp-json\/wp\/v2\/pages"}],"about":[{"href":"https:\/\/www.evomax.fi\/en\/wp-json\/wp\/v2\/types\/page"}],"author":[{"embeddable":true,"href":"https:\/\/www.evomax.fi\/en\/wp-json\/wp\/v2\/users\/7"}],"replies":[{"embeddable":true,"href":"https:\/\/www.evomax.fi\/en\/wp-json\/wp\/v2\/comments?post=9932"}],"version-history":[{"count":4,"href":"https:\/\/www.evomax.fi\/en\/wp-json\/wp\/v2\/pages\/9932\/revisions"}],"predecessor-version":[{"id":9945,"href":"https:\/\/www.evomax.fi\/en\/wp-json\/wp\/v2\/pages\/9932\/revisions\/9945"}],"up":[{"embeddable":true,"href":"https:\/\/www.evomax.fi\/en\/wp-json\/wp\/v2\/pages\/4677"}],"wp:attachment":[{"href":"https:\/\/www.evomax.fi\/en\/wp-json\/wp\/v2\/media?parent=9932"}],"curies":[{"name":"wp","href":"https:\/\/api.w.org\/{rel}","templated":true}]}}