{"id":9969,"date":"2025-05-07T13:22:07","date_gmt":"2025-05-07T13:22:07","guid":{"rendered":"https:\/\/www.evomax.fi\/?page_id=9969"},"modified":"2025-05-22T07:46:01","modified_gmt":"2025-05-22T07:46:01","slug":"cnc-sorvi-topper","status":"publish","type":"page","link":"https:\/\/www.evomax.fi\/en\/tuotteet-2\/kaytetyt-koneet\/cnc-sorvi-topper\/","title":{"rendered":"CNC-sorvi Topper"},"content":{"rendered":"<div class=\"fusion-fullwidth fullwidth-box fusion-builder-row-1 fusion-flex-container has-pattern-background has-mask-background nonhundred-percent-fullwidth non-hundred-percent-height-scrolling\" style=\"--awb-border-radius-top-left:0px;--awb-border-radius-top-right:0px;--awb-border-radius-bottom-right:0px;--awb-border-radius-bottom-left:0px;--awb-flex-wrap:wrap;\" ><div class=\"fusion-builder-row fusion-row fusion-flex-align-items-flex-start fusion-flex-content-wrap\" style=\"max-width:1248px;margin-left: calc(-4% \/ 2 );margin-right: calc(-4% \/ 2 );\"><div class=\"fusion-layout-column fusion_builder_column fusion-builder-column-0 fusion_builder_column_1_1 1_1 fusion-flex-column\" style=\"--awb-bg-size:cover;--awb-width-large:100%;--awb-margin-top-large:0px;--awb-spacing-right-large:1.92%;--awb-margin-bottom-large:20px;--awb-spacing-left-large:1.92%;--awb-width-medium:100%;--awb-order-medium:0;--awb-spacing-right-medium:1.92%;--awb-spacing-left-medium:1.92%;--awb-width-small:100%;--awb-order-small:0;--awb-spacing-right-small:1.92%;--awb-spacing-left-small:1.92%;\"><div class=\"fusion-column-wrapper fusion-column-has-shadow fusion-flex-justify-content-flex-start fusion-content-layout-column\"><div class=\"fusion-title title fusion-title-1 fusion-sep-none fusion-title-text fusion-title-size-four\"><h4 class=\"fusion-title-heading title-heading-left\" style=\"margin:0;text-transform:none;\"><p>CNC-sorvi Topper TB-35YMBC<\/p>\n<h3>MYYTY!<\/h3><\/h4><\/div><div class=\"fusion-text fusion-text-1\"><\/div><\/div><\/div><div class=\"fusion-layout-column fusion_builder_column fusion-builder-column-1 fusion_builder_column_1_2 1_2 fusion-flex-column\" style=\"--awb-bg-size:cover;--awb-width-large:50%;--awb-margin-top-large:0px;--awb-spacing-right-large:3.84%;--awb-margin-bottom-large:20px;--awb-spacing-left-large:3.84%;--awb-width-medium:50%;--awb-order-medium:0;--awb-spacing-right-medium:3.84%;--awb-spacing-left-medium:3.84%;--awb-width-small:100%;--awb-order-small:0;--awb-spacing-right-small:1.92%;--awb-spacing-left-small:1.92%;\"><div class=\"fusion-column-wrapper fusion-column-has-shadow fusion-flex-justify-content-flex-start fusion-content-layout-column\">\n<div class=\"table-1\">\n<table width=\"622\">\n<tbody>\n<tr>\n<td width=\"366\">MACHINE DATA SHEET \/ KONEEN TIEDOT<\/td>\n<td width=\"192\">Topper TB-35YMBC<\/td>\n<td width=\"64\"><\/td>\n<\/tr>\n<tr>\n<td>Brand \/ Merkki<\/td>\n<td>Topper<\/td>\n<td><\/td>\n<\/tr>\n<tr>\n<td>Model \/ Malli<\/td>\n<td>TB-35YMBC<\/td>\n<td><\/td>\n<\/tr>\n<tr>\n<td>Category<\/td>\n<td>Lathes \/ Sorvit<\/td>\n<td><\/td>\n<\/tr>\n<tr>\n<td>Subcategory<\/td>\n<td>CNC lathes \/ CNC-sorvit<\/td>\n<td><\/td>\n<\/tr>\n<tr>\n<td>Construction year \/ Valmistusvuosi<\/td>\n<td>2006<\/td>\n<td><\/td>\n<\/tr>\n<tr>\n<td>Location \/ Sijainti<\/td>\n<td>Finland<\/td>\n<td><\/td>\n<\/tr>\n<tr>\n<td>Country of origin \/ Alkuper\u00e4maa<\/td>\n<td>Taiwan<\/td>\n<td><\/td>\n<\/tr>\n<tr>\n<td>Stock number \/ Varastonumero<\/td>\n<td>1139<\/td>\n<td><\/td>\n<\/tr>\n<tr>\n<td>Availability \/ Saatavuus<\/td>\n<td>Immediately<\/td>\n<td><\/td>\n<\/tr>\n<tr>\n<td>Control \/ Ohjaus<\/td>\n<td>Fanuc<\/td>\n<td><\/td>\n<\/tr>\n<tr>\n<td>Control language \/ Ohjauksen kieli<\/td>\n<td>English<\/td>\n<td><\/td>\n<\/tr>\n<tr>\n<td>Spinde speed range \/ Karan kierrosalue<\/td>\n<td>3500<\/td>\n<td>r\/min<\/td>\n<\/tr>\n<tr>\n<td>Spindle bore \/ Karaporaus<\/td>\n<td>64<\/td>\n<td><\/td>\n<\/tr>\n<tr>\n<td>Spindle nose \/ Karan p\u00e4\u00e4<\/td>\n<td>A2-8<\/td>\n<td><\/td>\n<\/tr>\n<tr>\n<td>Spinde power \/ Karateho<\/td>\n<td>14<\/td>\n<td>kW<\/td>\n<\/tr>\n<tr>\n<td>Spindle torque \/ Karan v\u00e4\u00e4nt\u00f6<\/td>\n<td>477<\/td>\n<td>mm (in)<\/td>\n<\/tr>\n<tr>\n<td>Chuck dia. \/ Pakan halkaisija<\/td>\n<td>250<\/td>\n<td>mm (in)<\/td>\n<\/tr>\n<tr>\n<td>Subspindle speed range \/ Vastakaran kierrosalue<\/td>\n<td>5000<\/td>\n<td>r\/min<\/td>\n<\/tr>\n<tr>\n<td>Swing over carriage \/ Py\u00f6r\u00e4hdyshalkaisija kelkalla<\/td>\n<td>430<\/td>\n<td>mm<\/td>\n<\/tr>\n<tr>\n<td>Z-movement \/ Z-liike<\/td>\n<td>660<\/td>\n<td>mm<\/td>\n<\/tr>\n<tr>\n<td>X-movement \/ X-liike<\/td>\n<td>260<\/td>\n<td>mm<\/td>\n<\/tr>\n<tr>\n<td>Y-movement \/ Y-liike<\/td>\n<td>+51 &#8211; -51<\/td>\n<td>mm<\/td>\n<\/tr>\n<tr>\n<td>Tool holder type \/ Ty\u00f6kalupitimen tyyppi<\/td>\n<td>VDI-40<\/td>\n<td><\/td>\n<\/tr>\n<tr>\n<td>Number of tool slots \/ Ty\u00f6kalupaikat<\/td>\n<td>12<\/td>\n<td>pcs<\/td>\n<\/tr>\n<tr>\n<td>Rotating tools \/ Py\u00f6riv\u00e4t ty\u00f6kalut<\/td>\n<td>4000<\/td>\n<td>r\/min<\/td>\n<\/tr>\n<tr>\n<td>Rotating tools \/ Py\u00f6riv\u00e4t ty\u00f6kalut<\/td>\n<td>3,7<\/td>\n<td>kW<\/td>\n<\/tr>\n<tr>\n<td>Chip conveyor \/ Lastunkuljetin<\/td>\n<td>Yes<\/td>\n<td><\/td>\n<\/tr>\n<tr>\n<td>Toolsetter \/ Ty\u00f6kalun asetin<\/td>\n<td>Yes<\/td>\n<td><\/td>\n<\/tr>\n<tr>\n<td>MACHINE DIMENSIONS \/ KONEEN ULKOMITAT<\/td>\n<td><\/td>\n<td><\/td>\n<\/tr>\n<tr>\n<td>Width \/ Leveys<\/td>\n<td>2900<\/td>\n<td>mm<\/td>\n<\/tr>\n<tr>\n<td>Depth \/ Syvyys<\/td>\n<td>2100<\/td>\n<td>mm<\/td>\n<\/tr>\n<tr>\n<td>Height \/ Korkeus<\/td>\n<td>2140<\/td>\n<td>mm<\/td>\n<\/tr>\n<tr>\n<td>Machine weight \/ Koneen paino<\/td>\n<td>6200<\/td>\n<td>kg<\/td>\n<\/tr>\n<\/tbody>\n<\/table>\n<\/div>\n<\/div><\/div><div class=\"fusion-layout-column fusion_builder_column fusion-builder-column-2 fusion_builder_column_1_2 1_2 fusion-flex-column\" style=\"--awb-bg-size:cover;--awb-width-large:50%;--awb-margin-top-large:0px;--awb-spacing-right-large:3.84%;--awb-margin-bottom-large:20px;--awb-spacing-left-large:3.84%;--awb-width-medium:50%;--awb-order-medium:0;--awb-spacing-right-medium:3.84%;--awb-spacing-left-medium:3.84%;--awb-width-small:100%;--awb-order-small:0;--awb-spacing-right-small:1.92%;--awb-spacing-left-small:1.92%;\"><div class=\"fusion-column-wrapper fusion-column-has-shadow fusion-flex-justify-content-flex-start fusion-content-layout-column\"><a class=\"awb-lightbox awb-lightbox-1\" href=\"https:\/\/www.evomax.fi\/wp-content\/uploads\/2025\/05\/20250303_083625650_iOS-1024x768.jpg\" data-rel=\"iLightbox\"><img decoding=\"async\" src=\"https:\/\/www.evomax.fi\/wp-content\/uploads\/2025\/05\/20250303_083625650_iOS-1024x768.jpg\"><\/a><div class=\"fusion-separator fusion-full-width-sep\" style=\"align-self: center;margin-left: auto;margin-right: auto;width:100%;\"><div class=\"fusion-separator-border sep-double\" style=\"--awb-height:20px;--awb-amount:20px;--awb-sep-color:#ffffff;border-color:#ffffff;border-top-width:20px;border-bottom-width:20px;\"><\/div><\/div><div class=\"awb-gallery-wrapper awb-gallery-wrapper-1 button-span-no\" style=\"--more-btn-alignment:center;\"><div style=\"margin:-5px;--awb-bordersize:0px;\" class=\"fusion-gallery fusion-gallery-container fusion-grid-3 fusion-columns-total-8 fusion-gallery-layout-grid fusion-gallery-1\"><div style=\"padding:5px;\" class=\"fusion-grid-column fusion-gallery-column fusion-gallery-column-3 hover-type-none\"><div class=\"fusion-gallery-image\"><a href=\"https:\/\/www.evomax.fi\/wp-content\/uploads\/2025\/05\/20250303_084106466_iOS-scaled.jpg\" rel=\"noreferrer\" data-rel=\"iLightbox[gallery_image_1]\" class=\"fusion-lightbox\" target=\"_self\"><img decoding=\"async\" src=\"https:\/\/www.evomax.fi\/wp-content\/uploads\/2025\/05\/20250303_084106466_iOS-scaled.jpg\" width=\"2560\" height=\"1920\" alt=\"\" title=\"20250303_084106466_iOS\" aria-label=\"20250303_084106466_iOS\" class=\"img-responsive wp-image-9975\" srcset=\"https:\/\/www.evomax.fi\/wp-content\/uploads\/2025\/05\/20250303_084106466_iOS-200x150.jpg 200w, https:\/\/www.evomax.fi\/wp-content\/uploads\/2025\/05\/20250303_084106466_iOS-400x300.jpg 400w, https:\/\/www.evomax.fi\/wp-content\/uploads\/2025\/05\/20250303_084106466_iOS-600x450.jpg 600w, https:\/\/www.evomax.fi\/wp-content\/uploads\/2025\/05\/20250303_084106466_iOS-800x600.jpg 800w, https:\/\/www.evomax.fi\/wp-content\/uploads\/2025\/05\/20250303_084106466_iOS-1200x900.jpg 1200w, https:\/\/www.evomax.fi\/wp-content\/uploads\/2025\/05\/20250303_084106466_iOS-scaled.jpg 2560w\" sizes=\"(min-width: 2200px) 100vw, (min-width: 784px) 397px, (min-width: 712px) 595px, (min-width: 640px) 712px, \" \/><\/a><\/div><\/div><div style=\"padding:5px;\" class=\"fusion-grid-column fusion-gallery-column fusion-gallery-column-3 hover-type-none\"><div class=\"fusion-gallery-image\"><a href=\"https:\/\/www.evomax.fi\/wp-content\/uploads\/2025\/05\/20250303_084048687_iOS-scaled.jpg\" rel=\"noreferrer\" data-rel=\"iLightbox[gallery_image_1]\" class=\"fusion-lightbox\" target=\"_self\"><img decoding=\"async\" src=\"https:\/\/www.evomax.fi\/wp-content\/uploads\/2025\/05\/20250303_084048687_iOS-scaled.jpg\" width=\"2560\" height=\"1920\" alt=\"\" title=\"20250303_084048687_iOS\" aria-label=\"20250303_084048687_iOS\" class=\"img-responsive wp-image-9974\" srcset=\"https:\/\/www.evomax.fi\/wp-content\/uploads\/2025\/05\/20250303_084048687_iOS-200x150.jpg 200w, https:\/\/www.evomax.fi\/wp-content\/uploads\/2025\/05\/20250303_084048687_iOS-400x300.jpg 400w, https:\/\/www.evomax.fi\/wp-content\/uploads\/2025\/05\/20250303_084048687_iOS-600x450.jpg 600w, https:\/\/www.evomax.fi\/wp-content\/uploads\/2025\/05\/20250303_084048687_iOS-800x600.jpg 800w, https:\/\/www.evomax.fi\/wp-content\/uploads\/2025\/05\/20250303_084048687_iOS-1200x900.jpg 1200w, https:\/\/www.evomax.fi\/wp-content\/uploads\/2025\/05\/20250303_084048687_iOS-scaled.jpg 2560w\" sizes=\"(min-width: 2200px) 100vw, (min-width: 784px) 397px, (min-width: 712px) 595px, (min-width: 640px) 712px, \" \/><\/a><\/div><\/div><div style=\"padding:5px;\" class=\"fusion-grid-column fusion-gallery-column fusion-gallery-column-3 hover-type-none\"><div class=\"fusion-gallery-image\"><a href=\"https:\/\/www.evomax.fi\/wp-content\/uploads\/2025\/05\/20250303_084015097_iOS-scaled.jpg\" rel=\"noreferrer\" data-rel=\"iLightbox[gallery_image_1]\" class=\"fusion-lightbox\" target=\"_self\"><img decoding=\"async\" src=\"https:\/\/www.evomax.fi\/wp-content\/uploads\/2025\/05\/20250303_084015097_iOS-scaled.jpg\" width=\"2560\" height=\"1920\" alt=\"\" title=\"20250303_084015097_iOS\" aria-label=\"20250303_084015097_iOS\" class=\"img-responsive wp-image-9973\" srcset=\"https:\/\/www.evomax.fi\/wp-content\/uploads\/2025\/05\/20250303_084015097_iOS-200x150.jpg 200w, https:\/\/www.evomax.fi\/wp-content\/uploads\/2025\/05\/20250303_084015097_iOS-400x300.jpg 400w, https:\/\/www.evomax.fi\/wp-content\/uploads\/2025\/05\/20250303_084015097_iOS-600x450.jpg 600w, https:\/\/www.evomax.fi\/wp-content\/uploads\/2025\/05\/20250303_084015097_iOS-800x600.jpg 800w, https:\/\/www.evomax.fi\/wp-content\/uploads\/2025\/05\/20250303_084015097_iOS-1200x900.jpg 1200w, https:\/\/www.evomax.fi\/wp-content\/uploads\/2025\/05\/20250303_084015097_iOS-scaled.jpg 2560w\" sizes=\"(min-width: 2200px) 100vw, (min-width: 784px) 397px, (min-width: 712px) 595px, (min-width: 640px) 712px, \" \/><\/a><\/div><\/div><div class=\"clearfix\"><\/div><div style=\"padding:5px;\" class=\"fusion-grid-column fusion-gallery-column fusion-gallery-column-3 hover-type-none\"><div class=\"fusion-gallery-image\"><a href=\"https:\/\/www.evomax.fi\/wp-content\/uploads\/2025\/05\/20250303_083625650_iOS-scaled.jpg\" rel=\"noreferrer\" data-rel=\"iLightbox[gallery_image_1]\" class=\"fusion-lightbox\" target=\"_self\"><img decoding=\"async\" src=\"https:\/\/www.evomax.fi\/wp-content\/uploads\/2025\/05\/20250303_083625650_iOS-scaled.jpg\" width=\"2560\" height=\"1920\" alt=\"\" title=\"20250303_083625650_iOS\" aria-label=\"20250303_083625650_iOS\" class=\"img-responsive wp-image-9972\" srcset=\"https:\/\/www.evomax.fi\/wp-content\/uploads\/2025\/05\/20250303_083625650_iOS-scaled-500x375.jpg 500w, https:\/\/www.evomax.fi\/wp-content\/uploads\/2025\/05\/20250303_083625650_iOS-scaled-700x525.jpg 700w, https:\/\/www.evomax.fi\/wp-content\/uploads\/2025\/05\/20250303_083625650_iOS-scaled.jpg 2560w\" sizes=\"(max-width: 2560px) 100vw, 2560px\" \/><\/a><\/div><\/div><div style=\"padding:5px;\" class=\"fusion-grid-column fusion-gallery-column fusion-gallery-column-3 hover-type-none\"><div class=\"fusion-gallery-image\"><a href=\"https:\/\/www.evomax.fi\/wp-content\/uploads\/2025\/05\/20250303_083538181_iOS-scaled.jpg\" rel=\"noreferrer\" data-rel=\"iLightbox[gallery_image_1]\" class=\"fusion-lightbox\" target=\"_self\"><img decoding=\"async\" src=\"https:\/\/www.evomax.fi\/wp-content\/uploads\/2025\/05\/20250303_083538181_iOS-scaled.jpg\" width=\"2560\" height=\"1920\" alt=\"\" title=\"20250303_083538181_iOS\" aria-label=\"20250303_083538181_iOS\" class=\"img-responsive wp-image-9971\" srcset=\"https:\/\/www.evomax.fi\/wp-content\/uploads\/2025\/05\/20250303_083538181_iOS-200x150.jpg 200w, https:\/\/www.evomax.fi\/wp-content\/uploads\/2025\/05\/20250303_083538181_iOS-400x300.jpg 400w, https:\/\/www.evomax.fi\/wp-content\/uploads\/2025\/05\/20250303_083538181_iOS-600x450.jpg 600w, https:\/\/www.evomax.fi\/wp-content\/uploads\/2025\/05\/20250303_083538181_iOS-800x600.jpg 800w, https:\/\/www.evomax.fi\/wp-content\/uploads\/2025\/05\/20250303_083538181_iOS-1200x900.jpg 1200w, https:\/\/www.evomax.fi\/wp-content\/uploads\/2025\/05\/20250303_083538181_iOS-scaled.jpg 2560w\" sizes=\"(min-width: 2200px) 100vw, (min-width: 784px) 397px, (min-width: 712px) 595px, (min-width: 640px) 712px, \" \/><\/a><\/div><\/div><div style=\"padding:5px;\" class=\"fusion-grid-column fusion-gallery-column fusion-gallery-column-3 hover-type-none\"><div class=\"fusion-gallery-image\"><a href=\"https:\/\/www.evomax.fi\/wp-content\/uploads\/2025\/04\/20250425_073601640_iOS-scaled.jpg\" rel=\"noreferrer\" data-rel=\"iLightbox[gallery_image_1]\" class=\"fusion-lightbox\" target=\"_self\"><img decoding=\"async\" src=\"https:\/\/www.evomax.fi\/wp-content\/uploads\/2025\/04\/20250425_073601640_iOS-scaled.jpg\" width=\"2560\" height=\"1920\" alt=\"\" title=\"20250425_073601640_iOS\" aria-label=\"20250425_073601640_iOS\" class=\"img-responsive wp-image-9966\" srcset=\"https:\/\/www.evomax.fi\/wp-content\/uploads\/2025\/04\/20250425_073601640_iOS-200x150.jpg 200w, https:\/\/www.evomax.fi\/wp-content\/uploads\/2025\/04\/20250425_073601640_iOS-400x300.jpg 400w, https:\/\/www.evomax.fi\/wp-content\/uploads\/2025\/04\/20250425_073601640_iOS-600x450.jpg 600w, https:\/\/www.evomax.fi\/wp-content\/uploads\/2025\/04\/20250425_073601640_iOS-800x600.jpg 800w, https:\/\/www.evomax.fi\/wp-content\/uploads\/2025\/04\/20250425_073601640_iOS-1200x900.jpg 1200w, https:\/\/www.evomax.fi\/wp-content\/uploads\/2025\/04\/20250425_073601640_iOS-scaled.jpg 2560w\" sizes=\"(min-width: 2200px) 100vw, (min-width: 784px) 397px, (min-width: 712px) 595px, (min-width: 640px) 712px, \" \/><\/a><\/div><\/div><div class=\"clearfix\"><\/div><div style=\"padding:5px;\" class=\"fusion-grid-column fusion-gallery-column fusion-gallery-column-3 hover-type-none\"><div class=\"fusion-gallery-image\"><a href=\"https:\/\/www.evomax.fi\/wp-content\/uploads\/2025\/04\/20250425_073556937_iOS-scaled-e1760186615442.jpg\" rel=\"noreferrer\" data-rel=\"iLightbox[gallery_image_1]\" class=\"fusion-lightbox\" target=\"_self\"><img decoding=\"async\" src=\"https:\/\/www.evomax.fi\/wp-content\/uploads\/2025\/04\/20250425_073556937_iOS-scaled-e1760186615442.jpg\" width=\"1920\" height=\"1920\" alt=\"\" title=\"20250425_073556937_iOS\" aria-label=\"20250425_073556937_iOS\" class=\"img-responsive wp-image-9964\" srcset=\"https:\/\/www.evomax.fi\/wp-content\/uploads\/2025\/04\/20250425_073556937_iOS-scaled-e1760186615442-200x200.jpg 200w, https:\/\/www.evomax.fi\/wp-content\/uploads\/2025\/04\/20250425_073556937_iOS-scaled-e1760186615442-400x400.jpg 400w, https:\/\/www.evomax.fi\/wp-content\/uploads\/2025\/04\/20250425_073556937_iOS-scaled-e1760186615442-600x600.jpg 600w, https:\/\/www.evomax.fi\/wp-content\/uploads\/2025\/04\/20250425_073556937_iOS-scaled-e1760186615442-800x800.jpg 800w, https:\/\/www.evomax.fi\/wp-content\/uploads\/2025\/04\/20250425_073556937_iOS-scaled-e1760186615442-1200x1200.jpg 1200w, https:\/\/www.evomax.fi\/wp-content\/uploads\/2025\/04\/20250425_073556937_iOS-scaled-e1760186615442.jpg 1920w\" sizes=\"(min-width: 2200px) 100vw, (min-width: 784px) 397px, (min-width: 712px) 595px, (min-width: 640px) 712px, \" \/><\/a><\/div><\/div><div style=\"padding:5px;\" class=\"fusion-grid-column fusion-gallery-column fusion-gallery-column-3 hover-type-none\"><div class=\"fusion-gallery-image\"><a href=\"https:\/\/www.evomax.fi\/wp-content\/uploads\/2025\/04\/20250425_073547976_iOS-scaled.jpg\" rel=\"noreferrer\" data-rel=\"iLightbox[gallery_image_1]\" class=\"fusion-lightbox\" target=\"_self\"><img decoding=\"async\" src=\"https:\/\/www.evomax.fi\/wp-content\/uploads\/2025\/04\/20250425_073547976_iOS-scaled.jpg\" width=\"1920\" height=\"2560\" alt=\"\" title=\"20250425_073547976_iOS\" aria-label=\"20250425_073547976_iOS\" class=\"img-responsive wp-image-9963\" srcset=\"https:\/\/www.evomax.fi\/wp-content\/uploads\/2025\/04\/20250425_073547976_iOS-200x267.jpg 200w, https:\/\/www.evomax.fi\/wp-content\/uploads\/2025\/04\/20250425_073547976_iOS-400x533.jpg 400w, https:\/\/www.evomax.fi\/wp-content\/uploads\/2025\/04\/20250425_073547976_iOS-600x800.jpg 600w, https:\/\/www.evomax.fi\/wp-content\/uploads\/2025\/04\/20250425_073547976_iOS-800x1067.jpg 800w, https:\/\/www.evomax.fi\/wp-content\/uploads\/2025\/04\/20250425_073547976_iOS-1200x1600.jpg 1200w, https:\/\/www.evomax.fi\/wp-content\/uploads\/2025\/04\/20250425_073547976_iOS-scaled.jpg 1920w\" sizes=\"(min-width: 2200px) 100vw, (min-width: 784px) 397px, (min-width: 712px) 595px, (min-width: 640px) 712px, \" \/><\/a><\/div><\/div><\/div><\/div><\/div><\/div><\/div><\/div>","protected":false},"excerpt":{"rendered":"","protected":false},"author":7,"featured_media":0,"parent":4677,"menu_order":0,"comment_status":"closed","ping_status":"closed","template":"100-width.php","meta":{"footnotes":""},"class_list":["post-9969","page","type-page","status-publish","hentry"],"_links":{"self":[{"href":"https:\/\/www.evomax.fi\/en\/wp-json\/wp\/v2\/pages\/9969","targetHints":{"allow":["GET"]}}],"collection":[{"href":"https:\/\/www.evomax.fi\/en\/wp-json\/wp\/v2\/pages"}],"about":[{"href":"https:\/\/www.evomax.fi\/en\/wp-json\/wp\/v2\/types\/page"}],"author":[{"embeddable":true,"href":"https:\/\/www.evomax.fi\/en\/wp-json\/wp\/v2\/users\/7"}],"replies":[{"embeddable":true,"href":"https:\/\/www.evomax.fi\/en\/wp-json\/wp\/v2\/comments?post=9969"}],"version-history":[{"count":5,"href":"https:\/\/www.evomax.fi\/en\/wp-json\/wp\/v2\/pages\/9969\/revisions"}],"predecessor-version":[{"id":9998,"href":"https:\/\/www.evomax.fi\/en\/wp-json\/wp\/v2\/pages\/9969\/revisions\/9998"}],"up":[{"embeddable":true,"href":"https:\/\/www.evomax.fi\/en\/wp-json\/wp\/v2\/pages\/4677"}],"wp:attachment":[{"href":"https:\/\/www.evomax.fi\/en\/wp-json\/wp\/v2\/media?parent=9969"}],"curies":[{"name":"wp","href":"https:\/\/api.w.org\/{rel}","templated":true}]}}