{"id":10537,"date":"2025-10-11T12:45:29","date_gmt":"2025-10-11T12:45:29","guid":{"rendered":"https:\/\/www.evomax.fi\/?post_type=product&#038;p=10537"},"modified":"2026-03-25T10:31:19","modified_gmt":"2026-03-25T10:31:19","slug":"pystykarainen-koneistuskeskus-victor-vc-55apc","status":"publish","type":"product","link":"https:\/\/www.evomax.fi\/en\/product\/pystykarainen-koneistuskeskus-victor-vc-55apc\/","title":{"rendered":"Victor Vcenter-55"},"content":{"rendered":"","protected":false},"excerpt":{"rendered":"<p>Yll\u00e4tt\u00e4v\u00e4n tarkka pieni pystykarainen ty\u00f6st\u00f6keskus paletinvaihtajalla. 24 ty\u00f6kalupaikkaa.<\/p>\n<p>Koneen ty\u00f6st\u00e4ess\u00e4 voit kiinnitt\u00e4\u00e4 seuraavan kappaleen valmiiksi vaihtajaan.<\/p>","protected":false},"featured_media":9960,"template":"","meta":{"wds_primary_product_brand":0,"wds_primary_product_cat":60},"product_brand":[113],"product_cat":[60,61,62],"product_tag":[],"class_list":{"0":"post-10537","1":"product","2":"type-product","3":"status-publish","4":"has-post-thumbnail","6":"product_brand-victor","7":"product_cat-kaytetyt-koneet","8":"product_cat-koneistuskeskukset","9":"product_cat-pystykaraiset-tyostokeskukset","11":"first","12":"instock","13":"shipping-taxable","14":"product-type-simple"},"_links":{"self":[{"href":"https:\/\/www.evomax.fi\/en\/wp-json\/wp\/v2\/product\/10537","targetHints":{"allow":["GET"]}}],"collection":[{"href":"https:\/\/www.evomax.fi\/en\/wp-json\/wp\/v2\/product"}],"about":[{"href":"https:\/\/www.evomax.fi\/en\/wp-json\/wp\/v2\/types\/product"}],"wp:featuredmedia":[{"embeddable":true,"href":"https:\/\/www.evomax.fi\/en\/wp-json\/wp\/v2\/media\/9960"}],"wp:attachment":[{"href":"https:\/\/www.evomax.fi\/en\/wp-json\/wp\/v2\/media?parent=10537"}],"wp:term":[{"taxonomy":"product_brand","embeddable":true,"href":"https:\/\/www.evomax.fi\/en\/wp-json\/wp\/v2\/product_brand?post=10537"},{"taxonomy":"product_cat","embeddable":true,"href":"https:\/\/www.evomax.fi\/en\/wp-json\/wp\/v2\/product_cat?post=10537"},{"taxonomy":"product_tag","embeddable":true,"href":"https:\/\/www.evomax.fi\/en\/wp-json\/wp\/v2\/product_tag?post=10537"}],"curies":[{"name":"wp","href":"https:\/\/api.w.org\/{rel}","templated":true}]}}