{"id":10558,"date":"2025-10-12T05:46:50","date_gmt":"2025-10-12T05:46:50","guid":{"rendered":"https:\/\/www.evomax.fi\/?post_type=product&#038;p=10558"},"modified":"2025-10-27T11:30:27","modified_gmt":"2025-10-27T11:30:27","slug":"vaakakarainen-tyostokeskus-niigata-spn-50h-0","status":"publish","type":"product","link":"https:\/\/www.evomax.fi\/en\/product\/vaakakarainen-tyostokeskus-niigata-spn-50h-0\/","title":{"rendered":"Vaakakarainen ty\u00f6st\u00f6keskus Niigata SPN 50H.0."},"content":{"rendered":"","protected":false},"excerpt":{"rendered":"<div class=\"table-1\">\n<table width=\"945\">\n<tbody>\n<tr>\n<td width=\"441\">MACHINE DATA SHEET \/ KONEEN TIEDOT<\/td>\n<td width=\"376\">Niigata SPN 50H.0<\/td>\n<td width=\"64\"><\/td>\n<td width=\"64\"><\/td>\n<\/tr>\n<tr>\n<td>Brand \/ Merkki<\/td>\n<td>Niigata<\/td>\n<td><\/td>\n<td><\/td>\n<\/tr>\n<tr>\n<td>Model \/ Malli<\/td>\n<td>SPN 50H.0<\/td>\n<td><\/td>\n<td><\/td>\n<\/tr>\n<tr>\n<td>Category<\/td>\n<td>Machining centers \/ Koneistuskeskukset<\/td>\n<td><\/td>\n<td><\/td>\n<\/tr>\n<tr>\n<td>Subcategory<\/td>\n<td>Machining centers (horizontal) \/ Koneistuskeskukset (vaakakaraiset)<\/td>\n<td><\/td>\n<td><\/td>\n<\/tr>\n<tr>\n<td>Construction year \/ Valmistusvuosi<\/td>\n<td>2001<\/td>\n<td><\/td>\n<td><\/td>\n<\/tr>\n<tr>\n<td>Location \/ Sijainti<\/td>\n<td>Finland<\/td>\n<td><\/td>\n<td><\/td>\n<\/tr>\n<tr>\n<td>Country of origin \/ Alkuper\u00e4maa<\/td>\n<td>Japan<\/td>\n<td><\/td>\n<td><\/td>\n<\/tr>\n<tr>\n<td>Spinde speed range \/ Karan kierrosalue<\/td>\n<td>35 &#8211; 8000<\/td>\n<td colspan=\"2\">r\/min \/ 1\/min<\/td>\n<\/tr>\n<tr>\n<td>Spindle power \/ Karateho<\/td>\n<td>30<\/td>\n<td>kW \/ kW<\/td>\n<td><\/td>\n<\/tr>\n<tr>\n<td>Through Spindle cooling \/ L\u00e4pikaran j\u00e4\u00e4hdytys<\/td>\n<td>50<\/td>\n<td>bar \/ bar<\/td>\n<td><\/td>\n<\/tr>\n<tr>\n<td>Pallet fastening size \/ Paletin kiinnityspinnan koko<\/td>\n<td>500<\/td>\n<td colspan=\"2\">mm \/ mm<\/td>\n<\/tr>\n<tr>\n<td>MOVEMENT LENGTHS \/ LIIKEPITUUDET<\/td>\n<td><\/td>\n<td><\/td>\n<td><\/td>\n<\/tr>\n<tr>\n<td>X-movement \/ X-liike<\/td>\n<td>800<\/td>\n<td colspan=\"2\">mm \/ mm<\/td>\n<\/tr>\n<tr>\n<td>Y-movement \/ Y-liike<\/td>\n<td>750<\/td>\n<td colspan=\"2\">mm \/ mm<\/td>\n<\/tr>\n<tr>\n<td>Z-movement \/ Z-liike<\/td>\n<td>820<\/td>\n<td colspan=\"2\">mm \/ mm<\/td>\n<\/tr>\n<tr>\n<td>Tool holder type \/ Ty\u00f6kalupitimen tyyppi<\/td>\n<td>BT50<\/td>\n<td><\/td>\n<td><\/td>\n<\/tr>\n<tr>\n<td>Number of tool slots \/ Ty\u00f6kalupaikat<\/td>\n<td>126<\/td>\n<td>pcs \/ kpl<\/td>\n<td><\/td>\n<\/tr>\n<tr>\n<td>Electric connection \/ S\u00e4hk\u00f6liit\u00e4nt\u00e4<\/td>\n<td>76<\/td>\n<td>kVA \/ kVA<\/td>\n<td><\/td>\n<\/tr>\n<tr>\n<td>MACHINE DIMENSIONS \/ KONEEN ULKOMITAT<\/td>\n<td><\/td>\n<td><\/td>\n<td><\/td>\n<\/tr>\n<tr>\n<td>Width \/ Leveys<\/td>\n<td>7900<\/td>\n<td>mm<\/td>\n<td><\/td>\n<\/tr>\n<tr>\n<td>Depth \/ Syvyys<\/td>\n<td>3250<\/td>\n<td>mm<\/td>\n<td><\/td>\n<\/tr>\n<tr>\n<td>Height \/ Korkeus<\/td>\n<td>17000<\/td>\n<td>mm<\/td>\n<td><\/td>\n<\/tr>\n<\/tbody>\n<\/table>\n<\/div>","protected":false},"featured_media":10191,"template":"","meta":{"wds_primary_product_brand":0,"wds_primary_product_cat":228},"product_brand":[139],"product_cat":[228],"product_tag":[],"class_list":{"0":"post-10558","1":"product","2":"type-product","3":"status-publish","4":"has-post-thumbnail","6":"product_brand-niigata","7":"product_cat-myydyt-koneet","9":"first","10":"outofstock","11":"shipping-taxable","12":"product-type-simple"},"_links":{"self":[{"href":"https:\/\/www.evomax.fi\/en\/wp-json\/wp\/v2\/product\/10558","targetHints":{"allow":["GET"]}}],"collection":[{"href":"https:\/\/www.evomax.fi\/en\/wp-json\/wp\/v2\/product"}],"about":[{"href":"https:\/\/www.evomax.fi\/en\/wp-json\/wp\/v2\/types\/product"}],"wp:featuredmedia":[{"embeddable":true,"href":"https:\/\/www.evomax.fi\/en\/wp-json\/wp\/v2\/media\/10191"}],"wp:attachment":[{"href":"https:\/\/www.evomax.fi\/en\/wp-json\/wp\/v2\/media?parent=10558"}],"wp:term":[{"taxonomy":"product_brand","embeddable":true,"href":"https:\/\/www.evomax.fi\/en\/wp-json\/wp\/v2\/product_brand?post=10558"},{"taxonomy":"product_cat","embeddable":true,"href":"https:\/\/www.evomax.fi\/en\/wp-json\/wp\/v2\/product_cat?post=10558"},{"taxonomy":"product_tag","embeddable":true,"href":"https:\/\/www.evomax.fi\/en\/wp-json\/wp\/v2\/product_tag?post=10558"}],"curies":[{"name":"wp","href":"https:\/\/api.w.org\/{rel}","templated":true}]}}