{"id":10629,"date":"2025-10-21T10:06:56","date_gmt":"2025-10-21T10:06:56","guid":{"rendered":"https:\/\/www.evomax.fi\/?post_type=product&#038;p=10629"},"modified":"2025-10-27T11:31:50","modified_gmt":"2025-10-27T11:31:50","slug":"citizen-d25-1m8","status":"publish","type":"product","link":"https:\/\/www.evomax.fi\/en\/product\/citizen-d25-1m8\/","title":{"rendered":"Citizen D25-1M8"},"content":{"rendered":"","protected":false},"excerpt":{"rendered":"<p data-start=\"0\" data-end=\"59\"><strong data-start=\"0\" data-end=\"57\">Citizen D25-1M8 (2022) \u2013 l\u00e4hes k\u00e4ytt\u00e4m\u00e4t\u00f6n B-akselilla varustettu Swiss Type -sorvi<\/strong><\/p>\n<p data-start=\"61\" data-end=\"333\">Citizen Cincom D25-1M8 (vm. 2022) \u2013 Uudenveroinen Swiss Type -automaattisorvi heti toimitukseen. Monipuoliset Akselit: Yhteens\u00e4 12 akselia (C, Y, B) antaa t\u00e4yden vapauden monimutkaisiin muotoihin, ep\u00e4keskeisiin ty\u00f6st\u00f6ihin ja kulmaporauksiin. Kattava ty\u00f6kalukapasiteetti: Jopa 38 ty\u00f6kalupaikkaa. Mukana tulee automaattinen tankosy\u00f6tt\u00f6laite.<\/p>\n<div class=\"table-1\">\n<table width=\"622\">\n<tbody>\n<tr>\n<td width=\"366\">MACHINE DATA SHEET \/ KONEEN TIEDOT<\/td>\n<td width=\"192\">Citizen D25-1M8<\/td>\n<td width=\"64\"><\/td>\n<\/tr>\n<tr>\n<td>Brand \/ Merkki<\/td>\n<td>Citizen<\/td>\n<td><\/td>\n<\/tr>\n<tr>\n<td>Model \/ Malli<\/td>\n<td>D25-1M8<\/td>\n<td><\/td>\n<\/tr>\n<tr>\n<td>Category<\/td>\n<td>Lathes \/ Sorvit<\/td>\n<td><\/td>\n<\/tr>\n<tr>\n<td>Subcategory<\/td>\n<td>Swiss type lathes \/ Automaattisorvit<\/td>\n<td><\/td>\n<\/tr>\n<tr>\n<td>Construction year \/ Valmistusvuosi<\/td>\n<td>2022<\/td>\n<td><\/td>\n<\/tr>\n<tr>\n<td>Location \/ Sijainti<\/td>\n<td>Finland<\/td>\n<td><\/td>\n<\/tr>\n<tr>\n<td>Country of origin \/ Alkuper\u00e4maa<\/td>\n<td>Japan<\/td>\n<td><\/td>\n<\/tr>\n<tr>\n<td>Spindle hours \/ Karatunnit<\/td>\n<td>437<\/td>\n<td>h<\/td>\n<\/tr>\n<tr>\n<td>Availability \/ Saatavuus<\/td>\n<td>Immediately<\/td>\n<td><\/td>\n<\/tr>\n<tr>\n<td>Control \/ Ohjaus<\/td>\n<td>Mitsubishi Meldas M850W<\/td>\n<td><\/td>\n<\/tr>\n<tr>\n<td>Spinde speed range \/ Karan kierrosalue<\/td>\n<td>10000<\/td>\n<td>r\/min<\/td>\n<\/tr>\n<tr>\n<td>Spindle bore \/ Karaporaus<\/td>\n<td>25<\/td>\n<td><\/td>\n<\/tr>\n<tr>\n<td>Spinde power \/ Karateho<\/td>\n<td>5,5<\/td>\n<td>kW<\/td>\n<\/tr>\n<tr>\n<td>Subspindle speed range \/ Vastakaran kierrosalue<\/td>\n<td>9000<\/td>\n<td><\/td>\n<\/tr>\n<tr>\n<td>Number of axis \/ Akselit<\/td>\n<td>10 + 2 (simultaneous 5-axis processing<\/td>\n<td><\/td>\n<\/tr>\n<\/tbody>\n<\/table>\n<\/div>","protected":false},"featured_media":10630,"template":"","meta":{"wds_primary_product_brand":0,"wds_primary_product_cat":0},"product_brand":[173],"product_cat":[228],"product_tag":[],"class_list":{"0":"post-10629","1":"product","2":"type-product","3":"status-publish","4":"has-post-thumbnail","6":"product_brand-citizen","7":"product_cat-myydyt-koneet","9":"first","10":"outofstock","11":"shipping-taxable","12":"product-type-simple"},"_links":{"self":[{"href":"https:\/\/www.evomax.fi\/en\/wp-json\/wp\/v2\/product\/10629","targetHints":{"allow":["GET"]}}],"collection":[{"href":"https:\/\/www.evomax.fi\/en\/wp-json\/wp\/v2\/product"}],"about":[{"href":"https:\/\/www.evomax.fi\/en\/wp-json\/wp\/v2\/types\/product"}],"wp:featuredmedia":[{"embeddable":true,"href":"https:\/\/www.evomax.fi\/en\/wp-json\/wp\/v2\/media\/10630"}],"wp:attachment":[{"href":"https:\/\/www.evomax.fi\/en\/wp-json\/wp\/v2\/media?parent=10629"}],"wp:term":[{"taxonomy":"product_brand","embeddable":true,"href":"https:\/\/www.evomax.fi\/en\/wp-json\/wp\/v2\/product_brand?post=10629"},{"taxonomy":"product_cat","embeddable":true,"href":"https:\/\/www.evomax.fi\/en\/wp-json\/wp\/v2\/product_cat?post=10629"},{"taxonomy":"product_tag","embeddable":true,"href":"https:\/\/www.evomax.fi\/en\/wp-json\/wp\/v2\/product_tag?post=10629"}],"curies":[{"name":"wp","href":"https:\/\/api.w.org\/{rel}","templated":true}]}}