{"id":10952,"date":"2025-10-29T03:03:51","date_gmt":"2025-10-29T03:03:51","guid":{"rendered":"https:\/\/www.evomax.fi\/?post_type=product&#038;p=10952"},"modified":"2025-10-29T03:17:40","modified_gmt":"2025-10-29T03:17:40","slug":"cnc-sorvi-hyundai-hit-18","status":"publish","type":"product","link":"https:\/\/www.evomax.fi\/en\/product\/cnc-sorvi-hyundai-hit-18\/","title":{"rendered":"CNC-sorvi Hyundai HIT-18"},"content":{"rendered":"","protected":false},"excerpt":{"rendered":"<div class=\"table-1\">\n<table style=\"height: 814px;\" width=\"908\">\n<tbody>\n<tr>\n<td width=\"366\">MACHINE DATA SHEET \/ KONEEN TIEDOT<\/td>\n<td width=\"192\">Huyndai HIT-18<\/td>\n<td width=\"64\">\u00a0<\/td>\n<td width=\"64\">\u00a0<\/td>\n<\/tr>\n<tr>\n<td>Brand \/ Merkki<\/td>\n<td>Huyndai<\/td>\n<td>\u00a0<\/td>\n<td>\u00a0<\/td>\n<\/tr>\n<tr>\n<td>Model \/ Malli<\/td>\n<td>HIT-18<\/td>\n<td>\u00a0<\/td>\n<td>\u00a0<\/td>\n<\/tr>\n<tr>\n<td>Category<\/td>\n<td>Lathes \/ Sorvit<\/td>\n<td>\u00a0<\/td>\n<td>\u00a0<\/td>\n<\/tr>\n<tr>\n<td>Subcategory<\/td>\n<td>CNC lathes \/ CNC-sorvit<\/td>\n<td>\u00a0<\/td>\n<td>\u00a0<\/td>\n<\/tr>\n<tr>\n<td>Construction year \/ Valmistusvuosi<\/td>\n<td>2001<\/td>\n<td>\u00a0<\/td>\n<td>\u00a0<\/td>\n<\/tr>\n<tr>\n<td>Location \/ Sijainti<\/td>\n<td>Finland<\/td>\n<td>\u00a0<\/td>\n<td>\u00a0<\/td>\n<\/tr>\n<tr>\n<td>Country of origin \/ Alkuper\u00e4maa<\/td>\n<td>Korea<\/td>\n<td>\u00a0<\/td>\n<td>\u00a0<\/td>\n<\/tr>\n<tr>\n<td>Stock number \/ Varastonumero<\/td>\n<td>1165<\/td>\n<td>\u00a0<\/td>\n<td>\u00a0<\/td>\n<\/tr>\n<tr>\n<td>Availability \/ Saatavuus<\/td>\n<td>Immediately\/Heti<\/td>\n<td>\u00a0<\/td>\n<td>\u00a0<\/td>\n<\/tr>\n<tr>\n<td>Control \/ Ohjaus<\/td>\n<td>Siemens<\/td>\n<td>\u00a0<\/td>\n<td>\u00a0<\/td>\n<\/tr>\n<tr>\n<td>Spinde speed range \/ Karan kierrosalue<\/td>\n<td>36-3600<\/td>\n<td>r\/min<\/td>\n<td>\u00a0<\/td>\n<\/tr>\n<tr>\n<td>Spindle bore \/ Karaporaus<\/td>\n<td>70<\/td>\n<td>\u00a0<\/td>\n<td>\u00a0<\/td>\n<\/tr>\n<tr>\n<td>Spindle nose \/ Karan p\u00e4\u00e4<\/td>\n<td>ASA A2-8<\/td>\n<td>\u00a0<\/td>\n<td>\u00a0<\/td>\n<\/tr>\n<tr>\n<td>Spinde power \/ Karateho<\/td>\n<td>15\/11<\/td>\n<td>kW<\/td>\n<td>\u00a0<\/td>\n<\/tr>\n<tr>\n<td>Spindle torque \/ Karan v\u00e4\u00e4nt\u00f6<\/td>\n<td>238<\/td>\n<td>mm (in)<\/td>\n<td>\u00a0<\/td>\n<\/tr>\n<tr>\n<td>Swing over bed \/ Py\u00f6r\u00e4hdyshalkaisija johteilla<\/td>\n<td>440<\/td>\n<td>mm<\/td>\n<td>\u00a0<\/td>\n<\/tr>\n<tr>\n<td>Swing over carriage \/ Py\u00f6r\u00e4hdyshalkaisija kelkalla<\/td>\n<td>254<\/td>\n<td>mm<\/td>\n<td>\u00a0<\/td>\n<\/tr>\n<tr>\n<td>Max length \/ Maksimipituus<\/td>\n<td>451<\/td>\n<td>mm<\/td>\n<td>\u00a0<\/td>\n<\/tr>\n<tr>\n<td>Z-movement \/ Z-liike<\/td>\n<td>510<\/td>\n<td>mm<\/td>\n<td>\u00a0<\/td>\n<\/tr>\n<tr>\n<td>X-movement \/ X-liike<\/td>\n<td>180<\/td>\n<td>mm<\/td>\n<td>\u00a0<\/td>\n<\/tr>\n<tr>\n<td>Electric connection \/ S\u00e4hk\u00f6liit\u00e4nt\u00e4<\/td>\n<td>32<\/td>\n<td>kVA<\/td>\n<td>\u00a0<\/td>\n<\/tr>\n<tr>\n<td>Chip conveyor \/ Lastunkuljetin<\/td>\n<td>Yes<\/td>\n<td>\u00a0<\/td>\n<td>\u00a0<\/td>\n<\/tr>\n<tr>\n<td>Toolsetter \/ Ty\u00f6kalun asetin<\/td>\n<td>Yes<\/td>\n<td>\u00a0<\/td>\n<td>\u00a0<\/td>\n<\/tr>\n<tr>\n<td>Bar feeder Kama 4080 \/ Tangonsy\u00f6tt\u00f6laite Kama 4080<\/td>\n<td>Yes<\/td>\n<td>\u00a0<\/td>\n<td>\u00a0<\/td>\n<\/tr>\n<tr>\n<td>Machine weight \/ Koneen paino<\/td>\n<td>4500<\/td>\n<td>kg<\/td>\n<td>\u00a0<\/td>\n<\/tr>\n<\/tbody>\n<\/table>\n<\/div>","protected":false},"featured_media":10289,"template":"","meta":{"wds_primary_product_brand":0,"wds_primary_product_cat":0},"product_brand":[233],"product_cat":[228],"product_tag":[],"class_list":{"0":"post-10952","1":"product","2":"type-product","3":"status-publish","4":"has-post-thumbnail","6":"product_brand-hyundai","7":"product_cat-myydyt-koneet","9":"first","10":"outofstock","11":"shipping-taxable","12":"product-type-simple"},"_links":{"self":[{"href":"https:\/\/www.evomax.fi\/en\/wp-json\/wp\/v2\/product\/10952","targetHints":{"allow":["GET"]}}],"collection":[{"href":"https:\/\/www.evomax.fi\/en\/wp-json\/wp\/v2\/product"}],"about":[{"href":"https:\/\/www.evomax.fi\/en\/wp-json\/wp\/v2\/types\/product"}],"wp:featuredmedia":[{"embeddable":true,"href":"https:\/\/www.evomax.fi\/en\/wp-json\/wp\/v2\/media\/10289"}],"wp:attachment":[{"href":"https:\/\/www.evomax.fi\/en\/wp-json\/wp\/v2\/media?parent=10952"}],"wp:term":[{"taxonomy":"product_brand","embeddable":true,"href":"https:\/\/www.evomax.fi\/en\/wp-json\/wp\/v2\/product_brand?post=10952"},{"taxonomy":"product_cat","embeddable":true,"href":"https:\/\/www.evomax.fi\/en\/wp-json\/wp\/v2\/product_cat?post=10952"},{"taxonomy":"product_tag","embeddable":true,"href":"https:\/\/www.evomax.fi\/en\/wp-json\/wp\/v2\/product_tag?post=10952"}],"curies":[{"name":"wp","href":"https:\/\/api.w.org\/{rel}","templated":true}]}}