{"id":10982,"date":"2025-10-30T08:16:43","date_gmt":"2025-10-30T08:16:43","guid":{"rendered":"https:\/\/www.evomax.fi\/?post_type=product&#038;p=10982"},"modified":"2026-03-30T06:26:47","modified_gmt":"2026-03-30T06:26:47","slug":"swiss-type-sorvi-citizen-a20-7pl-2011","status":"publish","type":"product","link":"https:\/\/www.evomax.fi\/en\/product\/swiss-type-sorvi-citizen-a20-7pl-2011\/","title":{"rendered":"Citizen A20VIIPL"},"content":{"rendered":"","protected":false},"excerpt":{"rendered":"<p>S\u00e4\u00e4nn\u00f6llisesti huollettu Citizenin pitk\u00e4sorvi<\/p>","protected":false},"featured_media":10996,"template":"","meta":{"wds_primary_product_brand":0,"wds_primary_product_cat":60},"product_brand":[173],"product_cat":[228],"product_tag":[],"class_list":{"0":"post-10982","1":"product","2":"type-product","3":"status-publish","4":"has-post-thumbnail","6":"product_brand-citizen","7":"product_cat-myydyt-koneet","9":"first","10":"outofstock","11":"shipping-taxable","12":"product-type-simple"},"_links":{"self":[{"href":"https:\/\/www.evomax.fi\/en\/wp-json\/wp\/v2\/product\/10982","targetHints":{"allow":["GET"]}}],"collection":[{"href":"https:\/\/www.evomax.fi\/en\/wp-json\/wp\/v2\/product"}],"about":[{"href":"https:\/\/www.evomax.fi\/en\/wp-json\/wp\/v2\/types\/product"}],"wp:featuredmedia":[{"embeddable":true,"href":"https:\/\/www.evomax.fi\/en\/wp-json\/wp\/v2\/media\/10996"}],"wp:attachment":[{"href":"https:\/\/www.evomax.fi\/en\/wp-json\/wp\/v2\/media?parent=10982"}],"wp:term":[{"taxonomy":"product_brand","embeddable":true,"href":"https:\/\/www.evomax.fi\/en\/wp-json\/wp\/v2\/product_brand?post=10982"},{"taxonomy":"product_cat","embeddable":true,"href":"https:\/\/www.evomax.fi\/en\/wp-json\/wp\/v2\/product_cat?post=10982"},{"taxonomy":"product_tag","embeddable":true,"href":"https:\/\/www.evomax.fi\/en\/wp-json\/wp\/v2\/product_tag?post=10982"}],"curies":[{"name":"wp","href":"https:\/\/api.w.org\/{rel}","templated":true}]}}