{"id":11129,"date":"2025-11-27T10:10:20","date_gmt":"2025-11-27T10:10:20","guid":{"rendered":"https:\/\/www.evomax.fi\/?post_type=product&#038;p=11129"},"modified":"2026-01-10T12:50:26","modified_gmt":"2026-01-10T12:50:26","slug":"5-akselinen-tyostokeskus-axa-vpc-55-ut","status":"publish","type":"product","link":"https:\/\/www.evomax.fi\/en\/product\/5-akselinen-tyostokeskus-axa-vpc-55-ut\/","title":{"rendered":"5-akselinen ty\u00f6st\u00f6keskus AXA VPC 55 UT"},"content":{"rendered":"","protected":false},"excerpt":{"rendered":"<p>J\u00e4m\u00e4kk\u00e4 portaalirakenteinen 5-akselikeskus sorvaavalla p\u00f6yd\u00e4ll\u00e4. Kone on ollut Axan omassa tuotannossa, ja se on todella hyv\u00e4ss\u00e4 kunnossa.<\/p>\n<div class=\"table-1\">\n<table>\n<tbody>\n<tr>\n<td>MACHINE INFORMATION<\/td>\n<td>Axa VPC 55 UT<\/td>\n<td><\/td>\n<\/tr>\n<tr>\n<td>Brand<\/td>\n<td>Axa<\/td>\n<td><\/td>\n<\/tr>\n<tr>\n<td>Model<\/td>\n<td>VPC 55 UT<\/td>\n<td><\/td>\n<\/tr>\n<tr>\n<td>Year of manufacture<\/td>\n<td>2014<\/td>\n<td><\/td>\n<\/tr>\n<tr>\n<td>Location<\/td>\n<td>Germany<\/td>\n<td><\/td>\n<\/tr>\n<tr>\n<td>Country of Origin<\/td>\n<td>Germany<\/td>\n<td><\/td>\n<\/tr>\n<tr>\n<td>Karatunnit<\/td>\n<td>9000<\/td>\n<td>h<\/td>\n<\/tr>\n<tr>\n<td>Varastonumero<\/td>\n<td>1184<\/td>\n<td><\/td>\n<\/tr>\n<tr>\n<td>Control<\/td>\n<td>Siemens 840 D<\/td>\n<td><\/td>\n<\/tr>\n<tr>\n<td>Spindle speed<\/td>\n<td>9000<\/td>\n<td>r\/min<\/td>\n<\/tr>\n<tr>\n<td>Karateho<\/td>\n<td>56<\/td>\n<td>kW<\/td>\n<\/tr>\n<tr>\n<td>Karan v\u00e4\u00e4nt\u00f6momentti<\/td>\n<td>355<\/td>\n<td>Nm<\/td>\n<\/tr>\n<tr>\n<td>CTS<\/td>\n<td>30<\/td>\n<td>bar<\/td>\n<\/tr>\n<tr>\n<td>TABLE SIZE<\/td>\n<td><\/td>\n<td><\/td>\n<\/tr>\n<tr>\n<td>Halkaisija<\/td>\n<td>1600<\/td>\n<td>mm<\/td>\n<\/tr>\n<tr>\n<td>Sorvaus<\/td>\n<td>250<\/td>\n<td>r\/min<\/td>\n<\/tr>\n<tr>\n<td>BUSINESS lengths<\/td>\n<td><\/td>\n<td><\/td>\n<\/tr>\n<tr>\n<td>X-movement mm<\/td>\n<td>2300 (2000)<\/td>\n<td>mm<\/td>\n<\/tr>\n<tr>\n<td>Y-movement mm<\/td>\n<td>1600 (1600)<\/td>\n<td>mm<\/td>\n<\/tr>\n<tr>\n<td>Z-movement mm<\/td>\n<td>900 ( 865)<\/td>\n<td>mm<\/td>\n<\/tr>\n<tr>\n<td>C-liike<\/td>\n<td>0-90 (0.001)<\/td>\n<td>ast<\/td>\n<\/tr>\n<tr>\n<td>Tool holder type<\/td>\n<td>SK 50 (Sorvaus Capto C6)<\/td>\n<td><\/td>\n<\/tr>\n<tr>\n<td>Tool slots<\/td>\n<td>60 (Sorvaus 12)<\/td>\n<td>pcs<\/td>\n<\/tr>\n<tr>\n<td>Electrical connection<\/td>\n<td>100<\/td>\n<td>kVA<\/td>\n<\/tr>\n<tr>\n<td>Chip conveyor<\/td>\n<td>Yes<\/td>\n<td><\/td>\n<\/tr>\n<\/tbody>\n<\/table>\n<\/div>","protected":false},"featured_media":11136,"template":"","meta":{"wds_primary_product_brand":0,"wds_primary_product_cat":0},"product_brand":[],"product_cat":[228],"product_tag":[],"class_list":{"0":"post-11129","1":"product","2":"type-product","3":"status-publish","4":"has-post-thumbnail","6":"product_cat-myydyt-koneet","8":"first","9":"outofstock","10":"shipping-taxable","11":"product-type-simple"},"_links":{"self":[{"href":"https:\/\/www.evomax.fi\/en\/wp-json\/wp\/v2\/product\/11129","targetHints":{"allow":["GET"]}}],"collection":[{"href":"https:\/\/www.evomax.fi\/en\/wp-json\/wp\/v2\/product"}],"about":[{"href":"https:\/\/www.evomax.fi\/en\/wp-json\/wp\/v2\/types\/product"}],"wp:featuredmedia":[{"embeddable":true,"href":"https:\/\/www.evomax.fi\/en\/wp-json\/wp\/v2\/media\/11136"}],"wp:attachment":[{"href":"https:\/\/www.evomax.fi\/en\/wp-json\/wp\/v2\/media?parent=11129"}],"wp:term":[{"taxonomy":"product_brand","embeddable":true,"href":"https:\/\/www.evomax.fi\/en\/wp-json\/wp\/v2\/product_brand?post=11129"},{"taxonomy":"product_cat","embeddable":true,"href":"https:\/\/www.evomax.fi\/en\/wp-json\/wp\/v2\/product_cat?post=11129"},{"taxonomy":"product_tag","embeddable":true,"href":"https:\/\/www.evomax.fi\/en\/wp-json\/wp\/v2\/product_tag?post=11129"}],"curies":[{"name":"wp","href":"https:\/\/api.w.org\/{rel}","templated":true}]}}