{"id":11187,"date":"2026-01-10T14:17:50","date_gmt":"2026-01-10T14:17:50","guid":{"rendered":"https:\/\/www.evomax.fi\/?post_type=product&#038;p=11187"},"modified":"2026-02-08T13:35:19","modified_gmt":"2026-02-08T13:35:19","slug":"haas-vf-3-40","status":"publish","type":"product","link":"https:\/\/www.evomax.fi\/en\/product\/haas-vf-3-40\/","title":{"rendered":"Haas VF 3\/40"},"content":{"rendered":"","protected":false},"excerpt":{"rendered":"<p>Todella v\u00e4h\u00e4n ajettu, mittasauvoilla varustettu tarkka Haas -ty\u00f6st\u00f6keskus.<\/p>","protected":false},"featured_media":11189,"template":"","meta":{"wds_primary_product_brand":0,"wds_primary_product_cat":0},"product_brand":[],"product_cat":[228],"product_tag":[],"class_list":{"0":"post-11187","1":"product","2":"type-product","3":"status-publish","4":"has-post-thumbnail","6":"product_cat-myydyt-koneet","8":"first","9":"outofstock","10":"shipping-taxable","11":"product-type-simple"},"_links":{"self":[{"href":"https:\/\/www.evomax.fi\/en\/wp-json\/wp\/v2\/product\/11187","targetHints":{"allow":["GET"]}}],"collection":[{"href":"https:\/\/www.evomax.fi\/en\/wp-json\/wp\/v2\/product"}],"about":[{"href":"https:\/\/www.evomax.fi\/en\/wp-json\/wp\/v2\/types\/product"}],"wp:featuredmedia":[{"embeddable":true,"href":"https:\/\/www.evomax.fi\/en\/wp-json\/wp\/v2\/media\/11189"}],"wp:attachment":[{"href":"https:\/\/www.evomax.fi\/en\/wp-json\/wp\/v2\/media?parent=11187"}],"wp:term":[{"taxonomy":"product_brand","embeddable":true,"href":"https:\/\/www.evomax.fi\/en\/wp-json\/wp\/v2\/product_brand?post=11187"},{"taxonomy":"product_cat","embeddable":true,"href":"https:\/\/www.evomax.fi\/en\/wp-json\/wp\/v2\/product_cat?post=11187"},{"taxonomy":"product_tag","embeddable":true,"href":"https:\/\/www.evomax.fi\/en\/wp-json\/wp\/v2\/product_tag?post=11187"}],"curies":[{"name":"wp","href":"https:\/\/api.w.org\/{rel}","templated":true}]}}