{"id":11201,"date":"2026-01-12T11:36:32","date_gmt":"2026-01-12T11:36:32","guid":{"rendered":"https:\/\/www.evomax.fi\/?post_type=product&#038;p=11201"},"modified":"2026-02-17T12:35:10","modified_gmt":"2026-02-17T12:35:10","slug":"doosan-puma-tt-1500-sy","status":"publish","type":"product","link":"https:\/\/www.evomax.fi\/en\/product\/doosan-puma-tt-1500-sy\/","title":{"rendered":"Doosan Puma TT 1500 SY"},"content":{"rendered":"","protected":false},"excerpt":{"rendered":"<p>Asiallisesti kunnossa pidetty vastakarasorvi Y-akselilla. Sorvi on tehnyt tankot\u00f6it\u00e4 holkkipakoilla.<\/p>\n<p>Molempien karojen karalaakerit vaihettu vastik\u00e4\u00e4n.<\/p>\n<p>T\u00e4st\u00e4 heti valmis sorvi tankot\u00f6ihin!<\/p>","protected":false},"featured_media":11202,"template":"","meta":{"wds_primary_product_brand":0,"wds_primary_product_cat":0},"product_brand":[],"product_cat":[228],"product_tag":[],"class_list":{"0":"post-11201","1":"product","2":"type-product","3":"status-publish","4":"has-post-thumbnail","6":"product_cat-myydyt-koneet","8":"first","9":"outofstock","10":"shipping-taxable","11":"product-type-simple"},"_links":{"self":[{"href":"https:\/\/www.evomax.fi\/en\/wp-json\/wp\/v2\/product\/11201","targetHints":{"allow":["GET"]}}],"collection":[{"href":"https:\/\/www.evomax.fi\/en\/wp-json\/wp\/v2\/product"}],"about":[{"href":"https:\/\/www.evomax.fi\/en\/wp-json\/wp\/v2\/types\/product"}],"wp:featuredmedia":[{"embeddable":true,"href":"https:\/\/www.evomax.fi\/en\/wp-json\/wp\/v2\/media\/11202"}],"wp:attachment":[{"href":"https:\/\/www.evomax.fi\/en\/wp-json\/wp\/v2\/media?parent=11201"}],"wp:term":[{"taxonomy":"product_brand","embeddable":true,"href":"https:\/\/www.evomax.fi\/en\/wp-json\/wp\/v2\/product_brand?post=11201"},{"taxonomy":"product_cat","embeddable":true,"href":"https:\/\/www.evomax.fi\/en\/wp-json\/wp\/v2\/product_cat?post=11201"},{"taxonomy":"product_tag","embeddable":true,"href":"https:\/\/www.evomax.fi\/en\/wp-json\/wp\/v2\/product_tag?post=11201"}],"curies":[{"name":"wp","href":"https:\/\/api.w.org\/{rel}","templated":true}]}}