{"id":11216,"date":"2026-01-15T09:54:30","date_gmt":"2026-01-15T09:54:30","guid":{"rendered":"https:\/\/www.evomax.fi\/tuote\/soraluce-fpl-6000-2022-sku-1190\/"},"modified":"2026-03-25T10:31:27","modified_gmt":"2026-03-25T10:31:27","slug":"soraluce-fpl-6000-2022-sku-1190","status":"publish","type":"product","link":"https:\/\/www.evomax.fi\/en\/product\/soraluce-fpl-6000-2022-sku-1190\/","title":{"rendered":"Soraluce FPL 6000 (2022) SKU 1190"},"content":{"rendered":"","protected":false},"excerpt":{"rendered":"<p>Automaattinen indeksoiva jyrsinp\u00e4\u00e4 (optio)<br \/>\n20\u20136 000 rpm<br \/>\n2 tasoa \/ 90\u00b0<br \/>\nJako 2,5\u00b0 \u00d7 2,5\u00b0<br \/>\nTeho: 37 kW<br \/>\nV\u00e4\u00e4nt\u00f6momentti: 900 Nm<br \/>\nAutomaattinen k\u00e4\u00e4nt\u00f6, lukitus ja vapautus CNC-ohjelmasta<br \/>\nKorkea kulmatarkkuus ja toistotarkkuus<\/p>\n<p>Py\u00f6r\u00f6p\u00f6yt\u00e4 1000 mm (kappaleen maksimipaino 4000 kg)<\/p>\n<p>Leikkuunestej\u00e4rjestelm\u00e4<br \/>\nTilavuus:<br \/>\nP\u00e4\u00e4s\u00e4ili\u00f6 1 000 l<br \/>\nLis\u00e4s\u00e4ili\u00f6 500 l<br \/>\nPaine: jopa 50\u2013120 bar<br \/>\nKaksi pumppua<br \/>\nPaperisuodatin + magneettierotin<br \/>\nMikrosuodatus<br \/>\nCTS<\/p>\n<p>Lineaarimittaus (HEIDENHAIN)<\/p>\n<p>Automaattinen ty\u00f6kalunvaihtaja (ATC)<br \/>\nPaikkoja: 60<\/p>\n<p>Yhteenveto:<br \/>\nSoraluce FLP6000 on raskaan sarjan CNC-pitk\u00e4jyrsinkone, joka soveltuu erityisesti:<br \/>\nsuurikokoisten kappaleiden jyrsint\u00e4\u00e4n<br \/>\nmuotti- ja ty\u00f6kaluteollisuuteen<br \/>\nenergia-, meri- ja koneenrakennusteollisuuteen<\/p>\n<p>Kone yhdist\u00e4\u00e4 j\u00e4yk\u00e4n rakenteen, suuren v\u00e4\u00e4nt\u00f6momentin ja monipuoliset 5-akseliset ty\u00f6st\u00f6mahdollisuudet, ja se on rakennettu jatkuvaan teolliseen tuotantok\u00e4ytt\u00f6\u00f6n.<\/p>","protected":false},"featured_media":11217,"template":"","meta":{"wds_primary_product_brand":0,"wds_primary_product_cat":0},"product_brand":[],"product_cat":[60,289,290],"product_tag":[],"class_list":{"0":"post-11216","1":"product","2":"type-product","3":"status-publish","4":"has-post-thumbnail","6":"product_cat-kaytetyt-koneet","7":"product_cat-jyrsinkoneet-aarporat","8":"product_cat-jyrsinkoneet","10":"first","11":"instock","12":"shipping-taxable","13":"product-type-simple"},"_links":{"self":[{"href":"https:\/\/www.evomax.fi\/en\/wp-json\/wp\/v2\/product\/11216","targetHints":{"allow":["GET"]}}],"collection":[{"href":"https:\/\/www.evomax.fi\/en\/wp-json\/wp\/v2\/product"}],"about":[{"href":"https:\/\/www.evomax.fi\/en\/wp-json\/wp\/v2\/types\/product"}],"wp:featuredmedia":[{"embeddable":true,"href":"https:\/\/www.evomax.fi\/en\/wp-json\/wp\/v2\/media\/11217"}],"wp:attachment":[{"href":"https:\/\/www.evomax.fi\/en\/wp-json\/wp\/v2\/media?parent=11216"}],"wp:term":[{"taxonomy":"product_brand","embeddable":true,"href":"https:\/\/www.evomax.fi\/en\/wp-json\/wp\/v2\/product_brand?post=11216"},{"taxonomy":"product_cat","embeddable":true,"href":"https:\/\/www.evomax.fi\/en\/wp-json\/wp\/v2\/product_cat?post=11216"},{"taxonomy":"product_tag","embeddable":true,"href":"https:\/\/www.evomax.fi\/en\/wp-json\/wp\/v2\/product_tag?post=11216"}],"curies":[{"name":"wp","href":"https:\/\/api.w.org\/{rel}","templated":true}]}}