{"id":11457,"date":"2026-03-23T17:52:44","date_gmt":"2026-03-23T17:52:44","guid":{"rendered":"https:\/\/www.evomax.fi\/?post_type=product&#038;p=11457"},"modified":"2026-03-25T12:25:19","modified_gmt":"2026-03-25T12:25:19","slug":"eubama-s6-2002-sku-1198","status":"publish","type":"product","link":"https:\/\/www.evomax.fi\/en\/product\/eubama-s6-2002-sku-1198\/","title":{"rendered":"Eubama S6 (2002) SKU 1198"},"content":{"rendered":"","protected":false},"excerpt":{"rendered":"<p>Eubama S6 on monikarainen rundtakt-kone, joka on suunniteltu erityisesti suurten sarjojen tehokkaaseen sorvaukseen ja koneistukseen. T\u00e4llaisella koneella voidaan valmistaa nopeasti ja toistettavasti pieni\u00e4 sorvattavia kappaleita, joissa tarvitaan useita per\u00e4kk\u00e4isi\u00e4 ty\u00f6vaiheita. Monikaratekniikan ansiosta kone soveltuu erityisesti tuotantoon, jossa vaaditaan suurta kapasiteettia, hyv\u00e4\u00e4 toistotarkkuutta ja lyhytt\u00e4 kappalekohtaista valmistusaikaa. Valmistettava materiaali voidaan sy\u00f6tt\u00e4\u00e4 tankona tai haspelilta.<\/p>\n<p>Kone on varustettu Siemens-ohjauksella. Kone soveltuu hyvin k\u00e4ytt\u00e4j\u00e4lle, joka tuntee rundtakt- tai monikarasorviteknologiaa ja etsii tehokasta ratkaisua sarjatuotantoon.<\/p>","protected":false},"featured_media":11490,"template":"","meta":{"wds_primary_product_brand":0,"wds_primary_product_cat":0},"product_brand":[],"product_cat":[60,57,187],"product_tag":[],"class_list":{"0":"post-11457","1":"product","2":"type-product","3":"status-publish","4":"has-post-thumbnail","6":"product_cat-kaytetyt-koneet","7":"product_cat-sorvit","8":"product_cat-swiss-type","10":"first","11":"instock","12":"shipping-taxable","13":"product-type-simple"},"_links":{"self":[{"href":"https:\/\/www.evomax.fi\/en\/wp-json\/wp\/v2\/product\/11457","targetHints":{"allow":["GET"]}}],"collection":[{"href":"https:\/\/www.evomax.fi\/en\/wp-json\/wp\/v2\/product"}],"about":[{"href":"https:\/\/www.evomax.fi\/en\/wp-json\/wp\/v2\/types\/product"}],"wp:featuredmedia":[{"embeddable":true,"href":"https:\/\/www.evomax.fi\/en\/wp-json\/wp\/v2\/media\/11490"}],"wp:attachment":[{"href":"https:\/\/www.evomax.fi\/en\/wp-json\/wp\/v2\/media?parent=11457"}],"wp:term":[{"taxonomy":"product_brand","embeddable":true,"href":"https:\/\/www.evomax.fi\/en\/wp-json\/wp\/v2\/product_brand?post=11457"},{"taxonomy":"product_cat","embeddable":true,"href":"https:\/\/www.evomax.fi\/en\/wp-json\/wp\/v2\/product_cat?post=11457"},{"taxonomy":"product_tag","embeddable":true,"href":"https:\/\/www.evomax.fi\/en\/wp-json\/wp\/v2\/product_tag?post=11457"}],"curies":[{"name":"wp","href":"https:\/\/api.w.org\/{rel}","templated":true}]}}