{"id":11458,"date":"2026-03-23T17:52:50","date_gmt":"2026-03-23T17:52:50","guid":{"rendered":"https:\/\/www.evomax.fi\/?post_type=product&#038;p=11458"},"modified":"2026-03-25T12:25:15","modified_gmt":"2026-03-25T12:25:15","slug":"eubama-s6-1999-sku-1197","status":"publish","type":"product","link":"https:\/\/www.evomax.fi\/en\/product\/eubama-s6-1999-sku-1197\/","title":{"rendered":"Eubama S6 (1999) SKU 1197"},"content":{"rendered":"","protected":false},"excerpt":{"rendered":"<p>Eubama S6 on monikarainen rundtakt-kone, joka on suunniteltu erityisesti suurten sarjojen tehokkaaseen sorvaukseen ja koneistukseen. T\u00e4llaisella koneella voidaan valmistaa nopeasti ja toistettavasti pieni\u00e4 sorvauskappaleita joissa tarvitaan useita per\u00e4kk\u00e4isi\u00e4 ty\u00f6vaiheita, kuten sorvausta, porausta, kierteityst\u00e4, jne. Monikaratekniikan ansiosta kone soveltuu erityisesti tuotantoon, jossa vaaditaan suurta kapasiteettia, hyv\u00e4\u00e4 toistotarkkuutta ja lyhytt\u00e4 kappalekohtaista valmistusaikaa.<\/p>\n<p>T\u00e4m\u00e4 Eubama S6 on varustettu Siemens-ohjauksella. Kone soveltuu hyvin k\u00e4ytt\u00e4j\u00e4lle, joka tuntee rundtakt- tai monikarasorviteknologiaa ja etsii tehokasta ratkaisua sarjatuotantoon.<\/p>","protected":false},"featured_media":11515,"template":"","meta":{"wds_primary_product_brand":0,"wds_primary_product_cat":0},"product_brand":[],"product_cat":[60,57,187],"product_tag":[],"class_list":{"0":"post-11458","1":"product","2":"type-product","3":"status-publish","4":"has-post-thumbnail","6":"product_cat-kaytetyt-koneet","7":"product_cat-sorvit","8":"product_cat-swiss-type","10":"first","11":"instock","12":"shipping-taxable","13":"product-type-simple"},"_links":{"self":[{"href":"https:\/\/www.evomax.fi\/en\/wp-json\/wp\/v2\/product\/11458","targetHints":{"allow":["GET"]}}],"collection":[{"href":"https:\/\/www.evomax.fi\/en\/wp-json\/wp\/v2\/product"}],"about":[{"href":"https:\/\/www.evomax.fi\/en\/wp-json\/wp\/v2\/types\/product"}],"wp:featuredmedia":[{"embeddable":true,"href":"https:\/\/www.evomax.fi\/en\/wp-json\/wp\/v2\/media\/11515"}],"wp:attachment":[{"href":"https:\/\/www.evomax.fi\/en\/wp-json\/wp\/v2\/media?parent=11458"}],"wp:term":[{"taxonomy":"product_brand","embeddable":true,"href":"https:\/\/www.evomax.fi\/en\/wp-json\/wp\/v2\/product_brand?post=11458"},{"taxonomy":"product_cat","embeddable":true,"href":"https:\/\/www.evomax.fi\/en\/wp-json\/wp\/v2\/product_cat?post=11458"},{"taxonomy":"product_tag","embeddable":true,"href":"https:\/\/www.evomax.fi\/en\/wp-json\/wp\/v2\/product_tag?post=11458"}],"curies":[{"name":"wp","href":"https:\/\/api.w.org\/{rel}","templated":true}]}}