{"id":11550,"date":"2026-03-30T06:15:08","date_gmt":"2026-03-30T06:15:08","guid":{"rendered":"https:\/\/www.evomax.fi\/?post_type=product&#038;p=11550"},"modified":"2026-04-13T09:20:24","modified_gmt":"2026-04-13T09:20:24","slug":"isel-img1010-2023-sku-1204","status":"publish","type":"product","link":"https:\/\/www.evomax.fi\/en\/product\/isel-img1010-2023-sku-1204\/","title":{"rendered":"Isel IMG1010 (2023) SKU 1204"},"content":{"rendered":"","protected":false},"excerpt":{"rendered":"<p>Pieni 5-akselikeskus, joka soveltuu mm. medikaali- ja kelloteollisuuden tarkkuutta vaativaan ty\u00f6st\u00f6\u00f6n. 5:n akselin interpolaatio. Leikkuunestej\u00e4rjestelm\u00e4. Nollapistekiinnitysj\u00e4rjestelm\u00e4.<\/p>\n<p>Postprosessori Fusion 360<\/p>","protected":false},"featured_media":11599,"template":"","meta":{"wds_primary_product_brand":0,"wds_primary_product_cat":0},"product_brand":[],"product_cat":[60,61,107],"product_tag":[],"class_list":{"0":"post-11550","1":"product","2":"type-product","3":"status-publish","4":"has-post-thumbnail","6":"product_cat-kaytetyt-koneet","7":"product_cat-koneistuskeskukset","8":"product_cat-5-akseliset","10":"first","11":"instock","12":"shipping-taxable","13":"product-type-simple"},"_links":{"self":[{"href":"https:\/\/www.evomax.fi\/en\/wp-json\/wp\/v2\/product\/11550","targetHints":{"allow":["GET"]}}],"collection":[{"href":"https:\/\/www.evomax.fi\/en\/wp-json\/wp\/v2\/product"}],"about":[{"href":"https:\/\/www.evomax.fi\/en\/wp-json\/wp\/v2\/types\/product"}],"wp:featuredmedia":[{"embeddable":true,"href":"https:\/\/www.evomax.fi\/en\/wp-json\/wp\/v2\/media\/11599"}],"wp:attachment":[{"href":"https:\/\/www.evomax.fi\/en\/wp-json\/wp\/v2\/media?parent=11550"}],"wp:term":[{"taxonomy":"product_brand","embeddable":true,"href":"https:\/\/www.evomax.fi\/en\/wp-json\/wp\/v2\/product_brand?post=11550"},{"taxonomy":"product_cat","embeddable":true,"href":"https:\/\/www.evomax.fi\/en\/wp-json\/wp\/v2\/product_cat?post=11550"},{"taxonomy":"product_tag","embeddable":true,"href":"https:\/\/www.evomax.fi\/en\/wp-json\/wp\/v2\/product_tag?post=11550"}],"curies":[{"name":"wp","href":"https:\/\/api.w.org\/{rel}","templated":true}]}}