{"id":11575,"date":"2026-04-02T07:05:09","date_gmt":"2026-04-02T07:05:09","guid":{"rendered":"https:\/\/www.evomax.fi\/?post_type=product&#038;p=11575"},"modified":"2026-04-13T09:10:51","modified_gmt":"2026-04-13T09:10:51","slug":"dugard-eagle-1300-2006-sku-1207","status":"publish","type":"product","link":"https:\/\/www.evomax.fi\/en\/product\/dugard-eagle-1300-2006-sku-1207\/","title":{"rendered":"Dugard Eagle 1300 (2006) SKU 1207"},"content":{"rendered":"","protected":false},"excerpt":{"rendered":"<p>1300 mm X-liikkeell\u00e4 varustettu pystykarainen keskus Fanuc -ohjauksella. L\u00e4pikaran j\u00e4\u00e4hdytys.<\/p>","protected":false},"featured_media":11590,"template":"","meta":{"wds_primary_product_brand":0,"wds_primary_product_cat":0},"product_brand":[],"product_cat":[60,61,62],"product_tag":[],"class_list":{"0":"post-11575","1":"product","2":"type-product","3":"status-publish","4":"has-post-thumbnail","6":"product_cat-kaytetyt-koneet","7":"product_cat-koneistuskeskukset","8":"product_cat-pystykaraiset-tyostokeskukset","10":"first","11":"instock","12":"shipping-taxable","13":"product-type-simple"},"_links":{"self":[{"href":"https:\/\/www.evomax.fi\/en\/wp-json\/wp\/v2\/product\/11575","targetHints":{"allow":["GET"]}}],"collection":[{"href":"https:\/\/www.evomax.fi\/en\/wp-json\/wp\/v2\/product"}],"about":[{"href":"https:\/\/www.evomax.fi\/en\/wp-json\/wp\/v2\/types\/product"}],"wp:featuredmedia":[{"embeddable":true,"href":"https:\/\/www.evomax.fi\/en\/wp-json\/wp\/v2\/media\/11590"}],"wp:attachment":[{"href":"https:\/\/www.evomax.fi\/en\/wp-json\/wp\/v2\/media?parent=11575"}],"wp:term":[{"taxonomy":"product_brand","embeddable":true,"href":"https:\/\/www.evomax.fi\/en\/wp-json\/wp\/v2\/product_brand?post=11575"},{"taxonomy":"product_cat","embeddable":true,"href":"https:\/\/www.evomax.fi\/en\/wp-json\/wp\/v2\/product_cat?post=11575"},{"taxonomy":"product_tag","embeddable":true,"href":"https:\/\/www.evomax.fi\/en\/wp-json\/wp\/v2\/product_tag?post=11575"}],"curies":[{"name":"wp","href":"https:\/\/api.w.org\/{rel}","templated":true}]}}