{"id":11617,"date":"2026-04-13T10:35:15","date_gmt":"2026-04-13T10:35:15","guid":{"rendered":"https:\/\/www.evomax.fi\/?post_type=product&#038;p=11617"},"modified":"2026-04-14T08:10:20","modified_gmt":"2026-04-14T08:10:20","slug":"tos-galanta-suil40avac","status":"publish","type":"product","link":"https:\/\/www.evomax.fi\/en\/product\/tos-galanta-suil40avac\/","title":{"rendered":"TOS Galanta SUIL40AVAC"},"content":{"rendered":"","protected":false},"excerpt":{"rendered":"<p>Asiallinen manuaalisorvi 1000 mm k\u00e4rkiv\u00e4lill\u00e4<\/p>","protected":false},"featured_media":11618,"template":"","meta":{"wds_primary_product_brand":0,"wds_primary_product_cat":0},"product_brand":[],"product_cat":[60,57,59],"product_tag":[],"class_list":{"0":"post-11617","1":"product","2":"type-product","3":"status-publish","4":"has-post-thumbnail","6":"product_cat-kaytetyt-koneet","7":"product_cat-sorvit","8":"product_cat-karkisorvit","10":"first","11":"instock","12":"shipping-taxable","13":"product-type-simple"},"_links":{"self":[{"href":"https:\/\/www.evomax.fi\/en\/wp-json\/wp\/v2\/product\/11617","targetHints":{"allow":["GET"]}}],"collection":[{"href":"https:\/\/www.evomax.fi\/en\/wp-json\/wp\/v2\/product"}],"about":[{"href":"https:\/\/www.evomax.fi\/en\/wp-json\/wp\/v2\/types\/product"}],"wp:featuredmedia":[{"embeddable":true,"href":"https:\/\/www.evomax.fi\/en\/wp-json\/wp\/v2\/media\/11618"}],"wp:attachment":[{"href":"https:\/\/www.evomax.fi\/en\/wp-json\/wp\/v2\/media?parent=11617"}],"wp:term":[{"taxonomy":"product_brand","embeddable":true,"href":"https:\/\/www.evomax.fi\/en\/wp-json\/wp\/v2\/product_brand?post=11617"},{"taxonomy":"product_cat","embeddable":true,"href":"https:\/\/www.evomax.fi\/en\/wp-json\/wp\/v2\/product_cat?post=11617"},{"taxonomy":"product_tag","embeddable":true,"href":"https:\/\/www.evomax.fi\/en\/wp-json\/wp\/v2\/product_tag?post=11617"}],"curies":[{"name":"wp","href":"https:\/\/api.w.org\/{rel}","templated":true}]}}